{"id":445,"date":"2018-03-10T04:30:43","date_gmt":"2018-03-10T03:30:43","guid":{"rendered":"http:\/\/rakosliget.hu\/wordpress\/?page_id=445"},"modified":"2018-10-17T20:09:41","modified_gmt":"2018-10-17T19:09:41","slug":"a-hosok-terei-iskola-es-a-viii-utcai-epulet-ma-gregor-jozsef-altalanos-iskola","status":"publish","type":"page","link":"https:\/\/rakosliget.hu\/wordpress\/index.php\/a-hosok-terei-iskola-es-a-viii-utcai-epulet-ma-gregor-jozsef-altalanos-iskola\/","title":{"rendered":"A H\u0151s\u00f6k terei iskola \u00e9s a VIII. utcai \u00e9p\u00fclet, ma Gregor J\u00f3zsef \u00c1ltal\u00e1nos Iskola"},"content":{"rendered":"\t<!-- CSS Part Start From Here-->\n\t<style>\n\t\t.all-images {\n\t\t\tpadding-top: 10px !important;\n\t\t\tpadding-bottom: 15px !important;\n\t\t}\n\n\t\t#image_gallery_1742 .thumbnail {\n\t\t\twidth: 100% !important;\n\t\t\theight: auto !important;\n\t\t\tborder-radius: 0px;\n\t\t\t\/*background: transparent url('https:\/\/rakosliget.hu\/wordpress\/wp-content\/plugins\/new-image-gallery\/include\/assets\/img\/loading.gif') center no-repeat !important;*\/\n\t\t\tmargin-bottom: 20px !important;\n\t\t}\n\n\t\t\t\t.item-title {\n\t\t\tbackground-color: rgba(0, 0, 0, 0.5);\n\t\t\tbottom: 45px;\n\t\t\tcolor: #FFFFFF;\n\t\t\tdisplay: block;\n\t\t\tfont-weight: 300;\n\t\t\tleft: 2rem;\n\t\t\tpadding: 8px;\n\t\t\tposition: absolute;\n\t\t\tright: 2rem;\n\t\t\ttext-align: center;\n\t\t\ttext-transform: capitalize;\n\t\t}\n\n\t\t\t<\/style>\n\t<div id=\"image_gallery_1742\" class=\"row all-images-1742\">\n\t\t\t\t\t\t<div class=\"single-image-1742 col-lg-3 col-md-3 col-sm-4 col-xs-6\">\n\t\t\t\t\t<a href=\"https:\/\/rakosliget.hu\/wordpress\/wp-content\/uploads\/2018\/10\/leanyisk800.jpg\" data-lightbox=\"lightbox-1742\" data-gallery=\"gallery-1742\" data-title=\"A polg\u00e1ri iskola VIII. utca\">\n\t\t\t\t\t\t<img decoding=\"async\" class=\"thumbnail hvr-float-shadow\" src=\"https:\/\/rakosliget.hu\/wordpress\/wp-content\/uploads\/2018\/10\/leanyisk800-150x150.jpg\" alt=\"A polg\u00e1ri iskola VIII. utca\">\n\t\t\t\t\t\t\t\t\t\t\t<\/a>\n\t\t\t\t<\/div>\n\t\t\t\t\t\t<div class=\"single-image-1742 col-lg-3 col-md-3 col-sm-4 col-xs-6\">\n\t\t\t\t\t<a href=\"https:\/\/rakosliget.hu\/wordpress\/wp-content\/uploads\/2018\/10\/a-viii-utcai-epulet.jpg\" data-lightbox=\"lightbox-1742\" data-gallery=\"gallery-1742\" data-title=\"A VIII. utcai \u00e9p\u00fclet\">\n\t\t\t\t\t\t<img decoding=\"async\" class=\"thumbnail hvr-float-shadow\" src=\"https:\/\/rakosliget.hu\/wordpress\/wp-content\/uploads\/2018\/10\/a-viii-utcai-epulet-150x150.jpg\" alt=\"A VIII. utcai \u00e9p\u00fclet\">\n\t\t\t\t\t\t\t\t\t\t\t<\/a>\n\t\t\t\t<\/div>\n\t\t\t\t\t\t<div class=\"single-image-1742 col-lg-3 col-md-3 col-sm-4 col-xs-6\">\n\t\t\t\t\t<a href=\"https:\/\/rakosliget.hu\/wordpress\/wp-content\/uploads\/2018\/10\/2014-03-27-13.56.39.jpg\" data-lightbox=\"lightbox-1742\" data-gallery=\"gallery-1742\" data-title=\"2014-03-27 13.56.39\">\n\t\t\t\t\t\t<img decoding=\"async\" class=\"thumbnail hvr-float-shadow\" src=\"https:\/\/rakosliget.hu\/wordpress\/wp-content\/uploads\/2018\/10\/2014-03-27-13.56.39-150x150.jpg\" alt=\"2014-03-27 13.56.39\">\n\t\t\t\t\t\t\t\t\t\t\t<\/a>\n\t\t\t\t<\/div>\n\t\t\t\t\t\t<div class=\"single-image-1742 col-lg-3 col-md-3 col-sm-4 col-xs-6\">\n\t\t\t\t\t<a href=\"https:\/\/rakosliget.hu\/wordpress\/wp-content\/uploads\/2018\/10\/2014-04-09-17.26.09.jpg\" data-lightbox=\"lightbox-1742\" data-gallery=\"gallery-1742\" data-title=\"Elt\u0171nt a VIII. utcai \u00e9p\u00fclet\">\n\t\t\t\t\t\t<img decoding=\"async\" class=\"thumbnail hvr-float-shadow\" src=\"https:\/\/rakosliget.hu\/wordpress\/wp-content\/uploads\/2018\/10\/2014-04-09-17.26.09-150x150.jpg\" alt=\"Elt\u0171nt a VIII. utcai \u00e9p\u00fclet\">\n\t\t\t\t\t\t\t\t\t\t\t<\/a>\n\t\t\t\t<\/div>\n\t\t\t\t\t\t<div class=\"single-image-1742 col-lg-3 col-md-3 col-sm-4 col-xs-6\">\n\t\t\t\t\t<a href=\"https:\/\/rakosliget.hu\/wordpress\/wp-content\/uploads\/2018\/11\/DSC_0001_rakosliget.jpg\" data-lightbox=\"lightbox-1742\" data-gallery=\"gallery-1742\" data-title=\"Az elbontott \u00e9p\u00fclet 2014\">\n\t\t\t\t\t\t<img decoding=\"async\" class=\"thumbnail hvr-float-shadow\" src=\"https:\/\/rakosliget.hu\/wordpress\/wp-content\/uploads\/2018\/11\/DSC_0001_rakosliget-150x150.jpg\" alt=\"Az elbontott \u00e9p\u00fclet 2014\">\n\t\t\t\t\t\t\t\t\t\t\t<\/a>\n\t\t\t\t<\/div>\n\t\t\t\t\t\t<div class=\"single-image-1742 col-lg-3 col-md-3 col-sm-4 col-xs-6\">\n\t\t\t\t\t<a href=\"https:\/\/rakosliget.hu\/wordpress\/wp-content\/uploads\/2018\/10\/2014-05-08-07.13.54.jpg\" data-lightbox=\"lightbox-1742\" data-gallery=\"gallery-1742\" data-title=\"2014-05-08 07.13.54\">\n\t\t\t\t\t\t<img decoding=\"async\" class=\"thumbnail hvr-float-shadow\" src=\"https:\/\/rakosliget.hu\/wordpress\/wp-content\/uploads\/2018\/10\/2014-05-08-07.13.54-150x150.jpg\" alt=\"2014-05-08 07.13.54\">\n\t\t\t\t\t\t\t\t\t\t\t<\/a>\n\t\t\t\t<\/div>\n\t\t\t\t\t\t<div class=\"single-image-1742 col-lg-3 col-md-3 col-sm-4 col-xs-6\">\n\t\t\t\t\t<a href=\"https:\/\/rakosliget.hu\/wordpress\/wp-content\/uploads\/2018\/10\/iskolaterv.jpg\" data-lightbox=\"lightbox-1742\" data-gallery=\"gallery-1742\" data-title=\"Iskolaterv Repold K\u00e1roly\">\n\t\t\t\t\t\t<img decoding=\"async\" class=\"thumbnail hvr-float-shadow\" src=\"https:\/\/rakosliget.hu\/wordpress\/wp-content\/uploads\/2018\/10\/iskolaterv-150x150.jpg\" alt=\"Iskolaterv Repold K\u00e1roly\">\n\t\t\t\t\t\t\t\t\t\t\t<\/a>\n\t\t\t\t<\/div>\n\t\t\t\t\t\t<div class=\"single-image-1742 col-lg-3 col-md-3 col-sm-4 col-xs-6\">\n\t\t\t\t\t<a href=\"https:\/\/rakosliget.hu\/wordpress\/wp-content\/uploads\/2018\/10\/iskola.jpg\" data-lightbox=\"lightbox-1742\" data-gallery=\"gallery-1742\" data-title=\"Az elemi iskola levelez\u0151lapon\">\n\t\t\t\t\t\t<img decoding=\"async\" class=\"thumbnail hvr-float-shadow\" src=\"https:\/\/rakosliget.hu\/wordpress\/wp-content\/uploads\/2018\/10\/iskola-150x150.jpg\" alt=\"Az elemi iskola levelez\u0151lapon\">\n\t\t\t\t\t\t\t\t\t\t\t<\/a>\n\t\t\t\t<\/div>\n\t\t\t\t\t\t<div class=\"single-image-1742 col-lg-3 col-md-3 col-sm-4 col-xs-6\">\n\t\t\t\t\t<a href=\"https:\/\/rakosliget.hu\/wordpress\/wp-content\/uploads\/2018\/10\/iskola2.jpg\" data-lightbox=\"lightbox-1742\" data-gallery=\"gallery-1742\" data-title=\"Az elemi iskola levelez\u0151lapon\">\n\t\t\t\t\t\t<img decoding=\"async\" class=\"thumbnail hvr-float-shadow\" src=\"https:\/\/rakosliget.hu\/wordpress\/wp-content\/uploads\/2018\/10\/iskola2-150x150.jpg\" alt=\"Az elemi iskola levelez\u0151lapon\">\n\t\t\t\t\t\t\t\t\t\t\t<\/a>\n\t\t\t\t<\/div>\n\t\t\t\t\t\t<div class=\"single-image-1742 col-lg-3 col-md-3 col-sm-4 col-xs-6\">\n\t\t\t\t\t<a href=\"https:\/\/rakosliget.hu\/wordpress\/wp-content\/uploads\/2018\/10\/iskola_1.jpg\" data-lightbox=\"lightbox-1742\" data-gallery=\"gallery-1742\" data-title=\"Az elemi iskola levelez\u0151lapon\">\n\t\t\t\t\t\t<img decoding=\"async\" class=\"thumbnail hvr-float-shadow\" src=\"https:\/\/rakosliget.hu\/wordpress\/wp-content\/uploads\/2018\/10\/iskola_1-150x150.jpg\" alt=\"Az elemi iskola levelez\u0151lapon\">\n\t\t\t\t\t\t\t\t\t\t\t<\/a>\n\t\t\t\t<\/div>\n\t\t\t\t\t\t<div class=\"single-image-1742 col-lg-3 col-md-3 col-sm-4 col-xs-6\">\n\t\t\t\t\t<a href=\"https:\/\/rakosliget.hu\/wordpress\/wp-content\/uploads\/2018\/10\/iskola1.jpg\" data-lightbox=\"lightbox-1742\" data-gallery=\"gallery-1742\" data-title=\"Az elemi iskola levelez\u0151lapon\">\n\t\t\t\t\t\t<img decoding=\"async\" class=\"thumbnail hvr-float-shadow\" src=\"https:\/\/rakosliget.hu\/wordpress\/wp-content\/uploads\/2018\/10\/iskola1-150x150.jpg\" alt=\"Az elemi iskola levelez\u0151lapon\">\n\t\t\t\t\t\t\t\t\t\t\t<\/a>\n\t\t\t\t<\/div>\n\t\t\t\t\t\t<div class=\"single-image-1742 col-lg-3 col-md-3 col-sm-4 col-xs-6\">\n\t\t\t\t\t<a href=\"https:\/\/rakosliget.hu\/wordpress\/wp-content\/uploads\/2018\/10\/bizonyitvany_2_.jpg\" data-lightbox=\"lightbox-1742\" data-gallery=\"gallery-1742\" data-title=\"Bizony\u00edtv\u00e1ny\">\n\t\t\t\t\t\t<img decoding=\"async\" class=\"thumbnail hvr-float-shadow\" src=\"https:\/\/rakosliget.hu\/wordpress\/wp-content\/uploads\/2018\/10\/bizonyitvany_2_-150x150.jpg\" alt=\"Bizony\u00edtv\u00e1ny\">\n\t\t\t\t\t\t\t\t\t\t\t<\/a>\n\t\t\t\t<\/div>\n\t\t\t\t\t\t<div class=\"single-image-1742 col-lg-3 col-md-3 col-sm-4 col-xs-6\">\n\t\t\t\t\t<a href=\"https:\/\/rakosliget.hu\/wordpress\/wp-content\/uploads\/2018\/10\/bizonyitvany_4.jpg\" data-lightbox=\"lightbox-1742\" data-gallery=\"gallery-1742\" data-title=\"Bizony\u00edtv\u00e1ny\">\n\t\t\t\t\t\t<img decoding=\"async\" class=\"thumbnail hvr-float-shadow\" src=\"https:\/\/rakosliget.hu\/wordpress\/wp-content\/uploads\/2018\/10\/bizonyitvany_4-150x150.jpg\" alt=\"Bizony\u00edtv\u00e1ny\">\n\t\t\t\t\t\t\t\t\t\t\t<\/a>\n\t\t\t\t<\/div>\n\t\t\t\t\t\t<div class=\"single-image-1742 col-lg-3 col-md-3 col-sm-4 col-xs-6\">\n\t\t\t\t\t<a href=\"https:\/\/rakosliget.hu\/wordpress\/wp-content\/uploads\/2018\/10\/bizonyitvany_3.jpg\" data-lightbox=\"lightbox-1742\" data-gallery=\"gallery-1742\" data-title=\"Bizonyitv\u00e1ny\">\n\t\t\t\t\t\t<img decoding=\"async\" class=\"thumbnail hvr-float-shadow\" src=\"https:\/\/rakosliget.hu\/wordpress\/wp-content\/uploads\/2018\/10\/bizonyitvany_3-150x150.jpg\" alt=\"Bizonyitv\u00e1ny\">\n\t\t\t\t\t\t\t\t\t\t\t<\/a>\n\t\t\t\t<\/div>\n\t\t\t\t\t\t<div class=\"single-image-1742 col-lg-3 col-md-3 col-sm-4 col-xs-6\">\n\t\t\t\t\t<a href=\"https:\/\/rakosliget.hu\/wordpress\/wp-content\/uploads\/2018\/10\/bizonyitvany_1_.jpg\" data-lightbox=\"lightbox-1742\" data-gallery=\"gallery-1742\" data-title=\"Bizonyitv\u00e1ny\">\n\t\t\t\t\t\t<img decoding=\"async\" class=\"thumbnail hvr-float-shadow\" src=\"https:\/\/rakosliget.hu\/wordpress\/wp-content\/uploads\/2018\/10\/bizonyitvany_1_-150x150.jpg\" alt=\"Bizonyitv\u00e1ny\">\n\t\t\t\t\t\t\t\t\t\t\t<\/a>\n\t\t\t\t<\/div>\n\t\t\t\t\t\t<div class=\"single-image-1742 col-lg-3 col-md-3 col-sm-4 col-xs-6\">\n\t\t\t\t\t<a href=\"https:\/\/rakosliget.hu\/wordpress\/wp-content\/uploads\/2018\/10\/2011_11_30.jpg\" data-lightbox=\"lightbox-1742\" data-gallery=\"gallery-1742\" data-title=\"H\u0151s\u00f6k terei \u00c1ltal\u00e1nos Iskola\">\n\t\t\t\t\t\t<img decoding=\"async\" class=\"thumbnail hvr-float-shadow\" src=\"https:\/\/rakosliget.hu\/wordpress\/wp-content\/uploads\/2018\/10\/2011_11_30-150x150.jpg\" alt=\"H\u0151s\u00f6k terei \u00c1ltal\u00e1nos Iskola\">\n\t\t\t\t\t\t\t\t\t\t\t<\/a>\n\t\t\t\t<\/div>\n\t\t\t\t\t\t<div class=\"single-image-1742 col-lg-3 col-md-3 col-sm-4 col-xs-6\">\n\t\t\t\t\t<a href=\"https:\/\/rakosliget.hu\/wordpress\/wp-content\/uploads\/2018\/10\/gregor.jpg\" data-lightbox=\"lightbox-1742\" data-gallery=\"gallery-1742\" data-title=\"H\u0151s\u00f6k terei \u00c1ltal\u00e1nos Iskola a Gregor J\u00f3zsef n\u00e9v felv\u00e9tele ut\u00e1n\">\n\t\t\t\t\t\t<img decoding=\"async\" class=\"thumbnail hvr-float-shadow\" src=\"https:\/\/rakosliget.hu\/wordpress\/wp-content\/uploads\/2018\/10\/gregor-150x150.jpg\" alt=\"H\u0151s\u00f6k terei \u00c1ltal\u00e1nos Iskola a Gregor J\u00f3zsef n\u00e9v felv\u00e9tele ut\u00e1n\">\n\t\t\t\t\t\t\t\t\t\t\t<\/a>\n\t\t\t\t<\/div>\n\t\t\t\t\t\t<div class=\"single-image-1742 col-lg-3 col-md-3 col-sm-4 col-xs-6\">\n\t\t\t\t\t<a href=\"https:\/\/rakosliget.hu\/wordpress\/wp-content\/uploads\/2018\/10\/ertesito.jpg\" data-lightbox=\"lightbox-1742\" data-gallery=\"gallery-1742\" data-title=\"\u00c9rtes\u00edt\u0151\">\n\t\t\t\t\t\t<img decoding=\"async\" class=\"thumbnail hvr-float-shadow\" src=\"https:\/\/rakosliget.hu\/wordpress\/wp-content\/uploads\/2018\/10\/ertesito-150x150.jpg\" alt=\"\u00c9rtes\u00edt\u0151\">\n\t\t\t\t\t\t\t\t\t\t\t<\/a>\n\t\t\t\t<\/div>\n\t\t\t\t\t\t<div class=\"single-image-1742 col-lg-3 col-md-3 col-sm-4 col-xs-6\">\n\t\t\t\t\t<a href=\"https:\/\/rakosliget.hu\/wordpress\/wp-content\/uploads\/2018\/10\/latvanyterv.jpg\" data-lightbox=\"lightbox-1742\" data-gallery=\"gallery-1742\" data-title=\"L\u00e1tv\u00e1nyterv a leg\u00fajabb sz\u00e1rnyr\u00f3l\">\n\t\t\t\t\t\t<img decoding=\"async\" class=\"thumbnail hvr-float-shadow\" src=\"https:\/\/rakosliget.hu\/wordpress\/wp-content\/uploads\/2018\/10\/latvanyterv-150x150.jpg\" alt=\"L\u00e1tv\u00e1nyterv a leg\u00fajabb sz\u00e1rnyr\u00f3l\">\n\t\t\t\t\t\t\t\t\t\t\t<\/a>\n\t\t\t\t<\/div>\n\t\t\t\t\t\t<div class=\"single-image-1742 col-lg-3 col-md-3 col-sm-4 col-xs-6\">\n\t\t\t\t\t<a href=\"https:\/\/rakosliget.hu\/wordpress\/wp-content\/uploads\/2018\/10\/Hosok-terei-Altalanos-Iskola800.jpg\" data-lightbox=\"lightbox-1742\" data-gallery=\"gallery-1742\" data-title=\"H\u0151s\u00f6k terei \u00c1ltal\u00e1nos Iskola\">\n\t\t\t\t\t\t<img decoding=\"async\" class=\"thumbnail hvr-float-shadow\" src=\"https:\/\/rakosliget.hu\/wordpress\/wp-content\/uploads\/2018\/10\/Hosok-terei-Altalanos-Iskola800-150x150.jpg\" alt=\"H\u0151s\u00f6k terei \u00c1ltal\u00e1nos Iskola\">\n\t\t\t\t\t\t\t\t\t\t\t<\/a>\n\t\t\t\t<\/div>\n\t\t\t\t\t\t<div class=\"single-image-1742 col-lg-3 col-md-3 col-sm-4 col-xs-6\">\n\t\t\t\t\t<a href=\"https:\/\/rakosliget.hu\/wordpress\/wp-content\/uploads\/2018\/10\/Hosok-terei-Altalanos-Iskola-2800.jpg\" data-lightbox=\"lightbox-1742\" data-gallery=\"gallery-1742\" data-title=\"H\u0151s\u00f6k terei \u00c1ltal\u00e1nos Iskola\">\n\t\t\t\t\t\t<img decoding=\"async\" class=\"thumbnail hvr-float-shadow\" src=\"https:\/\/rakosliget.hu\/wordpress\/wp-content\/uploads\/2018\/10\/Hosok-terei-Altalanos-Iskola-2800-150x150.jpg\" alt=\"H\u0151s\u00f6k terei \u00c1ltal\u00e1nos Iskola\">\n\t\t\t\t\t\t\t\t\t\t\t<\/a>\n\t\t\t\t<\/div>\n\t\t\t\t\t\t<div class=\"single-image-1742 col-lg-3 col-md-3 col-sm-4 col-xs-6\">\n\t\t\t\t\t<a href=\"https:\/\/rakosliget.hu\/wordpress\/wp-content\/uploads\/2018\/10\/Hosok-terei-Altalanos-Iskola-1800.jpg\" data-lightbox=\"lightbox-1742\" data-gallery=\"gallery-1742\" data-title=\"H\u0151s\u00f6k terei \u00c1ltal\u00e1nos Iskola\">\n\t\t\t\t\t\t<img decoding=\"async\" class=\"thumbnail hvr-float-shadow\" src=\"https:\/\/rakosliget.hu\/wordpress\/wp-content\/uploads\/2018\/10\/Hosok-terei-Altalanos-Iskola-1800-150x150.jpg\" alt=\"H\u0151s\u00f6k terei \u00c1ltal\u00e1nos Iskola\">\n\t\t\t\t\t\t\t\t\t\t\t<\/a>\n\t\t\t\t<\/div>\n\t\t\t\t\t\t<div class=\"single-image-1742 col-lg-3 col-md-3 col-sm-4 col-xs-6\">\n\t\t\t\t\t<a href=\"https:\/\/rakosliget.hu\/wordpress\/wp-content\/uploads\/2018\/10\/XIV.-utca-feloli-nezet800.jpg\" data-lightbox=\"lightbox-1742\" data-gallery=\"gallery-1742\" data-title=\"Az \u00faj iskola el\u0151tti k\u00e9p. XIV. utca fel\u00f6li n\u00e9zet\">\n\t\t\t\t\t\t<img decoding=\"async\" class=\"thumbnail hvr-float-shadow\" src=\"https:\/\/rakosliget.hu\/wordpress\/wp-content\/uploads\/2018\/10\/XIV.-utca-feloli-nezet800-150x150.jpg\" alt=\"Az \u00faj iskola el\u0151tti k\u00e9p. XIV. utca fel\u00f6li n\u00e9zet\">\n\t\t\t\t\t\t\t\t\t\t\t<\/a>\n\t\t\t\t<\/div>\n\t\t\t\t\t\t<div class=\"single-image-1742 col-lg-3 col-md-3 col-sm-4 col-xs-6\">\n\t\t\t\t\t<a href=\"https:\/\/rakosliget.hu\/wordpress\/wp-content\/uploads\/2018\/10\/Ide-epult-az-uj-szarny1-800.jpg\" data-lightbox=\"lightbox-1742\" data-gallery=\"gallery-1742\" data-title=\"Ide \u00e9p\u00fclt az \u00faj sz\u00e1rny\">\n\t\t\t\t\t\t<img decoding=\"async\" class=\"thumbnail hvr-float-shadow\" src=\"https:\/\/rakosliget.hu\/wordpress\/wp-content\/uploads\/2018\/10\/Ide-epult-az-uj-szarny1-800-150x150.jpg\" alt=\"Ide \u00e9p\u00fclt az \u00faj sz\u00e1rny\">\n\t\t\t\t\t\t\t\t\t\t\t<\/a>\n\t\t\t\t<\/div>\n\t\t\t\t\t\t<div class=\"single-image-1742 col-lg-3 col-md-3 col-sm-4 col-xs-6\">\n\t\t\t\t\t<a href=\"https:\/\/rakosliget.hu\/wordpress\/wp-content\/uploads\/2018\/10\/Ide-epult-az-uj-szarny-800.jpg\" data-lightbox=\"lightbox-1742\" data-gallery=\"gallery-1742\" data-title=\"Ide \u00e9p\u00fclt az \u00faj sz\u00e1rny\">\n\t\t\t\t\t\t<img decoding=\"async\" class=\"thumbnail hvr-float-shadow\" src=\"https:\/\/rakosliget.hu\/wordpress\/wp-content\/uploads\/2018\/10\/Ide-epult-az-uj-szarny-800-150x150.jpg\" alt=\"Ide \u00e9p\u00fclt az \u00faj sz\u00e1rny\">\n\t\t\t\t\t\t\t\t\t\t\t<\/a>\n\t\t\t\t<\/div>\n\t\t\t\t\t\t<div class=\"single-image-1742 col-lg-3 col-md-3 col-sm-4 col-xs-6\">\n\t\t\t\t\t<a href=\"https:\/\/rakosliget.hu\/wordpress\/wp-content\/uploads\/2018\/10\/Ide-epult-az-uj-szarny2-800.jpg\" data-lightbox=\"lightbox-1742\" data-gallery=\"gallery-1742\" data-title=\"Ide \u00e9p\u00fclt az \u00faj sz\u00e1rny2 800\">\n\t\t\t\t\t\t<img decoding=\"async\" class=\"thumbnail hvr-float-shadow\" src=\"https:\/\/rakosliget.hu\/wordpress\/wp-content\/uploads\/2018\/10\/Ide-epult-az-uj-szarny2-800-150x150.jpg\" alt=\"Ide \u00e9p\u00fclt az \u00faj sz\u00e1rny2 800\">\n\t\t\t\t\t\t\t\t\t\t\t<\/a>\n\t\t\t\t<\/div>\n\t\t\t\t\t\t<div class=\"single-image-1742 col-lg-3 col-md-3 col-sm-4 col-xs-6\">\n\t\t\t\t\t<a href=\"https:\/\/rakosliget.hu\/wordpress\/wp-content\/uploads\/2018\/10\/nagybela-tanar.jpg\" data-lightbox=\"lightbox-1742\" data-gallery=\"gallery-1742\" data-title=\"Nagy B\u00e9la tan\u00e1r\">\n\t\t\t\t\t\t<img decoding=\"async\" class=\"thumbnail hvr-float-shadow\" src=\"https:\/\/rakosliget.hu\/wordpress\/wp-content\/uploads\/2018\/10\/nagybela-tanar-121x150.jpg\" alt=\"Nagy B\u00e9la tan\u00e1r\">\n\t\t\t\t\t\t\t\t\t\t\t<\/a>\n\t\t\t\t<\/div>\n\t\t\t\t\t\t<div class=\"single-image-1742 col-lg-3 col-md-3 col-sm-4 col-xs-6\">\n\t\t\t\t\t<a href=\"https:\/\/rakosliget.hu\/wordpress\/wp-content\/uploads\/2018\/10\/rakosmente1958.jpg\" data-lightbox=\"lightbox-1742\" data-gallery=\"gallery-1742\" data-title=\"R\u00e1kosmente1958\">\n\t\t\t\t\t\t<img decoding=\"async\" class=\"thumbnail hvr-float-shadow\" src=\"https:\/\/rakosliget.hu\/wordpress\/wp-content\/uploads\/2018\/10\/rakosmente1958-150x150.jpg\" alt=\"R\u00e1kosmente1958\">\n\t\t\t\t\t\t\t\t\t\t\t<\/a>\n\t\t\t\t<\/div>\n\t\t\t\t\t\t<div class=\"single-image-1742 col-lg-3 col-md-3 col-sm-4 col-xs-6\">\n\t\t\t\t\t<a href=\"https:\/\/rakosliget.hu\/wordpress\/wp-content\/uploads\/2018\/10\/osztalyfiu.jpg\" data-lightbox=\"lightbox-1742\" data-gallery=\"gallery-1742\" data-title=\"Fi\u00faoszt\u00e1ly\">\n\t\t\t\t\t\t<img decoding=\"async\" class=\"thumbnail hvr-float-shadow\" src=\"https:\/\/rakosliget.hu\/wordpress\/wp-content\/uploads\/2018\/10\/osztalyfiu-150x150.jpg\" alt=\"Fi\u00faoszt\u00e1ly\">\n\t\t\t\t\t\t\t\t\t\t\t<\/a>\n\t\t\t\t<\/div>\n\t\t\t\t\t\t<div class=\"single-image-1742 col-lg-3 col-md-3 col-sm-4 col-xs-6\">\n\t\t\t\t\t<a href=\"https:\/\/rakosliget.hu\/wordpress\/wp-content\/uploads\/2018\/10\/tantestulet.jpg\" data-lightbox=\"lightbox-1742\" data-gallery=\"gallery-1742\" data-title=\"Tantest\u00fclet\">\n\t\t\t\t\t\t<img decoding=\"async\" class=\"thumbnail hvr-float-shadow\" src=\"https:\/\/rakosliget.hu\/wordpress\/wp-content\/uploads\/2018\/10\/tantestulet-150x150.jpg\" alt=\"Tantest\u00fclet\">\n\t\t\t\t\t\t\t\t\t\t\t<\/a>\n\t\t\t\t<\/div>\n\t\t\t\t\t\t<div class=\"single-image-1742 col-lg-3 col-md-3 col-sm-4 col-xs-6\">\n\t\t\t\t\t<a href=\"https:\/\/rakosliget.hu\/wordpress\/wp-content\/uploads\/2018\/10\/tablo_1912.jpg\" data-lightbox=\"lightbox-1742\" data-gallery=\"gallery-1742\" data-title=\"Tabl\u00f3 1912\">\n\t\t\t\t\t\t<img decoding=\"async\" class=\"thumbnail hvr-float-shadow\" src=\"https:\/\/rakosliget.hu\/wordpress\/wp-content\/uploads\/2018\/10\/tablo_1912-150x150.jpg\" alt=\"Tabl\u00f3 1912\">\n\t\t\t\t\t\t\t\t\t\t\t<\/a>\n\t\t\t\t<\/div>\n\t\t\t\t\t\t<div class=\"single-image-1742 col-lg-3 col-md-3 col-sm-4 col-xs-6\">\n\t\t\t\t\t<a href=\"https:\/\/rakosliget.hu\/wordpress\/wp-content\/uploads\/2018\/10\/osztalygimn.jpg\" data-lightbox=\"lightbox-1742\" data-gallery=\"gallery-1742\" data-title=\"Gimn\u00e1ziumi oszt\u00e1ly\">\n\t\t\t\t\t\t<img decoding=\"async\" class=\"thumbnail hvr-float-shadow\" src=\"https:\/\/rakosliget.hu\/wordpress\/wp-content\/uploads\/2018\/10\/osztalygimn-150x150.jpg\" alt=\"Gimn\u00e1ziumi oszt\u00e1ly\">\n\t\t\t\t\t\t\t\t\t\t\t<\/a>\n\t\t\t\t<\/div>\n\t\t\t\t\t\t<div class=\"single-image-1742 col-lg-3 col-md-3 col-sm-4 col-xs-6\">\n\t\t\t\t\t<a href=\"https:\/\/rakosliget.hu\/wordpress\/wp-content\/uploads\/2018\/10\/osztalykep.jpg\" data-lightbox=\"lightbox-1742\" data-gallery=\"gallery-1742\" data-title=\"Oszt\u00e1lyk\u00e9p\">\n\t\t\t\t\t\t<img decoding=\"async\" class=\"thumbnail hvr-float-shadow\" src=\"https:\/\/rakosliget.hu\/wordpress\/wp-content\/uploads\/2018\/10\/osztalykep-150x150.jpg\" alt=\"Oszt\u00e1lyk\u00e9p\">\n\t\t\t\t\t\t\t\t\t\t\t<\/a>\n\t\t\t\t<\/div>\n\t\t\t\t\t\t<div class=\"single-image-1742 col-lg-3 col-md-3 col-sm-4 col-xs-6\">\n\t\t\t\t\t<a href=\"https:\/\/rakosliget.hu\/wordpress\/wp-content\/uploads\/2018\/10\/osztalykep2.jpg\" data-lightbox=\"lightbox-1742\" data-gallery=\"gallery-1742\" data-title=\"Osztalyk\u00e9p\">\n\t\t\t\t\t\t<img decoding=\"async\" class=\"thumbnail hvr-float-shadow\" src=\"https:\/\/rakosliget.hu\/wordpress\/wp-content\/uploads\/2018\/10\/osztalykep2-150x150.jpg\" alt=\"Osztalyk\u00e9p\">\n\t\t\t\t\t\t\t\t\t\t\t<\/a>\n\t\t\t\t<\/div>\n\t\t\t\t\t\t<div class=\"single-image-1742 col-lg-3 col-md-3 col-sm-4 col-xs-6\">\n\t\t\t\t\t<a href=\"https:\/\/rakosliget.hu\/wordpress\/wp-content\/uploads\/2018\/10\/osztalykep3.jpg\" data-lightbox=\"lightbox-1742\" data-gallery=\"gallery-1742\" data-title=\"Osztalyk\u00e9p3\">\n\t\t\t\t\t\t<img decoding=\"async\" class=\"thumbnail hvr-float-shadow\" src=\"https:\/\/rakosliget.hu\/wordpress\/wp-content\/uploads\/2018\/10\/osztalykep3-150x150.jpg\" alt=\"Osztalyk\u00e9p3\">\n\t\t\t\t\t\t\t\t\t\t\t<\/a>\n\t\t\t\t<\/div>\n\t\t\t<\/div>\n<script>\n\tjQuery(document).ready(function() {\n\t\t\/\/ Method 1 - Initialize Isotope, then trigger layout after each image loads.\n\t\tvar $grid = jQuery('.all-images-1742').isotope({\n\t\t\t\/\/ options...\n\t\t\titemSelector: '.single-image-1742',\n\t\t});\n\t\t\/\/ layout Isotope after each image loads\n\t\t$grid.imagesLoaded().progress(function() {\n\t\t\t$grid.isotope('layout');\n\t\t});\n\n\n\t\tlightbox.option({\n\t\t\t'wrapAround': false,\n\t\t})\n\n\t\tjQuery(document).on('click', '[data-toggle=\"lightbox-1742\"]', function(event) {\n\t\t\tevent.preventDefault();\n\t\t\tjQuery(this).ekkoLightbox();\n\t\t});\n\t});\n<\/script>\n<h4 class=\"eImage\" align=\"center\">Oszt\u00e1lyk\u00e9pek:<\/h4>\n<table border=\"1\" width=\"754\" cellpadding=\"2\">\n<tbody>\n<tr>\n<th scope=\"col\" width=\"367\">\n<p style=\"text-align: center;\"><a class=\"titlePages\" href=\"http:\/\/rakosliget.hu\/kepgaleriak\/indexhosok osztalykepek.html\">H\u0151s\u00f6k terei \u00c1ltal\u00e1nos Iskola (Gregor)<\/a><\/p>\n<\/th>\n<th scope=\"col\" width=\"356\">\n<p style=\"text-align: center;\"><a class=\"titlePages\" href=\"http:\/\/rakosliget.hu\/kepgaleriak\/indexVIII.html\">VIII. utcai le\u00e1nyiskola<\/a><\/p>\n<\/th>\n<\/tr>\n<\/tbody>\n<\/table>\n","protected":false},"excerpt":{"rendered":"<p>Oszt\u00e1lyk\u00e9pek: H\u0151s\u00f6k terei \u00c1ltal\u00e1nos Iskola (Gregor) VIII. utcai le\u00e1nyiskola<\/p>\n","protected":false},"author":1,"featured_media":0,"parent":0,"menu_order":0,"comment_status":"closed","ping_status":"closed","template":"","meta":{"footnotes":""},"class_list":["post-445","page","type-page","status-publish","hentry"],"_links":{"self":[{"href":"https:\/\/rakosliget.hu\/wordpress\/index.php\/wp-json\/wp\/v2\/pages\/445","targetHints":{"allow":["GET"]}}],"collection":[{"href":"https:\/\/rakosliget.hu\/wordpress\/index.php\/wp-json\/wp\/v2\/pages"}],"about":[{"href":"https:\/\/rakosliget.hu\/wordpress\/index.php\/wp-json\/wp\/v2\/types\/page"}],"author":[{"embeddable":true,"href":"https:\/\/rakosliget.hu\/wordpress\/index.php\/wp-json\/wp\/v2\/users\/1"}],"replies":[{"embeddable":true,"href":"https:\/\/rakosliget.hu\/wordpress\/index.php\/wp-json\/wp\/v2\/comments?post=445"}],"version-history":[{"count":4,"href":"https:\/\/rakosliget.hu\/wordpress\/index.php\/wp-json\/wp\/v2\/pages\/445\/revisions"}],"predecessor-version":[{"id":1780,"href":"https:\/\/rakosliget.hu\/wordpress\/index.php\/wp-json\/wp\/v2\/pages\/445\/revisions\/1780"}],"wp:attachment":[{"href":"https:\/\/rakosliget.hu\/wordpress\/index.php\/wp-json\/wp\/v2\/media?parent=445"}],"curies":[{"name":"wp","href":"https:\/\/api.w.org\/{rel}","templated":true}]}}