{"id":4420,"date":"2020-01-26T13:36:15","date_gmt":"2020-01-26T12:36:15","guid":{"rendered":"http:\/\/rakosliget.hu\/wordpress\/?page_id=4420"},"modified":"2023-01-07T11:42:59","modified_gmt":"2023-01-07T10:42:59","slug":"rakosligeti-polgari-kor","status":"publish","type":"page","link":"https:\/\/rakosliget.hu\/wordpress\/index.php\/rakosligeti-polgari-kor\/","title":{"rendered":"R\u00c1KOSLIGETI POLG\u00c1RI K\u00d6R"},"content":{"rendered":"\n<figure class=\"wp-block-table\"><table><tbody><tr><td>\n  Lev\u00e9lt\u00e1r\n  <\/td><td>\n  <a href=\"https:\/\/archives.hungaricana.hu\/hu\/archontologia\/search\/results\/?query=%23LTAR__LT_BFL\">Budapest\n  F\u0151v\u00e1ros Lev\u00e9lt\u00e1ra<\/a>\n  <\/td><\/tr><tr><td>\n  Adatb\u00e1zis\n  <\/td><td>\n  <a href=\"https:\/\/archives.hungaricana.hu\/hu\/archontologia\/search\/results\/?query=%23DB__EGYESULETI\">Budapest\n  egyes\u00fcletei<\/a>\n  <\/td><\/tr><tr><td>\n  Kit\u00fcntetett n\u00e9valak\n  <\/td><td>\n  R\u00e1kosligeti Polg\u00e1ri K\u00f6r \n  <\/td><\/tr><tr><td>\n  P\u00e1rhuzamosan haszn\u00e1lt \u00e9s egy\u00e9b n\u00e9valakok\n  <\/td><td>\n  Demokrata Polg\u00e1ri K\u00f6r \n  <\/td><\/tr><tr><td>\n  Megsz\u0171n\u00e9s id\u0151pontja\n  <\/td><td>\n  1949 \n  <\/td><\/tr><tr><td>\n  Megsz\u0171n\u00e9s adatai\n  <\/td><td>\n  miniszter \u00e1ltali feloszlat\u00e1s \u2022 1949 \n  <\/td><\/tr><tr><td>\n  Az egyes\u00fclet c\u00e9lja\n  <\/td><td>\n  A t\u00e1rsas \u00e9let fejleszt\u00e9se \u00e9s az \u00e1tal a k\u00f6zm\u0171vel\u0151d\u00e9s\n  fejleszt\u00e9se, a hazai t\u00e1rsadalmi viszonyok, a k\u00f6z\u00fcgyek f\u0151leg pedig R\u00e1kosliget\n  \u00fcgyei ir\u00e1nt val\u00f3 \u00e9rdekl\u0151d\u00e9st \u00e9breszteni \u00e9s fokozni \n  <\/td><\/tr><tr><td>\n  Az egyes\u00fclet t\u00edpusa\n  <\/td><td>\n  t\u00e1rsask\u00f6r \n  <\/td><\/tr><tr><td>\n  Sz\u00e9khely\n  <\/td><td>\n  R\u00e1koskereszt\u00far \u2022 I. \u2022 1904.05.20. \n  <\/td><\/tr><tr><td>\n  &nbsp;\n  <\/td><td>\n  R\u00e1kosliget \u2022 1906 \n  <\/td><\/tr><tr><td>\n  &nbsp;\n  <\/td><td>\n  R\u00e1kosliget \u2022 1903 \n  <\/td><\/tr><tr><td>\n  Vezet\u0151k\n  <\/td><td>\n  Lautner Gyula \u2022 eln\u00f6k \u2022 1928.12.18. \n  <\/td><\/tr><tr><td>\n  &nbsp;\n  <\/td><td>\n  Malek Istv\u00e1n \u2022 titk\u00e1r \u2022 1928.12.18. \n  <\/td><\/tr><tr><td>\n  &nbsp;\n  <\/td><td>   Csert\u0151y Gyula \u2022 eln\u00f6k \u2022 k\u00f6zs\u00e9gi polg\u00e1ri iskolai igazgat\u00f3 &#8211;   -tan\u00e1r \u2022 R\u00e1kosliget \u2022 1946.04.28.    <\/td><\/tr><tr><td>\n  &nbsp;\n  <\/td><td>   Nemes K\u00e1roly \u2022 aleln\u00f6k \u2022 ny. gimn\u00e1ziumi tan\u00e1r \u2022 R\u00e1kosliget \u2022   1946.04.28.    <\/td><\/tr><tr><td>\n  &nbsp;\n  <\/td><td>   Sz\u00e9ll Zsigmond \u2022 aleln\u00f6k \u2022 ny. M\u00c1V fel\u00fcgyel\u0151 \u2022 R\u00e1kosliget   \u2022 1946.04.28.    <\/td><\/tr><tr><td>\n  &nbsp;\n  <\/td><td>\n  T\u00f3th Ferenc \u2022 aleln\u00f6k \u2022 1946.04.28. \n  <\/td><\/tr><tr><td>\n  &nbsp;\n  <\/td><td>\n  Egyed Ferenc dr. \u2022 f\u0151titk\u00e1r \u2022 1946.04.28. \n  <\/td><\/tr><tr><td>\n  Lev\u00e9lt\u00e1ri iratok\n  <\/td><td>\n  IV.1429 &#8211; Budapest Sz\u00e9kesf\u0151v\u00e1ros egyes\u00fcleti\n  alapszab\u00e1lyainak lev\u00e9lt\u00e1ri gy\u0171jtem\u00e9nye \u2022 179\/1950 \u2022 Budapest Sz\u00e9kesf\u0151v\u00e1ros\n  egyes\u00fcleti alapszab\u00e1lyainak lev\u00e9lt\u00e1ri gy\u0171jtem\u00e9nye \u2022 4 p \u2022 vagyon\n  felhaszn\u00e1l\u00e1sa \u2022 1950 \n  <\/td><\/tr><tr><td>\n  &nbsp;\n  <\/td><td>   IV.1427 &#8211; Az 1949. \u00e9vi XXVI. t\u00f6rv\u00e9nycikk alapj\u00e1n   Budapesthez csatolt v\u00e1rosokban \u00e9s k\u00f6zs\u00e9gekben m\u0171k\u00f6d\u00f6tt egyes\u00fcletek   alapszab\u00e1lyainak lev\u00e9lt\u00e1ri gy\u0171jtem\u00e9nye \u2022 R\u00e1kosliget 1 \u2022 peremker\u00fcleti   egyes\u00fcletek vegyes iratai \u2022 108 p \u2022   alapszab\u00e1ly, k\u00f6zgy\u0171l\u00e9si jkv., tagn\u00e9vsor.,m\u00f3dos\u00edtott alapszab\u00e1ly  nyilv\u00e1ntart\u00e1sba v\u00e9tel,\u00fczletr\u00e9sz   jegy, biztos\u00edt\u00e1s,feloszl\u00e1s \u2022 1903-1949    <\/td><\/tr><tr><td>\n  &nbsp;\n  <\/td><td>\n  IV.1409.k &#8211; Egyes\u00fcleti nyilv\u00e1ntart\u00e1sok \u00e9s iratok \u2022 5.doboz\n  \u2022 Egyes\u00fcleti nyilv\u00e1ntart\u00f3 kartonok \u2022 1 p \u2022 nyilv\u00e1ntart\u00f3 karton \u2022 1945-1950 \n  <\/td><\/tr><\/tbody><\/table><\/figure>\n\n\n\n<h2 class=\"wp-block-heading\">1906<\/h2>\n\n\n\n<figure class=\"wp-block-image size-full\"><a href=\"https:\/\/rakosliget.hu\/wordpress\/wp-content\/uploads\/2023\/01\/tornaunnp.jpg\"><img loading=\"lazy\" decoding=\"async\" width=\"974\" height=\"844\" src=\"https:\/\/rakosliget.hu\/wordpress\/wp-content\/uploads\/2023\/01\/tornaunnp.jpg\" alt=\"\" class=\"wp-image-10671\" srcset=\"https:\/\/rakosliget.hu\/wordpress\/wp-content\/uploads\/2023\/01\/tornaunnp.jpg 974w, https:\/\/rakosliget.hu\/wordpress\/wp-content\/uploads\/2023\/01\/tornaunnp-300x260.jpg 300w, https:\/\/rakosliget.hu\/wordpress\/wp-content\/uploads\/2023\/01\/tornaunnp-768x665.jpg 768w\" sizes=\"auto, (max-width: 974px) 100vw, 974px\" \/><\/a><figcaption class=\"wp-element-caption\">Budapesti H\u00edrlap 1906. febru\u00e1r 20.<\/figcaption><\/figure>\n\n\n\n<h3 class=\"wp-block-heading\">1909<\/h3>\n\n\n<div class=\"wp-block-image\">\n<figure class=\"aligncenter size-large\"><a href=\"http:\/\/rakosliget.hu\/wordpress\/wp-content\/uploads\/2020\/11\/1909-julius-8-polgari-kor-rendezveny.jpg\"><img loading=\"lazy\" decoding=\"async\" width=\"585\" height=\"155\" src=\"http:\/\/rakosliget.hu\/wordpress\/wp-content\/uploads\/2020\/11\/1909-julius-8-polgari-kor-rendezveny.jpg\" alt=\"\" class=\"wp-image-5765\" srcset=\"https:\/\/rakosliget.hu\/wordpress\/wp-content\/uploads\/2020\/11\/1909-julius-8-polgari-kor-rendezveny.jpg 585w, https:\/\/rakosliget.hu\/wordpress\/wp-content\/uploads\/2020\/11\/1909-julius-8-polgari-kor-rendezveny-300x79.jpg 300w\" sizes=\"auto, (max-width: 585px) 100vw, 585px\" \/><\/a><figcaption class=\"wp-element-caption\">1909. j\u00falius 8. Az Ujs\u00e1g<\/figcaption><\/figure>\n<\/div>\n\n<div class=\"wp-block-image\">\n<figure class=\"aligncenter size-large\"><a href=\"http:\/\/rakosliget.hu\/wordpress\/wp-content\/uploads\/2020\/11\/1909-julius-11-polgari-kor.jpg\"><img loading=\"lazy\" decoding=\"async\" width=\"585\" height=\"63\" src=\"http:\/\/rakosliget.hu\/wordpress\/wp-content\/uploads\/2020\/11\/1909-julius-11-polgari-kor.jpg\" alt=\"\" class=\"wp-image-5769\" srcset=\"https:\/\/rakosliget.hu\/wordpress\/wp-content\/uploads\/2020\/11\/1909-julius-11-polgari-kor.jpg 585w, https:\/\/rakosliget.hu\/wordpress\/wp-content\/uploads\/2020\/11\/1909-julius-11-polgari-kor-300x32.jpg 300w\" sizes=\"auto, (max-width: 585px) 100vw, 585px\" \/><\/a><figcaption class=\"wp-element-caption\">1909.j\u00falius 11. Az Ujs\u00e1g<\/figcaption><\/figure>\n<\/div>","protected":false},"excerpt":{"rendered":"<p>Lev\u00e9lt\u00e1r Budapest F\u0151v\u00e1ros Lev\u00e9lt\u00e1ra Adatb\u00e1zis Budapest egyes\u00fcletei Kit\u00fcntetett n\u00e9valak R\u00e1kosligeti Polg\u00e1ri K\u00f6r P\u00e1rhuzamosan haszn\u00e1lt \u00e9s egy\u00e9b n\u00e9valakok Demokrata Polg\u00e1ri K\u00f6r Megsz\u0171n\u00e9s id\u0151pontja 1949 Megsz\u0171n\u00e9s adatai miniszter \u00e1ltali feloszlat\u00e1s \u2022 1949 Az egyes\u00fclet c\u00e9lja A t\u00e1rsas \u00e9let fejleszt\u00e9se \u00e9s az \u00e1tal a k\u00f6zm\u0171vel\u0151d\u00e9s fejleszt\u00e9se, a hazai t\u00e1rsadalmi viszonyok, a k\u00f6z\u00fcgyek f\u0151leg pedig R\u00e1kosliget \u00fcgyei ir\u00e1nt val\u00f3 &hellip; <a href=\"https:\/\/rakosliget.hu\/wordpress\/index.php\/rakosligeti-polgari-kor\/\" class=\"more-link\"><span class=\"screen-reader-text\">R\u00c1KOSLIGETI POLG\u00c1RI K\u00d6R<\/span> r\u00e9szletei&#8230;<\/a><\/p>\n","protected":false},"author":1,"featured_media":0,"parent":0,"menu_order":0,"comment_status":"closed","ping_status":"closed","template":"","meta":{"footnotes":""},"class_list":["post-4420","page","type-page","status-publish","hentry"],"_links":{"self":[{"href":"https:\/\/rakosliget.hu\/wordpress\/index.php\/wp-json\/wp\/v2\/pages\/4420","targetHints":{"allow":["GET"]}}],"collection":[{"href":"https:\/\/rakosliget.hu\/wordpress\/index.php\/wp-json\/wp\/v2\/pages"}],"about":[{"href":"https:\/\/rakosliget.hu\/wordpress\/index.php\/wp-json\/wp\/v2\/types\/page"}],"author":[{"embeddable":true,"href":"https:\/\/rakosliget.hu\/wordpress\/index.php\/wp-json\/wp\/v2\/users\/1"}],"replies":[{"embeddable":true,"href":"https:\/\/rakosliget.hu\/wordpress\/index.php\/wp-json\/wp\/v2\/comments?post=4420"}],"version-history":[{"count":6,"href":"https:\/\/rakosliget.hu\/wordpress\/index.php\/wp-json\/wp\/v2\/pages\/4420\/revisions"}],"predecessor-version":[{"id":10673,"href":"https:\/\/rakosliget.hu\/wordpress\/index.php\/wp-json\/wp\/v2\/pages\/4420\/revisions\/10673"}],"wp:attachment":[{"href":"https:\/\/rakosliget.hu\/wordpress\/index.php\/wp-json\/wp\/v2\/media?parent=4420"}],"curies":[{"name":"wp","href":"https:\/\/api.w.org\/{rel}","templated":true}]}}