{"id":439,"date":"2018-03-10T04:13:52","date_gmt":"2018-03-10T03:13:52","guid":{"rendered":"http:\/\/rakosliget.hu\/wordpress\/?page_id=439"},"modified":"2026-03-26T18:31:11","modified_gmt":"2026-03-26T17:31:11","slug":"rakosligeti-zsido-imahaz-tortenete","status":"publish","type":"page","link":"https:\/\/rakosliget.hu\/wordpress\/index.php\/rakosligeti-zsido-imahaz-tortenete\/","title":{"rendered":"R\u00e1kosligeti zsid\u00f3 imah\u00e1z t\u00f6rt\u00e9nete"},"content":{"rendered":"\n<p><em>Az oldal indult: 2018. m\u00e1rcius 10.<\/em><\/p>\n\n\n\n<p><em>Friss\u00edtve: 2023. 01. 20.<\/em><\/p>\n\n\n\n<div class=\"wp-block-buttons is-content-justification-center is-layout-flex wp-container-core-buttons-is-layout-16018d1d wp-block-buttons-is-layout-flex\">\n<div class=\"wp-block-button\"><a class=\"wp-block-button__link wp-element-button\" href=\"https:\/\/rakosliget.hu\/wordpress\/index.php\/egyhazak-rakosligeten\/\">VISSZA AZ EGYH\u00c1ZAK LAPRA<\/a><\/div>\n<\/div>\n\n\n\n<p><\/p>\n\n\n\n<h1 class=\"wp-block-heading style1\">A zsinag\u00f3ga t\u00f6rt\u00e9nete<\/h1>\n\n\n<div class=\"wp-block-image\">\n<figure class=\"aligncenter size-full\"><img loading=\"lazy\" decoding=\"async\" width=\"1024\" height=\"1207\" src=\"https:\/\/rakosliget.hu\/wordpress\/wp-content\/uploads\/2026\/01\/Rakosliget-a-zsido-templom-epitese1024.jpg\" alt=\"\" class=\"wp-image-22672\" srcset=\"https:\/\/rakosliget.hu\/wordpress\/wp-content\/uploads\/2026\/01\/Rakosliget-a-zsido-templom-epitese1024.jpg 1024w, https:\/\/rakosliget.hu\/wordpress\/wp-content\/uploads\/2026\/01\/Rakosliget-a-zsido-templom-epitese1024-255x300.jpg 255w, https:\/\/rakosliget.hu\/wordpress\/wp-content\/uploads\/2026\/01\/Rakosliget-a-zsido-templom-epitese1024-768x905.jpg 768w\" sizes=\"auto, (max-width: 1024px) 100vw, 1024px\" \/><figcaption class=\"wp-element-caption\">A zsinag\u00f3ga \u00e9p\u00edt\u00e9se. Forr\u00e1s: Hegyi L\u00e1szl\u00f3 k\u00e9pgy\u0171jtem\u00e9nye.<\/figcaption><\/figure>\n<\/div>\n\n\n<p><\/p>\n\n\n\n<figure class=\"wp-block-image\"><img decoding=\"async\" src=\"http:\/\/rakosliget.hu\/kep\/zsinagoga.jpg\" alt=\"\"\/><\/figure>\n\n\n\n<p><\/p>\n\n\n\n<p>R\u00e1kosliget, Izr. templom 1914. k\u00f6r\u00fcl Erd\u0151s Ren\u00e9e H\u00e1z digit\u00e1lis adatt\u00e1ra Forr\u00e1s: <a href=\"http:\/\/hatodikalabardos.blog.hu\">http:\/\/hatodikalabardos.blog.hu<\/a><\/p>\n\n\n\n<figure class=\"wp-block-image size-full\"><img loading=\"lazy\" decoding=\"async\" width=\"1024\" height=\"746\" src=\"https:\/\/rakosliget.hu\/wordpress\/wp-content\/uploads\/2026\/03\/zsinagoga.jpg\" alt=\"\" class=\"wp-image-23938\" srcset=\"https:\/\/rakosliget.hu\/wordpress\/wp-content\/uploads\/2026\/03\/zsinagoga.jpg 1024w, https:\/\/rakosliget.hu\/wordpress\/wp-content\/uploads\/2026\/03\/zsinagoga-300x219.jpg 300w, https:\/\/rakosliget.hu\/wordpress\/wp-content\/uploads\/2026\/03\/zsinagoga-768x560.jpg 768w\" sizes=\"auto, (max-width: 1024px) 100vw, 1024px\" \/><\/figure>\n\n\n\n<figure class=\"wp-block-image size-full\"><img loading=\"lazy\" decoding=\"async\" width=\"1168\" height=\"840\" src=\"https:\/\/rakosliget.hu\/wordpress\/wp-content\/uploads\/2026\/03\/zsinagoga.png\" alt=\"\" class=\"wp-image-23939\" srcset=\"https:\/\/rakosliget.hu\/wordpress\/wp-content\/uploads\/2026\/03\/zsinagoga.png 1168w, https:\/\/rakosliget.hu\/wordpress\/wp-content\/uploads\/2026\/03\/zsinagoga-300x216.png 300w, https:\/\/rakosliget.hu\/wordpress\/wp-content\/uploads\/2026\/03\/zsinagoga-768x552.png 768w\" sizes=\"auto, (max-width: 1168px) 100vw, 1168px\" \/><figcaption class=\"wp-element-caption\">AI sz\u00ednez\u00e9s \u00e9s korrig\u00e1l\u00e1s<\/figcaption><\/figure>\n\n\n\n<h3 class=\"wp-block-heading\">1912<\/h3>\n\n\n\n<figure class=\"wp-block-image\"><a href=\"http:\/\/rakosliget.hu\/wordpress\/wp-content\/uploads\/2020\/11\/Zsido-templomepitesre-adomany-1912-december-7.jpg\"><img loading=\"lazy\" decoding=\"async\" width=\"300\" height=\"89\" src=\"http:\/\/rakosliget.hu\/wordpress\/wp-content\/uploads\/2020\/11\/Zsido-templomepitesre-adomany-1912-december-7-300x89.jpg\" alt=\"\" class=\"wp-image-5882\" srcset=\"https:\/\/rakosliget.hu\/wordpress\/wp-content\/uploads\/2020\/11\/Zsido-templomepitesre-adomany-1912-december-7-300x89.jpg 300w, https:\/\/rakosliget.hu\/wordpress\/wp-content\/uploads\/2020\/11\/Zsido-templomepitesre-adomany-1912-december-7.jpg 574w\" sizes=\"auto, (max-width: 300px) 100vw, 300px\" \/><\/a><\/figure>\n\n\n\n<p><\/p>\n\n\n\n<p>A kir\u00e1ly adom\u00e1nya. 1912. december 7. Az Ujs\u00e1g.<\/p>\n\n\n\n<figure class=\"wp-block-image\"><a href=\"http:\/\/rakosliget.hu\/html\/blum.html\"><img decoding=\"async\" src=\"http:\/\/rakosliget.hu\/szemelyek\/blum.jpg\" alt=\"\"\/><\/a><\/figure>\n\n\n\n<figure class=\"wp-block-image\"><img decoding=\"async\" src=\"http:\/\/rakosliget.hu\/szemelyek\/gozon1.jpg\" alt=\"\"\/><\/figure>\n\n\n\n<p><\/p>\n\n\n\n<p>dr. Bakonyi (Blum) Lajos \u00e9s G\u00f3zon Gyula<\/p>\n\n\n\n<h5 class=\"wp-block-heading\">A zsinag\u00f3ga<\/h5>\n\n\n\n<p>1907. november 15. hat\u00e1rid\u0151vel tervp\u00e1ly\u00e1zatot \u00edrtak ki a zsinag\u00f3ga megtervez\u00e9s\u00e9re. A p\u00e1ly\u00e1zat t\u00f6bbsz\u00f6r is megjelent az \u00c9p\u00edt\u0151 Ipar lapban.<\/p>\n\n\n<div class=\"wp-block-image\">\n<figure class=\"aligncenter\"><img loading=\"lazy\" decoding=\"async\" width=\"300\" height=\"172\" src=\"http:\/\/rakosliget.hu\/wordpress\/wp-content\/uploads\/2019\/12\/zsidotervpalyazat1907-300x172.jpg\" alt=\"\" class=\"wp-image-3378\" srcset=\"https:\/\/rakosliget.hu\/wordpress\/wp-content\/uploads\/2019\/12\/zsidotervpalyazat1907-300x172.jpg 300w, https:\/\/rakosliget.hu\/wordpress\/wp-content\/uploads\/2019\/12\/zsidotervpalyazat1907-1024x586.jpg 1024w, https:\/\/rakosliget.hu\/wordpress\/wp-content\/uploads\/2019\/12\/zsidotervpalyazat1907-768x439.jpg 768w, https:\/\/rakosliget.hu\/wordpress\/wp-content\/uploads\/2019\/12\/zsidotervpalyazat1907.jpg 1171w\" sizes=\"auto, (max-width: 300px) 100vw, 300px\" \/><\/figure>\n<\/div>\n\n\n<p><\/p>\n\n\n\n<p class=\"has-text-align-center\"><a href=\"http:\/\/rakosliget.hu\/wordpress\/wp-content\/uploads\/2019\/12\/zsidotervpalyazat1907.jpg\">\u00c9P\u00cdT\u0150 IPAR (44. sz.) 1907. november 3. 428. oldal<\/a><\/p>\n\n\n\n<p>Ugyanez a lap 1907. december 1-i sz\u00e1m\u00e1ban ismertette a tervp\u00e1ly\u00e1zat v\u00e9geredm\u00e9ny\u00e9t:<\/p>\n\n\n\n<blockquote class=\"wp-block-quote is-layout-flow wp-block-quote-is-layout-flow\">\n<p>A r\u00e1kosligeti izr. templom tervp\u00e1ly\u00e1zat\u00e1n 6 tervez\u0151t\u0151l 8 terv \u00e9rkezett be \u00e9s pedig \u201e5500\u201c \u201e128 \u00fcl\u0151hely&#8221;, \u201eAerolith&#8221;, \u201eM\u00f3zes&#8221;, \u201eMargit&#8221; \u00e9s \u201eLabor omnia vincit&#8221; jelig\u00e9vel. A b\u00edr\u00e1l\u00f3 bizotts\u00e1g e m\u0171vek k\u00f6z\u00fcl mint legjobbaknak a \u201eMargit&#8221; jelig\u00e9s tervnek, (szerz\u0151i K\u00e1roly Lajos \u00e9s Weinstein Simon budapesti \u00e9p\u00edt\u00e9szek) \u00e9s az \u201eAerolith&#8221; jelig\u00e9s tervnek (szerz\u0151je Boros Artur budapesti \u00e9p\u00edt\u00e9sz) \u00edt\u00e9lte a p\u00e1lyad\u00edjakat, a \u201eM\u00f3zes&#8221; jelig\u00e9s tervet pedig megdics\u00e9rte.<\/p>\n<\/blockquote>\n\n\n\n<p><em>Forr\u00e1s: <a href=\"http:\/\/rakosliget.hu\/wordpress\/wp-content\/uploads\/2020\/11\/1907-december-1-izraelita-templom-tervpalyazat.jpg\">\u00c9p\u00edt\u0151 Ipar 1907. december 1. 462 &#8211; 463. oldal<\/a><\/em><\/p>\n\n\n\n<p>A r\u00e1kosligeti izr. templom tervp\u00e1ly\u00e1zat\u00e1n k\u00e9t 80 koron\u00e1s d\u00edjat K\u00e1roly Lajos \u00e9s Weinstein Simon, tov\u00e1bb\u00e1 Boros Arthur m\u0171v\u00e9nek \u00edt\u00e9lt\u00e9k oda. <em>Forr\u00e1s: M\u0171v\u00e9szet 1908. Hetedik \u00e9vfolyam 1 sz\u00e1m. 60-72. oldal. <\/em><a href=\"http:\/\/www.mke.hu\/lyka\/07\/060-072-kronika.htm\"><em>http:\/\/www.mke.hu\/lyka\/07\/060-072-kronika.htm<\/em> <\/a><\/p>\n\n\n\n<p>A kivitelez\u0151&nbsp; Sztanek P\u00e1l helyi \u00e9p\u00edt\u0151mester volt. <img loading=\"lazy\" decoding=\"async\" class=\"\" src=\"http:\/\/rakosliget.hu\/doku\/sztanek_.jpg\" width=\"835\" height=\"105\"><br>Forr\u00e1s: R\u00e1kosligeti evang\u00e9likus fi\u00f3kegyh\u00e1z jegyz\u0151k\u00f6nyvei.<\/p>\n\n\n\n<p>1912. m\u00e1jus 19. A zsid\u00f3 imah\u00e1z alapk\u0151let\u00e9tele.<\/p>\n\n\n<div class=\"wp-block-image\">\n<figure class=\"aligncenter\"><a href=\"http:\/\/rakosliget.hu\/wordpress\/wp-content\/uploads\/2021\/01\/37.jpg\"><img loading=\"lazy\" decoding=\"async\" width=\"300\" height=\"246\" src=\"http:\/\/rakosliget.hu\/wordpress\/wp-content\/uploads\/2021\/01\/37-300x246.jpg\" alt=\"\" class=\"wp-image-9070\" srcset=\"https:\/\/rakosliget.hu\/wordpress\/wp-content\/uploads\/2021\/01\/37-300x246.jpg 300w, https:\/\/rakosliget.hu\/wordpress\/wp-content\/uploads\/2021\/01\/37-1024x841.jpg 1024w, https:\/\/rakosliget.hu\/wordpress\/wp-content\/uploads\/2021\/01\/37-768x631.jpg 768w, https:\/\/rakosliget.hu\/wordpress\/wp-content\/uploads\/2021\/01\/37-1536x1261.jpg 1536w, https:\/\/rakosliget.hu\/wordpress\/wp-content\/uploads\/2021\/01\/37-2048x1681.jpg 2048w\" sizes=\"auto, (max-width: 300px) 100vw, 300px\" \/><\/a><\/figure>\n<\/div>\n\n\n<p class=\"has-text-align-center\">\u00dcl\u0151helyek \u00e1rver\u00e9se 1912. <em>Forr\u00e1s:mandab.hu<\/em><\/p>\n\n\n\n<p>1914. augusztus 15-\u00e9n avatt\u00e1k fel az \u00e9p\u00fcletet.<\/p>\n\n\n\n<p>Eisenberger G\u00e9za (1892-1944) g\u00f6d\u00f6ll\u0151i ker\u00fcleti anyak\u00f6nyvvezet\u0151 rabbi l\u00e1tja el hit\u00e9let vezet\u00e9s\u00e9t a kongresszusi gy\u00fclekezetben eg\u00e9szen a II. vil\u00e1gh\u00e1bor\u00faig.<\/p>\n\n\n\n<figure class=\"wp-block-image\"><img decoding=\"async\" src=\"http:\/\/rakosliget.hu\/pecsetek\/zsido pecset.jpg\" alt=\"\"\/><\/figure>\n\n\n\n<p><\/p>\n\n\n\n<p>A hitk\u00f6zs\u00e9g pecs\u00e9tnyomata<\/p>\n\n\n\n<p><img decoding=\"async\" src=\"http:\/\/rakosliget.hu\/doku\/eisenbergergeza.jpg\" alt=\"large product photo\" border=\"0\"><br>Eisenberger G\u00e9za rabbi<\/p>\n\n\n\n<p><img loading=\"lazy\" decoding=\"async\" src=\"http:\/\/rakosliget.hu\/doku\/zsido.jpg\" alt=\"Header image\" width=\"290\" height=\"280\" border=\"0\"><br>A zsinag\u00f3ga bels\u0151 tere<br>Forr\u00e1s: ERH gy\u0171jtem\u00e9ny<\/p>\n\n\n\n<p class=\"has-text-align-left\">1918. A R\u00e1kosszentmih\u00e1lyi Izraelita Fi\u00f3khitk\u00f6zs\u00e9g Klein J\u00f3zseffel bet\u00f6lt\u00f6tt k\u00e1ntor-hitoktat\u00f3i \u00e1ll\u00e1sra Grosz Farkas S\u00e1muel r\u00e1kosligeti k\u00e1ntort v\u00e1lasztotta meg egyhang\u00falag. A megv\u00e1lasztott m\u00e1r 18 \u00e9ve m\u0171k\u00f6dik ezen a p\u00e1ly\u00e1n \u00e9s a legut\u00f3bbi alkalommal teljesen megnyerte a hitk\u00f6zs\u00e9g tagjainak tetsz\u00e9s\u00e9t, amikor liturgiai k\u00e9szs\u00e9g\u00e9t \u00e9s k\u00e9pess\u00e9geit egy alkalmi istentisztelet alkalm\u00e1val bebizony\u00edtotta. Mivel rabbik\u00e9pes\u00edt\u00e9se is van \u00e9s j\u00f3 magyar hitsz\u00f3nok h\u00edr\u00e9ben is \u00e1ll, nemcsak a szorosan vett templomi \u00e9s egyh\u00e1zi funkci\u00f3i gondos elv\u00e9gz\u00e9s\u00e9t v\u00e1rja t\u0151le a hitk\u00f6zs\u00e9g, hanem hitoktat\u00f3i m\u0171k\u00f6d\u00e9s\u00e9hez is nagy rem\u00e9nyeket f\u0171z.<\/p>\n\n\n\n<h5 class=\"wp-block-heading\">A <a href=\"http:\/\/rakosliget.hu\/kepgaleriak\/indexzsido.html\">r\u00e1kosligeti zsid\u00f3temet\u0151<\/a>ben fellelhet\u0151 s\u00edrk\u00f6vek jegyz\u00e9ke:<\/h5>\n\n\n\n<p><a href=\"http:\/\/rakosliget.hu\/kepgaleriak\/indexzsido.html\" target=\"_new\" rel=\"noopener noreferrer\">IZRAELITA TEMET\u0150<\/a>. 1909- t\u0151l temettek a 400 n\u00e9gysz\u00f6geles ter\u00fcletre. A mai napig olvashat\u00f3 sirk\u00f6vek a k\u00f6vetkez\u0151k:<br>Schick Simonn\u00e9 sz. Reich Emilia 1910., Weisz Ignatzn\u00e9 sz. Holender Leon\u00f3ra 1912., Kenyeres M\u00e1rtonn\u00e9 1912., Heksch Salamonn\u00e9 sz. Frisch Zs\u00f3fia 1938., Wieler Salamon 1869-1934, Wieler Salamonn\u00e9 sz. Spitzer R\u00f3zsa 1871-1940, Neumann R\u00f3za 1910., Stein Katalin 1841-1920, Hoff Salamon 1913., Somosi Ign\u00e1tz 1914., Schwartz Lajosn\u00e9 1868-1917, Schwartz Lajos, Danczinger Ign\u00e1tzn\u00e9 sz. Rausnitz M\u00e1ria 1851-1925, Danczinger Ign\u00e1tz 1851-1923, Deutsch Ibolyka 1927., Schlesinger Jakabn\u00e9 sz. Hoff Lina 1864-1919, Havas Arnoldn\u00e9 1893-1940, Poll\u00e1k M\u00f3zes 1854-1938, Garai Miks\u00e1n\u00e91867-1932, Schongut Farkas 1866-1931, Bergl Vilmos 1849-1931, Bergl Vilmosn\u00e9 sz. Schwartz Anna 1853-1930, Havas Tivadarn\u00e9 sz. Ro\u00f3z Nelli 1930., Weisz Samun\u00e9, Wandelbaum S\u00e1mueln\u00e9 sz. Benedikt Fanny 1851-1934, Wolf Ad\u00e9ln\u00e9 sz. Weisz Szid\u00f3nia 1877-1937, Husz\u00e1r J\u00e1nosn\u00e9 sz. Herbs Aranka 1898-1933, Schongut Andor, Reichenfeld Jen\u0151n\u00e9 1890-1942, Fekete Vilmos, Rosenberg J\u00f3zsefn\u00e9 1835-1930, Rosenberg J\u00f3zsef 1834-1928, Rosner Henrik 1862-1934, Rosner Henrikn\u00e9 1864-1940, Kem\u00e9ny S\u00e1ndorn\u00e9 1884-1938, Steinz Albert \u00e9s neje eml\u00e9kk\u00f6ve 1944.<\/p>\n\n\n\n<p>Forr\u00e1s: H\u00f3dos M\u00e1ria: K\u00e9tezren voltak&#8230; H\u00f3dos M\u00e1ria 2006.<\/p>\n\n\n\n<p><a href=\"http:\/\/rakosliget.hu\/wordpress\/wp-content\/uploads\/2020\/11\/1944-zsido-adattar.pdf\">Magyarorsz\u00e1gi Zsid\u00f3 Hitk\u00f6zs\u00e9gek 1944. \u00e1prilis. Adatt\u00e1r<\/a><\/p>\n\n\n\n<h5 class=\"wp-block-heading\"><a href=\"http:\/\/db.yadvashem.org\/names\/nameResults.html?language=en&amp;applid=SAPIR14&amp;queryId=JAGUAR35_804_276812&amp;page=2\">R\u00e1kosligetr\u0151l elhurcolt zsid\u00f3k n\u00e9vsora:<\/a><\/h5>\n\n\n\n<p>1941-ben R\u00e1kosliget 241 (7,6 sz\u00e1zal\u00e9k) izraelita \u00e9s 5 (0,2 sz\u00e1zal\u00e9k) kereszt\u00e9ny lakos\u00e1ra vonatkoztak a zsid\u00f3t\u00f6rv\u00e9nyek. A v\u00e1rmegye 230 telep\u00fcl\u00e9se k\u00f6z\u00fcl (a megyei jog\u00fa v\u00e1rosokat is besz\u00e1m\u00edtva) csak M\u00e1ty\u00e1sf\u00f6ld\u00f6n, R\u00e1koshegyen, \u00dajpesten \u00e9s V\u00e1con alkotta a n\u00e9pess\u00e9g nagyobb h\u00e1nyad\u00e1t az izraelita popul\u00e1ci\u00f3. A G\u00f6d\u00f6ll\u0151 fi\u00f3khitk\u00f6zs\u00e9gek\u00e9nt m\u0171k\u00f6d\u0151 r\u00e1kospalotai, <a href=\"http:\/\/rakosliget.hu\/html\/blum.html\">dr. Bakonyi Lajos<\/a> orvos vezette k\u00f6z\u00f6ss\u00e9ghez 1944-ben 183-an tartoztak. A telep\u00fcl\u00e9sen egyetlen felekezeti int\u00e9zm\u00e9ny m\u0171k\u00f6d\u00f6tt, a <a href=\"http:\/\/rakosliget.hu\/html\/egyesuletek.html\">Chevra Kadisa<\/a>. R\u00e1kosliget a G\u00f6d\u00f6ll\u0151i j\u00e1r\u00e1shoz tartozott, az itteni zsid\u00f3k 1944-es k\u00e1lv\u00e1ri\u00e1j\u00e1nak nem minden st\u00e1ci\u00f3ja tiszt\u00e1zott. Elk\u00e9pzelhet\u0151, hogy a III. deport\u00e1l\u00e1si z\u00f3n\u00e1ban zajl\u00f3 \u201etisztogat\u00e1si akci\u00f3\u201d keret\u00e9ben, j\u00fanius k\u00f6zep\u00e9n deport\u00e1lt\u00e1k \u0151ket Auschwitzba, de az sem kiz\u00e1rt, hogy a t\u00f6bbi Pest v\u00e1rmegyei zsid\u00f3hoz hasonl\u00f3an j\u00falius 6-a \u00e9s 8-a k\u00f6z\u00f6tt ker\u00fcltek a birkenaui r\u00e1mp\u00e1ra.<\/p>\n\n\n\n<ul class=\"wp-block-list\">\n<li>in. Randolph L. Braham, A magyarorsz\u00e1gi holokauszt f\u00f6ldrajzi enciklop\u00e9di\u00e1ja, II. k\u00f6tet. Park K\u00f6nyvkiad\u00f3, Budapest, 2010, pp. 807-889, V\u00e1gi Zolt\u00e1n V\u00e9gs\u0151 Istv\u00e1n<\/li>\n<\/ul>\n\n\n\n<p>Forr\u00e1s: <a href=\"http:\/\/pest.zsidomult.hu\/index.php\/jarasok-telepuelesek\/pest\/goedoelloi-jaras\/rakosliget\">http:\/\/pest.zsidomult.hu\/index.php\/jarasok-telepuelesek\/pest\/goedoelloi-jaras\/rakosliget<\/a><\/p>\n\n\n\n<p><a href=\"http:\/\/pest.zsidomult.hu\/index.php\/cimlap\/a-varmegye-zsido-toertenete\">A v\u00e1rmegye zsid\u00f3 m\u00faltj\u00e1r\u00f3l.<\/a><\/p>\n\n\n\n<h2 class=\"wp-block-heading style1\">AZ \u00c9P\u00dcLET MINT B\u00cdR\u00d3S\u00c1G<\/h2>\n\n\n<div class=\"wp-block-image\">\n<figure class=\"aligncenter\"><img decoding=\"async\" src=\"http:\/\/rakosliget.hu\/kep\/zsinagoga2.jpg\" alt=\"\"\/><\/figure>\n<\/div>\n\n\n<p class=\"has-text-align-center\">Az \u00e9p\u00fclet a 1979-ben.<br>Forr\u00e1s: <a href=\"http:\/\/hatodikalabardos.blog.hu\">http:\/\/hatodikalabardos.blog.hu<\/a><\/p>\n\n\n<div class=\"wp-block-image\">\n<figure class=\"alignright\"><img decoding=\"async\" src=\"http:\/\/rakosliget.hu\/kep\/birosag1965.jpg\" alt=\"\"\/><\/figure>\n<\/div>\n\n\n<p><br>1965-ben k\u00e9sz\u00fclt l\u00e9gifot\u00f3n.<br>Forr\u00e1s: fentrol.hu1965-ben k\u00e9sz\u00fclt l\u00e9gifot\u00f3n. Forr\u00e1s: fentrol.hu<\/p>\n\n\n\n<figure class=\"wp-block-image\"><img decoding=\"async\" src=\"http:\/\/rakosliget.hu\/doku\/tothodon.gif\" alt=\"large product photo\"\/><\/figure>\n\n\n\n<p><\/p>\n\n\n\n<p><strong>DR T\u00d3TH \u00d6D\u00d6N<br>F\u0151v\u00e1rosi B\u00edr\u00f3s\u00e1gi tan\u00e1cseln\u00f6k, megyei b\u00edr\u00f3s\u00e1gi tan\u00e1csos<\/strong><\/p>\n\n\n\n<ul class=\"wp-block-list\">\n<li>1955. \u00e1prilis 26-\u00e1n nevezt\u00e9k ki b\u00edr\u00f3nak a XVII. Ker\u00fcleti B\u00edr\u00f3s\u00e1gra<\/li>\n\n\n\n<li>1958-64-ig a Pesti K\u00f6zponti Ker\u00fcleti B\u00edr\u00f3s\u00e1gon az els\u0151 h\u00e1rom \u00e9vben b\u00fcntet\u0151, majd polg\u00e1ri \u00fcgyszakos b\u00edr\u00f3<\/li>\n\n\n\n<li>1964-1979-ig ism\u00e9t a XVII. Ker\u00fcleti B\u00edr\u00f3s\u00e1g b\u00edr\u00e1ja, 1968-1979-ig a b\u00edr\u00f3s\u00e1g eln\u00f6ke<\/li>\n<\/ul>\n\n\n\n<p>1955. \u00e1prilis 26-\u00e1n nevezt\u00e9k ki b\u00edr\u00f3nak a XVII. Ker\u00fcleti B\u00edr\u00f3s\u00e1gra, R\u00e1kosligetre, ahol egyszerre volt b\u00fcntet\u0151 \u00e9s polg\u00e1ri b\u00edr\u00f3. Megtehette, mert akkor m\u00e9g nagyon kev\u00e9s \u00fcgy volt, \u00e9s mert azt gondolta, nem \u00e1rt tudni mindkett\u0151t.<br>A Pesti K\u00f6zponti Ker\u00fcleti B\u00edr\u00f3s\u00e1gon 1958-t\u00f3l \u00e9let \u00e9s testi \u00e9ps\u00e9g elleni \u00fcgyeket, gyermekgyilkoss\u00e1gokat, magzatelhajt\u00e1sokat, szexu\u00e1lis b\u0171ncselekm\u00e9nyeket \u00e9s ezek min\u0151s\u00edtett eseteit (akkor m\u00e9g a homoszexu\u00e1lisokat is b\u00fcntett\u00e9k) t\u00e1rgyalta.<br>A sok hal\u00e1llal v\u00e9gz\u0151d\u00f6tt b\u00fcntet\u0151\u00fcgy egyre t\u00f6bb lelki terhet jelentett az akkor 28 \u00e9ves T\u00f3th \u00d6d\u00f6nnek, ez\u00e9rt k\u00e9rte, hogy m\u00e1sf\u00e9le \u00fcgyeket t\u00e1rgyalhasson. Hi\u00e1ba. Ekkor azt k\u00e9rte, helyezz\u00e9k \u00e1t a polg\u00e1ri koll\u00e9giumba. Ott \u00f6r\u00f6kl\u00e9si perek mellett M\u00c1V k\u00e1rt\u00e9r\u00edt\u00e9si \u00fcgyeket kapott, ezek azonban rendszerint megint csak hal\u00e1lesetekhez \u00e9s halottakhoz k\u00f6t\u0151dtek.<br>A PKKB-n t\u00falzott volt a szakos\u00edt\u00e1s is, amit megint csak nehezen viselt, \u00edgy azt\u00e1n az els\u0151 adand\u00f3 alkalommal visszat\u00e9rt R\u00e1kosligetre &#8211; ahov\u00e1 egy\u00e9bk\u00e9nt is mindig visszav\u00e1gyott.<br>1968-ig beosztott b\u00edr\u00f3 volt, ekkor lett a XVII. Ker\u00fcleti B\u00edr\u00f3s\u00e1g eln\u00f6ke. Eg\u00e9szen 1979-ig volt eln\u00f6k, amikor a ker\u00fcleti p\u00e1rttitk\u00e1rral val\u00f3 n\u00e9zetk\u00fcl\u00f6nbs\u00e9ge miatt lev\u00e1ltott\u00e1k. &#8222;B\u0171nei&#8221; k\u00f6zt szerepelt p\u00e9ld\u00e1ul az is, hogy nem vett r\u00e9szt a p\u00e1rt v\u00e9grehajt\u00f3 bizotts\u00e1g\u00e1nak \u00fcl\u00e9s\u00e9n, mert t\u00e1rgyalt.<\/p>\n\n\n\n<p>Forr\u00e1s: F\u0151v\u00e1rosi B\u00edr\u00f3s\u00e1g honlapja<\/p>\n\n\n\n<h3 class=\"wp-block-heading\">1989-2009<\/h3>\n\n\n<div class=\"wp-block-image\">\n<figure class=\"aligncenter\"><img decoding=\"async\" src=\"http:\/\/rakosliget.hu\/kep\/zsinagoga05 .jpg\" alt=\"\"\/><\/figure>\n<\/div>\n\n\n<p class=\"has-text-align-center\">Mag\u00e1niskola akart k\u00f6lt\u00f6zni az \u00e9p\u00fcletbe, ez\u00e9rt megindult az \u00e1talak\u00edt\u00e1s.<br>Forr\u00e1s: <a href=\"http:\/\/hatodikalabardos.blog.hu\">http:\/\/hatodikalabardos.blog.hu<\/a><\/p>\n\n\n\n<p><img loading=\"lazy\" decoding=\"async\" class=\"\" src=\"http:\/\/rakosliget.hu\/kep\/zsinagoga 3.jpg\" width=\"382\" height=\"254\"><br>Az \u00e9p\u00fclet 2009-ben v\u00e9glegesen elbont\u00e1sra ker\u00fclt.<br>Foto: B\u00e9lav\u00e1ri Krisztina<\/p>\n\n\n\n<h1 class=\"wp-block-heading\">1998<\/h1>\n\n\n\n<figure class=\"wp-block-image\"><a href=\"https:\/\/rakosliget.hu\/wordpress\/wp-content\/uploads\/2023\/01\/birosag.jpg\"><img loading=\"lazy\" decoding=\"async\" width=\"284\" height=\"300\" src=\"https:\/\/rakosliget.hu\/wordpress\/wp-content\/uploads\/2023\/01\/birosag-284x300.jpg\" alt=\"\" class=\"wp-image-10820\" srcset=\"https:\/\/rakosliget.hu\/wordpress\/wp-content\/uploads\/2023\/01\/birosag-284x300.jpg 284w, https:\/\/rakosliget.hu\/wordpress\/wp-content\/uploads\/2023\/01\/birosag.jpg 677w\" sizes=\"auto, (max-width: 284px) 100vw, 284px\" \/><\/a><\/figure>\n\n\n\n<p><\/p>\n\n\n\n<p>Forr\u00e1s: N\u00e9pszabads\u00e1g 1998. m\u00e1rcius 25.<\/p>\n\n\n\n<h3 class=\"wp-block-heading\"><a href=\"https:\/\/rakosliget.hu\/wordpress\/index.php\/egyhazak-rakosligeten\/\">VISSZA AZ EGYH\u00c1ZAK LAPRA<\/a><\/h3>\n","protected":false},"excerpt":{"rendered":"<p>Az oldal indult: 2018. m\u00e1rcius 10. Friss\u00edtve: 2023. 01. 20. A zsinag\u00f3ga t\u00f6rt\u00e9nete R\u00e1kosliget, Izr. templom 1914. k\u00f6r\u00fcl Erd\u0151s Ren\u00e9e H\u00e1z digit\u00e1lis adatt\u00e1ra Forr\u00e1s: http:\/\/hatodikalabardos.blog.hu 1912 A kir\u00e1ly adom\u00e1nya. 1912. december 7. Az Ujs\u00e1g. dr. Bakonyi (Blum) Lajos \u00e9s G\u00f3zon Gyula A zsinag\u00f3ga 1907. november 15. hat\u00e1rid\u0151vel tervp\u00e1ly\u00e1zatot \u00edrtak ki a zsinag\u00f3ga megtervez\u00e9s\u00e9re. A p\u00e1ly\u00e1zat &hellip; <a href=\"https:\/\/rakosliget.hu\/wordpress\/index.php\/rakosligeti-zsido-imahaz-tortenete\/\" class=\"more-link\"><span class=\"screen-reader-text\">R\u00e1kosligeti zsid\u00f3 imah\u00e1z t\u00f6rt\u00e9nete<\/span> r\u00e9szletei&#8230;<\/a><\/p>\n","protected":false},"author":1,"featured_media":0,"parent":0,"menu_order":0,"comment_status":"closed","ping_status":"closed","template":"","meta":{"footnotes":""},"class_list":["post-439","page","type-page","status-publish","hentry"],"_links":{"self":[{"href":"https:\/\/rakosliget.hu\/wordpress\/index.php\/wp-json\/wp\/v2\/pages\/439","targetHints":{"allow":["GET"]}}],"collection":[{"href":"https:\/\/rakosliget.hu\/wordpress\/index.php\/wp-json\/wp\/v2\/pages"}],"about":[{"href":"https:\/\/rakosliget.hu\/wordpress\/index.php\/wp-json\/wp\/v2\/types\/page"}],"author":[{"embeddable":true,"href":"https:\/\/rakosliget.hu\/wordpress\/index.php\/wp-json\/wp\/v2\/users\/1"}],"replies":[{"embeddable":true,"href":"https:\/\/rakosliget.hu\/wordpress\/index.php\/wp-json\/wp\/v2\/comments?post=439"}],"version-history":[{"count":22,"href":"https:\/\/rakosliget.hu\/wordpress\/index.php\/wp-json\/wp\/v2\/pages\/439\/revisions"}],"predecessor-version":[{"id":23941,"href":"https:\/\/rakosliget.hu\/wordpress\/index.php\/wp-json\/wp\/v2\/pages\/439\/revisions\/23941"}],"wp:attachment":[{"href":"https:\/\/rakosliget.hu\/wordpress\/index.php\/wp-json\/wp\/v2\/media?parent=439"}],"curies":[{"name":"wp","href":"https:\/\/api.w.org\/{rel}","templated":true}]}}