{"id":436,"date":"2018-03-10T03:52:58","date_gmt":"2018-03-10T02:52:58","guid":{"rendered":"http:\/\/rakosliget.hu\/wordpress\/?page_id=436"},"modified":"2026-01-16T19:57:42","modified_gmt":"2026-01-16T18:57:42","slug":"rakosligeti-zsido-temeto-kepei","status":"publish","type":"page","link":"https:\/\/rakosliget.hu\/wordpress\/index.php\/rakosligeti-zsido-temeto-kepei\/","title":{"rendered":"R\u00e1kosligeti zsid\u00f3 temet\u0151 k\u00e9pei"},"content":{"rendered":"\n<h3 class=\"wp-block-heading\"><a href=\"https:\/\/rakosliget.hu\/wordpress\/index.php\/egyhazak-rakosligeten\/\">VISSZA AZ EGYH\u00c1ZAK LAPRA<\/a><\/h3>\n\n\n\t<!-- Gallery Engine Assets -->\r\n\t<style>\r\n\t\t#image_gallery_wrap_1717 {\r\n            --ig-gutter: 8px;\r\n            --ig-cols-lg: 4;\r\n            --ig-cols-md: 4;\r\n            --ig-cols-sm: 3;\r\n            --ig-cols-xs: 2;\r\n            \r\n            \/* Dynamic Border Variables *\/\r\n                        --ig-radius: 8px;\r\n            --ig-card-radius: 8px;\r\n            --ig-card-padding: 8px;\r\n\r\n\r\n        }\r\n\t<\/style>\r\n        <div id=\"image_gallery_wrap_1717\" \r\n        class=\"ig-gallery-outer-wrap ig-layout-masonry\" \r\n        data-layout=\"masonry\" \r\n        data-lb-loop=\"0\" \r\n        data-lb-label=\"Image %1 of %2\"\r\n        data-version=\"2.0.2\">\r\n\r\n    <div id=\"image_gallery_1717\" \n         class=\"ig-row igp-gallery all-images_1717\">\n        <div class=\"grid-sizer\"><\/div>\n                        <div class=\"ig-col single-image igp-item ig-col-lg-3 ig-col-md-3 ig-col-sm-4 ig-col-xs-6\" data-index=\"0\">\n            <div class=\"ig-image-card igp-card ig-has-card-border hvr-float-shadow\">\n                                    <a class=\"ig-lightbox-item\" href=\"https:\/\/rakosliget.hu\/wordpress\/wp-content\/uploads\/2018\/10\/zsido1.jpg\" data-lightbox=\"ig-gallery-1717\" data-title=\"S\u00edrok\" data-width=\"800\" data-height=\"530\">\n                                    \n\n\n                    <div class=\"ig-image-container\">\n                        <img loading=\"lazy\" decoding=\"async\" width=\"150\" height=\"150\" src=\"https:\/\/rakosliget.hu\/wordpress\/wp-content\/uploads\/2018\/10\/zsido1-150x150.jpg\" class=\"ig-thumbnail loading\" alt=\"S\u00edrok\" \/>                        \n                                                    <div class=\"ig-overlay ig-overlay-bottom\">\n                                <span class=\"ig-item-title\">S\u00edrok<\/span>\n                            <\/div>\n                                            <\/div>\n\n\n\n                                    <\/a>\n                            <\/div>\n\n        <\/div>\n                        <div class=\"ig-col single-image igp-item ig-col-lg-3 ig-col-md-3 ig-col-sm-4 ig-col-xs-6\" data-index=\"1\">\n            <div class=\"ig-image-card igp-card ig-has-card-border hvr-float-shadow\">\n                                    <a class=\"ig-lightbox-item\" href=\"https:\/\/rakosliget.hu\/wordpress\/wp-content\/uploads\/2018\/10\/zsido2.jpg\" data-lightbox=\"ig-gallery-1717\" data-title=\"Wieder Salamon\" data-width=\"351\" data-height=\"530\">\n                                    \n\n\n                    <div class=\"ig-image-container\">\n                        <img loading=\"lazy\" decoding=\"async\" width=\"150\" height=\"150\" src=\"https:\/\/rakosliget.hu\/wordpress\/wp-content\/uploads\/2018\/10\/zsido2-150x150.jpg\" class=\"ig-thumbnail loading\" alt=\"Wieder Salamon\" \/>                        \n                                                    <div class=\"ig-overlay ig-overlay-bottom\">\n                                <span class=\"ig-item-title\">Wieder Salamon<\/span>\n                            <\/div>\n                                            <\/div>\n\n\n\n                                    <\/a>\n                            <\/div>\n\n        <\/div>\n                        <div class=\"ig-col single-image igp-item ig-col-lg-3 ig-col-md-3 ig-col-sm-4 ig-col-xs-6\" data-index=\"2\">\n            <div class=\"ig-image-card igp-card ig-has-card-border hvr-float-shadow\">\n                                    <a class=\"ig-lightbox-item\" href=\"https:\/\/rakosliget.hu\/wordpress\/wp-content\/uploads\/2018\/10\/zsido4.jpg\" data-lightbox=\"ig-gallery-1717\" data-title=\"S\u00edrok\" data-width=\"900\" data-height=\"597\">\n                                    \n\n\n                    <div class=\"ig-image-container\">\n                        <img loading=\"lazy\" decoding=\"async\" width=\"150\" height=\"150\" src=\"https:\/\/rakosliget.hu\/wordpress\/wp-content\/uploads\/2018\/10\/zsido4-150x150.jpg\" class=\"ig-thumbnail loading\" alt=\"S\u00edrok\" \/>                        \n                                                    <div class=\"ig-overlay ig-overlay-bottom\">\n                                <span class=\"ig-item-title\">S\u00edrok<\/span>\n                            <\/div>\n                                            <\/div>\n\n\n\n                                    <\/a>\n                            <\/div>\n\n        <\/div>\n                        <div class=\"ig-col single-image igp-item ig-col-lg-3 ig-col-md-3 ig-col-sm-4 ig-col-xs-6\" data-index=\"3\">\n            <div class=\"ig-image-card igp-card ig-has-card-border hvr-float-shadow\">\n                                    <a class=\"ig-lightbox-item\" href=\"https:\/\/rakosliget.hu\/wordpress\/wp-content\/uploads\/2018\/10\/zsido3.jpg\" data-lightbox=\"ig-gallery-1717\" data-title=\"S\u00edrok\" data-width=\"900\" data-height=\"597\">\n                                    \n\n\n                    <div class=\"ig-image-container\">\n                        <img loading=\"lazy\" decoding=\"async\" width=\"150\" height=\"150\" src=\"https:\/\/rakosliget.hu\/wordpress\/wp-content\/uploads\/2018\/10\/zsido3-150x150.jpg\" class=\"ig-thumbnail loading\" alt=\"S\u00edrok\" \/>                        \n                                                    <div class=\"ig-overlay ig-overlay-bottom\">\n                                <span class=\"ig-item-title\">S\u00edrok<\/span>\n                            <\/div>\n                                            <\/div>\n\n\n\n                                    <\/a>\n                            <\/div>\n\n        <\/div>\n                        <div class=\"ig-col single-image igp-item ig-col-lg-3 ig-col-md-3 ig-col-sm-4 ig-col-xs-6\" data-index=\"4\">\n            <div class=\"ig-image-card igp-card ig-has-card-border hvr-float-shadow\">\n                                    <a class=\"ig-lightbox-item\" href=\"https:\/\/rakosliget.hu\/wordpress\/wp-content\/uploads\/2018\/10\/zsido5.jpg\" data-lightbox=\"ig-gallery-1717\" data-title=\"S\u00edrok\" data-width=\"351\" data-height=\"530\">\n                                    \n\n\n                    <div class=\"ig-image-container\">\n                        <img loading=\"lazy\" decoding=\"async\" width=\"150\" height=\"150\" src=\"https:\/\/rakosliget.hu\/wordpress\/wp-content\/uploads\/2018\/10\/zsido5-150x150.jpg\" class=\"ig-thumbnail loading\" alt=\"S\u00edrok\" \/>                        \n                                                    <div class=\"ig-overlay ig-overlay-bottom\">\n                                <span class=\"ig-item-title\">S\u00edrok<\/span>\n                            <\/div>\n                                            <\/div>\n\n\n\n                                    <\/a>\n                            <\/div>\n\n        <\/div>\n                        <div class=\"ig-col single-image igp-item ig-col-lg-3 ig-col-md-3 ig-col-sm-4 ig-col-xs-6\" data-index=\"5\">\n            <div class=\"ig-image-card igp-card ig-has-card-border hvr-float-shadow\">\n                                    <a class=\"ig-lightbox-item\" href=\"https:\/\/rakosliget.hu\/wordpress\/wp-content\/uploads\/2018\/10\/zsido6.jpg\" data-lightbox=\"ig-gallery-1717\" data-title=\"S\u00edrok\" data-width=\"800\" data-height=\"600\">\n                                    \n\n\n                    <div class=\"ig-image-container\">\n                        <img loading=\"lazy\" decoding=\"async\" width=\"150\" height=\"150\" src=\"https:\/\/rakosliget.hu\/wordpress\/wp-content\/uploads\/2018\/10\/zsido6-150x150.jpg\" class=\"ig-thumbnail loading\" alt=\"S\u00edrok\" \/>                        \n                                                    <div class=\"ig-overlay ig-overlay-bottom\">\n                                <span class=\"ig-item-title\">S\u00edrok<\/span>\n                            <\/div>\n                                            <\/div>\n\n\n\n                                    <\/a>\n                            <\/div>\n\n        <\/div>\n                        <div class=\"ig-col single-image igp-item ig-col-lg-3 ig-col-md-3 ig-col-sm-4 ig-col-xs-6\" data-index=\"6\">\n            <div class=\"ig-image-card igp-card ig-has-card-border hvr-float-shadow\">\n                                    <a class=\"ig-lightbox-item\" href=\"https:\/\/rakosliget.hu\/wordpress\/wp-content\/uploads\/2018\/10\/zsido7.jpg\" data-lightbox=\"ig-gallery-1717\" data-title=\"A r\u00e9gi halottash\u00e1z\" data-width=\"800\" data-height=\"600\">\n                                    \n\n\n                    <div class=\"ig-image-container\">\n                        <img loading=\"lazy\" decoding=\"async\" width=\"150\" height=\"150\" src=\"https:\/\/rakosliget.hu\/wordpress\/wp-content\/uploads\/2018\/10\/zsido7-150x150.jpg\" class=\"ig-thumbnail loading\" alt=\"A r\u00e9gi halottash\u00e1z\" \/>                        \n                                                    <div class=\"ig-overlay ig-overlay-bottom\">\n                                <span class=\"ig-item-title\">A r\u00e9gi halottash\u00e1z<\/span>\n                            <\/div>\n                                            <\/div>\n\n\n\n                                    <\/a>\n                            <\/div>\n\n        <\/div>\n                        <div class=\"ig-col single-image igp-item ig-col-lg-3 ig-col-md-3 ig-col-sm-4 ig-col-xs-6\" data-index=\"7\">\n            <div class=\"ig-image-card igp-card ig-has-card-border hvr-float-shadow\">\n                                    <a class=\"ig-lightbox-item\" href=\"https:\/\/rakosliget.hu\/wordpress\/wp-content\/uploads\/2018\/12\/zsid\u00f3-temet\u0151.jpg\" data-lightbox=\"ig-gallery-1717\" data-title=\"A zsid\u00f3 temet\u0151 l\u00e9gifot\u00f3n\" data-width=\"595\" data-height=\"449\">\n                                    \n\n\n                    <div class=\"ig-image-container\">\n                        <img loading=\"lazy\" decoding=\"async\" width=\"150\" height=\"150\" src=\"https:\/\/rakosliget.hu\/wordpress\/wp-content\/uploads\/2018\/12\/zsid\u00f3-temet\u0151-150x150.jpg\" class=\"ig-thumbnail loading\" alt=\"A zsid\u00f3 temet\u0151 l\u00e9gifot\u00f3n\" \/>                        \n                                                    <div class=\"ig-overlay ig-overlay-bottom\">\n                                <span class=\"ig-item-title\">A zsid\u00f3 temet\u0151 l\u00e9gifot\u00f3n<\/span>\n                            <\/div>\n                                            <\/div>\n\n\n\n                                    <\/a>\n                            <\/div>\n\n        <\/div>\n                        <div class=\"ig-col single-image igp-item ig-col-lg-3 ig-col-md-3 ig-col-sm-4 ig-col-xs-6\" data-index=\"8\">\n            <div class=\"ig-image-card igp-card ig-has-card-border hvr-float-shadow\">\n                                    <a class=\"ig-lightbox-item\" href=\"https:\/\/rakosliget.hu\/wordpress\/wp-content\/uploads\/2022\/04\/Stetri-Mor-2_.png\" data-lightbox=\"ig-gallery-1717\" data-title=\"Stetri M\u00f3r s\u00edrja a temet\u0151ben 2022. \u00e1prilis 30.\" data-width=\"687\" data-height=\"876\">\n                                    \n\n\n                    <div class=\"ig-image-container\">\n                        <img loading=\"lazy\" decoding=\"async\" width=\"150\" height=\"150\" src=\"https:\/\/rakosliget.hu\/wordpress\/wp-content\/uploads\/2022\/04\/Stetri-Mor-2_-150x150.png\" class=\"ig-thumbnail loading\" alt=\"Stetri M\u00f3r s\u00edrja a temet\u0151ben 2022. \u00e1prilis 30.\" \/>                        \n                                                    <div class=\"ig-overlay ig-overlay-bottom\">\n                                <span class=\"ig-item-title\">Stetri M\u00f3r s\u00edrja a temet\u0151ben 2022. \u00e1prilis 30.<\/span>\n                            <\/div>\n                                            <\/div>\n\n\n\n                                    <\/a>\n                            <\/div>\n\n        <\/div>\n                        <div class=\"ig-col single-image igp-item ig-col-lg-3 ig-col-md-3 ig-col-sm-4 ig-col-xs-6\" data-index=\"9\">\n            <div class=\"ig-image-card igp-card ig-has-card-border hvr-float-shadow\">\n                                    <a class=\"ig-lightbox-item\" href=\"https:\/\/rakosliget.hu\/wordpress\/wp-content\/uploads\/2022\/04\/wieder-salamon.jpg\" data-lightbox=\"ig-gallery-1717\" data-title=\"Wieder Salamon 2022.04.30.\" data-width=\"670\" data-height=\"1416\">\n                                    \n\n\n                    <div class=\"ig-image-container\">\n                        <img loading=\"lazy\" decoding=\"async\" width=\"150\" height=\"150\" src=\"https:\/\/rakosliget.hu\/wordpress\/wp-content\/uploads\/2022\/04\/wieder-salamon-150x150.jpg\" class=\"ig-thumbnail loading\" alt=\"Wieder Salamon 2022.04.30.\" \/>                        \n                                                    <div class=\"ig-overlay ig-overlay-bottom\">\n                                <span class=\"ig-item-title\">Wieder Salamon 2022.04.30.<\/span>\n                            <\/div>\n                                            <\/div>\n\n\n\n                                    <\/a>\n                            <\/div>\n\n        <\/div>\n                        <div class=\"ig-col single-image igp-item ig-col-lg-3 ig-col-md-3 ig-col-sm-4 ig-col-xs-6\" data-index=\"10\">\n            <div class=\"ig-image-card igp-card ig-has-card-border hvr-float-shadow\">\n                                    <a class=\"ig-lightbox-item\" href=\"https:\/\/rakosliget.hu\/wordpress\/wp-content\/uploads\/2022\/04\/IMG_20220430_170822.png\" data-lightbox=\"ig-gallery-1717\" data-title=\"A temet\u0151 2022. \u00e1prilis 30.\" data-width=\"1024\" data-height=\"485\">\n                                    \n\n\n                    <div class=\"ig-image-container\">\n                        <img loading=\"lazy\" decoding=\"async\" width=\"150\" height=\"150\" src=\"https:\/\/rakosliget.hu\/wordpress\/wp-content\/uploads\/2022\/04\/IMG_20220430_170822-150x150.png\" class=\"ig-thumbnail loading\" alt=\"A temet\u0151 2022. \u00e1prilis 30.\" \/>                        \n                                                    <div class=\"ig-overlay ig-overlay-bottom\">\n                                <span class=\"ig-item-title\">A temet\u0151 2022. \u00e1prilis 30.<\/span>\n                            <\/div>\n                                            <\/div>\n\n\n\n                                    <\/a>\n                            <\/div>\n\n        <\/div>\n                        <div class=\"ig-col single-image igp-item ig-col-lg-3 ig-col-md-3 ig-col-sm-4 ig-col-xs-6\" data-index=\"11\">\n            <div class=\"ig-image-card igp-card ig-has-card-border hvr-float-shadow\">\n                                    <a class=\"ig-lightbox-item\" href=\"https:\/\/rakosliget.hu\/wordpress\/wp-content\/uploads\/2022\/04\/IMG_20220430_170812_1.png\" data-lightbox=\"ig-gallery-1717\" data-title=\"A temet\u0151 2022. \u00e1prilis 30.\" data-width=\"1024\" data-height=\"485\">\n                                    \n\n\n                    <div class=\"ig-image-container\">\n                        <img loading=\"lazy\" decoding=\"async\" width=\"150\" height=\"150\" src=\"https:\/\/rakosliget.hu\/wordpress\/wp-content\/uploads\/2022\/04\/IMG_20220430_170812_1-150x150.png\" class=\"ig-thumbnail loading\" alt=\"A temet\u0151 2022. \u00e1prilis 30.\" \/>                        \n                                                    <div class=\"ig-overlay ig-overlay-bottom\">\n                                <span class=\"ig-item-title\">A temet\u0151 2022. \u00e1prilis 30.<\/span>\n                            <\/div>\n                                            <\/div>\n\n\n\n                                    <\/a>\n                            <\/div>\n\n        <\/div>\n                        <div class=\"ig-col single-image igp-item ig-col-lg-3 ig-col-md-3 ig-col-sm-4 ig-col-xs-6\" data-index=\"12\">\n            <div class=\"ig-image-card igp-card ig-has-card-border hvr-float-shadow\">\n                                    <a class=\"ig-lightbox-item\" href=\"https:\/\/rakosliget.hu\/wordpress\/wp-content\/uploads\/2022\/04\/IMG_20220430_170825_1.png\" data-lightbox=\"ig-gallery-1717\" data-title=\"A temet\u0151 2022. \u00e1prilis 30.\" data-width=\"1024\" data-height=\"485\">\n                                    \n\n\n                    <div class=\"ig-image-container\">\n                        <img loading=\"lazy\" decoding=\"async\" width=\"150\" height=\"150\" src=\"https:\/\/rakosliget.hu\/wordpress\/wp-content\/uploads\/2022\/04\/IMG_20220430_170825_1-150x150.png\" class=\"ig-thumbnail loading\" alt=\"A temet\u0151 2022. \u00e1prilis 30.\" \/>                        \n                                                    <div class=\"ig-overlay ig-overlay-bottom\">\n                                <span class=\"ig-item-title\">A temet\u0151 2022. \u00e1prilis 30.<\/span>\n                            <\/div>\n                                            <\/div>\n\n\n\n                                    <\/a>\n                            <\/div>\n\n        <\/div>\n                        <div class=\"ig-col single-image igp-item ig-col-lg-3 ig-col-md-3 ig-col-sm-4 ig-col-xs-6\" data-index=\"13\">\n            <div class=\"ig-image-card igp-card ig-has-card-border hvr-float-shadow\">\n                                    <a class=\"ig-lightbox-item\" href=\"https:\/\/rakosliget.hu\/wordpress\/wp-content\/uploads\/2022\/04\/IMG_20220430_170349.png\" data-lightbox=\"ig-gallery-1717\" data-title=\"Kem\u00e9ny S\u00e1ndorn\u00e9 s\u00edrja 2022. \u00e1prilis 30.\" data-width=\"680\" data-height=\"1437\">\n                                    \n\n\n                    <div class=\"ig-image-container\">\n                        <img loading=\"lazy\" decoding=\"async\" width=\"150\" height=\"150\" src=\"https:\/\/rakosliget.hu\/wordpress\/wp-content\/uploads\/2022\/04\/IMG_20220430_170349-150x150.png\" class=\"ig-thumbnail loading\" alt=\"Kem\u00e9ny S\u00e1ndorn\u00e9 s\u00edrja 2022. \u00e1prilis 30.\" \/>                        \n                                                    <div class=\"ig-overlay ig-overlay-bottom\">\n                                <span class=\"ig-item-title\">Kem\u00e9ny S\u00e1ndorn\u00e9 s\u00edrja 2022. \u00e1prilis 30.<\/span>\n                            <\/div>\n                                            <\/div>\n\n\n\n                                    <\/a>\n                            <\/div>\n\n        <\/div>\n            <\/div>\n\n\n\n        <\/div>\n\n\n<p>A temet\u0151t 1909 -1947 k\u00f6z\u00f6tt haszn\u00e1lt\u00e1k. Ter\u00fclete n\u00e9gysz\u00e1z n\u00e9gysz\u00f6g\u00f6l. A temet\u0151ben 86 s\u00edr tal\u00e1lhat\u00f3.<\/p>\n\n\n\n<p><a href=\"https:\/\/rakosliget.hu\/wordpress\/index.php\/a-regi-rakosligeti-zsidotemeto\/\">Tov\u00e1bbi fot\u00f3k<\/a><\/p>\n\n\n\n<p><a href=\"https:\/\/rakosliget.hu\/wordpress\/index.php\/egyhazak-rakosligeten\/\">VISSZA AZ EGYH\u00c1ZAK LAPRA<\/a><\/p>\n","protected":false},"excerpt":{"rendered":"<p>VISSZA AZ EGYH\u00c1ZAK LAPRA A temet\u0151t 1909 -1947 k\u00f6z\u00f6tt haszn\u00e1lt\u00e1k. Ter\u00fclete n\u00e9gysz\u00e1z n\u00e9gysz\u00f6g\u00f6l. A temet\u0151ben 86 s\u00edr tal\u00e1lhat\u00f3. Tov\u00e1bbi fot\u00f3k VISSZA AZ EGYH\u00c1ZAK LAPRA<\/p>\n","protected":false},"author":1,"featured_media":0,"parent":0,"menu_order":0,"comment_status":"closed","ping_status":"closed","template":"","meta":{"footnotes":""},"class_list":["post-436","page","type-page","status-publish","hentry"],"_links":{"self":[{"href":"https:\/\/rakosliget.hu\/wordpress\/index.php\/wp-json\/wp\/v2\/pages\/436","targetHints":{"allow":["GET"]}}],"collection":[{"href":"https:\/\/rakosliget.hu\/wordpress\/index.php\/wp-json\/wp\/v2\/pages"}],"about":[{"href":"https:\/\/rakosliget.hu\/wordpress\/index.php\/wp-json\/wp\/v2\/types\/page"}],"author":[{"embeddable":true,"href":"https:\/\/rakosliget.hu\/wordpress\/index.php\/wp-json\/wp\/v2\/users\/1"}],"replies":[{"embeddable":true,"href":"https:\/\/rakosliget.hu\/wordpress\/index.php\/wp-json\/wp\/v2\/comments?post=436"}],"version-history":[{"count":7,"href":"https:\/\/rakosliget.hu\/wordpress\/index.php\/wp-json\/wp\/v2\/pages\/436\/revisions"}],"predecessor-version":[{"id":21772,"href":"https:\/\/rakosliget.hu\/wordpress\/index.php\/wp-json\/wp\/v2\/pages\/436\/revisions\/21772"}],"wp:attachment":[{"href":"https:\/\/rakosliget.hu\/wordpress\/index.php\/wp-json\/wp\/v2\/media?parent=436"}],"curies":[{"name":"wp","href":"https:\/\/api.w.org\/{rel}","templated":true}]}}