{"id":433,"date":"2018-03-10T03:49:24","date_gmt":"2018-03-10T02:49:24","guid":{"rendered":"http:\/\/rakosliget.hu\/wordpress\/?page_id=433"},"modified":"2018-10-17T19:36:28","modified_gmt":"2018-10-17T18:36:28","slug":"a-rakosligeti-reformatus-templom-kepei","status":"publish","type":"page","link":"https:\/\/rakosliget.hu\/wordpress\/index.php\/a-rakosligeti-reformatus-templom-kepei\/","title":{"rendered":"A r\u00e1kosligeti reform\u00e1tus templom k\u00e9pei"},"content":{"rendered":"\t<!-- Gallery Engine Assets -->\r\n\t<style>\r\n\t\t#image_gallery_wrap_1709 {\r\n            --ig-gutter: 8px;\r\n            --ig-cols-lg: 4;\r\n            --ig-cols-md: 4;\r\n            --ig-cols-sm: 3;\r\n            --ig-cols-xs: 2;\r\n            \r\n            \/* Dynamic Border Variables *\/\r\n                        --ig-radius: 8px;\r\n            --ig-card-radius: 8px;\r\n            --ig-card-padding: 8px;\r\n\r\n\r\n        }\r\n\t<\/style>\r\n        <div id=\"image_gallery_wrap_1709\" \r\n        class=\"ig-gallery-outer-wrap ig-layout-masonry\" \r\n        data-layout=\"masonry\" \r\n        data-lb-loop=\"1\" \r\n        data-lb-label=\"Image %1 of %2\"\r\n        data-version=\"2.0.1\">\r\n\r\n    <div id=\"image_gallery_1709\" \n         class=\"ig-row igp-gallery all-images_1709\">\n        <div class=\"grid-sizer\"><\/div>\n                        <div class=\"ig-col single-image igp-item ig-col-lg-3 ig-col-md-3 ig-col-sm-4 ig-col-xs-6\" data-index=\"0\">\n            <div class=\"ig-image-card igp-card ig-has-card-border hvr-float-shadow\">\n                                    <a class=\"ig-lightbox-item\" href=\"https:\/\/rakosliget.hu\/wordpress\/wp-content\/uploads\/2018\/10\/DSCN0034_.jpg\" data-lightbox=\"ig-gallery-1709\" data-title=\"Reform\u00e1tus templom\" data-width=\"667\" data-height=\"500\">\n                                    \n\n\n                    <div class=\"ig-image-container\">\n                        <img loading=\"lazy\" decoding=\"async\" width=\"150\" height=\"150\" src=\"https:\/\/rakosliget.hu\/wordpress\/wp-content\/uploads\/2018\/10\/DSCN0034_-150x150.jpg\" class=\"ig-thumbnail loading\" alt=\"Reform\u00e1tus templom\" \/>                        \n                                                    <div class=\"ig-overlay ig-overlay-bottom\">\n                                <span class=\"ig-item-title\">Reform\u00e1tus templom<\/span>\n                            <\/div>\n                                            <\/div>\n\n\n\n                                    <\/a>\n                            <\/div>\n\n        <\/div>\n                        <div class=\"ig-col single-image igp-item ig-col-lg-3 ig-col-md-3 ig-col-sm-4 ig-col-xs-6\" data-index=\"1\">\n            <div class=\"ig-image-card igp-card ig-has-card-border hvr-float-shadow\">\n                                    <a class=\"ig-lightbox-item\" href=\"https:\/\/rakosliget.hu\/wordpress\/wp-content\/uploads\/2018\/10\/6805-Rakosliget-reformatus-templom.jpg\" data-lightbox=\"ig-gallery-1709\" data-title=\"R\u00e1kosliget reform\u00e1tus templom\" data-width=\"667\" data-height=\"500\">\n                                    \n\n\n                    <div class=\"ig-image-container\">\n                        <img loading=\"lazy\" decoding=\"async\" width=\"150\" height=\"150\" src=\"https:\/\/rakosliget.hu\/wordpress\/wp-content\/uploads\/2018\/10\/6805-Rakosliget-reformatus-templom-150x150.jpg\" class=\"ig-thumbnail loading\" alt=\"R\u00e1kosliget reform\u00e1tus templom\" \/>                        \n                                                    <div class=\"ig-overlay ig-overlay-bottom\">\n                                <span class=\"ig-item-title\">R\u00e1kosliget reform\u00e1tus templom<\/span>\n                            <\/div>\n                                            <\/div>\n\n\n\n                                    <\/a>\n                            <\/div>\n\n        <\/div>\n                        <div class=\"ig-col single-image igp-item ig-col-lg-3 ig-col-md-3 ig-col-sm-4 ig-col-xs-6\" data-index=\"2\">\n            <div class=\"ig-image-card igp-card ig-has-card-border hvr-float-shadow\">\n                                    <a class=\"ig-lightbox-item\" href=\"https:\/\/rakosliget.hu\/wordpress\/wp-content\/uploads\/2018\/10\/rliget-templomepito.jpg\" data-lightbox=\"ig-gallery-1709\" data-title=\"Templom\u00e9pit\u0151 jegy\" data-width=\"435\" data-height=\"500\">\n                                    \n\n\n                    <div class=\"ig-image-container\">\n                        <img loading=\"lazy\" decoding=\"async\" width=\"150\" height=\"150\" src=\"https:\/\/rakosliget.hu\/wordpress\/wp-content\/uploads\/2018\/10\/rliget-templomepito-150x150.jpg\" class=\"ig-thumbnail loading\" alt=\"Templom\u00e9pit\u0151 jegy\" \/>                        \n                                                    <div class=\"ig-overlay ig-overlay-bottom\">\n                                <span class=\"ig-item-title\">Templom\u00e9pit\u0151 jegy<\/span>\n                            <\/div>\n                                            <\/div>\n\n\n\n                                    <\/a>\n                            <\/div>\n\n        <\/div>\n                        <div class=\"ig-col single-image igp-item ig-col-lg-3 ig-col-md-3 ig-col-sm-4 ig-col-xs-6\" data-index=\"3\">\n            <div class=\"ig-image-card igp-card ig-has-card-border hvr-float-shadow\">\n                                    <a class=\"ig-lightbox-item\" href=\"https:\/\/rakosliget.hu\/wordpress\/wp-content\/uploads\/2018\/10\/refi.jpg\" data-lightbox=\"ig-gallery-1709\" data-title=\"Reform\u00e1tus templom\" data-width=\"600\" data-height=\"424\">\n                                    \n\n\n                    <div class=\"ig-image-container\">\n                        <img loading=\"lazy\" decoding=\"async\" width=\"150\" height=\"150\" src=\"https:\/\/rakosliget.hu\/wordpress\/wp-content\/uploads\/2018\/10\/refi-150x150.jpg\" class=\"ig-thumbnail loading\" alt=\"Reform\u00e1tus templom\" \/>                        \n                                                    <div class=\"ig-overlay ig-overlay-bottom\">\n                                <span class=\"ig-item-title\">Reform\u00e1tus templom<\/span>\n                            <\/div>\n                                            <\/div>\n\n\n\n                                    <\/a>\n                            <\/div>\n\n        <\/div>\n                        <div class=\"ig-col single-image igp-item ig-col-lg-3 ig-col-md-3 ig-col-sm-4 ig-col-xs-6\" data-index=\"4\">\n            <div class=\"ig-image-card igp-card ig-has-card-border hvr-float-shadow\">\n                                    <a class=\"ig-lightbox-item\" href=\"https:\/\/rakosliget.hu\/wordpress\/wp-content\/uploads\/2018\/10\/DSCN0035.jpg\" data-lightbox=\"ig-gallery-1709\" data-title=\"Reform\u00e1tus templom\" data-width=\"450\" data-height=\"600\">\n                                    \n\n\n                    <div class=\"ig-image-container\">\n                        <img loading=\"lazy\" decoding=\"async\" width=\"150\" height=\"150\" src=\"https:\/\/rakosliget.hu\/wordpress\/wp-content\/uploads\/2018\/10\/DSCN0035-150x150.jpg\" class=\"ig-thumbnail loading\" alt=\"Reform\u00e1tus templom\" \/>                        \n                                                    <div class=\"ig-overlay ig-overlay-bottom\">\n                                <span class=\"ig-item-title\">Reform\u00e1tus templom<\/span>\n                            <\/div>\n                                            <\/div>\n\n\n\n                                    <\/a>\n                            <\/div>\n\n        <\/div>\n            <\/div>\n\n\n\n        <\/div>\n","protected":false},"excerpt":{"rendered":"","protected":false},"author":1,"featured_media":0,"parent":0,"menu_order":0,"comment_status":"closed","ping_status":"closed","template":"","meta":{"footnotes":""},"class_list":["post-433","page","type-page","status-publish","hentry"],"_links":{"self":[{"href":"https:\/\/rakosliget.hu\/wordpress\/index.php\/wp-json\/wp\/v2\/pages\/433","targetHints":{"allow":["GET"]}}],"collection":[{"href":"https:\/\/rakosliget.hu\/wordpress\/index.php\/wp-json\/wp\/v2\/pages"}],"about":[{"href":"https:\/\/rakosliget.hu\/wordpress\/index.php\/wp-json\/wp\/v2\/types\/page"}],"author":[{"embeddable":true,"href":"https:\/\/rakosliget.hu\/wordpress\/index.php\/wp-json\/wp\/v2\/users\/1"}],"replies":[{"embeddable":true,"href":"https:\/\/rakosliget.hu\/wordpress\/index.php\/wp-json\/wp\/v2\/comments?post=433"}],"version-history":[{"count":2,"href":"https:\/\/rakosliget.hu\/wordpress\/index.php\/wp-json\/wp\/v2\/pages\/433\/revisions"}],"predecessor-version":[{"id":1715,"href":"https:\/\/rakosliget.hu\/wordpress\/index.php\/wp-json\/wp\/v2\/pages\/433\/revisions\/1715"}],"wp:attachment":[{"href":"https:\/\/rakosliget.hu\/wordpress\/index.php\/wp-json\/wp\/v2\/media?parent=433"}],"curies":[{"name":"wp","href":"https:\/\/api.w.org\/{rel}","templated":true}]}}