{"id":425,"date":"2018-03-10T03:03:07","date_gmt":"2018-03-10T02:03:07","guid":{"rendered":"http:\/\/rakosliget.hu\/wordpress\/?page_id=425"},"modified":"2026-01-16T19:46:23","modified_gmt":"2026-01-16T18:46:23","slug":"rakosliget-katolikus-templom-kepei","status":"publish","type":"page","link":"https:\/\/rakosliget.hu\/wordpress\/index.php\/rakosliget-katolikus-templom-kepei\/","title":{"rendered":"R\u00e1kosliget katolikus templom k\u00e9pei"},"content":{"rendered":"\n<h3 class=\"wp-block-heading\"><a href=\"https:\/\/rakosliget.hu\/wordpress\/index.php\/egyhazak-rakosligeten\/\">VISSZA AZ EGYH\u00c1ZAK LAPRA<\/a><\/h3>\n\n\n\n<figure class=\"wp-block-table\"><table class=\"has-fixed-layout\"><tbody><tr><td><a title=\"A katolikus templom a 20-as \u00e9vekben\" href=\"http:\/\/rakosliget.hu\/kepgaleriak\/photoskat\/kat.jpg\" rel=\"lightbox[id0]\"> <figure><img decoding=\"async\" class=\"eImage\" title=\"A katolikus templom a 20-as \u00e9vekben\" src=\"http:\/\/rakosliget.hu\/kepgaleriak\/thumbskat\/kat.jpg\" alt=\"A katolikus templom a 20-as \u00e9vekben\"><\/figure><\/a>\n<p align=\"center\"><span class=\"tdTitle\">A katolikus templom a 20-as \u00e9vekben<\/span><\/p>\n<\/td><td><a title=\"A katolikus templom a 30-as \u00e9vekben\" href=\"http:\/\/rakosliget.hu\/kepgaleriak\/photoskat\/kat1.jpg\" rel=\"lightbox[id0]\"> <figure><img decoding=\"async\" class=\"eImage\" title=\"A katolikus templom a30-as \u00e9vekben\" src=\"http:\/\/rakosliget.hu\/kepgaleriak\/thumbskat\/kat1.jpg\" alt=\"A katolikus templom a 30-as \u00e9vekben\"><\/figure><\/a>\n<p align=\"center\"><span class=\"tdTitle\">A katolikus templom a 30-as \u00e9vekben<\/span><\/p>\n<\/td><td><a title=\"A katolikus templom a 30-as \u00e9vekben\" href=\"http:\/\/rakosliget.hu\/kepgaleriak\/photoskat\/kat5_.jpg\" rel=\"lightbox[id0]\"> <figure><img decoding=\"async\" class=\"eImage\" title=\"A katolikus templom a 30-as \u00e9vekben\" src=\"http:\/\/rakosliget.hu\/kepgaleriak\/thumbskat\/kat5_.jpg\" alt=\"A katolikus templom a 30-as \u00e9vekben\"><\/figure><\/a>\n<p align=\"center\"><span class=\"tdTitle\">A katolikus templom a 30-as \u00e9vekben<\/span><\/p>\n<\/td><td><a title=\"Az orsz\u00e1gz\u00e1szl\u00f3 avat\u00e1sakor a templom elott gy\u00fclekezo \u00fcnneplo t\u00f6meg.\" href=\"http:\/\/rakosliget.hu\/kepgaleriak\/photoskat\/kat2.jpg\" rel=\"lightbox[id0]\"> <figure><img decoding=\"async\" class=\"eImage\" title=\"Az orsz\u00e1gz\u00e1szl\u00f3 avat\u00e1sakor a templom elott gy\u00fclekezo \u00fcnneplo t\u00f6meg.\" src=\"http:\/\/rakosliget.hu\/kepgaleriak\/thumbskat\/kat2.jpg\" alt=\"Az orsz\u00e1gz\u00e1szl\u00f3 avat\u00e1sakor a templom elott gy\u00fclekezo \u00fcnneplo t\u00f6meg.\"><\/figure><\/a>\n<p align=\"center\"><span class=\"tdTitle\">Az orsz\u00e1gz\u00e1szl\u00f3 avat\u00e1sakor a templom el\u0151tt gy\u00fclekez\u0151 \u00fcnnepl\u0151 t\u00f6meg.<\/span><\/p>\n<\/td><\/tr><tr><td><a title=\"A Hos\u00f6k tere a teniszp\u00e1lya felol a katolikus templommal\" href=\"http:\/\/rakosliget.hu\/kepgaleriak\/photoskat\/Rakosliget, Hosok tere a teniszpalya felol.jpg\" rel=\"lightbox[id0]\"> <figure><img decoding=\"async\" class=\"eImage\" title=\"A Hos\u00f6k tere a teniszp\u00e1lya felol a katolikus templommal\" src=\"http:\/\/rakosliget.hu\/kepgaleriak\/thumbskat\/Rakosliget, Hosok tere a teniszpalya felol.jpg\" alt=\"A Hos\u00f6k tere a teniszp\u00e1lya felol a katolikus templommal\"><\/figure><\/a>\n<p align=\"center\"><span class=\"tdTitle\">A H\u0151s\u00f6k tere a teniszp\u00e1lya fel\u0151l a katolikus templommal<\/span><\/p>\n<\/td><td><a title=\"R\u00e1kosliget katolikus templom\" href=\"http:\/\/rakosliget.hu\/kepgaleriak\/photoskat\/Rakosliget katolikus templom.jpg\" rel=\"lightbox[id0]\"> <figure><img decoding=\"async\" class=\"eImage\" title=\"R\u00e1kosliget katolikus templom\" src=\"http:\/\/rakosliget.hu\/kepgaleriak\/thumbskat\/Rakosliget katolikus templom.jpg\" alt=\"R\u00e1kosliget katolikus templom\"><\/figure><\/a>\n<p align=\"center\"><span class=\"tdTitle\">R\u00e1kosliget katolikus templom<\/span><\/p>\n<\/td><td><a title=\"Ferihegyi \u00fat a katolikus templommal\" href=\"http:\/\/rakosliget.hu\/kepgaleriak\/photoskat\/Ferihegyi ut a IX. utcatol fel.jpg\" rel=\"lightbox[id0]\"> <figure><img loading=\"lazy\" decoding=\"async\" class=\"eImage\" title=\"Ferihegyi \u00fat a katolikus templommal\" src=\"http:\/\/rakosliget.hu\/kepgaleriak\/thumbskat\/Ferihegyi ut a IX. utcatol fel.jpg\" alt=\"Ferihegyi \u00fat a katolikus templommal\" width=\"105\" height=\"138\"><\/figure><\/a>\n<p align=\"center\"><span class=\"tdTitle\">Ferihegyi \u00fat a katolikus templommal<\/span><\/p>\n<\/td><td><a title=\"A katolikus templom a XV. utca felol\" href=\"http:\/\/rakosliget.hu\/kepgaleriak\/photoskat\/PICT2046_2005_04_16.jpg\" rel=\"lightbox[id0]\"> <figure><img decoding=\"async\" class=\"eImage\" title=\"A katolikus templom a XV. utca felol\" src=\"http:\/\/rakosliget.hu\/kepgaleriak\/thumbskat\/PICT2046_2005_04_16.jpg\" alt=\"A katolikus templom a XV. utca felol\"><\/figure><\/a>\n<p align=\"center\"><span class=\"tdTitle\">A katolikus templom a XV. utca fel\u0151l<\/span><\/p>\n<\/td><\/tr><tr><td><a title=\"Novemberi k\u00e9p H\u00f5s\u00f6k tere\" href=\"http:\/\/rakosliget.hu\/kepgaleriak\/photoskat\/nh.jpg\" rel=\"lightbox[id0]\"> <figure><img decoding=\"async\" class=\"eImage\" title=\"Novemberi k\u00e9p H\u00f5s\u00f6k tere\" src=\"http:\/\/rakosliget.hu\/kepgaleriak\/thumbskat\/nh.jpg\" alt=\"Novemberi k\u00e9p H\u00f5s\u00f6k tere\"><\/figure><\/a>\n<p align=\"center\"><span class=\"tdTitle\">Novemberi k\u00e9p H\u00f5s\u00f6k tere<\/span><\/p>\n<\/td><td><a title=\"R\u00e1kosliget katolikus templom 2009-ben.\" href=\"http:\/\/rakosliget.hu\/kepgaleriak\/photoskat\/1.jpg\" rel=\"lightbox[id0]\"> <figure><img decoding=\"async\" class=\"eImage\" title=\"R\u00e1kosliget katolikus templom 2009-ben.\" src=\"http:\/\/rakosliget.hu\/kepgaleriak\/thumbskat\/1.jpg\" alt=\"R\u00e1kosliget katolikus templom 2009-ben.\"><\/figure><\/a>\n<p align=\"center\"><span class=\"tdTitle\">R\u00e1kosliget katolikus templom 2009-ben.<\/span><\/p>\n<\/td><td><figure><a title=\"R\u00e1kosliget katolikus templombelso 2013 \" href=\"http:\/\/rakosliget.hu\/kepgaleriak\/photoskat\/templom.jpg\" rel=\"lightbox[id0]\"><img loading=\"lazy\" decoding=\"async\" src=\"http:\/\/rakosliget.hu\/kepgaleriak\/thumbskat\/templom.jpg\" width=\"160\" height=\"120\"><\/a><\/figure>\n<p align=\"center\"><span class=\"tdTitle\">R\u00e1kosliget katolikus templombels\u0151 2013.<\/span><\/p>\n<\/td><td><a title=\"R\u00e1kosliget katolikus templom esti f\u00e9nyben 2015\" href=\"http:\/\/rakosliget.hu\/kepgaleriak\/photoskat\/2015 november.jpg\" rel=\"lightbox[id0]\"> <figure><img decoding=\"async\" class=\"eImage\" title=\"R\u00e1kosliget katolikus templom esti f\u00e9nyben 2015\" src=\"http:\/\/rakosliget.hu\/kepgaleriak\/thumbskat\/2015 november.jpg\" alt=\"R\u00e1kosliget katolikus templom esti f\u00e9nyben 2015\"><\/figure><\/a>\n<p align=\"center\"><span class=\"tdTitle\">R\u00e1kosliget katolikus <\/span><\/p>\n<\/td><\/tr><\/tbody><\/table><\/figure>\n\n\n\n<p><a class=\"navText \" href=\"http:\/\/rakosliget.hu\/kepgaleriak\/indexkat.html\" target=\"_new\">R\u00e1kosliget katolikus templom k\u00e9pei k\u00e9pn\u00e9zeget\u0151vel<\/a><\/p>\n\n\n\n<p><a href=\"https:\/\/rakosliget.hu\/wordpress\/index.php\/egyhazak-rakosligeten\/\">VISSZA AZ EGYH\u00c1ZAK LAPRA<\/a><\/p>\n","protected":false},"excerpt":{"rendered":"<p>VISSZA AZ EGYH\u00c1ZAK LAPRA A katolikus templom a 20-as \u00e9vekben A katolikus templom a 30-as \u00e9vekben A katolikus templom a 30-as \u00e9vekben Az orsz\u00e1gz\u00e1szl\u00f3 avat\u00e1sakor a templom el\u0151tt gy\u00fclekez\u0151 \u00fcnnepl\u0151 t\u00f6meg. A H\u0151s\u00f6k tere a teniszp\u00e1lya fel\u0151l a katolikus templommal R\u00e1kosliget katolikus templom Ferihegyi \u00fat a katolikus templommal A katolikus templom a XV. utca fel\u0151l &hellip; <a href=\"https:\/\/rakosliget.hu\/wordpress\/index.php\/rakosliget-katolikus-templom-kepei\/\" class=\"more-link\"><span class=\"screen-reader-text\">R\u00e1kosliget katolikus templom k\u00e9pei<\/span> r\u00e9szletei&#8230;<\/a><\/p>\n","protected":false},"author":1,"featured_media":0,"parent":0,"menu_order":0,"comment_status":"closed","ping_status":"closed","template":"","meta":{"footnotes":""},"class_list":["post-425","page","type-page","status-publish","hentry"],"_links":{"self":[{"href":"https:\/\/rakosliget.hu\/wordpress\/index.php\/wp-json\/wp\/v2\/pages\/425","targetHints":{"allow":["GET"]}}],"collection":[{"href":"https:\/\/rakosliget.hu\/wordpress\/index.php\/wp-json\/wp\/v2\/pages"}],"about":[{"href":"https:\/\/rakosliget.hu\/wordpress\/index.php\/wp-json\/wp\/v2\/types\/page"}],"author":[{"embeddable":true,"href":"https:\/\/rakosliget.hu\/wordpress\/index.php\/wp-json\/wp\/v2\/users\/1"}],"replies":[{"embeddable":true,"href":"https:\/\/rakosliget.hu\/wordpress\/index.php\/wp-json\/wp\/v2\/comments?post=425"}],"version-history":[{"count":4,"href":"https:\/\/rakosliget.hu\/wordpress\/index.php\/wp-json\/wp\/v2\/pages\/425\/revisions"}],"predecessor-version":[{"id":21762,"href":"https:\/\/rakosliget.hu\/wordpress\/index.php\/wp-json\/wp\/v2\/pages\/425\/revisions\/21762"}],"wp:attachment":[{"href":"https:\/\/rakosliget.hu\/wordpress\/index.php\/wp-json\/wp\/v2\/media?parent=425"}],"curies":[{"name":"wp","href":"https:\/\/api.w.org\/{rel}","templated":true}]}}