{"id":4138,"date":"2020-01-14T06:18:12","date_gmt":"2020-01-14T05:18:12","guid":{"rendered":"http:\/\/rakosliget.hu\/wordpress\/?page_id=4138"},"modified":"2026-01-18T19:23:54","modified_gmt":"2026-01-18T18:23:54","slug":"romai-katolikus-novedo-egyesulet","status":"publish","type":"page","link":"https:\/\/rakosliget.hu\/wordpress\/index.php\/romai-katolikus-novedo-egyesulet\/","title":{"rendered":"R\u00d3MAI KATOLIKUS N\u0150V\u00c9D\u0150 EGYES\u00dcLET"},"content":{"rendered":"\n<h3 class=\"wp-block-heading\"><\/h3>\n\n\n\n<div class=\"wp-block-buttons is-content-justification-center is-layout-flex wp-container-core-buttons-is-layout-16018d1d wp-block-buttons-is-layout-flex\">\n<div class=\"wp-block-button\"><a class=\"wp-block-button__link wp-element-button\" href=\"https:\/\/rakosliget.hu\/wordpress\/index.php\/1900-1948-kozott-rakosligeten-mukodott-egyesuletek\/\">Vissza az Egyes\u00fcletek lapra<\/a><\/div>\n<\/div>\n\n\n\n<h2 class=\"wp-block-heading\">1917<\/h2>\n\n\n\n<figure class=\"wp-block-image size-large\"><img loading=\"lazy\" decoding=\"async\" width=\"652\" height=\"223\" src=\"http:\/\/rakosliget.hu\/wordpress\/wp-content\/uploads\/2020\/01\/katolikus-novedo-egylet-1917.jpg\" alt=\"\" class=\"wp-image-4142\" srcset=\"https:\/\/rakosliget.hu\/wordpress\/wp-content\/uploads\/2020\/01\/katolikus-novedo-egylet-1917.jpg 652w, https:\/\/rakosliget.hu\/wordpress\/wp-content\/uploads\/2020\/01\/katolikus-novedo-egylet-1917-300x103.jpg 300w\" sizes=\"auto, (max-width: 652px) 100vw, 652px\" \/><figcaption class=\"wp-element-caption\">R\u00e1kos Vid\u00e9ke   6. sz\u00e1m  1917. febru\u00e1r 11. <\/figcaption><\/figure>\n\n\n\n<h2 class=\"wp-block-heading\">1941<\/h2>\n\n\n\n<figure class=\"wp-block-image size-large\"><a href=\"http:\/\/rakosliget.hu\/kepgaleriak\/photosdoku\/katnovedoegylet.jpg\"><img decoding=\"async\" src=\"http:\/\/rakosliget.hu\/kepgaleriak\/photosdoku\/katnovedoegylet.jpg\" alt=\"\"\/><\/a><\/figure>\n\n\n\n<figure class=\"wp-block-image size-large\"><img decoding=\"async\" src=\"http:\/\/rakosliget.hu\/kepgaleriak\/photosdoku\/katnovedoegylet1.jpg\" alt=\"\"\/><\/figure>\n\n\n\n<div class=\"wp-block-buttons is-content-justification-center is-layout-flex wp-container-core-buttons-is-layout-16018d1d wp-block-buttons-is-layout-flex\">\n<div class=\"wp-block-button\"><a class=\"wp-block-button__link wp-element-button\" href=\"https:\/\/rakosliget.hu\/wordpress\/index.php\/1900-1948-kozott-rakosligeten-mukodott-egyesuletek\/\">Vissza az Egyes\u00fcletek lapra<\/a><\/div>\n<\/div>\n","protected":false},"excerpt":{"rendered":"<p>1917 1941<\/p>\n","protected":false},"author":1,"featured_media":0,"parent":0,"menu_order":0,"comment_status":"closed","ping_status":"closed","template":"","meta":{"footnotes":""},"class_list":["post-4138","page","type-page","status-publish","hentry"],"_links":{"self":[{"href":"https:\/\/rakosliget.hu\/wordpress\/index.php\/wp-json\/wp\/v2\/pages\/4138","targetHints":{"allow":["GET"]}}],"collection":[{"href":"https:\/\/rakosliget.hu\/wordpress\/index.php\/wp-json\/wp\/v2\/pages"}],"about":[{"href":"https:\/\/rakosliget.hu\/wordpress\/index.php\/wp-json\/wp\/v2\/types\/page"}],"author":[{"embeddable":true,"href":"https:\/\/rakosliget.hu\/wordpress\/index.php\/wp-json\/wp\/v2\/users\/1"}],"replies":[{"embeddable":true,"href":"https:\/\/rakosliget.hu\/wordpress\/index.php\/wp-json\/wp\/v2\/comments?post=4138"}],"version-history":[{"count":9,"href":"https:\/\/rakosliget.hu\/wordpress\/index.php\/wp-json\/wp\/v2\/pages\/4138\/revisions"}],"predecessor-version":[{"id":22004,"href":"https:\/\/rakosliget.hu\/wordpress\/index.php\/wp-json\/wp\/v2\/pages\/4138\/revisions\/22004"}],"wp:attachment":[{"href":"https:\/\/rakosliget.hu\/wordpress\/index.php\/wp-json\/wp\/v2\/media?parent=4138"}],"curies":[{"name":"wp","href":"https:\/\/api.w.org\/{rel}","templated":true}]}}