{"id":412,"date":"2018-03-09T05:45:56","date_gmt":"2018-03-09T04:45:56","guid":{"rendered":"http:\/\/rakosliget.hu\/wordpress\/?page_id=412"},"modified":"2018-03-09T05:45:56","modified_gmt":"2018-03-09T04:45:56","slug":"a-rakosliget-kepviseloi-hirlevel-2013-tol-megjelent-szamai","status":"publish","type":"page","link":"https:\/\/rakosliget.hu\/wordpress\/index.php\/a-rakosliget-kepviseloi-hirlevel-2013-tol-megjelent-szamai\/","title":{"rendered":"A R\u00e1kosliget K\u00e9pvisel\u0151i H\u00edrlev\u00e9l 2013 &#8211; t\u00f3l megjelent sz\u00e1mai"},"content":{"rendered":"<form id=\"form1\" action=\"\" method=\"post\" name=\"form1\">\n<div align=\"center\">\n<h2><\/h2>\n<\/div>\n<\/form>\n<h3 align=\"center\"><a href=\"http:\/\/rakosliget.hu.\">R\u00e1kosliget Almanach<\/a><\/h3>\n<div align=\"center\">\n<table border=\"1\" width=\"719\">\n<tbody>\n<tr>\n<th scope=\"row\" width=\"209\">\n<div align=\"left\">2013. I. \u00e9vfolyam<\/div>\n<\/th>\n<td width=\"68\">\n<div align=\"center\"><strong>1. sz\u00e1m <\/strong><\/div>\n<\/td>\n<td width=\"69\">\n<div align=\"center\"><strong>2. sz\u00e1m<\/strong><\/div>\n<\/td>\n<td width=\"79\">\n<div align=\"center\"><strong>3. sz\u00e1m <\/strong><\/div>\n<\/td>\n<td width=\"88\">\n<div align=\"center\"><strong>4. sz\u00e1m <\/strong><\/div>\n<\/td>\n<td width=\"73\">\n<div align=\"center\"><strong>X<\/strong><\/div>\n<\/td>\n<td width=\"87\">\n<div align=\"center\"><strong>X<\/strong><\/div>\n<\/td>\n<\/tr>\n<tr>\n<th scope=\"row\">\n<div align=\"left\">2014. II. \u00e9vfolyam<\/div>\n<\/th>\n<td>\n<div align=\"center\"><strong><a href=\"http:\/\/rakosliget.hu\/rakosliget%20hirlevel\/2014_02_1.pdf\">1. sz\u00e1m<\/a><\/strong><\/div>\n<\/td>\n<td>\n<div align=\"center\"><strong>2. sz\u00e1m<\/strong><\/div>\n<\/td>\n<td>\n<div align=\"center\"><strong><a href=\"http:\/\/rakosliget.hu\/rakosliget%20hirlevel\/2014_02_3.pdf\">3. sz\u00e1m<\/a><\/strong><\/div>\n<\/td>\n<td>\n<div align=\"center\"><strong>4. sz\u00e1m <\/strong><\/div>\n<\/td>\n<td>\n<div align=\"center\"><strong>5. sz\u00e1m <\/strong><\/div>\n<\/td>\n<td>\n<div align=\"center\"><strong><a href=\"http:\/\/rakosliget.hu\/rakosliget%20hirlevel\/2014_X.pdf\">X<\/a><\/strong><\/div>\n<\/td>\n<\/tr>\n<tr>\n<th scope=\"row\">\n<div align=\"left\">2015. III. \u00e9vfolyam<\/div>\n<\/th>\n<td>\n<div align=\"center\"><strong><a href=\"http:\/\/rakosliget.hu\/rakosliget%20hirlevel\/2015_03_1.pdf\">1. sz\u00e1m<\/a><\/strong><\/div>\n<\/td>\n<td>\n<div align=\"center\"><strong><a href=\"http:\/\/rakosliget.hu\/rakosliget%20hirlevel\/2015_03_2.pdf\" target=\"_blank\" rel=\"noopener\">2. sz\u00e1m<\/a><\/strong><\/div>\n<\/td>\n<td>\n<div align=\"center\"><strong><a href=\"http:\/\/rakosliget.hu\/rakosliget%20hirlevel\/2015_03_3.pdf\" target=\"_blank\" rel=\"noopener\">3. sz\u00e1m <\/a><\/strong><\/div>\n<\/td>\n<td>\n<div align=\"center\"><strong><a href=\"http:\/\/rakosliget.hu\/rakosliget%20hirlevel\/2015_11_4.pdf\" target=\"_blank\" rel=\"noopener\">4. sz\u00e1m<\/a><\/strong><\/div>\n<\/td>\n<td>\n<div align=\"center\"><strong>5. sz\u00e1m <\/strong><\/div>\n<\/td>\n<td>\n<div align=\"center\"><strong>6. sz\u00e1m <\/strong><\/div>\n<\/td>\n<\/tr>\n<tr>\n<th scope=\"row\">\n<div align=\"left\">2016. IV. \u00e9vfolyam<\/div>\n<\/th>\n<td>\n<div align=\"center\"><strong><a href=\"http:\/\/rakosliget.hu\/rakosliget%20hirlevel\/2016_02_1.pdf\">1. sz\u00e1m<\/a><\/strong><\/div>\n<\/td>\n<td>\n<div align=\"center\"><a href=\"http:\/\/rakosliget.hu\/rakosliget%20hirlevel\/2016_04_2.pdf\" target=\"_blank\" rel=\"noopener\"><strong>2. sz\u00e1m<\/strong><\/a><\/div>\n<\/td>\n<td>\n<div align=\"center\"><a href=\"http:\/\/rakosliget.hu\/rakosliget%20hirlevel\/2016_05_1.pdf\"><strong>3. sz\u00e1m<\/strong><\/a><\/div>\n<\/td>\n<td>\n<div align=\"center\"><\/div>\n<\/td>\n<td>\n<div align=\"center\"><\/div>\n<\/td>\n<td>\n<div align=\"center\"><\/div>\n<\/td>\n<\/tr>\n<\/tbody>\n<\/table>\n<\/div>\n<h3 align=\"center\">.pdf form\u00e1tumban archiv\u00e1lva.<\/h3>\n","protected":false},"excerpt":{"rendered":"<p>R\u00e1kosliget Almanach 2013. I. \u00e9vfolyam 1. sz\u00e1m 2. sz\u00e1m 3. sz\u00e1m 4. sz\u00e1m X X 2014. II. \u00e9vfolyam 1. sz\u00e1m 2. sz\u00e1m 3. sz\u00e1m 4. sz\u00e1m 5. sz\u00e1m X 2015. III. \u00e9vfolyam 1. sz\u00e1m 2. sz\u00e1m 3. sz\u00e1m 4. sz\u00e1m 5. sz\u00e1m 6. sz\u00e1m 2016. IV. \u00e9vfolyam 1. sz\u00e1m 2. sz\u00e1m 3. sz\u00e1m .pdf form\u00e1tumban &hellip; <a href=\"https:\/\/rakosliget.hu\/wordpress\/index.php\/a-rakosliget-kepviseloi-hirlevel-2013-tol-megjelent-szamai\/\" class=\"more-link\"><span class=\"screen-reader-text\">A R\u00e1kosliget K\u00e9pvisel\u0151i H\u00edrlev\u00e9l 2013 &#8211; t\u00f3l megjelent sz\u00e1mai<\/span> r\u00e9szletei&#8230;<\/a><\/p>\n","protected":false},"author":1,"featured_media":0,"parent":0,"menu_order":0,"comment_status":"closed","ping_status":"closed","template":"","meta":{"footnotes":""},"class_list":["post-412","page","type-page","status-publish","hentry"],"_links":{"self":[{"href":"https:\/\/rakosliget.hu\/wordpress\/index.php\/wp-json\/wp\/v2\/pages\/412","targetHints":{"allow":["GET"]}}],"collection":[{"href":"https:\/\/rakosliget.hu\/wordpress\/index.php\/wp-json\/wp\/v2\/pages"}],"about":[{"href":"https:\/\/rakosliget.hu\/wordpress\/index.php\/wp-json\/wp\/v2\/types\/page"}],"author":[{"embeddable":true,"href":"https:\/\/rakosliget.hu\/wordpress\/index.php\/wp-json\/wp\/v2\/users\/1"}],"replies":[{"embeddable":true,"href":"https:\/\/rakosliget.hu\/wordpress\/index.php\/wp-json\/wp\/v2\/comments?post=412"}],"version-history":[{"count":1,"href":"https:\/\/rakosliget.hu\/wordpress\/index.php\/wp-json\/wp\/v2\/pages\/412\/revisions"}],"predecessor-version":[{"id":413,"href":"https:\/\/rakosliget.hu\/wordpress\/index.php\/wp-json\/wp\/v2\/pages\/412\/revisions\/413"}],"wp:attachment":[{"href":"https:\/\/rakosliget.hu\/wordpress\/index.php\/wp-json\/wp\/v2\/media?parent=412"}],"curies":[{"name":"wp","href":"https:\/\/api.w.org\/{rel}","templated":true}]}}