{"id":3993,"date":"2020-01-10T16:10:09","date_gmt":"2020-01-10T15:10:09","guid":{"rendered":"http:\/\/rakosliget.hu\/wordpress\/?page_id=3993"},"modified":"2026-02-22T13:26:43","modified_gmt":"2026-02-22T12:26:43","slug":"rakosligeti-uszo-egylet-rue","status":"publish","type":"page","link":"https:\/\/rakosliget.hu\/wordpress\/index.php\/rakosligeti-uszo-egylet-rue\/","title":{"rendered":"R\u00c1KOSLIGETI \u00daSZ\u00d3 EGYLET &#8211; RUE"},"content":{"rendered":"\n<p><em>Az oldal friss\u00edtve: 2025. 01. 04.<\/em><\/p>\n\n\n\n<p class=\"has-text-align-center\">\t<!-- CSS Part Start From Here-->\n\t<style>\n\t\t.all-images {\n\t\t\tpadding-top: 10px !important;\n\t\t\tpadding-bottom: 15px !important;\n\t\t}\n\n\t\t#image_gallery_3996 .thumbnail {\n\t\t\twidth: 100% !important;\n\t\t\theight: auto !important;\n\t\t\tborder-radius: 0px;\n\t\t\t\/*background: transparent url('https:\/\/rakosliget.hu\/wordpress\/wp-content\/plugins\/new-image-gallery\/include\/assets\/img\/loading.gif') center no-repeat !important;*\/\n\t\t\tmargin-bottom: 20px !important;\n\t\t}\n\n\t\t\t\t.item-title {\n\t\t\tbackground-color: rgba(0, 0, 0, 0.5);\n\t\t\tbottom: 45px;\n\t\t\tcolor: #FFFFFF;\n\t\t\tdisplay: block;\n\t\t\tfont-weight: 300;\n\t\t\tleft: 2rem;\n\t\t\tpadding: 8px;\n\t\t\tposition: absolute;\n\t\t\tright: 2rem;\n\t\t\ttext-align: center;\n\t\t\ttext-transform: capitalize;\n\t\t}\n\n\t\t\t<\/style>\n\t<div id=\"image_gallery_3996\" class=\"row all-images-3996\">\n\t\t\t\t\t\t<div class=\"single-image-3996 col-lg-2 col-md-3 col-sm-4 col-xs-6\">\n\t\t\t\t\t<a href=\"https:\/\/rakosliget.hu\/wordpress\/wp-content\/uploads\/2018\/10\/strand3.jpg\" data-lightbox=\"lightbox-3996\" data-gallery=\"gallery-3996\" data-title=\"R\u00e1kosliget Ilona Strand\">\n\t\t\t\t\t\t<img decoding=\"async\" class=\"thumbnail hvr-glow\" src=\"https:\/\/rakosliget.hu\/wordpress\/wp-content\/uploads\/2018\/10\/strand3-150x150.jpg\" alt=\"R\u00e1kosliget Ilona Strand\">\n\t\t\t\t\t\t\t\t\t\t\t<\/a>\n\t\t\t\t<\/div>\n\t\t\t\t\t\t<div class=\"single-image-3996 col-lg-2 col-md-3 col-sm-4 col-xs-6\">\n\t\t\t\t\t<a href=\"https:\/\/rakosliget.hu\/wordpress\/wp-content\/uploads\/2018\/10\/17_.jpg\" data-lightbox=\"lightbox-3996\" data-gallery=\"gallery-3996\" data-title=\"R\u00e1kosliget Ilona Strand\">\n\t\t\t\t\t\t<img decoding=\"async\" class=\"thumbnail hvr-glow\" src=\"https:\/\/rakosliget.hu\/wordpress\/wp-content\/uploads\/2018\/10\/17_-150x150.jpg\" alt=\"R\u00e1kosliget Ilona Strand\">\n\t\t\t\t\t\t\t\t\t\t\t<\/a>\n\t\t\t\t<\/div>\n\t\t\t\t\t\t<div class=\"single-image-3996 col-lg-2 col-md-3 col-sm-4 col-xs-6\">\n\t\t\t\t\t<a href=\"https:\/\/rakosliget.hu\/wordpress\/wp-content\/uploads\/2018\/10\/Ilona-strand-02.jpg\" data-lightbox=\"lightbox-3996\" data-gallery=\"gallery-3996\" data-title=\"R\u00e1kosliget Ilona strand\">\n\t\t\t\t\t\t<img decoding=\"async\" class=\"thumbnail hvr-glow\" src=\"https:\/\/rakosliget.hu\/wordpress\/wp-content\/uploads\/2018\/10\/Ilona-strand-02-150x150.jpg\" alt=\"R\u00e1kosliget Ilona strand\">\n\t\t\t\t\t\t\t\t\t\t\t<\/a>\n\t\t\t\t<\/div>\n\t\t\t\t\t\t<div class=\"single-image-3996 col-lg-2 col-md-3 col-sm-4 col-xs-6\">\n\t\t\t\t\t<a href=\"https:\/\/rakosliget.hu\/wordpress\/wp-content\/uploads\/2018\/10\/strand2.jpg\" data-lightbox=\"lightbox-3996\" data-gallery=\"gallery-3996\" data-title=\"R\u00e1kosliget Ilona Strand\">\n\t\t\t\t\t\t<img decoding=\"async\" class=\"thumbnail hvr-glow\" src=\"https:\/\/rakosliget.hu\/wordpress\/wp-content\/uploads\/2018\/10\/strand2-150x150.jpg\" alt=\"R\u00e1kosliget Ilona Strand\">\n\t\t\t\t\t\t\t\t\t\t\t<\/a>\n\t\t\t\t<\/div>\n\t\t\t\t\t\t<div class=\"single-image-3996 col-lg-2 col-md-3 col-sm-4 col-xs-6\">\n\t\t\t\t\t<a href=\"https:\/\/rakosliget.hu\/wordpress\/wp-content\/uploads\/2018\/10\/strand1930.jpg\" data-lightbox=\"lightbox-3996\" data-gallery=\"gallery-3996\" data-title=\"R\u00e1kosliget Ilona Strand\">\n\t\t\t\t\t\t<img decoding=\"async\" class=\"thumbnail hvr-glow\" src=\"https:\/\/rakosliget.hu\/wordpress\/wp-content\/uploads\/2018\/10\/strand1930-150x150.jpg\" alt=\"R\u00e1kosliget Ilona Strand\">\n\t\t\t\t\t\t\t\t\t\t\t<\/a>\n\t\t\t\t<\/div>\n\t\t\t\t\t\t<div class=\"single-image-3996 col-lg-2 col-md-3 col-sm-4 col-xs-6\">\n\t\t\t\t\t<a href=\"https:\/\/rakosliget.hu\/wordpress\/wp-content\/uploads\/2018\/10\/RUE.jpg\" data-lightbox=\"lightbox-3996\" data-gallery=\"gallery-3996\" data-title=\"RUE\">\n\t\t\t\t\t\t<img decoding=\"async\" class=\"thumbnail hvr-glow\" src=\"https:\/\/rakosliget.hu\/wordpress\/wp-content\/uploads\/2018\/10\/RUE-150x150.jpg\" alt=\"RUE\">\n\t\t\t\t\t\t\t\t\t\t\t<\/a>\n\t\t\t\t<\/div>\n\t\t\t\t\t\t<div class=\"single-image-3996 col-lg-2 col-md-3 col-sm-4 col-xs-6\">\n\t\t\t\t\t<a href=\"https:\/\/rakosliget.hu\/wordpress\/wp-content\/uploads\/2018\/10\/RUE-1911_1.jpg\" data-lightbox=\"lightbox-3996\" data-gallery=\"gallery-3996\" data-title=\"RUE \u00c9rem 1911_1\">\n\t\t\t\t\t\t<img decoding=\"async\" class=\"thumbnail hvr-glow\" src=\"https:\/\/rakosliget.hu\/wordpress\/wp-content\/uploads\/2018\/10\/RUE-1911_1-150x150.jpg\" alt=\"RUE \u00c9rem 1911_1\">\n\t\t\t\t\t\t\t\t\t\t\t<\/a>\n\t\t\t\t<\/div>\n\t\t\t\t\t\t<div class=\"single-image-3996 col-lg-2 col-md-3 col-sm-4 col-xs-6\">\n\t\t\t\t\t<a href=\"https:\/\/rakosliget.hu\/wordpress\/wp-content\/uploads\/2018\/10\/RUE-1911_2.jpg\" data-lightbox=\"lightbox-3996\" data-gallery=\"gallery-3996\" data-title=\"RUE \u00c9rem 1911_2\">\n\t\t\t\t\t\t<img decoding=\"async\" class=\"thumbnail hvr-glow\" src=\"https:\/\/rakosliget.hu\/wordpress\/wp-content\/uploads\/2018\/10\/RUE-1911_2-150x150.jpg\" alt=\"RUE \u00c9rem 1911_2\">\n\t\t\t\t\t\t\t\t\t\t\t<\/a>\n\t\t\t\t<\/div>\n\t\t\t\t\t\t<div class=\"single-image-3996 col-lg-2 col-md-3 col-sm-4 col-xs-6\">\n\t\t\t\t\t<a href=\"https:\/\/rakosliget.hu\/wordpress\/wp-content\/uploads\/2018\/10\/rakosliget-strand.jpg\" data-lightbox=\"lightbox-3996\" data-gallery=\"gallery-3996\" data-title=\"R\u00e1kosliget Strand Fot\u00f3: Debn\u00e1r L\u00e1szl\u00f3 1997\">\n\t\t\t\t\t\t<img decoding=\"async\" class=\"thumbnail hvr-glow\" src=\"https:\/\/rakosliget.hu\/wordpress\/wp-content\/uploads\/2018\/10\/rakosliget-strand-150x150.jpg\" alt=\"R\u00e1kosliget Strand Fot\u00f3: Debn\u00e1r L\u00e1szl\u00f3 1997\">\n\t\t\t\t\t\t\t\t\t\t\t<\/a>\n\t\t\t\t<\/div>\n\t\t\t<\/div>\n<script>\n\tjQuery(document).ready(function() {\n\t\t\/\/ Method 1 - Initialize Isotope, then trigger layout after each image loads.\n\t\tvar $grid = jQuery('.all-images-3996').isotope({\n\t\t\t\/\/ options...\n\t\t\titemSelector: '.single-image-3996',\n\t\t});\n\t\t\/\/ layout Isotope after each image loads\n\t\t$grid.imagesLoaded().progress(function() {\n\t\t\t$grid.isotope('layout');\n\t\t});\n\n\n\t\tlightbox.option({\n\t\t\t'wrapAround': false,\n\t\t})\n\n\t\tjQuery(document).on('click', '[data-toggle=\"lightbox-3996\"]', function(event) {\n\t\t\tevent.preventDefault();\n\t\t\tjQuery(this).ekkoLightbox();\n\t\t});\n\t});\n<\/script><\/p>\n\n\n<div class=\"wp-block-image\">\n<figure class=\"aligncenter size-full is-resized\"><img loading=\"lazy\" decoding=\"async\" width=\"788\" height=\"903\" src=\"https:\/\/rakosliget.hu\/wordpress\/wp-content\/uploads\/2026\/02\/RUE-jelveny.jpg\" alt=\"\" class=\"wp-image-23213\" style=\"aspect-ratio:0.8726582878823809;width:341px;height:auto\" srcset=\"https:\/\/rakosliget.hu\/wordpress\/wp-content\/uploads\/2026\/02\/RUE-jelveny.jpg 788w, https:\/\/rakosliget.hu\/wordpress\/wp-content\/uploads\/2026\/02\/RUE-jelveny-262x300.jpg 262w, https:\/\/rakosliget.hu\/wordpress\/wp-content\/uploads\/2026\/02\/RUE-jelveny-768x880.jpg 768w\" sizes=\"auto, (max-width: 788px) 100vw, 788px\" \/><\/figure>\n<\/div>\n\n\n<h2 class=\"wp-block-heading\"><a href=\"https:\/\/rakosliget.hu\/wordpress\/index.php\/rue-1912\/\">1912<\/a> <a href=\"https:\/\/rakosliget.hu\/wordpress\/index.php\/rue-1913\/\">1913<\/a> <a href=\"https:\/\/rakosliget.hu\/wordpress\/index.php\/rue-1914\/\">1914<\/a><\/h2>\n\n\n<div class=\"wp-block-image\">\n<figure class=\"aligncenter size-large\"><img loading=\"lazy\" decoding=\"async\" width=\"358\" height=\"1024\" src=\"http:\/\/rakosliget.hu\/wordpress\/wp-content\/uploads\/2020\/01\/uszas-1914-358x1024.jpg\" alt=\"\" class=\"wp-image-4450\" srcset=\"https:\/\/rakosliget.hu\/wordpress\/wp-content\/uploads\/2020\/01\/uszas-1914-358x1024.jpg 358w, https:\/\/rakosliget.hu\/wordpress\/wp-content\/uploads\/2020\/01\/uszas-1914-105x300.jpg 105w, https:\/\/rakosliget.hu\/wordpress\/wp-content\/uploads\/2020\/01\/uszas-1914.jpg 423w\" sizes=\"auto, (max-width: 358px) 100vw, 358px\" \/><figcaption class=\"wp-element-caption\">1914. j\u00falius 14.<\/figcaption><\/figure>\n<\/div>\n\n\n<h2 class=\"wp-block-heading\"><br><a href=\"https:\/\/rakosliget.hu\/wordpress\/index.php\/rue-1920\/\">1920<\/a> <a href=\"https:\/\/rakosliget.hu\/wordpress\/index.php\/rue-1921\/\">1921<\/a> <a href=\"https:\/\/rakosliget.hu\/wordpress\/index.php\/rue-1922\/\">1922<\/a> <a href=\"https:\/\/rakosliget.hu\/wordpress\/index.php\/rue-1923\/\">1923<\/a> <a href=\"https:\/\/rakosliget.hu\/wordpress\/index.php\/rue-1924\/\">1924<\/a> <a href=\"https:\/\/rakosliget.hu\/wordpress\/index.php\/rue-1925\/\">1925<\/a> <a href=\"https:\/\/rakosliget.hu\/wordpress\/index.php\/rue-1926\/\">1926<\/a> <a href=\"https:\/\/rakosliget.hu\/wordpress\/index.php\/rue-1927\/\">1927<\/a> <a href=\"https:\/\/rakosliget.hu\/wordpress\/index.php\/rue-1928\/\">1928<\/a>  <a href=\"https:\/\/rakosliget.hu\/wordpress\/index.php\/rue-1929\/\">1929<\/a><\/h2>\n\n\n\n<h2 class=\"wp-block-heading\"><a href=\"https:\/\/rakosliget.hu\/wordpress\/index.php\/rue-1930\/\">1930<\/a>  <a href=\"https:\/\/rakosliget.hu\/wordpress\/index.php\/rue-1931\/\">1931<\/a>  <a href=\"https:\/\/rakosliget.hu\/wordpress\/index.php\/rue-1932\/\">1932<\/a><\/h2>\n\n\n\n<figure class=\"wp-block-image size-full\"><img loading=\"lazy\" decoding=\"async\" width=\"630\" height=\"423\" src=\"https:\/\/rakosliget.hu\/wordpress\/wp-content\/uploads\/2025\/01\/image.png\" alt=\"\" class=\"wp-image-15036\" srcset=\"https:\/\/rakosliget.hu\/wordpress\/wp-content\/uploads\/2025\/01\/image.png 630w, https:\/\/rakosliget.hu\/wordpress\/wp-content\/uploads\/2025\/01\/image-300x201.png 300w, https:\/\/rakosliget.hu\/wordpress\/wp-content\/uploads\/2025\/01\/image-272x182.png 272w\" sizes=\"auto, (max-width: 630px) 100vw, 630px\" \/><figcaption class=\"wp-element-caption\">A Haj\u00f3s Alfr\u00e9d Nemzeti Sportuszoda 1937-ben (Fortepan \/ Martin Korn\u00e9l). Az 1930-as megnyit\u00f3n a RUE is k\u00e9pviselhette R\u00e1kosligetet.<\/figcaption><\/figure>\n\n\n\n<h2 class=\"wp-block-heading\">1934<\/h2>\n\n\n<div class=\"wp-block-image\">\n<figure class=\"aligncenter size-large\"><img loading=\"lazy\" decoding=\"async\" width=\"636\" height=\"1024\" src=\"https:\/\/rakosliget.hu\/wordpress\/wp-content\/uploads\/2025\/01\/1934_05_10_-8-oldal-vizipolo-636x1024.jpg\" alt=\"\" class=\"wp-image-15438\" srcset=\"https:\/\/rakosliget.hu\/wordpress\/wp-content\/uploads\/2025\/01\/1934_05_10_-8-oldal-vizipolo-636x1024.jpg 636w, https:\/\/rakosliget.hu\/wordpress\/wp-content\/uploads\/2025\/01\/1934_05_10_-8-oldal-vizipolo-186x300.jpg 186w, https:\/\/rakosliget.hu\/wordpress\/wp-content\/uploads\/2025\/01\/1934_05_10_-8-oldal-vizipolo.jpg 757w\" sizes=\"auto, (max-width: 636px) 100vw, 636px\" \/><figcaption class=\"wp-element-caption\">Nemzeti Sport 1934. 05. 10. 8. oldal <\/figcaption><\/figure>\n<\/div>\n\n<div class=\"wp-block-image\">\n<figure class=\"aligncenter size-large\"><img loading=\"lazy\" decoding=\"async\" width=\"396\" height=\"1024\" src=\"https:\/\/rakosliget.hu\/wordpress\/wp-content\/uploads\/2025\/01\/1934_11_11_-7-oldal-uszas-396x1024.jpg\" alt=\"\" class=\"wp-image-15440\" srcset=\"https:\/\/rakosliget.hu\/wordpress\/wp-content\/uploads\/2025\/01\/1934_11_11_-7-oldal-uszas-396x1024.jpg 396w, https:\/\/rakosliget.hu\/wordpress\/wp-content\/uploads\/2025\/01\/1934_11_11_-7-oldal-uszas-116x300.jpg 116w, https:\/\/rakosliget.hu\/wordpress\/wp-content\/uploads\/2025\/01\/1934_11_11_-7-oldal-uszas-768x1987.jpg 768w, https:\/\/rakosliget.hu\/wordpress\/wp-content\/uploads\/2025\/01\/1934_11_11_-7-oldal-uszas-594x1536.jpg 594w, https:\/\/rakosliget.hu\/wordpress\/wp-content\/uploads\/2025\/01\/1934_11_11_-7-oldal-uszas-791x2048.jpg 791w, https:\/\/rakosliget.hu\/wordpress\/wp-content\/uploads\/2025\/01\/1934_11_11_-7-oldal-uszas-scaled.jpg 989w\" sizes=\"auto, (max-width: 396px) 100vw, 396px\" \/><figcaption class=\"wp-element-caption\">Nemzeti Sport 1934. 11. 11. 7. oldal <\/figcaption><\/figure>\n<\/div>\n\n\n<h2 class=\"wp-block-heading\">1935<\/h2>\n\n\n<div class=\"wp-block-image\">\n<figure class=\"aligncenter size-full\"><img loading=\"lazy\" decoding=\"async\" width=\"674\" height=\"673\" src=\"https:\/\/rakosliget.hu\/wordpress\/wp-content\/uploads\/2025\/01\/1935_08_25_-7-oldlal-uszas.jpg\" alt=\"\" class=\"wp-image-15527\" srcset=\"https:\/\/rakosliget.hu\/wordpress\/wp-content\/uploads\/2025\/01\/1935_08_25_-7-oldlal-uszas.jpg 674w, https:\/\/rakosliget.hu\/wordpress\/wp-content\/uploads\/2025\/01\/1935_08_25_-7-oldlal-uszas-300x300.jpg 300w, https:\/\/rakosliget.hu\/wordpress\/wp-content\/uploads\/2025\/01\/1935_08_25_-7-oldlal-uszas-150x150.jpg 150w\" sizes=\"auto, (max-width: 674px) 100vw, 674px\" \/><figcaption class=\"wp-element-caption\">Nemzeti Sport 1935. 08. 25. 7. oldlal <\/figcaption><\/figure>\n<\/div>\n\n<div class=\"wp-block-image\">\n<figure class=\"aligncenter size-full\"><img loading=\"lazy\" decoding=\"async\" width=\"663\" height=\"578\" src=\"https:\/\/rakosliget.hu\/wordpress\/wp-content\/uploads\/2025\/01\/1938_07_21_7-oldal-uszas.jpg\" alt=\"\" class=\"wp-image-15731\" srcset=\"https:\/\/rakosliget.hu\/wordpress\/wp-content\/uploads\/2025\/01\/1938_07_21_7-oldal-uszas.jpg 663w, https:\/\/rakosliget.hu\/wordpress\/wp-content\/uploads\/2025\/01\/1938_07_21_7-oldal-uszas-300x262.jpg 300w\" sizes=\"auto, (max-width: 663px) 100vw, 663px\" \/><figcaption class=\"wp-element-caption\">Nemzeti Sport 1938. 07. 21. 7. oldal<\/figcaption><\/figure>\n<\/div>","protected":false},"excerpt":{"rendered":"<p>Az oldal friss\u00edtve: 2025. 01. 04. 1912 1913 1914 1920 1921 1922 1923 1924 1925 1926 1927 1928 1929 1930 1931 1932 1934 1935<\/p>\n","protected":false},"author":1,"featured_media":1854,"parent":0,"menu_order":0,"comment_status":"closed","ping_status":"closed","template":"","meta":{"footnotes":""},"class_list":["post-3993","page","type-page","status-publish","has-post-thumbnail","hentry"],"_links":{"self":[{"href":"https:\/\/rakosliget.hu\/wordpress\/index.php\/wp-json\/wp\/v2\/pages\/3993","targetHints":{"allow":["GET"]}}],"collection":[{"href":"https:\/\/rakosliget.hu\/wordpress\/index.php\/wp-json\/wp\/v2\/pages"}],"about":[{"href":"https:\/\/rakosliget.hu\/wordpress\/index.php\/wp-json\/wp\/v2\/types\/page"}],"author":[{"embeddable":true,"href":"https:\/\/rakosliget.hu\/wordpress\/index.php\/wp-json\/wp\/v2\/users\/1"}],"replies":[{"embeddable":true,"href":"https:\/\/rakosliget.hu\/wordpress\/index.php\/wp-json\/wp\/v2\/comments?post=3993"}],"version-history":[{"count":91,"href":"https:\/\/rakosliget.hu\/wordpress\/index.php\/wp-json\/wp\/v2\/pages\/3993\/revisions"}],"predecessor-version":[{"id":23215,"href":"https:\/\/rakosliget.hu\/wordpress\/index.php\/wp-json\/wp\/v2\/pages\/3993\/revisions\/23215"}],"wp:featuredmedia":[{"embeddable":true,"href":"https:\/\/rakosliget.hu\/wordpress\/index.php\/wp-json\/wp\/v2\/media\/1854"}],"wp:attachment":[{"href":"https:\/\/rakosliget.hu\/wordpress\/index.php\/wp-json\/wp\/v2\/media?parent=3993"}],"curies":[{"name":"wp","href":"https:\/\/api.w.org\/{rel}","templated":true}]}}