{"id":397,"date":"2018-03-09T05:15:23","date_gmt":"2018-03-09T04:15:23","guid":{"rendered":"http:\/\/rakosliget.hu\/wordpress\/?page_id=397"},"modified":"2018-12-21T07:19:47","modified_gmt":"2018-12-21T06:19:47","slug":"konyvekujsagok","status":"publish","type":"page","link":"https:\/\/rakosliget.hu\/wordpress\/index.php\/konyvekujsagok\/","title":{"rendered":"K\u00d6NYVEK, FILM, HELYI SAJT\u00d3 1907-t\u0151l napjainkig"},"content":{"rendered":"<p style=\"text-align: left;\">Ebben a men\u00fcben igyekeztem \u00f6sszegy\u0171jteni mindazokat a R\u00e1kosligethez k\u00f6thet\u0151 forr\u00e1sokat, amely a helyi, vagy ak\u00e1r orsz\u00e1gos sajt\u00f3ra, k\u00f6nyvkiad\u00e1sra, mozg\u00f3k\u00e9pekre vonatkoznak.<\/p>\n<h5>K\u00f6nyv, sajt\u00f3<\/h5>\n<p><a href=\"http:\/\/rakosliget.hu\/wordpress\/index.php\/nyomdak-rakosligeten\/\">Nyomd\u00e1k R\u00e1kosligeten<\/a><\/p>\n<p><a href=\"http:\/\/rakosliget.hu\/wordpress\/index.php\/sajto-konyvek\/\">R\u00e1kosliget sajt\u00f3ja, k\u00f6nyvkiad\u00e1sa<\/a><\/p>\n<p><a href=\"http:\/\/rakosliget.hu\/wordpress\/index.php\/a-rakosliget-ujsag-1995-2012-kozott-megjelent-lapszamai\/\">A R\u00e1kosliget \u00fajs\u00e1g 1995-2012 k\u00f6z\u00f6tt megjelent lapsz\u00e1mai<\/a><\/p>\n<p><a href=\"http:\/\/rakosliget.hu\/wordpress\/index.php\/a-rakosliget-kepviseloi-hirlevel-2013-tol-megjelent-szamai\/\">A R\u00e1kosliget K\u00e9pvisel\u0151i H\u00edrlev\u00e9l 2013 \u2013 t\u00f3l megjelent sz\u00e1mai<\/a><\/p>\n<h5>Film<\/h5>\n<h6>FILMH\u00cdRAD\u00d3<\/h6>\n<p align=\"center\"><a href=\"http:\/\/filmhiradokonline.hu\/watch.php?id=1185\" target=\"_top\"><img loading=\"lazy\" decoding=\"async\" src=\"http:\/\/rakosliget.hu\/kepgaleriak\/photoshosok\/orszagzaszlo.jpg\" width=\"153\" height=\"184\"><\/a><\/p>\n<p align=\"justify\">A legr\u00e9gebbi eddig tal\u00e1lt filmr\u00e9szlet a filmh\u00edrad\u00f3k online oldalon tal\u00e1lhat\u00f3. Az inzert sz\u00f6vege a k\u00f6vetkez\u0151: ORSZ\u00c1GZ\u00c1SZL\u00d3AVAT\u00c1S R\u00c1KOSLIGETEN. VIT\u00c9Z ENDRE L\u00c1SZL\u00d3 F\u0150SZOLGAB\u00cdR\u00d3 \u00dcNNEPI BESZ\u00c9DBEN AVATTA FEL R\u00c1KOSLIGET K\u00d6Z\u00d6NS\u00c9G\u00c9NEK ORSZ\u00c1GZ\u00c1SZL\u00d3J\u00c1T. A felv\u00e9tel 1934 szeptember\u00e9ben k\u00e9sz\u00fclt a mai H\u0151s\u00f6k ter\u00e9n.<\/p>\n<h6 align=\"justify\">EML\u00c9KT\u00c1BLA AVAT\u00c1S AZ EVANG\u00c9LIKUS TEMPLOMBAN<\/h6>\n<p align=\"center\"><a href=\"http:\/\/rakosliget.hu\/film\/Geyer.mp4\" target=\"_new\"><img loading=\"lazy\" decoding=\"async\" src=\"http:\/\/rakosliget.hu\/film\/kep.jpg\" width=\"211\" height=\"122\"><\/a><\/p>\n<p align=\"justify\">A m\u00e1sodik felv\u00e9tel 2009. november 15-\u00e9n k\u00e9sz\u00fclt a r\u00e1kosligeti evang\u00e9likus templom eml\u00e9kt\u00e1bla avat\u00f3 \u00fcnneps\u00e9g\u00e9n. A megnyit\u00f3 besz\u00e9det dr. L\u00e9r\u00e1nt Istv\u00e1n fel\u00fcgyel\u0151 tartotta. Jelen voltak Szeker \u00c9va lelk\u00e9sz, Gy\u0151ri G\u00e1bor ev. lelk\u00e9sz, a Pesti Evang\u00e9likus Egyh\u00e1zmegye esperese.<\/p>\n","protected":false},"excerpt":{"rendered":"<p>Ebben a men\u00fcben igyekeztem \u00f6sszegy\u0171jteni mindazokat a R\u00e1kosligethez k\u00f6thet\u0151 forr\u00e1sokat, amely a helyi, vagy ak\u00e1r orsz\u00e1gos sajt\u00f3ra, k\u00f6nyvkiad\u00e1sra, mozg\u00f3k\u00e9pekre vonatkoznak. K\u00f6nyv, sajt\u00f3 Nyomd\u00e1k R\u00e1kosligeten R\u00e1kosliget sajt\u00f3ja, k\u00f6nyvkiad\u00e1sa A R\u00e1kosliget \u00fajs\u00e1g 1995-2012 k\u00f6z\u00f6tt megjelent lapsz\u00e1mai A R\u00e1kosliget K\u00e9pvisel\u0151i H\u00edrlev\u00e9l 2013 \u2013 t\u00f3l megjelent sz\u00e1mai Film FILMH\u00cdRAD\u00d3 A legr\u00e9gebbi eddig tal\u00e1lt filmr\u00e9szlet a filmh\u00edrad\u00f3k online oldalon tal\u00e1lhat\u00f3. &hellip; <a href=\"https:\/\/rakosliget.hu\/wordpress\/index.php\/konyvekujsagok\/\" class=\"more-link\"><span class=\"screen-reader-text\">K\u00d6NYVEK, FILM, HELYI SAJT\u00d3 1907-t\u0151l napjainkig<\/span> r\u00e9szletei&#8230;<\/a><\/p>\n","protected":false},"author":1,"featured_media":0,"parent":0,"menu_order":0,"comment_status":"closed","ping_status":"closed","template":"","meta":{"footnotes":""},"class_list":["post-397","page","type-page","status-publish","hentry"],"_links":{"self":[{"href":"https:\/\/rakosliget.hu\/wordpress\/index.php\/wp-json\/wp\/v2\/pages\/397","targetHints":{"allow":["GET"]}}],"collection":[{"href":"https:\/\/rakosliget.hu\/wordpress\/index.php\/wp-json\/wp\/v2\/pages"}],"about":[{"href":"https:\/\/rakosliget.hu\/wordpress\/index.php\/wp-json\/wp\/v2\/types\/page"}],"author":[{"embeddable":true,"href":"https:\/\/rakosliget.hu\/wordpress\/index.php\/wp-json\/wp\/v2\/users\/1"}],"replies":[{"embeddable":true,"href":"https:\/\/rakosliget.hu\/wordpress\/index.php\/wp-json\/wp\/v2\/comments?post=397"}],"version-history":[{"count":7,"href":"https:\/\/rakosliget.hu\/wordpress\/index.php\/wp-json\/wp\/v2\/pages\/397\/revisions"}],"predecessor-version":[{"id":2463,"href":"https:\/\/rakosliget.hu\/wordpress\/index.php\/wp-json\/wp\/v2\/pages\/397\/revisions\/2463"}],"wp:attachment":[{"href":"https:\/\/rakosliget.hu\/wordpress\/index.php\/wp-json\/wp\/v2\/media?parent=397"}],"curies":[{"name":"wp","href":"https:\/\/api.w.org\/{rel}","templated":true}]}}