{"id":3949,"date":"2020-01-10T06:22:03","date_gmt":"2020-01-10T05:22:03","guid":{"rendered":"http:\/\/rakosliget.hu\/wordpress\/?page_id=3949"},"modified":"2025-02-22T05:59:52","modified_gmt":"2025-02-22T04:59:52","slug":"rakosligeti-move-foci","status":"publish","type":"page","link":"https:\/\/rakosliget.hu\/wordpress\/index.php\/rakosligeti-move-foci\/","title":{"rendered":"R\u00c1KOSLIGETI ATL\u00c9TIKAI CLUB  &#8211; RAC R\u00c1KOSLIGETI MOVE &#8211; FOCI"},"content":{"rendered":"\n<p><em>Friss\u00edtve: 2024. 12. 27.<\/em><\/p>\n\n\n\n<figure class=\"wp-block-table\"><table><tbody><tr><th><br>#<\/th><th>telep\u00fcl\u00e9s<\/th><th>klub<\/th><th>alap\u00edt\u00e1s<\/th><th>alias<\/th><\/tr><tr><td>1<\/td><td>Budapest<\/td><td><a href=\"https:\/\/www.magyarfutball.hu\/hu\/csapat\/378\">R\u00e1kosligeti AC<\/a><\/td><td>1912<\/td><td>RTSE, RAC<\/td><\/tr><tr><td>2<\/td><td>Budapest<\/td><td><a href=\"https:\/\/www.magyarfutball.hu\/hu\/csapat\/7973\">R\u00e1kosligeti AC II.<\/a><\/td><td>1947<\/td><td><\/td><\/tr><tr><td>3<\/td><td>Budapest<\/td><td><a href=\"https:\/\/www.magyarfutball.hu\/hu\/csapat\/8779\">R\u00e1kosligeti AC III.<\/a><\/td><td>1938-39<\/td><td><\/td><\/tr><tr><td>4<\/td><td>Budapest<\/td><td><a href=\"https:\/\/www.magyarfutball.hu\/hu\/csapat\/8583\">R\u00e1kosligeti LE<\/a><\/td><td>1941 -42<\/td><td><\/td><\/tr><tr><td>5<\/td><td>Budapest<\/td><td><a href=\"https:\/\/www.magyarfutball.hu\/hu\/csapat\/4662\">R\u00e1kosligeti \u00daE<\/a><\/td><td>1919 &#8211; 1920<\/td><td><\/td><\/tr><\/tbody><\/table><\/figure>\n\n\n\n<p> Forr\u00e1s: <a href=\"https:\/\/www.magyarfutball.hu\/hu\/bajnoki-vegeredmeny\/1006\">magyarfutball.hu<\/a> <\/p>\n\n\n\n<p class=\"has-text-align-center\"><\/p>\n\n\n\n<h2 class=\"wp-block-heading\"><a href=\"https:\/\/rakosliget.hu\/wordpress\/index.php\/rakosligeti-sport-klub-1906\/\">1906<\/a> <a href=\"https:\/\/rakosliget.hu\/wordpress\/index.php\/rakosligeti-sport-klub-1907\/\">1907<\/a> <a href=\"https:\/\/rakosliget.hu\/wordpress\/index.php\/rakosligeti-sport-klub-1908\/\">1908<\/a>  <a href=\"https:\/\/rakosliget.hu\/wordpress\/index.php\/rakosligeti-football-club-rakosligeti-sport-club-1909\/\">1909<\/a><\/h2>\n\n\n\n<h2 class=\"wp-block-heading\"><a href=\"https:\/\/rakosliget.hu\/wordpress\/index.php\/rakosligeti-atletikai-club-rac-1912\/\">1912<\/a>  <a href=\"https:\/\/rakosliget.hu\/wordpress\/index.php\/rac-1913\/\">1913<\/a>  <a href=\"https:\/\/rakosliget.hu\/wordpress\/index.php\/rac-1914\/\">1914<\/a>  <a href=\"https:\/\/rakosliget.hu\/wordpress\/index.php\/rac-1916\/\">1916<\/a>  <a href=\"https:\/\/rakosliget.hu\/wordpress\/index.php\/rac-1919\/\">1919<\/a><\/h2>\n\n\n\n<figure class=\"wp-block-image size-full\"><img loading=\"lazy\" decoding=\"async\" width=\"900\" height=\"673\" src=\"https:\/\/rakosliget.hu\/wordpress\/wp-content\/uploads\/2024\/02\/RAC-tablo.jpg\" alt=\"\" class=\"wp-image-12313\" srcset=\"https:\/\/rakosliget.hu\/wordpress\/wp-content\/uploads\/2024\/02\/RAC-tablo.jpg 900w, https:\/\/rakosliget.hu\/wordpress\/wp-content\/uploads\/2024\/02\/RAC-tablo-300x224.jpg 300w, https:\/\/rakosliget.hu\/wordpress\/wp-content\/uploads\/2024\/02\/RAC-tablo-768x574.jpg 768w\" sizes=\"auto, (max-width: 900px) 100vw, 900px\" \/><\/figure>\n\n\n\n<h2 class=\"wp-block-heading\"><a href=\"https:\/\/rakosliget.hu\/wordpress\/index.php\/rac-1921\/\">1921<\/a> <a href=\"https:\/\/rakosliget.hu\/wordpress\/index.php\/rac-1922\/\">1922<\/a> <a href=\"https:\/\/rakosliget.hu\/wordpress\/index.php\/rac-1923\/\">1923<\/a> <a href=\"https:\/\/rakosliget.hu\/wordpress\/index.php\/rac-1924\/\">1924<\/a> <a href=\"https:\/\/rakosliget.hu\/wordpress\/index.php\/rac-1925\/\">1925<\/a> <a href=\"https:\/\/rakosliget.hu\/wordpress\/index.php\/rac-1926\/\">1926<\/a> <a href=\"https:\/\/rakosliget.hu\/wordpress\/index.php\/rac-1927\/\">1927<\/a>  <a href=\"https:\/\/rakosliget.hu\/wordpress\/index.php\/rac-1928\/\">1928<\/a>  <a href=\"https:\/\/rakosliget.hu\/wordpress\/index.php\/rac-1929\/\">1929<\/a><\/h2>\n\n\n\n<figure class=\"wp-block-image size-full\"><img loading=\"lazy\" decoding=\"async\" width=\"702\" height=\"183\" src=\"https:\/\/rakosliget.hu\/wordpress\/wp-content\/uploads\/2025\/01\/1926_01_03_-2-oldal-egyesuletek.jpg\" alt=\"\" class=\"wp-image-14512\" srcset=\"https:\/\/rakosliget.hu\/wordpress\/wp-content\/uploads\/2025\/01\/1926_01_03_-2-oldal-egyesuletek.jpg 702w, https:\/\/rakosliget.hu\/wordpress\/wp-content\/uploads\/2025\/01\/1926_01_03_-2-oldal-egyesuletek-300x78.jpg 300w\" sizes=\"auto, (max-width: 702px) 100vw, 702px\" \/><figcaption class=\"wp-element-caption\">Nemzeti Sport 1926. 01. 03. 2. oldal <\/figcaption><\/figure>\n\n\n\n<h2 class=\"wp-block-heading\"><a href=\"https:\/\/rakosliget.hu\/wordpress\/index.php\/rac-1930\/\">1930<\/a> <a href=\"https:\/\/rakosliget.hu\/wordpress\/index.php\/rac-1931\/\">1931<\/a> <a href=\"https:\/\/rakosliget.hu\/wordpress\/index.php\/rac-1932\/\">1932<\/a> <a href=\"https:\/\/rakosliget.hu\/wordpress\/index.php\/rac1933\/\">1933<\/a> <a href=\"https:\/\/rakosliget.hu\/wordpress\/index.php\/rac-1934\/\">1934<\/a> <a href=\"https:\/\/rakosliget.hu\/wordpress\/index.php\/rac-1935\/\">1935<\/a> <a href=\"https:\/\/rakosliget.hu\/wordpress\/index.php\/rac-move-1936\/\">1936<\/a> <a href=\"https:\/\/rakosliget.hu\/wordpress\/index.php\/rac-move-1937\/\">1937<\/a> <a href=\"https:\/\/rakosliget.hu\/wordpress\/index.php\/rac-move-1938\/\">1938<\/a> <a href=\"https:\/\/rakosliget.hu\/wordpress\/index.php\/rac-rac-ii-rac-iii-move-1939\/\">1939<\/a> <a href=\"https:\/\/rakosliget.hu\/wordpress\/index.php\/rac-rac-ii-rac-iii-move-1940\/\">1940<\/a> <a href=\"https:\/\/rakosliget.hu\/wordpress\/index.php\/rac-rac-ii-rac-iii-move-1941\/\">1941<\/a> <a href=\"https:\/\/rakosliget.hu\/wordpress\/index.php\/rac-rac-ii-rac-iii-move-1941-2\/\">1942<\/a> <a href=\"https:\/\/rakosliget.hu\/wordpress\/index.php\/rac-rac-ii-rac-iii-move-1943\/\">1943<\/a>  <a href=\"https:\/\/rakosliget.hu\/wordpress\/index.php\/rac-rac-ii-rac-iii-move-1944\/\">1944<\/a><\/h2>\n\n\n<div class=\"wp-block-image\">\n<figure class=\"aligncenter size-large\"><img loading=\"lazy\" decoding=\"async\" width=\"560\" height=\"161\" src=\"http:\/\/rakosliget.hu\/wordpress\/wp-content\/uploads\/2020\/02\/MOVE-alapszabaly-1943-j\u00falius-3.jpg\" alt=\"\" class=\"wp-image-4709\" srcset=\"https:\/\/rakosliget.hu\/wordpress\/wp-content\/uploads\/2020\/02\/MOVE-alapszabaly-1943-j\u00falius-3.jpg 560w, https:\/\/rakosliget.hu\/wordpress\/wp-content\/uploads\/2020\/02\/MOVE-alapszabaly-1943-j\u00falius-3-300x86.jpg 300w\" sizes=\"auto, (max-width: 560px) 100vw, 560px\" \/><figcaption class=\"wp-element-caption\">MOVE alapszab\u00e1ly elfogad\u00e1sa.<br>1943. j\u00falius 3.<\/figcaption><\/figure>\n<\/div>\n\n\n<p>&nbsp;A MOVE r\u00e1kosligeti szervezet\u00e9vel 1934-ben egyes\u00fclt a R\u00e1kosligeti Atl\u00e9tikai Club (RAC), \u00e9s ennek vezet\u0151je Paulinyi Jen\u0151 lett, illetve az aleln\u00f6k Dr. Berecz Ferenc volt. A l\u00f6v\u00e9szcsapat parancsnoka Dr. T\u00f3th Zolt\u00e1n k\u00f6zs\u00e9gi aljegyz\u0151.<\/p>\n\n\n\n<p class=\"has-text-align-center\">\t<!-- Gallery Engine Assets -->\r\n\t<style>\r\n\t\t#image_gallery_wrap_3967 {\r\n            --ig-gutter: 8px;\r\n            --ig-cols-lg: 6;\r\n            --ig-cols-md: 4;\r\n            --ig-cols-sm: 3;\r\n            --ig-cols-xs: 2;\r\n            \r\n            \/* Dynamic Border Variables *\/\r\n                        --ig-radius: 8px;\r\n            --ig-card-radius: 8px;\r\n            --ig-card-padding: 8px;\r\n\r\n\r\n        }\r\n\t<\/style>\r\n        <div id=\"image_gallery_wrap_3967\" \r\n        class=\"ig-gallery-outer-wrap ig-layout-masonry\" \r\n        data-layout=\"masonry\" \r\n        data-lb-loop=\"1\" \r\n        data-lb-label=\"Image %1 of %2\"\r\n        data-version=\"2.0.1\">\r\n\r\n    <div id=\"image_gallery_3967\" \n         class=\"ig-row igp-gallery all-images_3967\">\n        <div class=\"grid-sizer\"><\/div>\n                        <div class=\"ig-col single-image igp-item ig-col-lg-2 ig-col-md-3 ig-col-sm-4 ig-col-xs-6\" data-index=\"0\">\n            <div class=\"ig-image-card igp-card ig-has-card-border hvr-glow\">\n                                    <a class=\"ig-lightbox-item\" href=\"https:\/\/rakosliget.hu\/wordpress\/wp-content\/uploads\/2018\/10\/RAC-foci-1923.jpg\" data-lightbox=\"ig-gallery-3967\" data-title=\"RAC foci 1923\" data-width=\"600\" data-height=\"390\">\n                                    \n\n\n                    <div class=\"ig-image-container\">\n                        <img loading=\"lazy\" decoding=\"async\" width=\"150\" height=\"150\" src=\"https:\/\/rakosliget.hu\/wordpress\/wp-content\/uploads\/2018\/10\/RAC-foci-1923-150x150.jpg\" class=\"ig-thumbnail loading\" alt=\"RAC foci 1923\" \/>                        \n                                                    <div class=\"ig-overlay ig-overlay-bottom\">\n                                <span class=\"ig-item-title\">RAC foci 1923<\/span>\n                            <\/div>\n                                            <\/div>\n\n\n\n                                    <\/a>\n                            <\/div>\n\n        <\/div>\n                        <div class=\"ig-col single-image igp-item ig-col-lg-2 ig-col-md-3 ig-col-sm-4 ig-col-xs-6\" data-index=\"1\">\n            <div class=\"ig-image-card igp-card ig-has-card-border hvr-glow\">\n                                    <a class=\"ig-lightbox-item\" href=\"https:\/\/rakosliget.hu\/wordpress\/wp-content\/uploads\/2018\/10\/RAC-tablo.jpg\" data-lightbox=\"ig-gallery-3967\" data-title=\"RAC tabl\u00f3\" data-width=\"900\" data-height=\"673\">\n                                    \n\n\n                    <div class=\"ig-image-container\">\n                        <img loading=\"lazy\" decoding=\"async\" width=\"150\" height=\"150\" src=\"https:\/\/rakosliget.hu\/wordpress\/wp-content\/uploads\/2018\/10\/RAC-tablo-150x150.jpg\" class=\"ig-thumbnail loading\" alt=\"RAC tabl\u00f3\" \/>                        \n                                                    <div class=\"ig-overlay ig-overlay-bottom\">\n                                <span class=\"ig-item-title\">RAC tabl\u00f3<\/span>\n                            <\/div>\n                                            <\/div>\n\n\n\n                                    <\/a>\n                            <\/div>\n\n        <\/div>\n                        <div class=\"ig-col single-image igp-item ig-col-lg-2 ig-col-md-3 ig-col-sm-4 ig-col-xs-6\" data-index=\"2\">\n            <div class=\"ig-image-card igp-card ig-has-card-border hvr-glow\">\n                                    <a class=\"ig-lightbox-item\" href=\"https:\/\/rakosliget.hu\/wordpress\/wp-content\/uploads\/2018\/10\/move-rakosligeti-tse-1941_1.jpg\" data-lightbox=\"ig-gallery-3967\" data-title=\"MOVE rakosligeti TSE 1941_1\" data-width=\"195\" data-height=\"251\">\n                                    \n\n\n                    <div class=\"ig-image-container\">\n                        <img loading=\"lazy\" decoding=\"async\" width=\"150\" height=\"150\" src=\"https:\/\/rakosliget.hu\/wordpress\/wp-content\/uploads\/2018\/10\/move-rakosligeti-tse-1941_1-150x150.jpg\" class=\"ig-thumbnail loading\" alt=\"MOVE rakosligeti TSE 1941_1\" \/>                        \n                                                    <div class=\"ig-overlay ig-overlay-bottom\">\n                                <span class=\"ig-item-title\">MOVE rakosligeti TSE 1941_1<\/span>\n                            <\/div>\n                                            <\/div>\n\n\n\n                                    <\/a>\n                            <\/div>\n\n        <\/div>\n            <\/div>\n\n\n\n        <\/div><\/p>\n\n\n\n<h2 class=\"wp-block-heading\"><a href=\"https:\/\/rakosliget.hu\/wordpress\/index.php\/foci-1946\/\">1946<\/a> <a href=\"https:\/\/rakosliget.hu\/wordpress\/index.php\/foci-1947\/\">1947<\/a> <a href=\"https:\/\/rakosliget.hu\/wordpress\/index.php\/foci-1948\/\">1948<\/a> <a href=\"https:\/\/rakosliget.hu\/wordpress\/index.php\/foci-1949\/\">1949<\/a>  <a href=\"https:\/\/rakosliget.hu\/wordpress\/index.php\/foci-1950\/\">1950<\/a><\/h2>\n\n\n\n<p><a href=\"https:\/\/rakosliget.hu\/wordpress\/index.php\/sport-1951-tol\/\">A FOCI 1951- t\u0151l lapokra \u00e1tl\u00e9p\u00e9s<\/a><\/p>\n","protected":false},"excerpt":{"rendered":"<p>Friss\u00edtve: 2024. 12. 27. # telep\u00fcl\u00e9s klub alap\u00edt\u00e1s alias 1 Budapest R\u00e1kosligeti AC 1912 RTSE, RAC 2 Budapest R\u00e1kosligeti AC II. 1947 3 Budapest R\u00e1kosligeti AC III. 1938-39 4 Budapest R\u00e1kosligeti LE 1941 -42 5 Budapest R\u00e1kosligeti \u00daE 1919 &#8211; 1920 Forr\u00e1s: magyarfutball.hu 1906 1907 1908 1909 1912 1913 1914 1916 1919 1921 1922 1923 &hellip; <a href=\"https:\/\/rakosliget.hu\/wordpress\/index.php\/rakosligeti-move-foci\/\" class=\"more-link\"><span class=\"screen-reader-text\">R\u00c1KOSLIGETI ATL\u00c9TIKAI CLUB  &#8211; RAC R\u00c1KOSLIGETI MOVE &#8211; FOCI<\/span> r\u00e9szletei&#8230;<\/a><\/p>\n","protected":false},"author":1,"featured_media":1838,"parent":0,"menu_order":0,"comment_status":"closed","ping_status":"closed","template":"","meta":{"footnotes":""},"class_list":["post-3949","page","type-page","status-publish","has-post-thumbnail","hentry"],"_links":{"self":[{"href":"https:\/\/rakosliget.hu\/wordpress\/index.php\/wp-json\/wp\/v2\/pages\/3949","targetHints":{"allow":["GET"]}}],"collection":[{"href":"https:\/\/rakosliget.hu\/wordpress\/index.php\/wp-json\/wp\/v2\/pages"}],"about":[{"href":"https:\/\/rakosliget.hu\/wordpress\/index.php\/wp-json\/wp\/v2\/types\/page"}],"author":[{"embeddable":true,"href":"https:\/\/rakosliget.hu\/wordpress\/index.php\/wp-json\/wp\/v2\/users\/1"}],"replies":[{"embeddable":true,"href":"https:\/\/rakosliget.hu\/wordpress\/index.php\/wp-json\/wp\/v2\/comments?post=3949"}],"version-history":[{"count":304,"href":"https:\/\/rakosliget.hu\/wordpress\/index.php\/wp-json\/wp\/v2\/pages\/3949\/revisions"}],"predecessor-version":[{"id":16351,"href":"https:\/\/rakosliget.hu\/wordpress\/index.php\/wp-json\/wp\/v2\/pages\/3949\/revisions\/16351"}],"wp:featuredmedia":[{"embeddable":true,"href":"https:\/\/rakosliget.hu\/wordpress\/index.php\/wp-json\/wp\/v2\/media\/1838"}],"wp:attachment":[{"href":"https:\/\/rakosliget.hu\/wordpress\/index.php\/wp-json\/wp\/v2\/media?parent=3949"}],"curies":[{"name":"wp","href":"https:\/\/api.w.org\/{rel}","templated":true}]}}