{"id":3852,"date":"2019-12-28T10:51:19","date_gmt":"2019-12-28T09:51:19","guid":{"rendered":"http:\/\/rakosliget.hu\/wordpress\/?page_id=3852"},"modified":"2024-11-30T07:02:10","modified_gmt":"2024-11-30T06:02:10","slug":"rakosligetert-dijazottak","status":"publish","type":"page","link":"https:\/\/rakosliget.hu\/wordpress\/index.php\/rakosligetert-dijazottak\/","title":{"rendered":"R\u00c1KOSLIGET\u00c9RT D\u00cdJAZOTTAK"},"content":{"rendered":"\n<h2 class=\"wp-block-heading\"> <a href=\"http:\/\/rakosmente.hu\/Rakosmente\/Dijazottjaink\/Rakosligetert_Dij.aspx\">R\u00e1kosliget\u00e9rt d\u00edjazottak<\/a> megtekint\u00e9se a rakosmente.hu oldalon.<\/h2>\n\n\n\n<p>Friss\u00edtve: 2024.09.29.<\/p>\n\n\n\n<hr class=\"wp-block-separator has-css-opacity\"\/>\n\n\n\n<h2 class=\"wp-block-heading\">2000<\/h2>\n\n\n\n<figure class=\"wp-block-image size-large\"><img loading=\"lazy\" decoding=\"async\" width=\"1024\" height=\"725\" src=\"https:\/\/rakosliget.hu\/wordpress\/wp-content\/uploads\/2022\/03\/Princz-Egonne025-1024x725.jpg\" alt=\"\" class=\"wp-image-10035\" srcset=\"https:\/\/rakosliget.hu\/wordpress\/wp-content\/uploads\/2022\/03\/Princz-Egonne025-1024x725.jpg 1024w, https:\/\/rakosliget.hu\/wordpress\/wp-content\/uploads\/2022\/03\/Princz-Egonne025-300x212.jpg 300w, https:\/\/rakosliget.hu\/wordpress\/wp-content\/uploads\/2022\/03\/Princz-Egonne025-768x544.jpg 768w, https:\/\/rakosliget.hu\/wordpress\/wp-content\/uploads\/2022\/03\/Princz-Egonne025-1536x1088.jpg 1536w, https:\/\/rakosliget.hu\/wordpress\/wp-content\/uploads\/2022\/03\/Princz-Egonne025-2048x1450.jpg 2048w\" sizes=\"auto, (max-width: 1024px) 100vw, 1024px\" \/><figcaption class=\"wp-element-caption\">Princz Egonn\u00e9 tan\u00e1r \u00e9s Dev\u00e1nszkyn\u00e9 polg\u00e1rmester 2000. \u00e9vi &#8222;R\u00e1kosliget\u00e9rt&#8221; D\u00edj \u00e1tad\u00e1son<\/figcaption><\/figure>\n\n\n\n<hr class=\"wp-block-separator has-css-opacity\"\/>\n\n\n\n<h2 class=\"wp-block-heading\">2002<\/h2>\n\n\n\n<hr class=\"wp-block-separator has-css-opacity\"\/>\n\n\n\n<figure class=\"wp-block-image size-large\"><img loading=\"lazy\" decoding=\"async\" width=\"1024\" height=\"701\" src=\"https:\/\/rakosliget.hu\/wordpress\/wp-content\/uploads\/2022\/03\/Parragh-Emil-1024x701.jpg\" alt=\"\" class=\"wp-image-10057\" srcset=\"https:\/\/rakosliget.hu\/wordpress\/wp-content\/uploads\/2022\/03\/Parragh-Emil-1024x701.jpg 1024w, https:\/\/rakosliget.hu\/wordpress\/wp-content\/uploads\/2022\/03\/Parragh-Emil-300x205.jpg 300w, https:\/\/rakosliget.hu\/wordpress\/wp-content\/uploads\/2022\/03\/Parragh-Emil-768x526.jpg 768w, https:\/\/rakosliget.hu\/wordpress\/wp-content\/uploads\/2022\/03\/Parragh-Emil.jpg 1075w\" sizes=\"auto, (max-width: 1024px) 100vw, 1024px\" \/><figcaption class=\"wp-element-caption\">Dev\u00e1nszyn\u00e9 \u00e9s Parragh Emil<\/figcaption><\/figure>\n\n\n\n<p><strong>Kov\u00e1cs Istv\u00e1n<\/strong> nyugalmazott pedag\u00f3gus (elhunyt 2008-ban)<\/p>\n\n\n\n<figure class=\"wp-block-image size-full\"><img loading=\"lazy\" decoding=\"async\" width=\"543\" height=\"888\" src=\"https:\/\/rakosliget.hu\/wordpress\/wp-content\/uploads\/2024\/11\/Kovacs.jpg\" alt=\"\" class=\"wp-image-12790\" srcset=\"https:\/\/rakosliget.hu\/wordpress\/wp-content\/uploads\/2024\/11\/Kovacs.jpg 543w, https:\/\/rakosliget.hu\/wordpress\/wp-content\/uploads\/2024\/11\/Kovacs-183x300.jpg 183w\" sizes=\"auto, (max-width: 543px) 100vw, 543px\" \/><\/figure>\n\n\n\n<hr class=\"wp-block-separator has-css-opacity\"\/>\n\n\n\n<h2 class=\"wp-block-heading\">2003<\/h2>\n\n\n\n<figure class=\"wp-block-image size-large\"><img loading=\"lazy\" decoding=\"async\" width=\"1024\" height=\"669\" src=\"https:\/\/rakosliget.hu\/wordpress\/wp-content\/uploads\/2022\/03\/Bako-Arpad-1024x669.jpg\" alt=\"\" class=\"wp-image-10059\" srcset=\"https:\/\/rakosliget.hu\/wordpress\/wp-content\/uploads\/2022\/03\/Bako-Arpad-1024x669.jpg 1024w, https:\/\/rakosliget.hu\/wordpress\/wp-content\/uploads\/2022\/03\/Bako-Arpad-300x196.jpg 300w, https:\/\/rakosliget.hu\/wordpress\/wp-content\/uploads\/2022\/03\/Bako-Arpad-768x501.jpg 768w, https:\/\/rakosliget.hu\/wordpress\/wp-content\/uploads\/2022\/03\/Bako-Arpad.jpg 1184w\" sizes=\"auto, (max-width: 1024px) 100vw, 1024px\" \/><figcaption class=\"wp-element-caption\">Bak\u00f3 \u00c1rp\u00e1d tan\u00e1r <\/figcaption><\/figure>\n\n\n\n<p><strong>G\u00e1sp\u00e1r G\u00e1sp\u00e1rn\u00e9<\/strong>, nyugalmazott igazgat\u00f3<\/p>\n\n\n\n<h2 class=\"wp-block-heading\">2004<\/h2>\n\n\n<div class=\"wp-block-image\">\n<figure class=\"aligncenter size-full\"><img loading=\"lazy\" decoding=\"async\" width=\"286\" height=\"214\" src=\"https:\/\/rakosliget.hu\/wordpress\/wp-content\/uploads\/2024\/09\/berces.jpg\" alt=\"\" class=\"wp-image-12415\"\/><\/figure>\n<\/div>\n\n\n<p class=\"has-text-align-center\"><strong>Dr. B\u00e9rces Gy\u00f6rgy<\/strong>, csal\u00e1di orvos<br>Forr\u00e1s:rakosmente.hu<\/p>\n\n\n\n<p><strong>Kiss J\u00f3zsef<\/strong> kanonok, pl\u00e9b\u00e1nos&nbsp; (elhunyt&nbsp; 2016-ban)<\/p>\n\n\n\n<hr class=\"wp-block-separator has-css-opacity\"\/>\n\n\n\n<h2 class=\"wp-block-heading\">2005<\/h2>\n\n\n\n<figure class=\"wp-block-image size-large\"><img loading=\"lazy\" decoding=\"async\" width=\"1024\" height=\"678\" src=\"https:\/\/rakosliget.hu\/wordpress\/wp-content\/uploads\/2022\/03\/dr_-Szepesvari-Marta-gyermekorvos-1024x678.jpg\" alt=\"\" class=\"wp-image-10041\" srcset=\"https:\/\/rakosliget.hu\/wordpress\/wp-content\/uploads\/2022\/03\/dr_-Szepesvari-Marta-gyermekorvos-1024x678.jpg 1024w, https:\/\/rakosliget.hu\/wordpress\/wp-content\/uploads\/2022\/03\/dr_-Szepesvari-Marta-gyermekorvos-300x199.jpg 300w, https:\/\/rakosliget.hu\/wordpress\/wp-content\/uploads\/2022\/03\/dr_-Szepesvari-Marta-gyermekorvos-768x508.jpg 768w, https:\/\/rakosliget.hu\/wordpress\/wp-content\/uploads\/2022\/03\/dr_-Szepesvari-Marta-gyermekorvos.jpg 1500w\" sizes=\"auto, (max-width: 1024px) 100vw, 1024px\" \/><figcaption class=\"wp-element-caption\">Dr. Szepesv\u00e1ri M\u00e1rta gyermekorvos \u00e9s P\u00e9czely Ter\u00e9zia alpolg\u00e1rmester<\/figcaption><\/figure>\n\n\n\n<figure class=\"wp-block-image size-large\"><img loading=\"lazy\" decoding=\"async\" width=\"1024\" height=\"701\" src=\"https:\/\/rakosliget.hu\/wordpress\/wp-content\/uploads\/2022\/03\/Prem-Janos__-1024x701.jpg\" alt=\"\" class=\"wp-image-10063\" srcset=\"https:\/\/rakosliget.hu\/wordpress\/wp-content\/uploads\/2022\/03\/Prem-Janos__-1024x701.jpg 1024w, https:\/\/rakosliget.hu\/wordpress\/wp-content\/uploads\/2022\/03\/Prem-Janos__-300x205.jpg 300w, https:\/\/rakosliget.hu\/wordpress\/wp-content\/uploads\/2022\/03\/Prem-Janos__-768x526.jpg 768w, https:\/\/rakosliget.hu\/wordpress\/wp-content\/uploads\/2022\/03\/Prem-Janos__.jpg 1075w\" sizes=\"auto, (max-width: 1024px) 100vw, 1024px\" \/><figcaption class=\"wp-element-caption\">Dev\u00e1nszkyn\u00e9 \u00e9s Pr\u00e9m J\u00e1nos<\/figcaption><\/figure>\n\n\n\n<h2 class=\"wp-block-heading\">2006<\/h2>\n\n\n\n<figure class=\"wp-block-image size-large\"><img loading=\"lazy\" decoding=\"async\" width=\"686\" height=\"1024\" src=\"https:\/\/rakosliget.hu\/wordpress\/wp-content\/uploads\/2022\/03\/Csekovszky-Arpadne-686x1024.jpg\" alt=\"\" class=\"wp-image-10061\" srcset=\"https:\/\/rakosliget.hu\/wordpress\/wp-content\/uploads\/2022\/03\/Csekovszky-Arpadne-686x1024.jpg 686w, https:\/\/rakosliget.hu\/wordpress\/wp-content\/uploads\/2022\/03\/Csekovszky-Arpadne-201x300.jpg 201w, https:\/\/rakosliget.hu\/wordpress\/wp-content\/uploads\/2022\/03\/Csekovszky-Arpadne-768x1147.jpg 768w, https:\/\/rakosliget.hu\/wordpress\/wp-content\/uploads\/2022\/03\/Csekovszky-Arpadne-1029x1536.jpg 1029w, https:\/\/rakosliget.hu\/wordpress\/wp-content\/uploads\/2022\/03\/Csekovszky-Arpadne.jpg 1075w\" sizes=\"auto, (max-width: 686px) 100vw, 686px\" \/><figcaption class=\"wp-element-caption\">Csekovszky \u00c1rp\u00e1dn\u00e9<\/figcaption><\/figure>\n\n\n<div class=\"wp-block-image\">\n<figure class=\"aligncenter size-full\"><img loading=\"lazy\" decoding=\"async\" width=\"336\" height=\"448\" src=\"https:\/\/rakosliget.hu\/wordpress\/wp-content\/uploads\/2018\/03\/dombovari-antal.jpg\" alt=\"\" class=\"wp-image-894\" srcset=\"https:\/\/rakosliget.hu\/wordpress\/wp-content\/uploads\/2018\/03\/dombovari-antal.jpg 336w, https:\/\/rakosliget.hu\/wordpress\/wp-content\/uploads\/2018\/03\/dombovari-antal-225x300.jpg 225w\" sizes=\"auto, (max-width: 336px) 100vw, 336px\" \/><\/figure>\n<\/div>\n\n\n<p class=\"has-text-align-center\"><strong>Dr. Domb\u00f3v\u00e1ri Antal<\/strong>, tan\u00e1r, helyt\u00f6rt\u00e9n\u00e9sz (elhunyt&nbsp; 2016-ban)<\/p>\n\n\n\n<hr class=\"wp-block-separator has-css-opacity\"\/>\n\n\n\n<h2 class=\"wp-block-heading\">2007<\/h2>\n\n\n\n<p><strong>Szab\u00f3 \u00c1gnes<\/strong>, \u00e9nek-zene szakos tan\u00e1r<\/p>\n\n\n<div class=\"wp-block-image\">\n<figure class=\"aligncenter size-full\"><img loading=\"lazy\" decoding=\"async\" width=\"135\" height=\"187\" src=\"https:\/\/rakosliget.hu\/wordpress\/wp-content\/uploads\/2024\/09\/domonkosne.jpg\" alt=\"\" class=\"wp-image-12414\"\/><\/figure>\n<\/div>\n\n\n<p class=\"has-text-align-center\"><strong>Domonkosn\u00e9 Krusny\u00e1k Magdolna<\/strong>&nbsp; (elhunyt&nbsp; 2010-ben)<br>Forr\u00e1s: H\u00edrhoz\u00f3<\/p>\n\n\n\n<h2 class=\"wp-block-heading\">2008<\/h2>\n\n\n\n<p><strong>Sz\u0171cs L\u00e1szl\u00f3<\/strong>, okleveles \u00e9p\u00edt\u00e9szm\u00e9rn\u00f6k<\/p>\n\n\n\n<h2 class=\"wp-block-heading\">2009<\/h2>\n\n\n<div class=\"wp-block-image\">\n<figure class=\"aligncenter size-full\"><img loading=\"lazy\" decoding=\"async\" width=\"301\" height=\"307\" src=\"https:\/\/rakosliget.hu\/wordpress\/wp-content\/uploads\/2024\/09\/komar.jpg\" alt=\"\" class=\"wp-image-12403\" srcset=\"https:\/\/rakosliget.hu\/wordpress\/wp-content\/uploads\/2024\/09\/komar.jpg 301w, https:\/\/rakosliget.hu\/wordpress\/wp-content\/uploads\/2024\/09\/komar-294x300.jpg 294w\" sizes=\"auto, (max-width: 301px) 100vw, 301px\" \/><\/figure>\n<\/div>\n\n\n<p class=\"has-text-align-center\"><strong>Dr. Kom\u00e1r Bertalann\u00e9<\/strong>, nyugalmazott pedag\u00f3gus (elhunyt&nbsp; 2018-ban)<br>Forr\u00e1s: H\u00edhoz\u00f3 2009. november 25.<\/p>\n\n\n\n<h2 class=\"wp-block-heading\">2010<\/h2>\n\n\n<div class=\"wp-block-image\">\n<figure class=\"aligncenter size-full\"><img loading=\"lazy\" decoding=\"async\" width=\"355\" height=\"467\" src=\"https:\/\/rakosliget.hu\/wordpress\/wp-content\/uploads\/2024\/02\/Hillebrand-Moric.jpg\" alt=\"\" class=\"wp-image-12345\" srcset=\"https:\/\/rakosliget.hu\/wordpress\/wp-content\/uploads\/2024\/02\/Hillebrand-Moric.jpg 355w, https:\/\/rakosliget.hu\/wordpress\/wp-content\/uploads\/2024\/02\/Hillebrand-Moric-228x300.jpg 228w\" sizes=\"auto, (max-width: 355px) 100vw, 355px\" \/><\/figure>\n<\/div>\n\n\n<p class=\"has-text-align-center\"><strong>Hillendrand M\u00f3ricz&nbsp; <\/strong>esperes pl\u00e9b\u00e1nos&nbsp; (posztumusz)<\/p>\n\n\n\n<h2 class=\"wp-block-heading\">2011<\/h2>\n\n\n<div class=\"wp-block-image\">\n<figure class=\"aligncenter size-full\"><img loading=\"lazy\" decoding=\"async\" width=\"500\" height=\"499\" src=\"https:\/\/rakosliget.hu\/wordpress\/wp-content\/uploads\/2024\/09\/dombovarics.jpg\" alt=\"\" class=\"wp-image-12418\" srcset=\"https:\/\/rakosliget.hu\/wordpress\/wp-content\/uploads\/2024\/09\/dombovarics.jpg 500w, https:\/\/rakosliget.hu\/wordpress\/wp-content\/uploads\/2024\/09\/dombovarics-300x300.jpg 300w, https:\/\/rakosliget.hu\/wordpress\/wp-content\/uploads\/2024\/09\/dombovarics-150x150.jpg 150w\" sizes=\"auto, (max-width: 500px) 100vw, 500px\" \/><\/figure>\n<\/div>\n\n\n<p class=\"has-text-align-center\"><strong>Dr. Domb\u00f3v\u00e1ri Csaba&nbsp;<\/strong> volt r\u00e1kosligeti k\u00e9pvisel\u0151<\/p>\n\n\n\n<h2 class=\"wp-block-heading\">2012<\/h2>\n\n\n\n<figure class=\"wp-block-image size-full\"><img loading=\"lazy\" decoding=\"async\" width=\"597\" height=\"684\" src=\"https:\/\/rakosliget.hu\/wordpress\/wp-content\/uploads\/2024\/09\/Bellane.jpg\" alt=\"\" class=\"wp-image-12400\" srcset=\"https:\/\/rakosliget.hu\/wordpress\/wp-content\/uploads\/2024\/09\/Bellane.jpg 597w, https:\/\/rakosliget.hu\/wordpress\/wp-content\/uploads\/2024\/09\/Bellane-262x300.jpg 262w\" sizes=\"auto, (max-width: 597px) 100vw, 597px\" \/><\/figure>\n\n\n\n<p class=\"has-text-align-center\"><strong>Bell\u00e1n\u00e9 Mark\u00f3 Katalin<\/strong>&nbsp; \u00f3vodavezet\u0151<br>Forr\u00e1s: youtube<\/p>\n\n\n\n<h2 class=\"wp-block-heading\">2013<\/h2>\n\n\n\n<figure class=\"wp-block-image size-full\"><img loading=\"lazy\" decoding=\"async\" width=\"616\" height=\"348\" src=\"https:\/\/rakosliget.hu\/wordpress\/wp-content\/uploads\/2024\/09\/vedono.jpg\" alt=\"\" class=\"wp-image-12411\" srcset=\"https:\/\/rakosliget.hu\/wordpress\/wp-content\/uploads\/2024\/09\/vedono.jpg 616w, https:\/\/rakosliget.hu\/wordpress\/wp-content\/uploads\/2024\/09\/vedono-300x169.jpg 300w\" sizes=\"auto, (max-width: 616px) 100vw, 616px\" \/><\/figure>\n\n\n\n<p class=\"has-text-align-center\"><strong>Bertalan J\u00e1nosn\u00e9<\/strong>&nbsp; v\u00e9d\u0151n\u0151<br>Forr\u00e1s:<a href=\"http:\/\/regi.rakosmentetv.hu\/\">http:\/\/regi.rakosmentetv.hu\/<\/a><\/p>\n\n\n\n<h2 class=\"wp-block-heading\">2014<\/h2>\n\n\n\n<figure class=\"wp-block-image size-full\"><img loading=\"lazy\" decoding=\"async\" width=\"736\" height=\"493\" src=\"https:\/\/rakosliget.hu\/wordpress\/wp-content\/uploads\/2024\/09\/csopjak.jpg\" alt=\"\" class=\"wp-image-12409\" srcset=\"https:\/\/rakosliget.hu\/wordpress\/wp-content\/uploads\/2024\/09\/csopjak.jpg 736w, https:\/\/rakosliget.hu\/wordpress\/wp-content\/uploads\/2024\/09\/csopjak-300x201.jpg 300w, https:\/\/rakosliget.hu\/wordpress\/wp-content\/uploads\/2024\/09\/csopjak-272x182.jpg 272w\" sizes=\"auto, (max-width: 736px) 100vw, 736px\" \/><\/figure>\n\n\n\n<p class=\"has-text-align-center\"><strong>Csopj\u00e1k S\u00e1ndor<\/strong>&nbsp; nyugalmazott \u00fczemgazd\u00e1sz<br>Forr\u00e1s: rakosmente.hu<\/p>\n\n\n\n<h2 class=\"wp-block-heading\">2015<\/h2>\n\n\n\n<figure class=\"wp-block-image size-full\"><img loading=\"lazy\" decoding=\"async\" width=\"750\" height=\"563\" src=\"https:\/\/rakosliget.hu\/wordpress\/wp-content\/uploads\/2024\/09\/Pap.jpg\" alt=\"\" class=\"wp-image-12407\" srcset=\"https:\/\/rakosliget.hu\/wordpress\/wp-content\/uploads\/2024\/09\/Pap.jpg 750w, https:\/\/rakosliget.hu\/wordpress\/wp-content\/uploads\/2024\/09\/Pap-300x225.jpg 300w\" sizes=\"auto, (max-width: 750px) 100vw, 750px\" \/><\/figure>\n\n\n\n<p class=\"has-text-align-center\"><strong>Papp J\u00f3zsefn\u00e9<\/strong> nyugalmazott vezet\u0151 asszisztensnek<br>Forr\u00e1s: rakosmente.hu<\/p>\n\n\n\n<h2 class=\"wp-block-heading\">2016<\/h2>\n\n\n<div class=\"wp-block-image\">\n<figure class=\"aligncenter size-full\"><img loading=\"lazy\" decoding=\"async\" width=\"457\" height=\"343\" src=\"https:\/\/rakosliget.hu\/wordpress\/wp-content\/uploads\/2024\/09\/domonkoslaszlo.jpg\" alt=\"\" class=\"wp-image-12402\" srcset=\"https:\/\/rakosliget.hu\/wordpress\/wp-content\/uploads\/2024\/09\/domonkoslaszlo.jpg 457w, https:\/\/rakosliget.hu\/wordpress\/wp-content\/uploads\/2024\/09\/domonkoslaszlo-300x225.jpg 300w\" sizes=\"auto, (max-width: 457px) 100vw, 457px\" \/><\/figure>\n<\/div>\n\n\n<p class=\"has-text-align-center\">Forr\u00e1s: <a href=\"https:\/\/17.kerulet.ittlakunk.hu\/\">https:\/\/17.kerulet.ittlakunk.hu\/<\/a><\/p>\n\n\n\n<p class=\"has-text-align-center\"><strong>Domonkos L\u00e1szl\u00f3<\/strong> k\u00e9pz\u0151m\u0171v\u00e9sz, m\u0171v\u00e9sztan\u00e1r (elhunyt 2018-ban)<\/p>\n\n\n\n<h2 class=\"wp-block-heading\">2018<\/h2>\n\n\n\n<figure class=\"wp-block-image size-large\"><img loading=\"lazy\" decoding=\"async\" width=\"1024\" height=\"686\" src=\"https:\/\/rakosliget.hu\/wordpress\/wp-content\/uploads\/2024\/09\/Szabo-ildiko-1024x686.jpg\" alt=\"\" class=\"wp-image-12398\" srcset=\"https:\/\/rakosliget.hu\/wordpress\/wp-content\/uploads\/2024\/09\/Szabo-ildiko-1024x686.jpg 1024w, https:\/\/rakosliget.hu\/wordpress\/wp-content\/uploads\/2024\/09\/Szabo-ildiko-300x201.jpg 300w, https:\/\/rakosliget.hu\/wordpress\/wp-content\/uploads\/2024\/09\/Szabo-ildiko-768x514.jpg 768w, https:\/\/rakosliget.hu\/wordpress\/wp-content\/uploads\/2024\/09\/Szabo-ildiko-272x182.jpg 272w, https:\/\/rakosliget.hu\/wordpress\/wp-content\/uploads\/2024\/09\/Szabo-ildiko.jpg 1062w\" sizes=\"auto, (max-width: 1024px) 100vw, 1024px\" \/><\/figure>\n\n\n\n<p class=\"has-text-align-center\"><strong>Szab\u00f3 Ildik\u00f3<\/strong> nyugalmazott \u00f3vodapedag\u00f3gus, R\u00e1kosmenti B\u00f3bita \u00d3voda volt vezet\u0151je<br>Forr\u00e1s: youtube<\/p>\n\n\n\n<h2 class=\"wp-block-heading\">2020<\/h2>\n\n\n\n<figure class=\"wp-block-image size-full\"><img loading=\"lazy\" decoding=\"async\" width=\"851\" height=\"792\" src=\"https:\/\/rakosliget.hu\/wordpress\/wp-content\/uploads\/2024\/09\/zsambokreti.jpg\" alt=\"\" class=\"wp-image-12405\" srcset=\"https:\/\/rakosliget.hu\/wordpress\/wp-content\/uploads\/2024\/09\/zsambokreti.jpg 851w, https:\/\/rakosliget.hu\/wordpress\/wp-content\/uploads\/2024\/09\/zsambokreti-300x279.jpg 300w, https:\/\/rakosliget.hu\/wordpress\/wp-content\/uploads\/2024\/09\/zsambokreti-768x715.jpg 768w\" sizes=\"auto, (max-width: 851px) 100vw, 851px\" \/><\/figure>\n\n\n\n<p class=\"has-text-align-center\"><strong>Zs\u00e1mbokr\u00e9ty Z\u00e9n\u00f3<\/strong>, a Magyar Politikai Foglyok Orsz\u00e1gos Sz\u00f6vets\u00e9g\u00e9nek helyi eln\u00f6ke<br>Forr\u00e1s: facebook<\/p>\n\n\n\n<h2 class=\"wp-block-heading\">2022<\/h2>\n\n\n\n<figure class=\"wp-block-image size-full\"><img loading=\"lazy\" decoding=\"async\" width=\"750\" height=\"500\" src=\"https:\/\/rakosliget.hu\/wordpress\/wp-content\/uploads\/2024\/09\/Tampu.jpeg\" alt=\"\" class=\"wp-image-12396\" srcset=\"https:\/\/rakosliget.hu\/wordpress\/wp-content\/uploads\/2024\/09\/Tampu.jpeg 750w, https:\/\/rakosliget.hu\/wordpress\/wp-content\/uploads\/2024\/09\/Tampu-300x200.jpeg 300w, https:\/\/rakosliget.hu\/wordpress\/wp-content\/uploads\/2024\/09\/Tampu-272x182.jpeg 272w\" sizes=\"auto, (max-width: 750px) 100vw, 750px\" \/><\/figure>\n\n\n\n<p class=\"has-text-align-center\"><strong>Tampu-Ababei J\u00f3zsef<\/strong>, R\u00e1kosliget kor\u00e1bbi r\u00f3mai katolikus pl\u00e9b\u00e1nosa<br>Forr\u00e1s:rakosmente.hu<\/p>\n\n\n\n<h2 class=\"wp-block-heading\">2024<\/h2>\n\n\n\n<figure class=\"wp-block-image size-full\"><img loading=\"lazy\" decoding=\"async\" width=\"800\" height=\"871\" src=\"https:\/\/rakosliget.hu\/wordpress\/wp-content\/uploads\/2024\/09\/Fackh.jpg\" alt=\"\" class=\"wp-image-12394\" srcset=\"https:\/\/rakosliget.hu\/wordpress\/wp-content\/uploads\/2024\/09\/Fackh.jpg 800w, https:\/\/rakosliget.hu\/wordpress\/wp-content\/uploads\/2024\/09\/Fackh-276x300.jpg 276w, https:\/\/rakosliget.hu\/wordpress\/wp-content\/uploads\/2024\/09\/Fackh-768x836.jpg 768w\" sizes=\"auto, (max-width: 800px) 100vw, 800px\" \/><\/figure>\n\n\n\n<p class=\"has-text-align-center\"><strong>Fackh K\u00e1roly<\/strong> R\u00e1kosliget alap\u00edt\u00f3ja (posztumusz)<\/p>\n\n\n\n<p class=\"has-text-align-center\">Forr\u00e1s: &nbsp;Digit\u00e1lis K\u00e9parch\u00edvum &#8211; http:\/\/dka.oszk.hu &#8211; DKA-035583<br>Szerz\u0151i jog:&nbsp;http:\/\/dka.oszk.hu\/html\/allando\/copyright.htm<\/p>\n\n\n\n<p><\/p>\n","protected":false},"excerpt":{"rendered":"<p>R\u00e1kosliget\u00e9rt d\u00edjazottak megtekint\u00e9se a rakosmente.hu oldalon. Friss\u00edtve: 2024.09.29. 2000 2002 Kov\u00e1cs Istv\u00e1n nyugalmazott pedag\u00f3gus (elhunyt 2008-ban) 2003 G\u00e1sp\u00e1r G\u00e1sp\u00e1rn\u00e9, nyugalmazott igazgat\u00f3 2004 Dr. B\u00e9rces Gy\u00f6rgy, csal\u00e1di orvosForr\u00e1s:rakosmente.hu Kiss J\u00f3zsef kanonok, pl\u00e9b\u00e1nos&nbsp; (elhunyt&nbsp; 2016-ban) 2005 2006 Dr. Domb\u00f3v\u00e1ri Antal, tan\u00e1r, helyt\u00f6rt\u00e9n\u00e9sz (elhunyt&nbsp; 2016-ban) 2007 Szab\u00f3 \u00c1gnes, \u00e9nek-zene szakos tan\u00e1r Domonkosn\u00e9 Krusny\u00e1k Magdolna&nbsp; (elhunyt&nbsp; 2010-ben)Forr\u00e1s: H\u00edrhoz\u00f3 2008 &hellip; <a href=\"https:\/\/rakosliget.hu\/wordpress\/index.php\/rakosligetert-dijazottak\/\" class=\"more-link\"><span class=\"screen-reader-text\">R\u00c1KOSLIGET\u00c9RT D\u00cdJAZOTTAK<\/span> r\u00e9szletei&#8230;<\/a><\/p>\n","protected":false},"author":1,"featured_media":11583,"parent":0,"menu_order":0,"comment_status":"closed","ping_status":"closed","template":"","meta":{"footnotes":""},"class_list":["post-3852","page","type-page","status-publish","has-post-thumbnail","hentry"],"_links":{"self":[{"href":"https:\/\/rakosliget.hu\/wordpress\/index.php\/wp-json\/wp\/v2\/pages\/3852","targetHints":{"allow":["GET"]}}],"collection":[{"href":"https:\/\/rakosliget.hu\/wordpress\/index.php\/wp-json\/wp\/v2\/pages"}],"about":[{"href":"https:\/\/rakosliget.hu\/wordpress\/index.php\/wp-json\/wp\/v2\/types\/page"}],"author":[{"embeddable":true,"href":"https:\/\/rakosliget.hu\/wordpress\/index.php\/wp-json\/wp\/v2\/users\/1"}],"replies":[{"embeddable":true,"href":"https:\/\/rakosliget.hu\/wordpress\/index.php\/wp-json\/wp\/v2\/comments?post=3852"}],"version-history":[{"count":31,"href":"https:\/\/rakosliget.hu\/wordpress\/index.php\/wp-json\/wp\/v2\/pages\/3852\/revisions"}],"predecessor-version":[{"id":12791,"href":"https:\/\/rakosliget.hu\/wordpress\/index.php\/wp-json\/wp\/v2\/pages\/3852\/revisions\/12791"}],"wp:featuredmedia":[{"embeddable":true,"href":"https:\/\/rakosliget.hu\/wordpress\/index.php\/wp-json\/wp\/v2\/media\/11583"}],"wp:attachment":[{"href":"https:\/\/rakosliget.hu\/wordpress\/index.php\/wp-json\/wp\/v2\/media?parent=3852"}],"curies":[{"name":"wp","href":"https:\/\/api.w.org\/{rel}","templated":true}]}}