{"id":368,"date":"2018-03-08T06:05:56","date_gmt":"2018-03-08T05:05:56","guid":{"rendered":"http:\/\/rakosliget.hu\/wordpress\/?page_id=368"},"modified":"2023-01-09T21:31:13","modified_gmt":"2023-01-09T20:31:13","slug":"a-szolidaritas-haziipari-szovetkezet","status":"publish","type":"page","link":"https:\/\/rakosliget.hu\/wordpress\/index.php\/a-szolidaritas-haziipari-szovetkezet\/","title":{"rendered":"A SZOLIDARIT\u00c1S H\u00c1ZIIPARI SZ\u00d6VETKEZET"},"content":{"rendered":"<p>Friss\u00edt\u00e9s: 2023.01.09.<\/p>\n<p><em><strong>A sz\u00f6vetkezet 1954<\/strong><\/em> els\u0151 napjaiban alakult meg. C\u00e9lja a feloszlatott rendh\u00e1zak n\u0151v\u00e9reinek, papoknak munka, meg\u00e9lhet\u00e9s biztos\u00edt\u00e1sa volt.<\/p>\n<p align=\"center\"><a href=\"https:\/\/rakosliget.hu\/wordpress\/wp-content\/uploads\/2023\/01\/rakosliget.jpg\"><img loading=\"lazy\" decoding=\"async\" class=\"alignnone size-full wp-image-369\" src=\"http:\/\/rakosliget.hu\/wordpress\/wp-content\/uploads\/2018\/03\/solidaritas.jpg\" alt=\"\" width=\"280\" height=\"192\" \/><\/a><br \/>\nCsoportk\u00e9p R\u00e1kosligeten a hajdani Sport Club, a jelenlegi G\u00f3zon Gyula Kamarasz\u00ednh\u00e1z l\u00e9pcs\u0151j\u00e9n. Forr\u00e1s: \u00daj Ember 2003.12.21-28.<\/p>\n<p>&#8222;Mivel a &#8222;n\u00e9p ellens\u00e9geit&#8221; nemigen alkalmazt\u00e1k a k\u00fcl\u00f6nb\u00f6z\u0151 \u00e1llami munkahelyeken, valamik\u00e9ppen \u00f6n\u00e1ll\u00f3 lehet\u0151s\u00e9get kellett teremteni a szerzetesek sz\u00e1m\u00e1ra, amire az akkor hat\u00e1lyos sz\u00f6vetkezeti t\u00f6rv\u00e9ny adott kereteket. A katolikus szeretetszolg\u00e1lat vezet\u0151je, Sz\u00f6r\u00e9nyi G\u00e1bor jezsuita atya az \u00daj Ember akkori munkat\u00e1rsa, Keresztes S\u00e1ndor seg\u00edts\u00e9g\u00e9vel tal\u00e1lt megold\u00e1st e sokakat s\u00fajt\u00f3 egzisztenci\u00e1lis probl\u00e9m\u00e1ra. Keresztes S\u00e1ndor a kommunist\u00e1k hatalomra ker\u00fcl\u00e9se el\u0151tt a Demokrata N\u00e9pp\u00e1rt k\u00e9pvisel\u0151je \u00e9s egyik meghat\u00e1roz\u00f3 alakja volt a nemzetgy\u0171l\u00e9sben (\u00e9vtizedekkel k\u00e9s\u0151bb, az Antall-korm\u00e1ny idej\u00e9n haz\u00e1nk szentsz\u00e9ki nagyk\u00f6vetek\u00e9nt dolgozott). \u0150 aj\u00e1nlotta Sz\u00f6r\u00e9nyi G\u00e1bornak, hogy a szerzetesek sz\u00e1m\u00e1ra hozzanak l\u00e9tre egy h\u00e1ziipari sz\u00f6vetkezetet. Az \u00f6tletet tett k\u00f6vette. Czapik Gyula egri \u00e9rsek, aki a p\u00fcsp\u00f6ki karnak &#8211; rangid\u0151s tagjak\u00e9nt &#8211; vezet\u0151je volt, a terv val\u00f3ra v\u00e1lt\u00e1s\u00e1ra megb\u00edz\u00f3levelet adott Keresztes S\u00e1ndornak, aki akkort\u00e1jt r\u00e9szben h\u00e1ziipari tev\u00e9kenys\u00e9g\u00e9b\u0151l igyekezett eltartani csal\u00e1dj\u00e1t. Saj\u00e1t tapasztalatai alapj\u00e1n \u00e9s nem utols\u00f3sorban jog\u00e1szk\u00e9nt szervezte meg a szerzetesek h\u00e1ziipari sz\u00f6vetkezet\u00e9t, amelynek a &#8222;Solidaritas&#8221; nevet adta. Enn\u00e9l &#8222;vall\u00e1sosabb&#8221; nevet nem kaphatott a v\u00e1llalkoz\u00e1s, hiszen gondolni kellett a megtermelt \u00e1ru elad\u00e1s\u00e1ra, s b\u00e1rmilyen &#8222;klerik\u00e1lisabb&#8221; n\u00e9v elijesztette volna a n\u00e9pi demokr\u00e1cia keresked\u0151it.<\/p>\n<p>A h\u00e1ziipari sz\u00f6vetkezet el\u0151sz\u00f6r a pesti nyolcadik ker\u00fcletben, a Krisztus Kir\u00e1ly- pl\u00e9b\u00e1nia \u00e9p\u00fclet\u00e9ben kapott helyet. Az ottani kult\u00farterem \u00fcresen \u00e1llt, hiszen sz\u00f3ba sem j\u00f6hetett, hogy az egyh\u00e1z eredeti c\u00e9lj\u00e1nak megfelel\u0151en haszn\u00e1lhatn\u00e1 a helyis\u00e9get. Zs\u00e1kokon \u00fclve, &#8222;otthonr\u00f3l&#8221; hozott varr\u00f3g\u00e9ppel, oll\u00f3val, ceruz\u00e1val, vonalz\u00f3val s egy\u00e9b eszk\u00f6z\u00f6kkel kezdt\u00e9k meg a munk\u00e1t a n\u0151v\u00e9rek. Megfelel\u0151<br \/>\nasztaluk sem volt, \u00edgy p\u00e9ld\u00e1ul a 140 centim\u00e9ter sz\u00e9les anyagokat a k\u00f6zeli piarista rendh\u00e1zban vagy \u00e9pp a pl\u00e9b\u00e1nia udvar\u00e1nak a k\u00f6vezet\u00e9n tudt\u00e1k kiszabni.<br \/>\nA sz\u00f6vetkezet munkat\u00e1rsai k\u00e9sz\u00edtettek h\u00edmz\u00e9seket, varrtak egyh\u00e1zi ruh\u00e1kat is, de munk\u00e1juk h\u00e1romnegyed\u00e9t a konfekci\u00f3ruh\u00e1zat jelentette. Kiker\u00fclt a kez\u00fck al\u00f3l gyermekruha, iskolak\u00f6peny, n\u0151i bl\u00faz, h\u00e1l\u00f3ing, pizsama, de volt k\u00f6t\u0151-, illetve papucsk\u00e9sz\u00edt\u0151 r\u00e9szleg\u00fck is. A sz\u00f6vetkezet mindjobban fejl\u0151d\u00f6tt, t\u00f6bb m\u0171hely ny\u00edlt a f\u0151v\u00e1rosban. S\u0151t, els\u0151k\u00e9nt az orsz\u00e1gban a sz\u00f6vetkezet enged\u00e9lyt kapott arra, hogy m\u00e1s telep\u00fcl\u00e9seken is l\u00e9tes\u00fcljenek fi\u00f3k\u00fczemeik.<br \/>\nA tagok napi kilenc \u00f3r\u00e1t dolgoztak rendk\u00edv\u00fcl alacsony munkab\u00e9r\u00e9rt, \u00e9s m\u00e9g ezt is \u00fagy kellett kiharcolni az eredeti \u00e1llami elk\u00e9pzel\u00e9s szerinti megal\u00e1z\u00f3an kev\u00e9s d\u00edj helyett. Az alap\u00edt\u00f3k \u00e1ltal el\u00e9rt nagyon fontos eredm\u00e9ny volt az is, hogy a sz\u00f6vetkezetben t\u00f6lt\u00f6tt id\u0151 kezdett\u0151l munkaviszonynak sz\u00e1m\u00edtott, hiszen egyh\u00e1zi tev\u00e9kenys\u00e9g\u00fck k\u00e9s\u0151bb nem sz\u00e1m\u00edtott bele a szerzetesek nyugd\u00edj\u00e1ba.<br \/>\n1956 v\u00e1ltoz\u00e1st hozott a sz\u00f6vetkezet \u00e9let\u00e9ben is: az \u00e1llam felmondott minden kor\u00e1bbi kereskedelmi szerz\u0151d\u00e9st, amelynek \u00e9rtelm\u00e9ben kis sz\u00e9ri\u00e1ban nyugati exportra termeltek min\u0151s\u00e9gi \u00e1rut. Ezek ut\u00e1n a Szovjetuni\u00f3ba sz\u00e1ll\u00edtott nagysz\u00e9ri\u00e1s t\u00f6meg\u00e1rut kezdtek gy\u00e1rtani. Ezt a munk\u00e1t &#8211; a kor\u00e1bbival ellent\u00e9tben &#8211; a megrendel\u0151 r\u00e9sz\u00e9r\u0151l j\u00f3val alacsonyabb szint\u0171 k\u00f6vetelm\u00e9nyek hat\u00e1rozt\u00e1k meg. Ugyanakkor a szerzetesek ett\u0151l f\u00fcggetlen\u00fcl mindig sz\u00ednvonalas munk\u00e1t igyekeztek v\u00e9gezni. 1956 ut\u00e1n kiszabadult a b\u00f6rt\u00f6nb\u0151l j\u00f3 n\u00e9h\u00e1ny addig fogva tartott pap, \u00edgy f\u00e9rfiak is munk\u00e1ba \u00e1llhattak a sz\u00f6vetkezetben. P\u00e9ld\u00e1ul a keszty\u0171k\u00e9sz\u00edt\u00e9s ter\u00fclet\u00e9n, de \u0151k dolgoztak a nehezebb fizikai feladatot jelent\u0151 csomagol\u00e1si r\u00e9szlegben is, ez\u00e9rt azt\u00e1n a tanult papokat egym\u00e1s k\u00f6zt &#8222;l\u00e1dasz\u00f6gel\u0151 doktoroknak&#8221; nevezt\u00e9k a m\u0171helyben. Emellett ett\u0151l fogva civileket is alkalmaztak a sz\u00f6vetkezetben, s\u0151t, az \u00e9vtizedek m\u00falt\u00e1val a szerzetesek \u00e9s vil\u00e1giak ar\u00e1nya megfordult, s a nyolcvanas \u00e9vek v\u00e9ge fel\u00e9, amikor a sz\u00f6vetkezet megsz\u0171nt, m\u00e1r nem dolgoztak benne egyh\u00e1ziak. Ennek magyar\u00e1zata p\u00e9ld\u00e1ul az a t\u00e9ny, hogy mind t\u00f6bben tudtak bekapcsol\u00f3dni a pl\u00e9b\u00e1ni\u00e1k \u00e9let\u00e9be &#8211; j\u00f3llehet az egyh\u00e1z \u00fcld\u00f6z\u00e9se, sekresty\u00e9be szor\u00edt\u00e1sa kor\u00e1ntsem sz\u0171nt meg az enyhe enyh\u00fcl\u00e9s idej\u00e9n.<br \/>\nMa m\u00e9g j\u00f3 n\u00e9h\u00e1nyan \u00e9lnek azok k\u00f6z\u00fcl, akik r\u00f6videbb-hosszabb ideig r\u00e9szt vettek a Solidaritas Sz\u00f6vetkezet munk\u00e1j\u00e1ban. N\u00e9h\u00e1nyuk eml\u00e9kez\u00e9s\u00e9b\u0151l kider\u00fcl: neh\u00e9z, de rendk\u00edv\u00fcl gazdag tapasztalatokat jelent\u0151 id\u0151szak volt ez az \u00e9let\u00fckben. J\u00f3llehet k\u00f6zel tizen\u00f6tf\u00e9le rend tagjai k\u00e9pviseltett\u00e9k magukat a &#8222;Szoliban&#8221; &#8211; ahogyan \u0151k nevezt\u00e9k munkahely\u00fcket -, a m\u0171helyben megtapasztalt\u00e1k: a szerzetesi hivat\u00e1s l\u00e9nyege k\u00f6z\u00f6s, s ez az eg\u00e9szen az \u00darnak adott \u00e9let.<br \/>\nA n\u0151v\u00e9rek elbesz\u00e9l\u00e9s\u00e9b\u0151l kider\u00fcl: a munka sor\u00e1n j\u00f3 hangulat uralkodott a m\u0171helyekben. S\u0151t, azon k\u00edv\u00fcl is &#8222;volt sz\u00e1mukra \u00e9let&#8221;, hiszen p\u00e9ld\u00e1ul sportk\u00f6rt hoztak l\u00e9tre a sz\u00f6vetkezet tagjai, amellyel rendszeresen j\u00e1rtak kir\u00e1ndulni. Mindezzel egy\u00fctt ezek az \u00e9vtizedek egy\u00e1ltal\u00e1n nem voltak felh\u0151tlenek, hiszen a zaklat\u00e1sok nem egyhamar sz\u0171ntek meg, \u00e9s a kommunista vezet\u00e9snek sajnos siker\u00fclt beszerveznie egyh\u00e1zi embereket is a befoly\u00e1solhat\u00f3bbak k\u00f6z\u00fcl. Az \u0151 &#8222;h\u00edrszerz\u0151i&#8221; tev\u00e9kenys\u00e9g\u00fckr\u0151l persze tudtak t\u00e1rsaik.<br \/>\nA Solidaritas Sz\u00f6vetkezet hist\u00f3ri\u00e1j\u00e1t &#8211; amely a m\u00falt sz\u00e1zad legt\u00f6bbsz\u00f6r tragikus \u00e9s esem\u00e9nyekben rendk\u00edv\u00fcl gazdag egyh\u00e1zt\u00f6rt\u00e9net\u00e9nek nem figyelmen k\u00edv\u00fcl hagyhat\u00f3 r\u00e9sze &#8211; m\u00e9g egyetlen t\u00f6rt\u00e9n\u00e9sz sem dolgozta fel. Pedig e felt\u00e1r\u00e1s nagyon sz\u00fcks\u00e9ges, megrend\u00edt\u0151 \u00e9s tanuls\u00e1gos munka volna. A minden bizonnyal leghitelesebb &#8222;bels\u0151 \u00e9rt\u00e9kel\u00e9st&#8221; azonban az egyik irgalmas rendi n\u0151v\u00e9r fogalmazta meg, amikor a k\u00f6vetkez\u0151ket mondta a Solidaritasr\u00f3l: &#8222;A J\u00f3isten nagyon szeretett minket, mert m\u00e9gis egy\u00fctt lehett\u00fcnk.<br \/>\nSzigeti L\u00e1szl\u00f3&#8221;<\/p>\n<p>Forr\u00e1s: \u00daj Ember 2003.12.28.<\/p>\n<p>&#8222;Az \u00f6tven \u00e9ve l\u00e9trej\u00f6tt Szolidarit\u00e1s H\u00e1ziipari Sz\u00f6vetkezet els\u0151sorban papokat, szerzeteseket \u00e9s n\u0151v\u00e9reket foglalkoztatott &#8211; n\u00e9gy \u00e9ve sz\u0171nt meg. Egyes\u00fclet\u00e9nek, a Szolidarit\u00e1s Sportegyes\u00fclet megalakul\u00e1s\u00e1nak negyven \u00e9ves \u00e9vfordul\u00f3j\u00e1t pedig m\u00e1rcius 23-\u00e1n tartott\u00e1k.<\/p>\n<p>Az \u00fcnnepi k\u00f6zgy\u0171l\u00e9sen nem t\u00f6rt\u00e9nelmi visszaeml\u00e9kez\u00e9st tartottak, hanem megeml\u00e9keztek halottaikr\u00f3l, majd a szem\u00e9lyes \u00e9lm\u00e9nyeket hallgatt\u00e1k meg. <em>T\u00f3th Ilona<\/em> angolkisasszony n\u0151v\u00e9r elmondta, a sportegyes\u00fcletet els\u0151sorban az\u00e9rt alap\u00edtott\u00e1k, hogy a sz\u00f6vetkezet tagjai sz\u00e1m\u00e1ra megfelel\u0151 lehet\u0151s\u00e9get biztos\u00edtsanak a szabadid\u0151 hasznos elt\u00f6lt\u00e9s\u00e9re. <em>Kov\u00e1cs Lajos B\u00e1nk<\/em> ferences tartom\u00e1nyf\u0151n\u00f6k volt az els\u0151 eln\u00f6ke az egyes\u00fcletnek, amely hamarosan m\u00e1s tagokat is fogadott. <em>B\u00e9kefi S\u00e1ndor<\/em> jezsuita testv\u00e9r, az egyes\u00fclet t\u00faravezet\u0151je az 1978-ig tart\u00f3 igen neh\u00e9z \u00e9vekr\u0151l sz\u00f3lva felid\u00e9zte, hogyan kellett a hatalom nyom\u00e1s\u00e1ra elk\u00fcldeni\u00fck a k\u00fcls\u0151 tagokat. <em>\u00c1gost Gizella<\/em> t\u00faravezet\u0151, a sz\u00e1mvizsg\u00e1l\u00f3 bizotts\u00e1g jelenlegi eln\u00f6ke a k\u00f6vetkez\u0151 \u00e9vized t\u00f6rt\u00e9net\u00e9re eml\u00e9kezett, <em>Raile Erzs\u00e9bet<\/em> t\u00faravezet\u0151, szakoszt\u00e1lyvezet\u0151 pedig az egyes\u00fclet jelenlegi helyzet\u00e9r\u0151l sz\u00f3lt. <em>N\u00e9medi Zsuzsa<\/em> gazdas\u00e1gi vezet\u0151 besz\u00e1mol\u00f3j\u00e1t k\u00f6vet\u0151en <em>Cs\u00edk Aranka<\/em> n\u0151v\u00e9r, az egyes\u00fclet eln\u00f6ke osztotta ki az egyes\u00fclet jutalmait. H\u00e1laad\u00f3 koncelebr\u00e1ci\u00f3s mis\u00e9t mondott <em>Kov\u00e1cs B\u00e1nk<\/em> ferences tartom\u00e1nyf\u0151n\u00f6k, <em>P\u00e1lmai P\u00e9ter Godofr\u00e9d<\/em> benc\u00e9s atya (volt t\u00faravezet\u0151) \u00e9s <em>F\u00f6ldi Endre<\/em> atya (\u0151 sok jelenlegi t\u00faravezet\u0151nk k\u00e9pz\u00e9s\u00e9ben vett r\u00e9szt).&#8221;<\/p>\n<p><strong><em>Szab\u00f3 Piroska M. Panefr\u00e9da n\u0151v\u00e9r<\/em><\/strong>. 1955-ben tettem le az \u00f6r\u00f6kfogadalmat Budapesten, k\u00e9t \u00e9v m\u00falva pedig felker\u00fcltem a f\u0151v\u00e1rosba a Szolidarit\u00e1sba, ahol sz\u00e1ll\u00edt\u00f3felel\u0151sk\u00e9nt dolgoztam. Huszon\u00f6t \u00e9ven \u00e1t, eg\u00e9szen nyugd\u00edjaz\u00e1somig dolgoztam a r\u00e1kosligeti r\u00e9szlegn\u00e9l. Eleinte egy padl\u00e1sszob\u00e1ban hatan laktunk n\u0151v\u00e9rek. K\u00e9s\u0151bb az \u00e1llam ezt m\u00e1r nem engedte, mert \u00edgy \u201et\u00fal sokan&#8221; voltunk egy\u00fctt szerzetesek.<\/p>\n<p><strong><em>T\u00f3th M. Ilona n\u0151v\u00e9r <\/em><\/strong>. 1958-1965 k\u00f6z\u00f6tt dolgozott R\u00e1kosligeten.<\/p>\n<p>Forr\u00e1s: \u00daj Ember<\/p>\n<h3>Forr\u00e1sok a Solidaritas t\u00f6rt\u00e9net\u00e9hez<\/h3>\n<p><a href=\"http:\/\/rakosliget.hu\/solidaritas\/MSZMP Kozponti Bizottsaga Agitacios \u00e9s Propaganda Osztalyanak (APO) iratai. 1965\/MSZMP Kozponti Bizottsaga Agitacios \u00e9s Propaganda Osztalyanak (APO) iratai_1965.pdf\">Az MSZMP feljegyz\u00e9sei a &#8222;Solidaritasr\u00f3l&#8221;<\/a> pdf form\u00e1tumban let\u00f6lthet\u0151<\/p>\n<p><a href=\"http:\/\/rakosliget.hu\/solidaritas\/Solidaritas szovetkezet.pdf\">\u00d6sszefoglal\u00f3 a &#8222;Solidaritas&#8221; t\u00f6rt\u00e9ne<\/a> pdf form\u00e1tumban let\u00f6lthet\u0151<\/p>\n","protected":false},"excerpt":{"rendered":"<p>Friss\u00edt\u00e9s: 2023.01.09. A sz\u00f6vetkezet 1954 els\u0151 napjaiban alakult meg. C\u00e9lja a feloszlatott rendh\u00e1zak n\u0151v\u00e9reinek, papoknak munka, meg\u00e9lhet\u00e9s biztos\u00edt\u00e1sa volt. Csoportk\u00e9p R\u00e1kosligeten a hajdani Sport Club, a jelenlegi G\u00f3zon Gyula Kamarasz\u00ednh\u00e1z l\u00e9pcs\u0151j\u00e9n. Forr\u00e1s: \u00daj Ember 2003.12.21-28. &#8222;Mivel a &#8222;n\u00e9p ellens\u00e9geit&#8221; nemigen alkalmazt\u00e1k a k\u00fcl\u00f6nb\u00f6z\u0151 \u00e1llami munkahelyeken, valamik\u00e9ppen \u00f6n\u00e1ll\u00f3 lehet\u0151s\u00e9get kellett teremteni a szerzetesek sz\u00e1m\u00e1ra, amire az &hellip; <a href=\"https:\/\/rakosliget.hu\/wordpress\/index.php\/a-szolidaritas-haziipari-szovetkezet\/\" class=\"more-link\"><span class=\"screen-reader-text\">A SZOLIDARIT\u00c1S H\u00c1ZIIPARI SZ\u00d6VETKEZET<\/span> r\u00e9szletei&#8230;<\/a><\/p>\n","protected":false},"author":1,"featured_media":10717,"parent":0,"menu_order":0,"comment_status":"closed","ping_status":"closed","template":"","meta":{"footnotes":""},"class_list":["post-368","page","type-page","status-publish","has-post-thumbnail","hentry"],"_links":{"self":[{"href":"https:\/\/rakosliget.hu\/wordpress\/index.php\/wp-json\/wp\/v2\/pages\/368","targetHints":{"allow":["GET"]}}],"collection":[{"href":"https:\/\/rakosliget.hu\/wordpress\/index.php\/wp-json\/wp\/v2\/pages"}],"about":[{"href":"https:\/\/rakosliget.hu\/wordpress\/index.php\/wp-json\/wp\/v2\/types\/page"}],"author":[{"embeddable":true,"href":"https:\/\/rakosliget.hu\/wordpress\/index.php\/wp-json\/wp\/v2\/users\/1"}],"replies":[{"embeddable":true,"href":"https:\/\/rakosliget.hu\/wordpress\/index.php\/wp-json\/wp\/v2\/comments?post=368"}],"version-history":[{"count":8,"href":"https:\/\/rakosliget.hu\/wordpress\/index.php\/wp-json\/wp\/v2\/pages\/368\/revisions"}],"predecessor-version":[{"id":10720,"href":"https:\/\/rakosliget.hu\/wordpress\/index.php\/wp-json\/wp\/v2\/pages\/368\/revisions\/10720"}],"wp:featuredmedia":[{"embeddable":true,"href":"https:\/\/rakosliget.hu\/wordpress\/index.php\/wp-json\/wp\/v2\/media\/10717"}],"wp:attachment":[{"href":"https:\/\/rakosliget.hu\/wordpress\/index.php\/wp-json\/wp\/v2\/media?parent=368"}],"curies":[{"name":"wp","href":"https:\/\/api.w.org\/{rel}","templated":true}]}}