{"id":3665,"date":"2019-12-26T10:29:43","date_gmt":"2019-12-26T09:29:43","guid":{"rendered":"http:\/\/rakosliget.hu\/wordpress\/?page_id=3665"},"modified":"2025-12-28T09:26:19","modified_gmt":"2025-12-28T08:26:19","slug":"sajto-1950-2","status":"publish","type":"page","link":"https:\/\/rakosliget.hu\/wordpress\/index.php\/sajto-1950-2\/","title":{"rendered":"SAJT\u00d3 1950 &#8211;"},"content":{"rendered":"\n<p id=\"Eleje\">A <a href=\"#B\">B<\/a> C D <a href=\"#E\">E<\/a> <a href=\"#F\">F<\/a> G H I J <a href=\"#K\">K<\/a> L <a href=\"#M\">M<\/a> <a href=\"#N\">N<\/a> O P <a href=\"#R\">R<\/a> S SZ T <a href=\"#U\">U<\/a> V Z ZS<\/p>\n\n\n\n<p><\/p>\n\n\n<div class=\"wp-block-image\">\n<figure class=\"aligncenter size-large\" id=\"B\"><a href=\"http:\/\/rakosliget.hu\/wordpress\/index.php\/beke-es-szabadsag\/\"><img loading=\"lazy\" decoding=\"async\" width=\"600\" height=\"117\" src=\"http:\/\/rakosliget.hu\/wordpress\/wp-content\/uploads\/2020\/11\/beke-es-szabadsag-cimlap_.jpg\" alt=\"\" class=\"wp-image-8105\" srcset=\"https:\/\/rakosliget.hu\/wordpress\/wp-content\/uploads\/2020\/11\/beke-es-szabadsag-cimlap_.jpg 600w, https:\/\/rakosliget.hu\/wordpress\/wp-content\/uploads\/2020\/11\/beke-es-szabadsag-cimlap_-300x59.jpg 300w\" sizes=\"auto, (max-width: 600px) 100vw, 600px\" \/><\/a><\/figure>\n<\/div>\n\n\n<p><a href=\"#Eleje\">Vissza a LAP TETEJ\u00c9RE<\/a><\/p>\n\n\n\n<hr class=\"wp-block-separator has-css-opacity\"\/>\n\n\n\n<figure class=\"wp-block-image size-large\" id=\"E\"><a href=\"http:\/\/rakosliget.hu\/wordpress\/index.php\/sajto-1950\/\"><img loading=\"lazy\" decoding=\"async\" width=\"1024\" height=\"411\" src=\"http:\/\/rakosliget.hu\/wordpress\/wp-content\/uploads\/2019\/12\/Esti-Budapest-1-1024x411.jpg\" alt=\"\" class=\"wp-image-3652\" srcset=\"https:\/\/rakosliget.hu\/wordpress\/wp-content\/uploads\/2019\/12\/Esti-Budapest-1-1024x411.jpg 1024w, https:\/\/rakosliget.hu\/wordpress\/wp-content\/uploads\/2019\/12\/Esti-Budapest-1-300x120.jpg 300w, https:\/\/rakosliget.hu\/wordpress\/wp-content\/uploads\/2019\/12\/Esti-Budapest-1-768x308.jpg 768w, https:\/\/rakosliget.hu\/wordpress\/wp-content\/uploads\/2019\/12\/Esti-Budapest-1.jpg 1303w\" sizes=\"auto, (max-width: 1024px) 100vw, 1024px\" \/><\/a><\/figure>\n\n\n\n<figure class=\"wp-block-image size-large\"><a href=\"http:\/\/rakosliget.hu\/wordpress\/index.php\/esti-hirlap\/\"><img loading=\"lazy\" decoding=\"async\" width=\"1024\" height=\"317\" src=\"http:\/\/rakosliget.hu\/wordpress\/wp-content\/uploads\/2020\/11\/Esti-Hirlap-cimlap-1024x317.jpg\" alt=\"\" class=\"wp-image-6938\" srcset=\"https:\/\/rakosliget.hu\/wordpress\/wp-content\/uploads\/2020\/11\/Esti-Hirlap-cimlap-1024x317.jpg 1024w, https:\/\/rakosliget.hu\/wordpress\/wp-content\/uploads\/2020\/11\/Esti-Hirlap-cimlap-300x93.jpg 300w, https:\/\/rakosliget.hu\/wordpress\/wp-content\/uploads\/2020\/11\/Esti-Hirlap-cimlap-768x238.jpg 768w, https:\/\/rakosliget.hu\/wordpress\/wp-content\/uploads\/2020\/11\/Esti-Hirlap-cimlap.jpg 1282w\" sizes=\"auto, (max-width: 1024px) 100vw, 1024px\" \/><\/a><\/figure>\n\n\n\n<p><a href=\"#Eleje\">Vissza a LAP TETEJ\u00c9RE<\/a><\/p>\n\n\n\n<figure class=\"wp-block-image size-large\" id=\"F\"><a href=\"https:\/\/rakosliget.hu\/wordpress\/index.php\/filateliai-szemle\/\"><img loading=\"lazy\" decoding=\"async\" width=\"2048\" height=\"658\" src=\"https:\/\/rakosliget.hu\/wordpress\/wp-content\/uploads\/2025\/11\/logo-3-2048x658.jpg\" alt=\"\" class=\"wp-image-18825\" srcset=\"https:\/\/rakosliget.hu\/wordpress\/wp-content\/uploads\/2025\/11\/logo-3-2048x658.jpg 2048w, https:\/\/rakosliget.hu\/wordpress\/wp-content\/uploads\/2025\/11\/logo-3-300x96.jpg 300w, https:\/\/rakosliget.hu\/wordpress\/wp-content\/uploads\/2025\/11\/logo-3-768x247.jpg 768w, https:\/\/rakosliget.hu\/wordpress\/wp-content\/uploads\/2025\/11\/logo-3-1536x494.jpg 1536w\" sizes=\"auto, (max-width: 2048px) 100vw, 2048px\" \/><\/a><\/figure>\n\n\n\n<figure class=\"wp-block-image size-large\"><a href=\"http:\/\/rakosliget.hu\/wordpress\/index.php\/fovarosi-naplo\/\"><img loading=\"lazy\" decoding=\"async\" width=\"1024\" height=\"307\" src=\"http:\/\/rakosliget.hu\/wordpress\/wp-content\/uploads\/2019\/12\/fovarosi-naplo-cim-1024x307.jpg\" alt=\"\" class=\"wp-image-3681\" srcset=\"https:\/\/rakosliget.hu\/wordpress\/wp-content\/uploads\/2019\/12\/fovarosi-naplo-cim-1024x307.jpg 1024w, https:\/\/rakosliget.hu\/wordpress\/wp-content\/uploads\/2019\/12\/fovarosi-naplo-cim-300x90.jpg 300w, https:\/\/rakosliget.hu\/wordpress\/wp-content\/uploads\/2019\/12\/fovarosi-naplo-cim-768x230.jpg 768w, https:\/\/rakosliget.hu\/wordpress\/wp-content\/uploads\/2019\/12\/fovarosi-naplo-cim-1536x460.jpg 1536w, https:\/\/rakosliget.hu\/wordpress\/wp-content\/uploads\/2019\/12\/fovarosi-naplo-cim.jpg 1961w\" sizes=\"auto, (max-width: 1024px) 100vw, 1024px\" \/><\/a><\/figure>\n\n\n<div class=\"wp-block-image\">\n<figure class=\"aligncenter size-large\"><a href=\"http:\/\/rakosliget.hu\/wordpress\/index.php\/friss-ujsag-1950\/\"><img loading=\"lazy\" decoding=\"async\" width=\"1024\" height=\"271\" src=\"http:\/\/rakosliget.hu\/wordpress\/wp-content\/uploads\/2019\/12\/friss1950-1024x271.jpg\" alt=\"\" class=\"wp-image-3643\" srcset=\"https:\/\/rakosliget.hu\/wordpress\/wp-content\/uploads\/2019\/12\/friss1950-1024x271.jpg 1024w, https:\/\/rakosliget.hu\/wordpress\/wp-content\/uploads\/2019\/12\/friss1950-300x79.jpg 300w, https:\/\/rakosliget.hu\/wordpress\/wp-content\/uploads\/2019\/12\/friss1950-768x203.jpg 768w, https:\/\/rakosliget.hu\/wordpress\/wp-content\/uploads\/2019\/12\/friss1950-1536x406.jpg 1536w, https:\/\/rakosliget.hu\/wordpress\/wp-content\/uploads\/2019\/12\/friss1950.jpg 1639w\" sizes=\"auto, (max-width: 1024px) 100vw, 1024px\" \/><\/a><\/figure>\n<\/div>\n\n\n<figure class=\"wp-block-image size-large\"><a href=\"http:\/\/rakosliget.hu\/wordpress\/index.php\/fovarosi-kozlony-1950\/\"><img loading=\"lazy\" decoding=\"async\" width=\"1024\" height=\"344\" src=\"http:\/\/rakosliget.hu\/wordpress\/wp-content\/uploads\/2019\/12\/fovarosi-kozlony-1949-1024x344.jpg\" alt=\"\" class=\"wp-image-3791\" srcset=\"https:\/\/rakosliget.hu\/wordpress\/wp-content\/uploads\/2019\/12\/fovarosi-kozlony-1949-1024x344.jpg 1024w, https:\/\/rakosliget.hu\/wordpress\/wp-content\/uploads\/2019\/12\/fovarosi-kozlony-1949-300x101.jpg 300w, https:\/\/rakosliget.hu\/wordpress\/wp-content\/uploads\/2019\/12\/fovarosi-kozlony-1949-768x258.jpg 768w, https:\/\/rakosliget.hu\/wordpress\/wp-content\/uploads\/2019\/12\/fovarosi-kozlony-1949-1536x516.jpg 1536w, https:\/\/rakosliget.hu\/wordpress\/wp-content\/uploads\/2019\/12\/fovarosi-kozlony-1949-2048x688.jpg 2048w\" sizes=\"auto, (max-width: 1024px) 100vw, 1024px\" \/><\/a><\/figure>\n\n\n<div class=\"wp-block-image\">\n<figure class=\"aligncenter size-large\"><a href=\"http:\/\/rakosliget.hu\/wordpress\/index.php\/fovarosi-naplo-2\/\"><img loading=\"lazy\" decoding=\"async\" width=\"1024\" height=\"272\" src=\"http:\/\/rakosliget.hu\/wordpress\/wp-content\/uploads\/2020\/11\/Fovarosi-naplo-cimlap-1024x272.jpg\" alt=\"\" class=\"wp-image-7160\" srcset=\"https:\/\/rakosliget.hu\/wordpress\/wp-content\/uploads\/2020\/11\/Fovarosi-naplo-cimlap-1024x272.jpg 1024w, https:\/\/rakosliget.hu\/wordpress\/wp-content\/uploads\/2020\/11\/Fovarosi-naplo-cimlap-300x80.jpg 300w, https:\/\/rakosliget.hu\/wordpress\/wp-content\/uploads\/2020\/11\/Fovarosi-naplo-cimlap-768x204.jpg 768w, https:\/\/rakosliget.hu\/wordpress\/wp-content\/uploads\/2020\/11\/Fovarosi-naplo-cimlap-1536x408.jpg 1536w, https:\/\/rakosliget.hu\/wordpress\/wp-content\/uploads\/2020\/11\/Fovarosi-naplo-cimlap.jpg 2032w\" sizes=\"auto, (max-width: 1024px) 100vw, 1024px\" \/><\/a><\/figure>\n<\/div>\n\n\n<p><a href=\"#Eleje\">Vissza a LAP TETEJ\u00c9RE<\/a><\/p>\n\n\n\n<hr class=\"wp-block-separator has-css-opacity\"\/>\n\n\n<div class=\"wp-block-image\">\n<figure class=\"aligncenter size-large\" id=\"K\"><a href=\"http:\/\/rakosliget.hu\/wordpress\/index.php\/kepes-ujsag\/\"><img loading=\"lazy\" decoding=\"async\" width=\"300\" height=\"413\" src=\"http:\/\/rakosliget.hu\/wordpress\/wp-content\/uploads\/2020\/11\/Kepes-Ujsag-cimlap.jpg\" alt=\"\" class=\"wp-image-8416\" srcset=\"https:\/\/rakosliget.hu\/wordpress\/wp-content\/uploads\/2020\/11\/Kepes-Ujsag-cimlap.jpg 300w, https:\/\/rakosliget.hu\/wordpress\/wp-content\/uploads\/2020\/11\/Kepes-Ujsag-cimlap-218x300.jpg 218w\" sizes=\"auto, (max-width: 300px) 100vw, 300px\" \/><\/a><\/figure>\n<\/div>\n\n\n<p><a href=\"#Eleje\">Vissza a LAP TETEJ\u00c9RE<\/a><\/p>\n\n\n<div class=\"wp-block-image\">\n<figure class=\"aligncenter size-full\" id=\"M\"><a href=\"https:\/\/rakosliget.hu\/wordpress\/index.php\/mai-nap\/\"><img loading=\"lazy\" decoding=\"async\" width=\"1195\" height=\"1062\" src=\"https:\/\/rakosliget.hu\/wordpress\/wp-content\/uploads\/2025\/10\/logo-3.jpg\" alt=\"\" class=\"wp-image-18470\" srcset=\"https:\/\/rakosliget.hu\/wordpress\/wp-content\/uploads\/2025\/10\/logo-3.jpg 1195w, https:\/\/rakosliget.hu\/wordpress\/wp-content\/uploads\/2025\/10\/logo-3-300x267.jpg 300w, https:\/\/rakosliget.hu\/wordpress\/wp-content\/uploads\/2025\/10\/logo-3-768x683.jpg 768w\" sizes=\"auto, (max-width: 1195px) 100vw, 1195px\" \/><\/a><\/figure>\n<\/div>\n\n\n<p><a href=\"#Eleje\">Vissza a LAP TETEJ\u00c9RE<\/a><\/p>\n\n\n\n<hr class=\"wp-block-separator has-css-opacity\"\/>\n\n\n<div class=\"wp-block-image\">\n<figure class=\"aligncenter size-full\" id=\"N\"><a href=\"http:\/\/rakosliget.hu\/wordpress\/index.php\/nepszava\/\"><img loading=\"lazy\" decoding=\"async\" width=\"891\" height=\"193\" src=\"https:\/\/rakosliget.hu\/wordpress\/wp-content\/uploads\/2025\/03\/image-4.png\" alt=\"\" class=\"wp-image-17380\" srcset=\"https:\/\/rakosliget.hu\/wordpress\/wp-content\/uploads\/2025\/03\/image-4.png 891w, https:\/\/rakosliget.hu\/wordpress\/wp-content\/uploads\/2025\/03\/image-4-300x65.png 300w, https:\/\/rakosliget.hu\/wordpress\/wp-content\/uploads\/2025\/03\/image-4-768x166.png 768w\" sizes=\"auto, (max-width: 891px) 100vw, 891px\" \/><\/a><\/figure>\n<\/div>\n\n\n<p><a href=\"#Eleje\">Vissza a LAP TETEJ\u00c9RE<\/a><\/p>\n\n\n\n<figure class=\"wp-block-image size-large\" id=\"R\"><img loading=\"lazy\" decoding=\"async\" width=\"1024\" height=\"549\" src=\"https:\/\/rakosliget.hu\/wordpress\/wp-content\/uploads\/2022\/03\/radio17056-1024x549.jpg\" alt=\"\" class=\"wp-image-10083\" srcset=\"https:\/\/rakosliget.hu\/wordpress\/wp-content\/uploads\/2022\/03\/radio17056-1024x549.jpg 1024w, https:\/\/rakosliget.hu\/wordpress\/wp-content\/uploads\/2022\/03\/radio17056-300x161.jpg 300w, https:\/\/rakosliget.hu\/wordpress\/wp-content\/uploads\/2022\/03\/radio17056-768x412.jpg 768w, https:\/\/rakosliget.hu\/wordpress\/wp-content\/uploads\/2022\/03\/radio17056-1536x823.jpg 1536w, https:\/\/rakosliget.hu\/wordpress\/wp-content\/uploads\/2022\/03\/radio17056-2048x1098.jpg 2048w\" sizes=\"auto, (max-width: 1024px) 100vw, 1024px\" \/><figcaption class=\"wp-element-caption\">A ker\u00fcletben m\u0171k\u00f6d\u0151 region\u00e1lis r\u00e1di\u00f3 rekl\u00e1mja<\/figcaption><\/figure>\n\n\n\n<p><a href=\"#Eleje\">Vissza a LAP TETEJ\u00c9RE<\/a><\/p>\n\n\n\n<figure class=\"wp-block-image size-large\" id=\"U\"><a href=\"https:\/\/rakosliget.hu\/wordpress\/index.php\/uj-elet\/\"><img loading=\"lazy\" decoding=\"async\" width=\"2048\" height=\"637\" src=\"https:\/\/rakosliget.hu\/wordpress\/wp-content\/uploads\/2025\/12\/logo-2-2048x637.jpg\" alt=\"\" class=\"wp-image-20420\" srcset=\"https:\/\/rakosliget.hu\/wordpress\/wp-content\/uploads\/2025\/12\/logo-2-2048x637.jpg 2048w, https:\/\/rakosliget.hu\/wordpress\/wp-content\/uploads\/2025\/12\/logo-2-300x93.jpg 300w, https:\/\/rakosliget.hu\/wordpress\/wp-content\/uploads\/2025\/12\/logo-2-768x239.jpg 768w, https:\/\/rakosliget.hu\/wordpress\/wp-content\/uploads\/2025\/12\/logo-2-1536x478.jpg 1536w\" sizes=\"auto, (max-width: 2048px) 100vw, 2048px\" \/><\/a><\/figure>\n\n\n\n<p><a href=\"#Eleje\">Vissza a LAP TETEJ\u00c9RE<\/a><\/p>\n","protected":false},"excerpt":{"rendered":"<p>A B C D E F G H I J K L M N O P R S SZ T U V Z ZS Vissza a LAP TETEJ\u00c9RE Vissza a LAP TETEJ\u00c9RE Vissza a LAP TETEJ\u00c9RE Vissza a LAP TETEJ\u00c9RE Vissza a LAP TETEJ\u00c9RE Vissza a LAP TETEJ\u00c9RE Vissza a LAP TETEJ\u00c9RE Vissza a LAP &hellip; <a href=\"https:\/\/rakosliget.hu\/wordpress\/index.php\/sajto-1950-2\/\" class=\"more-link\"><span class=\"screen-reader-text\">SAJT\u00d3 1950 &#8211;<\/span> r\u00e9szletei&#8230;<\/a><\/p>\n","protected":false},"author":1,"featured_media":0,"parent":0,"menu_order":0,"comment_status":"closed","ping_status":"closed","template":"","meta":{"footnotes":""},"class_list":["post-3665","page","type-page","status-publish","hentry"],"_links":{"self":[{"href":"https:\/\/rakosliget.hu\/wordpress\/index.php\/wp-json\/wp\/v2\/pages\/3665","targetHints":{"allow":["GET"]}}],"collection":[{"href":"https:\/\/rakosliget.hu\/wordpress\/index.php\/wp-json\/wp\/v2\/pages"}],"about":[{"href":"https:\/\/rakosliget.hu\/wordpress\/index.php\/wp-json\/wp\/v2\/types\/page"}],"author":[{"embeddable":true,"href":"https:\/\/rakosliget.hu\/wordpress\/index.php\/wp-json\/wp\/v2\/users\/1"}],"replies":[{"embeddable":true,"href":"https:\/\/rakosliget.hu\/wordpress\/index.php\/wp-json\/wp\/v2\/comments?post=3665"}],"version-history":[{"count":25,"href":"https:\/\/rakosliget.hu\/wordpress\/index.php\/wp-json\/wp\/v2\/pages\/3665\/revisions"}],"predecessor-version":[{"id":20426,"href":"https:\/\/rakosliget.hu\/wordpress\/index.php\/wp-json\/wp\/v2\/pages\/3665\/revisions\/20426"}],"wp:attachment":[{"href":"https:\/\/rakosliget.hu\/wordpress\/index.php\/wp-json\/wp\/v2\/media?parent=3665"}],"curies":[{"name":"wp","href":"https:\/\/api.w.org\/{rel}","templated":true}]}}