{"id":3661,"date":"2019-12-26T10:27:11","date_gmt":"2019-12-26T09:27:11","guid":{"rendered":"http:\/\/rakosliget.hu\/wordpress\/?page_id=3661"},"modified":"2020-11-24T14:14:14","modified_gmt":"2020-11-24T13:14:14","slug":"friss-ujsag-1950","status":"publish","type":"page","link":"https:\/\/rakosliget.hu\/wordpress\/index.php\/friss-ujsag-1950\/","title":{"rendered":"FRISS \u00daJS\u00c1G 1950 &#8211;"},"content":{"rendered":"\n<p><em>Az oldal friss\u00edtve: 2020.11.24.<\/em><\/p>\n\n\n\n<p>Ugr\u00e1s \u00e9vk\u00f6rre:   <a href=\"#1950\">1950<\/a>   <a href=\"#1951\">1951<\/a><\/p>\n\n\n\n<h2 class=\"wp-block-heading\" id=\"1950\">1950<\/h2>\n\n\n\n<div class=\"wp-block-image\" style=\"text-align: center;\">\n<figure class=\"aligncenter size-large\"><figure><img loading=\"lazy\" decoding=\"async\" width=\"483\" height=\"1024\" class=\"wp-image-3649 aligncenter\" src=\"http:\/\/rakosliget.hu\/wordpress\/wp-content\/uploads\/2019\/12\/nagy-budapest-1-483x1024.jpg\" alt=\"\" srcset=\"https:\/\/rakosliget.hu\/wordpress\/wp-content\/uploads\/2019\/12\/nagy-budapest-1-483x1024.jpg 483w, https:\/\/rakosliget.hu\/wordpress\/wp-content\/uploads\/2019\/12\/nagy-budapest-1-141x300.jpg 141w, https:\/\/rakosliget.hu\/wordpress\/wp-content\/uploads\/2019\/12\/nagy-budapest-1-768x1628.jpg 768w, https:\/\/rakosliget.hu\/wordpress\/wp-content\/uploads\/2019\/12\/nagy-budapest-1-724x1536.jpg 724w, https:\/\/rakosliget.hu\/wordpress\/wp-content\/uploads\/2019\/12\/nagy-budapest-1.jpg 832w\" sizes=\"auto, (max-width: 483px) 100vw, 483px\" \/><\/figure><figcaption>1950. janu\u00e1r 1. vas\u00e1rnap 5. oldal<\/figcaption><\/figure>\n<\/div>\n\n\n\n<figure class=\"wp-block-image size-large\"><a href=\"http:\/\/rakosliget.hu\/wordpress\/wp-content\/uploads\/2020\/11\/1950_januar_1.jpg\"><img loading=\"lazy\" decoding=\"async\" width=\"666\" height=\"1024\" src=\"http:\/\/rakosliget.hu\/wordpress\/wp-content\/uploads\/2020\/11\/1950_januar_1-666x1024.jpg\" alt=\"\" class=\"wp-image-8091\" srcset=\"https:\/\/rakosliget.hu\/wordpress\/wp-content\/uploads\/2020\/11\/1950_januar_1-666x1024.jpg 666w, https:\/\/rakosliget.hu\/wordpress\/wp-content\/uploads\/2020\/11\/1950_januar_1-195x300.jpg 195w, https:\/\/rakosliget.hu\/wordpress\/wp-content\/uploads\/2020\/11\/1950_januar_1-768x1181.jpg 768w, https:\/\/rakosliget.hu\/wordpress\/wp-content\/uploads\/2020\/11\/1950_januar_1-999x1536.jpg 999w, https:\/\/rakosliget.hu\/wordpress\/wp-content\/uploads\/2020\/11\/1950_januar_1-1332x2048.jpg 1332w, https:\/\/rakosliget.hu\/wordpress\/wp-content\/uploads\/2020\/11\/1950_januar_1.jpg 1625w\" sizes=\"auto, (max-width: 666px) 100vw, 666px\" \/><\/a><figcaption>1950. janu\u00e1r 1. <\/figcaption><\/figure>\n\n\n\n<div class=\"wp-block-image\"><figure class=\"aligncenter size-large\"><img loading=\"lazy\" decoding=\"async\" width=\"807\" height=\"981\" src=\"http:\/\/rakosliget.hu\/wordpress\/wp-content\/uploads\/2019\/12\/bekemozgalom.jpg\" alt=\"\" class=\"wp-image-3670\" srcset=\"https:\/\/rakosliget.hu\/wordpress\/wp-content\/uploads\/2019\/12\/bekemozgalom.jpg 807w, https:\/\/rakosliget.hu\/wordpress\/wp-content\/uploads\/2019\/12\/bekemozgalom-247x300.jpg 247w, https:\/\/rakosliget.hu\/wordpress\/wp-content\/uploads\/2019\/12\/bekemozgalom-768x934.jpg 768w\" sizes=\"auto, (max-width: 807px) 100vw, 807px\" \/><figcaption>Dob L\u00e1szl\u00f3 ref. lelk\u00e9sz R\u00e1kosliget. 1950. j\u00fanius 28.<\/figcaption><\/figure><\/div>\n\n\n\n<div class=\"wp-block-image\"><figure class=\"aligncenter size-large\"><img loading=\"lazy\" decoding=\"async\" width=\"413\" height=\"1024\" src=\"http:\/\/rakosliget.hu\/wordpress\/wp-content\/uploads\/2019\/12\/bekemozgalom2-413x1024.jpg\" alt=\"\" class=\"wp-image-3672\" srcset=\"https:\/\/rakosliget.hu\/wordpress\/wp-content\/uploads\/2019\/12\/bekemozgalom2-413x1024.jpg 413w, https:\/\/rakosliget.hu\/wordpress\/wp-content\/uploads\/2019\/12\/bekemozgalom2-121x300.jpg 121w, https:\/\/rakosliget.hu\/wordpress\/wp-content\/uploads\/2019\/12\/bekemozgalom2-768x1904.jpg 768w, https:\/\/rakosliget.hu\/wordpress\/wp-content\/uploads\/2019\/12\/bekemozgalom2-620x1536.jpg 620w, https:\/\/rakosliget.hu\/wordpress\/wp-content\/uploads\/2019\/12\/bekemozgalom2.jpg 817w\" sizes=\"auto, (max-width: 413px) 100vw, 413px\" \/><figcaption>dr. Bab\u00f3csi Endre r\u00e1kosligeti pl\u00e9b\u00e1nos. 1950. j\u00falius 16, vas\u00e1rnap 4. oldal<\/figcaption><\/figure><\/div>\n\n\n\n<figure class=\"wp-block-image size-large\"><a href=\"http:\/\/rakosliget.hu\/wordpress\/wp-content\/uploads\/2020\/11\/bekepapok2.jpg\"><img loading=\"lazy\" decoding=\"async\" width=\"800\" height=\"696\" src=\"http:\/\/rakosliget.hu\/wordpress\/wp-content\/uploads\/2020\/11\/bekepapok2.jpg\" alt=\"\" class=\"wp-image-8094\" srcset=\"https:\/\/rakosliget.hu\/wordpress\/wp-content\/uploads\/2020\/11\/bekepapok2.jpg 800w, https:\/\/rakosliget.hu\/wordpress\/wp-content\/uploads\/2020\/11\/bekepapok2-300x261.jpg 300w, https:\/\/rakosliget.hu\/wordpress\/wp-content\/uploads\/2020\/11\/bekepapok2-768x668.jpg 768w\" sizes=\"auto, (max-width: 800px) 100vw, 800px\" \/><\/a><figcaption>dr. Bab\u00f3csy Endre b\u00e9kepap. 1950. j\u00falius 25.<\/figcaption><\/figure>\n\n\n\n<figure class=\"wp-block-image size-large\"><a href=\"http:\/\/rakosliget.hu\/wordpress\/wp-content\/uploads\/2020\/11\/bekepap-Babocsa.jpg\"><img loading=\"lazy\" decoding=\"async\" width=\"804\" height=\"1024\" src=\"http:\/\/rakosliget.hu\/wordpress\/wp-content\/uploads\/2020\/11\/bekepap-Babocsa-804x1024.jpg\" alt=\"\" class=\"wp-image-8097\" srcset=\"https:\/\/rakosliget.hu\/wordpress\/wp-content\/uploads\/2020\/11\/bekepap-Babocsa-804x1024.jpg 804w, https:\/\/rakosliget.hu\/wordpress\/wp-content\/uploads\/2020\/11\/bekepap-Babocsa-236x300.jpg 236w, https:\/\/rakosliget.hu\/wordpress\/wp-content\/uploads\/2020\/11\/bekepap-Babocsa-768x978.jpg 768w, https:\/\/rakosliget.hu\/wordpress\/wp-content\/uploads\/2020\/11\/bekepap-Babocsa.jpg 845w\" sizes=\"auto, (max-width: 804px) 100vw, 804px\" \/><\/a><figcaption>dr. Bab\u00f3csa Endre pl\u00e9b\u00e1nos R\u00e1kosliget. 1950 okt\u00f3ber 3.<\/figcaption><\/figure>\n\n\n\n<div class=\"wp-block-image\"><figure class=\"aligncenter size-large\"><a href=\"http:\/\/rakosliget.hu\/wordpress\/wp-content\/uploads\/2020\/11\/csovezetek_viz.jpg\"><img loading=\"lazy\" decoding=\"async\" width=\"440\" height=\"152\" src=\"http:\/\/rakosliget.hu\/wordpress\/wp-content\/uploads\/2020\/11\/csovezetek_viz.jpg\" alt=\"\" class=\"wp-image-8089\" srcset=\"https:\/\/rakosliget.hu\/wordpress\/wp-content\/uploads\/2020\/11\/csovezetek_viz.jpg 440w, https:\/\/rakosliget.hu\/wordpress\/wp-content\/uploads\/2020\/11\/csovezetek_viz-300x104.jpg 300w\" sizes=\"auto, (max-width: 440px) 100vw, 440px\" \/><\/a><figcaption>1950. december 3.<\/figcaption><\/figure><\/div>\n\n\n\n<h2 class=\"wp-block-heading\" id=\"1951\">1951<\/h2>\n\n\n\n<div class=\"wp-block-image\"><figure class=\"aligncenter size-large\"><img loading=\"lazy\" decoding=\"async\" width=\"338\" height=\"1024\" src=\"http:\/\/rakosliget.hu\/wordpress\/wp-content\/uploads\/2019\/12\/tanacs-338x1024.jpg\" alt=\"\" class=\"wp-image-3677\" srcset=\"https:\/\/rakosliget.hu\/wordpress\/wp-content\/uploads\/2019\/12\/tanacs-338x1024.jpg 338w, https:\/\/rakosliget.hu\/wordpress\/wp-content\/uploads\/2019\/12\/tanacs-99x300.jpg 99w, https:\/\/rakosliget.hu\/wordpress\/wp-content\/uploads\/2019\/12\/tanacs-768x2329.jpg 768w, https:\/\/rakosliget.hu\/wordpress\/wp-content\/uploads\/2019\/12\/tanacs.jpg 816w\" sizes=\"auto, (max-width: 338px) 100vw, 338px\" \/><figcaption>1950. febru\u00e1r 9. 5. oldal<\/figcaption><\/figure><\/div>\n","protected":false},"excerpt":{"rendered":"<p>Az oldal friss\u00edtve: 2020.11.24. Ugr\u00e1s \u00e9vk\u00f6rre: 1950 1951 1950 1950. janu\u00e1r 1. vas\u00e1rnap 5. oldal 1951<\/p>\n","protected":false},"author":1,"featured_media":8087,"parent":0,"menu_order":0,"comment_status":"closed","ping_status":"closed","template":"","meta":{"footnotes":""},"class_list":["post-3661","page","type-page","status-publish","has-post-thumbnail","hentry"],"_links":{"self":[{"href":"https:\/\/rakosliget.hu\/wordpress\/index.php\/wp-json\/wp\/v2\/pages\/3661","targetHints":{"allow":["GET"]}}],"collection":[{"href":"https:\/\/rakosliget.hu\/wordpress\/index.php\/wp-json\/wp\/v2\/pages"}],"about":[{"href":"https:\/\/rakosliget.hu\/wordpress\/index.php\/wp-json\/wp\/v2\/types\/page"}],"author":[{"embeddable":true,"href":"https:\/\/rakosliget.hu\/wordpress\/index.php\/wp-json\/wp\/v2\/users\/1"}],"replies":[{"embeddable":true,"href":"https:\/\/rakosliget.hu\/wordpress\/index.php\/wp-json\/wp\/v2\/comments?post=3661"}],"version-history":[{"count":16,"href":"https:\/\/rakosliget.hu\/wordpress\/index.php\/wp-json\/wp\/v2\/pages\/3661\/revisions"}],"predecessor-version":[{"id":8101,"href":"https:\/\/rakosliget.hu\/wordpress\/index.php\/wp-json\/wp\/v2\/pages\/3661\/revisions\/8101"}],"wp:featuredmedia":[{"embeddable":true,"href":"https:\/\/rakosliget.hu\/wordpress\/index.php\/wp-json\/wp\/v2\/media\/8087"}],"wp:attachment":[{"href":"https:\/\/rakosliget.hu\/wordpress\/index.php\/wp-json\/wp\/v2\/media?parent=3661"}],"curies":[{"name":"wp","href":"https:\/\/api.w.org\/{rel}","templated":true}]}}