{"id":365,"date":"2018-03-08T05:54:48","date_gmt":"2018-03-08T04:54:48","guid":{"rendered":"http:\/\/rakosliget.hu\/wordpress\/?page_id=365"},"modified":"2025-05-17T12:15:19","modified_gmt":"2025-05-17T11:15:19","slug":"nyomdak-rakosligeten","status":"publish","type":"page","link":"https:\/\/rakosliget.hu\/wordpress\/index.php\/nyomdak-rakosligeten\/","title":{"rendered":"Nyomd\u00e1k R\u00e1kosligeten"},"content":{"rendered":"<h2 align=\"center\">Nyomd\u00e1k R\u00e1kosligeten:<\/h2>\n<h5>1.) Heifeld Jen\u0151 k\u00f6nyvnyomda 1931 &#8211; 1944 k\u00f6z\u00f6tt m\u0171k\u00f6d\u00f6tt.<\/h5>\n<p align=\"center\"><img loading=\"lazy\" decoding=\"async\" src=\"http:\/\/rakosliget.hu\/kep\/Heifeld nyomda adatai_1943.jpg\" width=\"600\" height=\"149\" \/><\/p>\n<p align=\"center\">Forr\u00e1s: Nyomd\u00e1sz \u00e9vk\u00f6nyv \u00e9s utikalauz 1943.<\/p>\n<p align=\"left\"><strong>HEIFELD JEN\u0150<\/strong> (1889. 02.01. Domony &#8211; 1944 j\u00fanius Auschwitz) [Apja: Heifeld S\u00e1muel, anyja: Schweitzer Roz\u00e1lia] nyomd\u00e1sz.<\/p>\n<p align=\"left\"><span data-canvas-width=\"86.11981040937249\"> \u00c1ltala nyomtatott k\u00f6nyvek: <\/span><\/p>\n<p align=\"left\"><span data-canvas-width=\"86.11981040937249\">K\u00d6LT\u0150K<\/span><span data-canvas-width=\"88.41456549417963\"> ALBUMA.<\/span><span data-canvas-width=\"96.09203683251043\"> Huszonegy<\/span><span data-canvas-width=\"214.5256217640722\"> k\u00f6lt\u0151 k\u00f6ltem\u00e9nye. A ma<\/span><span data-canvas-width=\"410.83374491516304\">gyarorsz\u00e1gi fiatal k\u00f6lt\u0151k verseib\u0151l \u00f6ssze\u00e1ll. Vir\u00e1g<\/span><span data-canvas-width=\"45.21830838019571\"> Gel<\/span><span data-canvas-width=\"476.36722282790225\">l\u00e9rt. (R\u00e1koscsaba), 1942, (Fel. kiad\u00f3 Vir\u00e1g Gell\u00e9rt, Hei<\/span><span data-canvas-width=\"124.31346313493135\">feld Jen\u0151 ny., <\/span><span data-canvas-width=\"81.96197183948291\">R\u00e1kosliget<\/span><span data-canvas-width=\"127.29726737947753\">). 28 p. 2 5 cm.<br \/><\/span><span data-canvas-width=\"31.93213632372745\"> \/A <\/span><span data-canvas-width=\"66.9152065177006\">magyar<\/span><span data-canvas-width=\"41.196624877457594\"> k\u00f6l<\/span><span data-canvas-width=\"66.87043945057907\">t\u00e9szet \u00faj<\/span><span data-canvas-width=\"85.04893427632646\"> mesterei.<\/span><span data-canvas-width=\"16.05631705898196\"> \/<br \/><\/span><span data-canvas-width=\"187.38705960409376\">Bag\u00f3 Dezs\u0151, Csendesn\u00e9<\/span><span data-canvas-width=\"69.77307051171559\"> Kalinay<\/span><span data-canvas-width=\"53.283394173624224\"> Anna,<\/span><span data-canvas-width=\"133.71212704012927\"> [D\u00e1rdai Erzs\u00e9<\/span><span data-canvas-width=\"301.22685869647194\">bet] Komandingern\u00e9 D\u00e1rdai Erzs\u00e9bet,<\/span><span data-canvas-width=\"78.54745439057966\"> szamosi<\/span><span data-canvas-width=\"59.426902095340715\"> Feh\u00e9r <\/span><span data-canvas-width=\"58.60887776640633\">Ferenc,<\/span><span data-canvas-width=\"46.083844272077094\"> Kiss<\/span><span data-canvas-width=\"186.3424086533801\"> Andr\u00e1s, Kov\u00e1cs Jen\u0151,<\/span><span data-canvas-width=\"73.85277888416078\"> Lakatos<\/span><span data-canvas-width=\"69.5762509539456\"> J\u00f3zsef, <\/span><span data-canvas-width=\"16.991338228476533\">ifj.<br \/><\/span><span data-canvas-width=\"102.08859402477783\"> Loschinger <\/span><span data-canvas-width=\"63.12989977682019\">J\u00f3zsef,<\/span><span data-canvas-width=\"267.9944993239968\"> ifj. Luk\u00e1cs Istv\u00e1n, Mikus Cs\u00f6<\/span><span data-canvas-width=\"25.95334655534609\">m\u00f6r<\/span><span data-canvas-width=\"80.67146182122872\"> Julianna,<\/span><span data-canvas-width=\"258.2412291327768\"> P\u00e1lffy K\u00e1roly, Pint\u00e9r K\u00e1lm\u00e1n,<\/span><span data-canvas-width=\"78.19144116725022\"> bodrogi <\/span><span data-canvas-width=\"49.936232234850536\">Radies <\/span><span data-canvas-width=\"62.45469571918487\">J\u00f3zsef,<\/span><span data-canvas-width=\"263.288778068947\"> T\u00f3th Ir\u00e9n, vir\u00e1gszigeti T\u00fcnd\u00e9r<\/span><span data-canvas-width=\"58.82834707867255\"> Ilona, <\/span><span data-canvas-width=\"43.21259501211959\">Veres<\/span><span data-canvas-width=\"68.87827774575815\"> Andr\u00e1s,<\/span><span data-canvas-width=\"63.35289127273544\"> csabai<\/span><span data-canvas-width=\"272.0181625424186\"> Vill\u00e1m Istv\u00e1n, Vioth Istv\u00e1n, Vi<\/span><span data-canvas-width=\"408.3275410288177\">r\u00e1g Gell\u00e9rt, Zoboki Istv\u00e1n, ifj. Z\u00f3ka Gy\u0151ri J\u00f3zsef<\/span><span data-canvas-width=\"45.52958841906816\"> ver<\/span><span data-canvas-width=\"53.44072913301614\">seivel.<br \/><\/span><\/p>\n<h5>2.) Baross Nyomda 1911. (Ez azonos lehet a Boros Nyomd\u00e1val ?) <a href=\"http:\/\/typographia.oszk.hu\/html_clavis\/hun\/presslek.php?azon=2165\">Forr\u00e1s<\/a><\/h5>\n<h5>\u00a0Boros Regina Nyomda 1910 &#8211; 1930 <br \/>Boros Ign\u00e1c (Boros Ign\u00e1cn\u00e9 sz.: L\u00e1ng Regina izraelita 1879 (Eger) &#8211; ?. <br \/>1923-ban perbe fogt\u00e1k a Tan\u00e1csk\u00f6zt\u00e1rsas\u00e1g idej\u00e9n tan\u00fas\u00edtott magatart\u00e1s\u00e1\u00e9rt kommunista \u00fczelmekkel volt v\u00e1dolva.)<\/h5>\n<p><em>Forr\u00e1s: Mell\u00e9klet a \u00abMagyar K\u00f6nyvszemle* 1911. \u00e9vfolyam\u00e1hoz.<\/em><\/p>\n<p>A nyomda munk\u00e1ib\u00f3l:<\/p>\n<ul>\n<li><a href=\"https:\/\/rakosliget.hu\/wordpress\/wp-content\/uploads\/2023\/03\/Untitled-1.jpg\"> <img loading=\"lazy\" decoding=\"async\" class=\"alignnone size-medium wp-image-11207\" src=\"https:\/\/rakosliget.hu\/wordpress\/wp-content\/uploads\/2023\/03\/Untitled-1-300x53.jpg\" alt=\"\" width=\"300\" height=\"53\" srcset=\"https:\/\/rakosliget.hu\/wordpress\/wp-content\/uploads\/2023\/03\/Untitled-1-300x53.jpg 300w, https:\/\/rakosliget.hu\/wordpress\/wp-content\/uploads\/2023\/03\/Untitled-1.jpg 568w\" sizes=\"auto, (max-width: 300px) 100vw, 300px\" \/><\/a><br \/>Orsz\u00e1gos V\u00e1s\u00e1ri Lap, Landes Marktblatt<\/li>\n<\/ul>\n<ul>\n<li><a href=\"https:\/\/rakosliget.hu\/wordpress\/wp-content\/uploads\/2023\/03\/Untitled-2.jpg\"><img loading=\"lazy\" decoding=\"async\" class=\"alignnone size-medium wp-image-11209\" src=\"https:\/\/rakosliget.hu\/wordpress\/wp-content\/uploads\/2023\/03\/Untitled-2-300x28.jpg\" alt=\"\" width=\"300\" height=\"28\" srcset=\"https:\/\/rakosliget.hu\/wordpress\/wp-content\/uploads\/2023\/03\/Untitled-2-300x28.jpg 300w, https:\/\/rakosliget.hu\/wordpress\/wp-content\/uploads\/2023\/03\/Untitled-2.jpg 557w\" sizes=\"auto, (max-width: 300px) 100vw, 300px\" \/><\/a><br \/>A Szovjet, R\u00e1koscsaba<\/li>\n<\/ul>\n<ul>\n<li><a href=\"https:\/\/rakosliget.hu\/wordpress\/wp-content\/uploads\/2023\/03\/Untitled-3.jpg\"><img loading=\"lazy\" decoding=\"async\" class=\"alignnone size-medium wp-image-11211\" src=\"https:\/\/rakosliget.hu\/wordpress\/wp-content\/uploads\/2023\/03\/Untitled-3-300x52.jpg\" alt=\"\" width=\"300\" height=\"52\" srcset=\"https:\/\/rakosliget.hu\/wordpress\/wp-content\/uploads\/2023\/03\/Untitled-3-300x52.jpg 300w, https:\/\/rakosliget.hu\/wordpress\/wp-content\/uploads\/2023\/03\/Untitled-3.jpg 588w\" sizes=\"auto, (max-width: 300px) 100vw, 300px\" \/><\/a><br \/>R\u00e1kosvid\u00e9ki H\u00edrlap<\/li>\n<\/ul>\n<ul>\n<li><a href=\"https:\/\/rakosliget.hu\/wordpress\/wp-content\/uploads\/2023\/03\/Untitled-4.jpg\"><img loading=\"lazy\" decoding=\"async\" class=\"alignnone size-medium wp-image-11212\" src=\"https:\/\/rakosliget.hu\/wordpress\/wp-content\/uploads\/2023\/03\/Untitled-4-300x52.jpg\" alt=\"\" width=\"300\" height=\"52\" srcset=\"https:\/\/rakosliget.hu\/wordpress\/wp-content\/uploads\/2023\/03\/Untitled-4-300x52.jpg 300w, https:\/\/rakosliget.hu\/wordpress\/wp-content\/uploads\/2023\/03\/Untitled-4.jpg 589w\" sizes=\"auto, (max-width: 300px) 100vw, 300px\" \/><\/a><br \/>Evang\u00e9likus \u0150r\u00e1ll\u00f3<\/li>\n<\/ul>\n\n\n<p><em>Forr\u00e1s: Magyarorsz\u00e1g id\u0151szaki sajt\u00f3ja 1911-t\u0151l 1920-ig &#8211; 2. &#8211; MEK<\/em><\/p>\n\n\n\n<p>Stojanovits Jen\u0151n\u00e9 zeneconservatorium\u00e1nak \u00e9vk\u00f6nyve az 1911\/12. tan\u00e9vr\u0151l. 2. \u00e9vf. Szerk.:&nbsp;<em>Stojanovits<\/em>&nbsp;Jen\u0151n\u00e9.&nbsp;<strong><mark>R\u00e1kosliget<\/mark>, 1912.<\/strong>&nbsp;<strong>Boros ny.<\/strong>&nbsp;11<\/p>\n\n\n\n<p><strong>G\u00e1l J\u00f3zsa.<\/strong>&nbsp;K\u00e1rm\u00e1n st\u00edlus\u00e1r\u00f3l.&nbsp;(8-r. 46 l.)&nbsp;<strong><mark>R\u00e1kosliget<\/mark>,(\u00e9. n.)&nbsp;Boros ny.<\/strong><\/p>\n\n\n\n<p><strong>Elek&nbsp;Ilona.<\/strong>&nbsp;M\u00f3ricz Zsigmond st\u00edlusa \u00e9s nyelve.&nbsp;<strong><mark>R\u00e1kosliget<\/mark>, 1911.<\/strong>&nbsp;<strong>Boros kny.<\/strong>&nbsp;72 l.<\/p>\n\n\n\n<p><strong>Bob\u00e1l&nbsp;Samu.<\/strong>&nbsp;A vas\u00e1rnapi iskola \u00e9s a gyermekistentisztelet.&nbsp;<strong><mark>R\u00e1kosliget<\/mark>, 1913.Boros.<\/strong>&nbsp;44 [4] l.<\/p>\n\n\n\n<p><strong>P\u00e9terfy Tam\u00e1s.&nbsp;<\/strong>K\u00e9t legenda. Szaval\u00f3k r\u00e9sz\u00e9re.&nbsp;(8-r. 14 l.)&nbsp;<strong><mark>R\u00e1kosliget<\/mark>, \u00e9. n.&nbsp;Boros ny.<\/strong><\/p>\n\n\n\n<p><strong>Veress J\u00f3zsef.<\/strong>&nbsp;A karsztjelens\u00e9gek \u00e9s Magyarorsz\u00e1g karsztvid\u00e9kei. B\u00f6lcs\u00e9szetdokt. \u00e9rtek.&nbsp;<strong><mark>R\u00e1kosliget<\/mark>, 1918.<\/strong>&nbsp;<strong>Boros ny.<\/strong>&nbsp;111 l.<\/p>\n\n\n\n<p><strong>Hajdu&nbsp;J\u00f3zsef, bog\u00e1ti.<\/strong>&nbsp;Az \u00fat kezdet\u00e9n. (Versek.)&nbsp;<strong><mark>R\u00e1kosliget<\/mark>, 1913.Boros ny.Bp.,K\u00f3kai biz.<\/strong>&nbsp;[4] 79 [1] l.<\/p>\n\n\n\n<p>Az  \u00e1g. ev. f\u0151gimn\u00e1zium Arany J\u00e1nos-k\u00f6r\u00e9nek bet\u0171rendes k\u00f6nyvt\u00e1rjegyz\u00e9ke.&nbsp;<strong><mark>R\u00e1kosliget<\/mark>, 1913.Boros J.<\/strong>&nbsp;73, [1] l.<\/p>\n\n\n\n<p><strong>Zsilinszky Mih\u00e1ly.<\/strong>&nbsp;Az orsz\u00e1gos egyh\u00e1zi alapok \u00e9s alap\u00edtv\u00e1nyok k\u00e9rd\u00e9s\u00e9hez. Kiadja az Evang. \u00d6n\u00e1ll\u00f3 szerk.&nbsp;<strong><mark>R\u00e1kosliget<\/mark>, 1914.<\/strong>&nbsp;<strong>K\u00f3kai biz.<\/strong>&nbsp;28 l.&nbsp;<strong>\u2013.60<\/strong><\/p>\n\n\n\n<p><strong>\u00dcnnep\u00e9lyes<\/strong>&nbsp;istentiszteleti besz\u00e9d \u00e9s im\u00e1k, amelyek az 1913. dec. 8-\u00e1n a budapesti De\u00e1k-t\u00e9ri templomban tartott istentiszteleten hangzottak el.&nbsp;<em>Pr\u00f3nay&nbsp;<\/em>Dezs\u0151: Eln\u00f6ki megnyit\u00f3k.&nbsp;<strong><mark>R\u00e1kosliget<\/mark>. 1914.<\/strong>&nbsp;<strong>Boros ny.<\/strong>&nbsp;44 l.<\/p>\n\n\n\n<p><em>Forr\u00e1s: <strong>MAGYAR K\u00d6NYV\u00c9SZET 1712\u20131920<\/strong> Arcanum adatb\u00e1zis<\/em><\/p>\n\n\n<div class=\"wp-block-image\">\n<figure class=\"aligncenter size-full\"><img loading=\"lazy\" decoding=\"async\" width=\"300\" height=\"500\" src=\"https:\/\/rakosliget.hu\/wordpress\/wp-content\/uploads\/2025\/05\/covers_316180.jpg\" alt=\"\" class=\"wp-image-17873\" srcset=\"https:\/\/rakosliget.hu\/wordpress\/wp-content\/uploads\/2025\/05\/covers_316180.jpg 300w, https:\/\/rakosliget.hu\/wordpress\/wp-content\/uploads\/2025\/05\/covers_316180-180x300.jpg 180w\" sizes=\"auto, (max-width: 300px) 100vw, 300px\" \/><\/figure>\n<\/div>\n\n\n<p>Lorber Jakab: A gyermek J\u00e9zus (..Jakab evang\u00e9liuma&#8221;, amely ..a gr\u00e1ci l\u00e1tnok, Lorber Jakab \u00fatj\u00e1n adatott&#8221;). Kiadja az \u00daj-S\u00e1lem Iratok ford\u00edt\u00f3ja Honi Ede. R\u00e1kosligeten, \u00e9.n. (1924 \u00e9s 1939.). Lorber Jakab (1800-1864) a salemita szekta alap\u00edt\u00f3ja, pr\u00f3f\u00e9t\u00e1ja.<\/p>\n\n\n\n<p><a href=\"http:\/\/typographia.oszk.hu\/html_clavis\/hun\/egyszeru.php\">Forr\u00e1s a nyomd\u00e1kr\u00f3l. OSZK<\/a><\/p>\n","protected":false},"excerpt":{"rendered":"<p>Nyomd\u00e1k R\u00e1kosligeten: 1.) Heifeld Jen\u0151 k\u00f6nyvnyomda 1931 &#8211; 1944 k\u00f6z\u00f6tt m\u0171k\u00f6d\u00f6tt. Forr\u00e1s: Nyomd\u00e1sz \u00e9vk\u00f6nyv \u00e9s utikalauz 1943. HEIFELD JEN\u0150 (1889. 02.01. Domony &#8211; 1944 j\u00fanius Auschwitz) [Apja: Heifeld S\u00e1muel, anyja: Schweitzer Roz\u00e1lia] nyomd\u00e1sz. \u00c1ltala nyomtatott k\u00f6nyvek: K\u00d6LT\u0150K ALBUMA. Huszonegy k\u00f6lt\u0151 k\u00f6ltem\u00e9nye. A magyarorsz\u00e1gi fiatal k\u00f6lt\u0151k verseib\u0151l \u00f6ssze\u00e1ll. Vir\u00e1g Gell\u00e9rt. (R\u00e1koscsaba), 1942, (Fel. kiad\u00f3 Vir\u00e1g Gell\u00e9rt, &hellip; <a href=\"https:\/\/rakosliget.hu\/wordpress\/index.php\/nyomdak-rakosligeten\/\" class=\"more-link\"><span class=\"screen-reader-text\">Nyomd\u00e1k R\u00e1kosligeten<\/span> r\u00e9szletei&#8230;<\/a><\/p>\n","protected":false},"author":1,"featured_media":0,"parent":0,"menu_order":0,"comment_status":"closed","ping_status":"closed","template":"","meta":{"footnotes":""},"class_list":["post-365","page","type-page","status-publish","hentry"],"_links":{"self":[{"href":"https:\/\/rakosliget.hu\/wordpress\/index.php\/wp-json\/wp\/v2\/pages\/365","targetHints":{"allow":["GET"]}}],"collection":[{"href":"https:\/\/rakosliget.hu\/wordpress\/index.php\/wp-json\/wp\/v2\/pages"}],"about":[{"href":"https:\/\/rakosliget.hu\/wordpress\/index.php\/wp-json\/wp\/v2\/types\/page"}],"author":[{"embeddable":true,"href":"https:\/\/rakosliget.hu\/wordpress\/index.php\/wp-json\/wp\/v2\/users\/1"}],"replies":[{"embeddable":true,"href":"https:\/\/rakosliget.hu\/wordpress\/index.php\/wp-json\/wp\/v2\/comments?post=365"}],"version-history":[{"count":19,"href":"https:\/\/rakosliget.hu\/wordpress\/index.php\/wp-json\/wp\/v2\/pages\/365\/revisions"}],"predecessor-version":[{"id":17874,"href":"https:\/\/rakosliget.hu\/wordpress\/index.php\/wp-json\/wp\/v2\/pages\/365\/revisions\/17874"}],"wp:attachment":[{"href":"https:\/\/rakosliget.hu\/wordpress\/index.php\/wp-json\/wp\/v2\/media?parent=365"}],"curies":[{"name":"wp","href":"https:\/\/api.w.org\/{rel}","templated":true}]}}