{"id":3362,"date":"2019-12-23T08:14:04","date_gmt":"2019-12-23T07:14:04","guid":{"rendered":"http:\/\/rakosliget.hu\/wordpress\/?page_id=3362"},"modified":"2019-12-23T08:15:21","modified_gmt":"2019-12-23T07:15:21","slug":"nemzeti-egyseg-part-magyar-elet-mozgalom","status":"publish","type":"page","link":"https:\/\/rakosliget.hu\/wordpress\/index.php\/nemzeti-egyseg-part-magyar-elet-mozgalom\/","title":{"rendered":"Nemzeti Egys\u00e9g P\u00e1rt &#8211;  Magyar \u00c9let Mozgalom"},"content":{"rendered":"<p>1939-ben bontott z\u00e1szl\u00f3t vit\u00e9z Imr\u00e9dy B\u00e9la minisztereln\u00f6k mozgalma. Ehhez csatlakozott 1939. janu\u00e1rj\u00e1ban R\u00e1kosliget is.<\/p>\n<p>&nbsp;<\/p>\n\n\n<div class=\"wp-block-image\"><figure class=\"aligncenter size-large\"><img loading=\"lazy\" decoding=\"async\" width=\"486\" height=\"916\" src=\"http:\/\/rakosliget.hu\/wordpress\/wp-content\/uploads\/2019\/12\/magyar-elet.jpg\" alt=\"\" class=\"wp-image-3364\" srcset=\"https:\/\/rakosliget.hu\/wordpress\/wp-content\/uploads\/2019\/12\/magyar-elet.jpg 486w, https:\/\/rakosliget.hu\/wordpress\/wp-content\/uploads\/2019\/12\/magyar-elet-159x300.jpg 159w\" sizes=\"auto, (max-width: 486px) 100vw, 486px\" \/><figcaption>BUDAPEST H\u00cdRLAP 1939. JANU\u00c1R 15, VAS\u00c1RNAP 3. oldal<\/figcaption><\/figure><\/div>\n","protected":false},"excerpt":{"rendered":"<p>1939-ben bontott z\u00e1szl\u00f3t vit\u00e9z Imr\u00e9dy B\u00e9la minisztereln\u00f6k mozgalma. Ehhez csatlakozott 1939. janu\u00e1rj\u00e1ban R\u00e1kosliget is. &nbsp;<\/p>\n","protected":false},"author":1,"featured_media":0,"parent":0,"menu_order":0,"comment_status":"closed","ping_status":"closed","template":"","meta":{"footnotes":""},"class_list":["post-3362","page","type-page","status-publish","hentry"],"_links":{"self":[{"href":"https:\/\/rakosliget.hu\/wordpress\/index.php\/wp-json\/wp\/v2\/pages\/3362","targetHints":{"allow":["GET"]}}],"collection":[{"href":"https:\/\/rakosliget.hu\/wordpress\/index.php\/wp-json\/wp\/v2\/pages"}],"about":[{"href":"https:\/\/rakosliget.hu\/wordpress\/index.php\/wp-json\/wp\/v2\/types\/page"}],"author":[{"embeddable":true,"href":"https:\/\/rakosliget.hu\/wordpress\/index.php\/wp-json\/wp\/v2\/users\/1"}],"replies":[{"embeddable":true,"href":"https:\/\/rakosliget.hu\/wordpress\/index.php\/wp-json\/wp\/v2\/comments?post=3362"}],"version-history":[{"count":2,"href":"https:\/\/rakosliget.hu\/wordpress\/index.php\/wp-json\/wp\/v2\/pages\/3362\/revisions"}],"predecessor-version":[{"id":3365,"href":"https:\/\/rakosliget.hu\/wordpress\/index.php\/wp-json\/wp\/v2\/pages\/3362\/revisions\/3365"}],"wp:attachment":[{"href":"https:\/\/rakosliget.hu\/wordpress\/index.php\/wp-json\/wp\/v2\/media?parent=3362"}],"curies":[{"name":"wp","href":"https:\/\/api.w.org\/{rel}","templated":true}]}}