{"id":3359,"date":"2019-12-23T07:57:32","date_gmt":"2019-12-23T06:57:32","guid":{"rendered":"http:\/\/rakosliget.hu\/wordpress\/?page_id=3359"},"modified":"2020-01-29T04:50:08","modified_gmt":"2020-01-29T03:50:08","slug":"partok","status":"publish","type":"page","link":"https:\/\/rakosliget.hu\/wordpress\/index.php\/partok\/","title":{"rendered":"P\u00c1RTOK"},"content":{"rendered":"\n<h2 class=\"wp-block-heading\">1901<\/h2>\n\n\n\n<figure class=\"wp-block-image size-large\"><img loading=\"lazy\" decoding=\"async\" width=\"672\" height=\"401\" src=\"http:\/\/rakosliget.hu\/wordpress\/wp-content\/uploads\/2020\/01\/Szabadelvu-partjelolt-1901.jpg\" alt=\"\" class=\"wp-image-4387\" srcset=\"https:\/\/rakosliget.hu\/wordpress\/wp-content\/uploads\/2020\/01\/Szabadelvu-partjelolt-1901.jpg 672w, https:\/\/rakosliget.hu\/wordpress\/wp-content\/uploads\/2020\/01\/Szabadelvu-partjelolt-1901-300x179.jpg 300w\" sizes=\"auto, (max-width: 672px) 100vw, 672px\" \/><figcaption>Szabadelv\u0171 P\u00e1rt jel\u00f6lt<br>R\u00e1kos Vid\u00e9ke  19. sz\u00e1m 1901. szeptember 15.  <\/figcaption><\/figure>\n\n\n\n<h2 class=\"wp-block-heading\">1905<\/h2>\n\n\n\n<div class=\"wp-block-image\"><figure class=\"aligncenter size-large\"><img loading=\"lazy\" decoding=\"async\" width=\"680\" height=\"166\" src=\"http:\/\/rakosliget.hu\/wordpress\/wp-content\/uploads\/2020\/01\/uj-takarekpenztar-1905.jpg\" alt=\"\" class=\"wp-image-4363\" srcset=\"https:\/\/rakosliget.hu\/wordpress\/wp-content\/uploads\/2020\/01\/uj-takarekpenztar-1905.jpg 680w, https:\/\/rakosliget.hu\/wordpress\/wp-content\/uploads\/2020\/01\/uj-takarekpenztar-1905-300x73.jpg 300w\" sizes=\"auto, (max-width: 680px) 100vw, 680px\" \/><figcaption>\u00daj takar\u00e9kp\u00e9nzt\u00e1r alakul R\u00e1kosligeten<br>R\u00e1kos Vid\u00e9ke    9. sz\u00e1m 1905. febru\u00e1r 26.<\/figcaption><\/figure><\/div>\n\n\n\n<div class=\"wp-block-image\"><figure class=\"aligncenter size-large\"><img loading=\"lazy\" decoding=\"async\" width=\"684\" height=\"210\" src=\"http:\/\/rakosliget.hu\/wordpress\/wp-content\/uploads\/2020\/01\/kozs\u00e9gg\u00e9-alakul-1905.jpg\" alt=\"\" class=\"wp-image-4365\" srcset=\"https:\/\/rakosliget.hu\/wordpress\/wp-content\/uploads\/2020\/01\/kozs\u00e9gg\u00e9-alakul-1905.jpg 684w, https:\/\/rakosliget.hu\/wordpress\/wp-content\/uploads\/2020\/01\/kozs\u00e9gg\u00e9-alakul-1905-300x92.jpg 300w\" sizes=\"auto, (max-width: 684px) 100vw, 684px\" \/><figcaption>K\u00f6zs\u00e9gg\u00e9 alakul\u00e1s<br>R\u00e1kos Vid\u00e9ke  22. sz\u00e1m 1905. m\u00e1rcius 05.  <\/figcaption><\/figure><\/div>\n\n\n\n<figure class=\"wp-block-image size-large\"><img loading=\"lazy\" decoding=\"async\" width=\"663\" height=\"560\" src=\"http:\/\/rakosliget.hu\/wordpress\/wp-content\/uploads\/2020\/01\/sporttelep-1905-1.jpg\" alt=\"\" class=\"wp-image-4367\" srcset=\"https:\/\/rakosliget.hu\/wordpress\/wp-content\/uploads\/2020\/01\/sporttelep-1905-1.jpg 663w, https:\/\/rakosliget.hu\/wordpress\/wp-content\/uploads\/2020\/01\/sporttelep-1905-1-300x253.jpg 300w\" sizes=\"auto, (max-width: 663px) 100vw, 663px\" \/><figcaption>Sporttelep<br>R\u00e1kos Vid\u00e9ke  1905. m\u00e1rcius 5.<\/figcaption><\/figure>\n\n\n\n<h2 class=\"wp-block-heading\">1906<\/h2>\n\n\n\n<div class=\"wp-block-image\"><figure class=\"aligncenter size-large\"><img loading=\"lazy\" decoding=\"async\" width=\"672\" height=\"163\" src=\"http:\/\/rakosliget.hu\/wordpress\/wp-content\/uploads\/2020\/01\/R\u00e1kosliget-alakul-1906.jpg\" alt=\"\" class=\"wp-image-4359\" srcset=\"https:\/\/rakosliget.hu\/wordpress\/wp-content\/uploads\/2020\/01\/R\u00e1kosliget-alakul-1906.jpg 672w, https:\/\/rakosliget.hu\/wordpress\/wp-content\/uploads\/2020\/01\/R\u00e1kosliget-alakul-1906-300x73.jpg 300w\" sizes=\"auto, (max-width: 672px) 100vw, 672px\" \/><figcaption>R\u00e1kosliget \u00f6n\u00e1ll\u00f3 nagyk\u00f6zs\u00e9gg\u00e9 alakul<br>R\u00e1kos Vid\u00e9ke  40. sz\u00e1m 1906. okt\u00f3ber 07.  <\/figcaption><\/figure><\/div>\n\n\n\n<div class=\"wp-block-image\"><figure class=\"aligncenter size-large\"><img loading=\"lazy\" decoding=\"async\" width=\"669\" height=\"345\" src=\"http:\/\/rakosliget.hu\/wordpress\/wp-content\/uploads\/2020\/01\/HEV-l\u00f3vas\u00fat1906.jpg\" alt=\"\" class=\"wp-image-4361\" srcset=\"https:\/\/rakosliget.hu\/wordpress\/wp-content\/uploads\/2020\/01\/HEV-l\u00f3vas\u00fat1906.jpg 669w, https:\/\/rakosliget.hu\/wordpress\/wp-content\/uploads\/2020\/01\/HEV-l\u00f3vas\u00fat1906-300x155.jpg 300w\" sizes=\"auto, (max-width: 669px) 100vw, 669px\" \/><figcaption>R\u00e1kosszentmih\u00e1ly-R\u00e1kosliget vas\u00fat terve<br>R\u00e1kos Vid\u00e9ke  46. sz\u00e1m 1906. november 18.  <\/figcaption><\/figure><\/div>\n\n\n\n<h2 class=\"wp-block-heading\">1907<\/h2>\n\n\n\n<figure class=\"wp-block-image size-large\"><img loading=\"lazy\" decoding=\"async\" width=\"678\" height=\"219\" src=\"http:\/\/rakosliget.hu\/wordpress\/wp-content\/uploads\/2020\/01\/megybizotts\u00e1gi-tag-valasztaa-1907-1.jpg\" alt=\"\" class=\"wp-image-4357\" srcset=\"https:\/\/rakosliget.hu\/wordpress\/wp-content\/uploads\/2020\/01\/megybizotts\u00e1gi-tag-valasztaa-1907-1.jpg 678w, https:\/\/rakosliget.hu\/wordpress\/wp-content\/uploads\/2020\/01\/megybizotts\u00e1gi-tag-valasztaa-1907-1-300x97.jpg 300w\" sizes=\"auto, (max-width: 678px) 100vw, 678px\" \/><figcaption>Megyebizotts\u00e1gi tag v\u00e1laszt\u00e1s<br>R\u00e1kos Vid\u00e9ke  46. sz\u00e1m 1907. november 17.  <\/figcaption><\/figure>\n\n\n\n<h2 class=\"wp-block-heading\">1910<\/h2>\n\n\n\n<figure class=\"wp-block-image size-large\"><img loading=\"lazy\" decoding=\"async\" width=\"678\" height=\"219\" src=\"http:\/\/rakosliget.hu\/wordpress\/wp-content\/uploads\/2020\/01\/megybizotts\u00e1gi-tag-valasztaa-1907.jpg\" alt=\"\" class=\"wp-image-4294\" srcset=\"https:\/\/rakosliget.hu\/wordpress\/wp-content\/uploads\/2020\/01\/megybizotts\u00e1gi-tag-valasztaa-1907.jpg 678w, https:\/\/rakosliget.hu\/wordpress\/wp-content\/uploads\/2020\/01\/megybizotts\u00e1gi-tag-valasztaa-1907-300x97.jpg 300w\" sizes=\"auto, (max-width: 678px) 100vw, 678px\" \/><figcaption>Megyebizotts\u00e1gi tagok megv\u00e1laszt\u00e1sa<br>R\u00e1kos Vid\u00e9ke  47. sz\u00e1m 1910. november 20.  <\/figcaption><\/figure>\n\n\n\n<h2 class=\"wp-block-heading\">1912<\/h2>\n\n\n\n<figure class=\"wp-block-image size-large\"><img loading=\"lazy\" decoding=\"async\" width=\"673\" height=\"398\" src=\"http:\/\/rakosliget.hu\/wordpress\/wp-content\/uploads\/2020\/01\/valasztok-szama-1912.jpg\" alt=\"\" class=\"wp-image-4239\" srcset=\"https:\/\/rakosliget.hu\/wordpress\/wp-content\/uploads\/2020\/01\/valasztok-szama-1912.jpg 673w, https:\/\/rakosliget.hu\/wordpress\/wp-content\/uploads\/2020\/01\/valasztok-szama-1912-300x177.jpg 300w\" sizes=\"auto, (max-width: 673px) 100vw, 673px\" \/><figcaption>A v\u00e1laszt\u00e1sra jogosultak sz\u00e1ma R\u00e1kosligeten: 302 f\u0151.<br>R\u00e1kos Vid\u00e9ke  5. sz\u00e1m 1912. febru\u00e1r 04.  <\/figcaption><\/figure>\n\n\n\n<figure class=\"wp-block-image size-large\"><img loading=\"lazy\" decoding=\"async\" width=\"647\" height=\"369\" src=\"http:\/\/rakosliget.hu\/wordpress\/wp-content\/uploads\/2020\/01\/valasztas-osszeirok-1912.jpg\" alt=\"\" class=\"wp-image-4241\" srcset=\"https:\/\/rakosliget.hu\/wordpress\/wp-content\/uploads\/2020\/01\/valasztas-osszeirok-1912.jpg 647w, https:\/\/rakosliget.hu\/wordpress\/wp-content\/uploads\/2020\/01\/valasztas-osszeirok-1912-300x171.jpg 300w\" sizes=\"auto, (max-width: 647px) 100vw, 647px\" \/><figcaption>N\u00e9vjegyz\u00e9k \u00f6ssze\u00e1ll\u00edt\u00f3 bizotts\u00e1g.<br> R\u00e1kos Vid\u00e9ke  5. sz\u00e1m 1912. febru\u00e1r 18.  <\/figcaption><\/figure>\n\n\n\n<h2 class=\"wp-block-heading\">1913<\/h2>\n\n\n\n<figure class=\"wp-block-image size-large\"><img loading=\"lazy\" decoding=\"async\" width=\"659\" height=\"196\" src=\"http:\/\/rakosliget.hu\/wordpress\/wp-content\/uploads\/2020\/01\/valasztokerulet-1913.jpg\" alt=\"\" class=\"wp-image-4237\" srcset=\"https:\/\/rakosliget.hu\/wordpress\/wp-content\/uploads\/2020\/01\/valasztokerulet-1913.jpg 659w, https:\/\/rakosliget.hu\/wordpress\/wp-content\/uploads\/2020\/01\/valasztokerulet-1913-300x89.jpg 300w\" sizes=\"auto, (max-width: 659px) 100vw, 659px\" \/><figcaption>A g\u00f6d\u00f6ll\u0151i v\u00e1laszt\u00f3ker\u00fclet<br>R\u00e1kos Vid\u00e9ke  40. sz\u00e1m 1913. okt\u00f3ber 05.  <\/figcaption><\/figure>\n\n\n\n<h2 class=\"wp-block-heading\">1914<\/h2>\n\n\n\n<div class=\"wp-block-image\"><figure class=\"aligncenter size-large\"><img loading=\"lazy\" decoding=\"async\" width=\"654\" height=\"587\" src=\"http:\/\/rakosliget.hu\/wordpress\/wp-content\/uploads\/2020\/01\/valasztokeruletek-beosztasa-1914.jpg\" alt=\"\" class=\"wp-image-4217\" srcset=\"https:\/\/rakosliget.hu\/wordpress\/wp-content\/uploads\/2020\/01\/valasztokeruletek-beosztasa-1914.jpg 654w, https:\/\/rakosliget.hu\/wordpress\/wp-content\/uploads\/2020\/01\/valasztokeruletek-beosztasa-1914-300x269.jpg 300w\" sizes=\"auto, (max-width: 654px) 100vw, 654px\" \/><figcaption>R\u00e1kosliget \u00faj v\u00e1laszt\u00f3ker\u00fcletbe sorol\u00e1sa. A g\u00f6d\u00f6ll\u0151i ker\u00fcletb\u0151l az \u00f6n\u00e1ll\u00f3 cinkotai v\u00e1laszt\u00f3ker\u00fclethez ker\u00fcl.<br>R\u00e1kos Vid\u00e9ke 6. sz\u00e1m 1914. febru\u00e1r 8.<\/figcaption><\/figure><\/div>\n\n\n\n<h2 class=\"wp-block-heading\">1922<\/h2>\n\n\n\n<div class=\"wp-block-image\"><figure class=\"aligncenter size-large\"><img loading=\"lazy\" decoding=\"async\" width=\"409\" height=\"315\" src=\"http:\/\/rakosliget.hu\/wordpress\/wp-content\/uploads\/2020\/01\/valasztasi-harcok.jpg\" alt=\"\" class=\"wp-image-4510\" srcset=\"https:\/\/rakosliget.hu\/wordpress\/wp-content\/uploads\/2020\/01\/valasztasi-harcok.jpg 409w, https:\/\/rakosliget.hu\/wordpress\/wp-content\/uploads\/2020\/01\/valasztasi-harcok-300x231.jpg 300w\" sizes=\"auto, (max-width: 409px) 100vw, 409px\" \/><figcaption>Politikai csat\u00e1roz\u00e1sok R\u00e1kosligeten<br>1922. m\u00e1jus 20.<\/figcaption><\/figure><\/div>\n\n\n\n<div class=\"wp-block-image\"><figure class=\"aligncenter size-large\"><img loading=\"lazy\" decoding=\"async\" width=\"839\" height=\"811\" src=\"http:\/\/rakosliget.hu\/wordpress\/wp-content\/uploads\/2020\/01\/valasztasok-1922.jpg\" alt=\"\" class=\"wp-image-4505\" srcset=\"https:\/\/rakosliget.hu\/wordpress\/wp-content\/uploads\/2020\/01\/valasztasok-1922.jpg 839w, https:\/\/rakosliget.hu\/wordpress\/wp-content\/uploads\/2020\/01\/valasztasok-1922-300x290.jpg 300w, https:\/\/rakosliget.hu\/wordpress\/wp-content\/uploads\/2020\/01\/valasztasok-1922-768x742.jpg 768w\" sizes=\"auto, (max-width: 839px) 100vw, 839px\" \/><\/figure><\/div>\n\n\n\n<h2 class=\"wp-block-heading\"> 1939 <\/h2>\n\n\n<p>Magyar \u00c9let Mozgalom <\/p>\n\n\n<p><\/p>\n","protected":false},"excerpt":{"rendered":"<p>1901 1905 1906 1907 1910 1912 1913 1914 1922 1939 Magyar \u00c9let Mozgalom<\/p>\n","protected":false},"author":1,"featured_media":0,"parent":0,"menu_order":0,"comment_status":"closed","ping_status":"closed","template":"","meta":{"footnotes":""},"class_list":["post-3359","page","type-page","status-publish","hentry"],"_links":{"self":[{"href":"https:\/\/rakosliget.hu\/wordpress\/index.php\/wp-json\/wp\/v2\/pages\/3359","targetHints":{"allow":["GET"]}}],"collection":[{"href":"https:\/\/rakosliget.hu\/wordpress\/index.php\/wp-json\/wp\/v2\/pages"}],"about":[{"href":"https:\/\/rakosliget.hu\/wordpress\/index.php\/wp-json\/wp\/v2\/types\/page"}],"author":[{"embeddable":true,"href":"https:\/\/rakosliget.hu\/wordpress\/index.php\/wp-json\/wp\/v2\/users\/1"}],"replies":[{"embeddable":true,"href":"https:\/\/rakosliget.hu\/wordpress\/index.php\/wp-json\/wp\/v2\/comments?post=3359"}],"version-history":[{"count":15,"href":"https:\/\/rakosliget.hu\/wordpress\/index.php\/wp-json\/wp\/v2\/pages\/3359\/revisions"}],"predecessor-version":[{"id":4512,"href":"https:\/\/rakosliget.hu\/wordpress\/index.php\/wp-json\/wp\/v2\/pages\/3359\/revisions\/4512"}],"wp:attachment":[{"href":"https:\/\/rakosliget.hu\/wordpress\/index.php\/wp-json\/wp\/v2\/media?parent=3359"}],"curies":[{"name":"wp","href":"https:\/\/api.w.org\/{rel}","templated":true}]}}