{"id":3342,"date":"2019-12-23T07:26:30","date_gmt":"2019-12-23T06:26:30","guid":{"rendered":"http:\/\/rakosliget.hu\/wordpress\/?page_id=3342"},"modified":"2026-01-16T19:50:37","modified_gmt":"2026-01-16T18:50:37","slug":"reformatus-templom","status":"publish","type":"page","link":"https:\/\/rakosliget.hu\/wordpress\/index.php\/reformatus-templom\/","title":{"rendered":"REFORM\u00c1TUS TEMPLOM"},"content":{"rendered":"\n<h3 class=\"wp-block-heading\"><a href=\"https:\/\/rakosliget.hu\/wordpress\/index.php\/egyhazak-rakosligeten\/\">VISSZA AZ EGYH\u00c1ZAK LAPRA<\/a><\/h3>\n\n\n\n<p><strong>R\u00e1kosligeten szolg\u00e1l\u00f3 lelk\u00e9szek:<\/strong><\/p>\n\n\n\n<p> T\u00f6r\u0151 Lajos R\u00e1koscsab\u00e1r\u00f3l<\/p>\n\n\n\n<p>Sz\u00e1nth\u00f3 G\u00e9za R\u00e1koscsab\u00e1r\u00f3l<\/p>\n\n\n\n<p><em>1903 -t\u00f3l le\u00e1nyegyh\u00e1zk\u00e9nt m\u0171k\u00f6dik tov\u00e1bb.<\/em><\/p>\n\n\n\n<p><em>1<strong>916 el\u0151tt helyettes lelk\u00e9szek:<\/strong><\/em><\/p>\n\n\n\n<p>Arany Guszt\u00e1v,<\/p>\n\n\n\n<p>Keresztessy S\u00e1muel,<\/p>\n\n\n\n<p>Nagy Ferenc,<\/p>\n\n\n\n<p>Szinok Zolt\u00e1n,<\/p>\n\n\n\n<p>dr. Hars\u00e1nyi P\u00e1l,<\/p>\n\n\n\n<p><em>1<strong>916 ut\u00e1n rendes lelk\u00e9szek:<\/strong><\/em><\/p>\n\n\n\n<p>Papp \u00c1kos 1916 &#8211; 1918<\/p>\n\n\n\n<p>Zeley Zolt\u00e1n 1918 &#8211; 1919<\/p>\n\n\n\n<p>Batta \u00c1rp\u00e1d 1920 &#8211; 1939<\/p>\n\n\n\n<p>Szombathy Gyula<\/p>\n\n\n\n<p>Szab\u00f3 Lajos<\/p>\n\n\n\n<p> F\u00fclep Be\u00e1ta&nbsp; <\/p>\n\n\n<hr>\n\n\n<p> Az egyh\u00e1zk\u00f6zs\u00e9g <a href=\"http:\/\/rakosliget.hu\/wordpress\/wp-content\/uploads\/2020\/11\/Borbely-Ferenc-tanito-1904.jpg\">1904<\/a>-ben templom\u00e9p\u00edt\u00e9s c\u00e9lj\u00e1ra egy 480 n\u00e9gysz\u00f6g\u00f6les  telket v\u00e1s\u00e1rolt, ahol kicsi alapter\u00fclet\u0171 \u00e1tmeneti imahelyet emeltek. <\/p>\n\n\n\n<p> 1904 \u00e9s 1905 k\u00f6z\u00f6tt sz\u00e1mos helyis\u00e9gben folyt gy\u0171jt\u00e9s a fel\u00e9p\u00edtend\u0151  r\u00e1kosligeti reform\u00e1tus templom jav\u00e1ra, \u00edgy 1904 m\u00e1jus\u00e1ban Cegl\u00e9den,  1905-ben \u00c1t\u00e1nyban, Tiszan\u00e1n\u00e1n, Asz\u00f3don, H\u00e9vizgy\u00f6rk\u00f6n, J\u00e1szkis\u00e9ren, a  tisz\u00e1nt\u00fali T\u00f6r\u00f6kszentmikl\u00f3son \u00e9s Kenderesen, tov\u00e1bb\u00e1 Tiszabur\u00e1n \u00e9s  Tiszaroffon, Miskolcon, Mez\u0151keresztesen, Gelejen, Mez\u0151cs\u00e1ton,  Tiszatarj\u00e1nban, Sz\u00e9kesfeh\u00e9rv\u00e1ron, Szabadbatty\u00e1nban, legv\u00e9g\u00fcl  Leps\u00e9nyben.&nbsp;A gy\u0171jt\u00e9seket az egyh\u00e1zk\u00f6zs\u00e9g akkori gondnoka, M\u00e1rta Gy\u00f6rgy  posta f\u0151tan\u00e1csos szervezte. <\/p>\n\n\n<div class=\"wp-block-image\">\n<figure class=\"aligncenter size-large\"><img loading=\"lazy\" decoding=\"async\" width=\"682\" height=\"204\" src=\"http:\/\/rakosliget.hu\/wordpress\/wp-content\/uploads\/2020\/01\/reform\u00e1tus-1907.jpg\" alt=\"\" class=\"wp-image-4351\" srcset=\"https:\/\/rakosliget.hu\/wordpress\/wp-content\/uploads\/2020\/01\/reform\u00e1tus-1907.jpg 682w, https:\/\/rakosliget.hu\/wordpress\/wp-content\/uploads\/2020\/01\/reform\u00e1tus-1907-300x90.jpg 300w\" sizes=\"auto, (max-width: 682px) 100vw, 682px\" \/><figcaption class=\"wp-element-caption\">R\u00e1kos Vid\u00e9ke  37. sz\u00e1m 1907. szeptember 15.  <\/figcaption><\/figure>\n<\/div>\n\n\n<p> Az 1907. j\u00fanius 16-\u00e1n tartott presbiteri gy\u0171l\u00e9sr\u0151l sz\u00f3l\u00f3 jegyz\u0151k\u00f6nyv a  templom\u00e9p\u00edt\u00e9s szempontj\u00e1b\u00f3l egy \u00f6r\u00f6mteli esem\u00e9nyr\u0151l sz\u00e1molt be. J\u00fanius  elej\u00e9n a gondnok \u00e9s a p\u00e9nzt\u00e1ros a r\u00e1koscsabai otthon\u00e1ban felkereste  Bog\u00e1ti Hajd\u00fa Imre t\u00f6rv\u00e9nysz\u00e9ki b\u00edr\u00f3 feles\u00e9g\u00e9t, akit siker\u00fclt a  \u201eR\u00e1kosligeti Ev. Ref. Misszi\u00f3i Egyh\u00e1zk\u00f6zs\u00e9g&#8221; v\u00e9dn\u00f6kn\u0151j\u00e9\u00fcl megnyerni. <\/p>\n\n\n\n<p> Bog\u00e1ti Hajd\u00fa Imr\u00e9n\u00e9, az egyh\u00e1zk\u00f6zs\u00e9g v\u00e9dn\u00f6kn\u0151j\u00e9nek gy\u0171jt\u00e9s\u00e9b\u0151l 1908-ban egy 219 kg-os harangot \u00f6ntettek.&nbsp;  A harangot Egry Ferenc \u00f6nt\u00f6tte Kisgej\u0151c\u00f6n, Ung v\u00e1rmegy\u00e9ben (ma Mal\u00ed  Hejivci, Ukrajna).&nbsp;1908. m\u00e1jus 31-\u00e9n szentelt\u00e9k fel a harangot, az  istentiszteletet k\u00f6vet\u0151en, a presbit\u00e9rium d\u00f6nt\u00e9se alapj\u00e1n a Sport-club  telephely\u00e9n a templom\u00e9p\u00edt\u00e9st t\u00e1mogat\u00f3 sportversennyel \u00f6sszek\u00f6t\u00f6tt  maj\u00e1list rendeztek.&nbsp; <\/p>\n\n\n<div class=\"wp-block-image\">\n<figure class=\"aligncenter size-large\"><img loading=\"lazy\" decoding=\"async\" width=\"660\" height=\"158\" src=\"http:\/\/rakosliget.hu\/wordpress\/wp-content\/uploads\/2020\/01\/reform\u00e1tus-rszentmih\u00e1ly-rliget-1907.jpg\" alt=\"\" class=\"wp-image-4344\" srcset=\"https:\/\/rakosliget.hu\/wordpress\/wp-content\/uploads\/2020\/01\/reform\u00e1tus-rszentmih\u00e1ly-rliget-1907.jpg 660w, https:\/\/rakosliget.hu\/wordpress\/wp-content\/uploads\/2020\/01\/reform\u00e1tus-rszentmih\u00e1ly-rliget-1907-300x72.jpg 300w\" sizes=\"auto, (max-width: 660px) 100vw, 660px\" \/><figcaption class=\"wp-element-caption\">R\u00e1kos Vid\u00e9ke  16. sz\u00e1m 1907. \u00e1prilis 21.  <\/figcaption><\/figure>\n<\/div>\n\n\n<p>A templomtelken, az \u00f6sszefog\u00e1snak k\u00f6sz\u00f6nhet\u0151en 1910-ben \u00e9p\u00fclt meg az \nideiglenesnek sz\u00e1nt imah\u00e1z, amelyet Sztanek P\u00e1l r\u00e1kosligeti \u00e9p\u00edt\u00e9sz \ntervezett. Az \u00e9p\u00edtkez\u00e9shez a K\u0151b\u00e1nyai G\u0151z-T\u00e9glagy\u00e1r k\u00e9tezer, a Lechner \nR\u00e1kosi T\u00e9glagy\u00e1r ezer t\u00e9gl\u00e1t aj\u00e1nd\u00e9kozott. A barokkos megform\u00e1l\u00e1s\u00fa \nhomlokzattal d\u00edsz\u00edtett imah\u00e1z \u00e9p\u00edt\u00e9s\u00e9nek kivitelez\u00e9s\u00e9t a tervez\u0151 Sztanek\n P\u00e1l fel\u00fcgyelte.<\/p>\n\n\n\n<figure class=\"wp-block-image size-large\"><img loading=\"lazy\" decoding=\"async\" width=\"678\" height=\"137\" src=\"http:\/\/rakosliget.hu\/wordpress\/wp-content\/uploads\/2020\/01\/ref-templom-iskola-1910.jpg\" alt=\"\" class=\"wp-image-4274\" srcset=\"https:\/\/rakosliget.hu\/wordpress\/wp-content\/uploads\/2020\/01\/ref-templom-iskola-1910.jpg 678w, https:\/\/rakosliget.hu\/wordpress\/wp-content\/uploads\/2020\/01\/ref-templom-iskola-1910-300x61.jpg 300w\" sizes=\"auto, (max-width: 678px) 100vw, 678px\" \/><figcaption class=\"wp-element-caption\">R\u00e1kos Vid\u00e9ke   27. sz\u00e1m 1910. j\u00fanius 05. <\/figcaption><\/figure>\n\n\n\n<p>Az ezt k\u00f6vet\u0151en istentiszteleti helyk\u00e9nt szolg\u00e1l\u00f3 imah\u00e1z  felszentel\u00e9s\u00e9t M\u00e1dy Lajos esperes v\u00e9gezte. Az \u00fcnnepi esem\u00e9ny \u00f6r\u00f6mteli  id\u0151pontja 1910. november 6-\u00e1ra esett. A felszentel\u00e9si \u00fcnneps\u00e9gen  megjelent Noszk\u00f3 Istv\u00e1n r\u00e1koskereszt\u00fari evang\u00e9likus lelk\u00e9sz, valamint a  r\u00e1kosligeti katolikus, evang\u00e9likus egyh\u00e1zk\u00f6zs\u00e9gek, illetve a zsid\u00f3  hitk\u00f6zs\u00e9g vil\u00e1gi k\u00e9pvisel\u0151i.<\/p>\n\n\n\n<p> 1915-ben lett R\u00e1kosliget \u00f6n\u00e1ll\u00f3 anyaegyh\u00e1zk\u00f6zs\u00e9gg\u00e9.&nbsp;Az 1940-es \u00e9vek  elej\u00e9n az imah\u00e1z \u00e9p\u00fclet\u00e9t mag\u00e1ba foglal\u00f3, nagyszab\u00e1s\u00fa templomterv  k\u00e9sz\u00fclt, de a m\u00e1sodik vil\u00e1gh\u00e1bor\u00fa neh\u00e9z \u00e9veiben csak egy harminc  n\u00e9gyzetm\u00e9teres irodahelyis\u00e9g \u00e9s egy szoba-komfortos egyh\u00e1zfi-lak\u00e1s  k\u00e9sz\u00fclt el.&nbsp;1958-ban k\u00e9sz\u00fclt el az imah\u00e1zzal egybe\u00e9p\u00fclt, tizenhat m\u00e9ter  magas harangtorony. Szint\u00e9n ebben az id\u0151ben alak\u00edtott\u00e1k \u00e1t a  homlokzatot, ami h\u00e1romsz\u00f6g\u0171 lez\u00e1r\u00e1st kapott, ez\u00e1ltal templomform\u00e1t nyert  az \u00e9p\u00fclet.&nbsp; <br> Millisits M\u00e1t\u00e9 nyom\u00e1n<\/p>\n\n\n\n\t<!-- CSS Part Start From Here-->\n\t<style>\n\t\t.all-images {\n\t\t\tpadding-top: 10px !important;\n\t\t\tpadding-bottom: 15px !important;\n\t\t}\n\n\t\t#image_gallery_1709 .thumbnail {\n\t\t\twidth: 100% !important;\n\t\t\theight: auto !important;\n\t\t\tborder-radius: 0px;\n\t\t\t\/*background: transparent url('https:\/\/rakosliget.hu\/wordpress\/wp-content\/plugins\/new-image-gallery\/include\/assets\/img\/loading.gif') center no-repeat !important;*\/\n\t\t\tmargin-bottom: 20px !important;\n\t\t}\n\n\t\t\t\t.item-title {\n\t\t\tbackground-color: rgba(0, 0, 0, 0.5);\n\t\t\tbottom: 45px;\n\t\t\tcolor: #FFFFFF;\n\t\t\tdisplay: block;\n\t\t\tfont-weight: 300;\n\t\t\tleft: 2rem;\n\t\t\tpadding: 8px;\n\t\t\tposition: absolute;\n\t\t\tright: 2rem;\n\t\t\ttext-align: center;\n\t\t\ttext-transform: capitalize;\n\t\t}\n\n\t\t\t<\/style>\n\t<div id=\"image_gallery_1709\" class=\"row all-images-1709\">\n\t\t\t\t\t\t<div class=\"single-image-1709 col-lg-3 col-md-3 col-sm-4 col-xs-6\">\n\t\t\t\t\t<a href=\"https:\/\/rakosliget.hu\/wordpress\/wp-content\/uploads\/2018\/10\/DSCN0034_.jpg\" data-lightbox=\"lightbox-1709\" data-gallery=\"gallery-1709\" data-title=\"Reform\u00e1tus templom\">\n\t\t\t\t\t\t<img decoding=\"async\" class=\"thumbnail hvr-float-shadow\" src=\"https:\/\/rakosliget.hu\/wordpress\/wp-content\/uploads\/2018\/10\/DSCN0034_-150x150.jpg\" alt=\"Reform\u00e1tus templom\">\n\t\t\t\t\t\t\t\t\t\t\t<\/a>\n\t\t\t\t<\/div>\n\t\t\t\t\t\t<div class=\"single-image-1709 col-lg-3 col-md-3 col-sm-4 col-xs-6\">\n\t\t\t\t\t<a href=\"https:\/\/rakosliget.hu\/wordpress\/wp-content\/uploads\/2018\/10\/6805-Rakosliget-reformatus-templom.jpg\" data-lightbox=\"lightbox-1709\" data-gallery=\"gallery-1709\" data-title=\"R\u00e1kosliget reform\u00e1tus templom\">\n\t\t\t\t\t\t<img decoding=\"async\" class=\"thumbnail hvr-float-shadow\" src=\"https:\/\/rakosliget.hu\/wordpress\/wp-content\/uploads\/2018\/10\/6805-Rakosliget-reformatus-templom-150x150.jpg\" alt=\"R\u00e1kosliget reform\u00e1tus templom\">\n\t\t\t\t\t\t\t\t\t\t\t<\/a>\n\t\t\t\t<\/div>\n\t\t\t\t\t\t<div class=\"single-image-1709 col-lg-3 col-md-3 col-sm-4 col-xs-6\">\n\t\t\t\t\t<a href=\"https:\/\/rakosliget.hu\/wordpress\/wp-content\/uploads\/2018\/10\/rliget-templomepito.jpg\" data-lightbox=\"lightbox-1709\" data-gallery=\"gallery-1709\" data-title=\"Templom\u00e9pit\u0151 jegy\">\n\t\t\t\t\t\t<img decoding=\"async\" class=\"thumbnail hvr-float-shadow\" src=\"https:\/\/rakosliget.hu\/wordpress\/wp-content\/uploads\/2018\/10\/rliget-templomepito-150x150.jpg\" alt=\"Templom\u00e9pit\u0151 jegy\">\n\t\t\t\t\t\t\t\t\t\t\t<\/a>\n\t\t\t\t<\/div>\n\t\t\t\t\t\t<div class=\"single-image-1709 col-lg-3 col-md-3 col-sm-4 col-xs-6\">\n\t\t\t\t\t<a href=\"https:\/\/rakosliget.hu\/wordpress\/wp-content\/uploads\/2018\/10\/refi.jpg\" data-lightbox=\"lightbox-1709\" data-gallery=\"gallery-1709\" data-title=\"Reform\u00e1tus templom\">\n\t\t\t\t\t\t<img decoding=\"async\" class=\"thumbnail hvr-float-shadow\" src=\"https:\/\/rakosliget.hu\/wordpress\/wp-content\/uploads\/2018\/10\/refi-150x150.jpg\" alt=\"Reform\u00e1tus templom\">\n\t\t\t\t\t\t\t\t\t\t\t<\/a>\n\t\t\t\t<\/div>\n\t\t\t\t\t\t<div class=\"single-image-1709 col-lg-3 col-md-3 col-sm-4 col-xs-6\">\n\t\t\t\t\t<a href=\"https:\/\/rakosliget.hu\/wordpress\/wp-content\/uploads\/2018\/10\/DSCN0035.jpg\" data-lightbox=\"lightbox-1709\" data-gallery=\"gallery-1709\" data-title=\"Reform\u00e1tus templom\">\n\t\t\t\t\t\t<img decoding=\"async\" class=\"thumbnail hvr-float-shadow\" src=\"https:\/\/rakosliget.hu\/wordpress\/wp-content\/uploads\/2018\/10\/DSCN0035-150x150.jpg\" alt=\"Reform\u00e1tus templom\">\n\t\t\t\t\t\t\t\t\t\t\t<\/a>\n\t\t\t\t<\/div>\n\t\t\t<\/div>\n<script>\n\tjQuery(document).ready(function() {\n\t\t\/\/ Method 1 - Initialize Isotope, then trigger layout after each image loads.\n\t\tvar $grid = jQuery('.all-images-1709').isotope({\n\t\t\t\/\/ options...\n\t\t\titemSelector: '.single-image-1709',\n\t\t});\n\t\t\/\/ layout Isotope after each image loads\n\t\t$grid.imagesLoaded().progress(function() {\n\t\t\t$grid.isotope('layout');\n\t\t});\n\n\n\t\tlightbox.option({\n\t\t\t'wrapAround': false,\n\t\t})\n\n\t\tjQuery(document).on('click', '[data-toggle=\"lightbox-1709\"]', function(event) {\n\t\t\tevent.preventDefault();\n\t\t\tjQuery(this).ekkoLightbox();\n\t\t});\n\t});\n<\/script>\n\n\n<div class=\"wp-block-image\">\n<figure class=\"aligncenter size-large\"><img loading=\"lazy\" decoding=\"async\" width=\"465\" height=\"631\" src=\"http:\/\/rakosliget.hu\/wordpress\/wp-content\/uploads\/2019\/12\/ravasz-puspok.jpg\" alt=\"\" class=\"wp-image-3345\" srcset=\"https:\/\/rakosliget.hu\/wordpress\/wp-content\/uploads\/2019\/12\/ravasz-puspok.jpg 465w, https:\/\/rakosliget.hu\/wordpress\/wp-content\/uploads\/2019\/12\/ravasz-puspok-221x300.jpg 221w\" sizes=\"auto, (max-width: 465px) 100vw, 465px\" \/><figcaption class=\"wp-element-caption\">Budapesti H\u00edrlap 1928. okt\u00f3ber 2. (223. sz\u00e1m) 10. oldal<\/figcaption><\/figure>\n<\/div>\n\n\n<p><a href=\"https:\/\/rakosliget.hu\/wordpress\/index.php\/egyhazak-rakosligeten\/\">VISSZA AZ EGYH\u00c1ZAK LAPRA<\/a><\/p>\n","protected":false},"excerpt":{"rendered":"<p>VISSZA AZ EGYH\u00c1ZAK LAPRA R\u00e1kosligeten szolg\u00e1l\u00f3 lelk\u00e9szek: T\u00f6r\u0151 Lajos R\u00e1koscsab\u00e1r\u00f3l Sz\u00e1nth\u00f3 G\u00e9za R\u00e1koscsab\u00e1r\u00f3l 1903 -t\u00f3l le\u00e1nyegyh\u00e1zk\u00e9nt m\u0171k\u00f6dik tov\u00e1bb. 1916 el\u0151tt helyettes lelk\u00e9szek: Arany Guszt\u00e1v, Keresztessy S\u00e1muel, Nagy Ferenc, Szinok Zolt\u00e1n, dr. Hars\u00e1nyi P\u00e1l, 1916 ut\u00e1n rendes lelk\u00e9szek: Papp \u00c1kos 1916 &#8211; 1918 Zeley Zolt\u00e1n 1918 &#8211; 1919 Batta \u00c1rp\u00e1d 1920 &#8211; 1939 Szombathy Gyula Szab\u00f3 &hellip; <a href=\"https:\/\/rakosliget.hu\/wordpress\/index.php\/image_gallery\/rakosligeti-reformatus-templom-kepei\/\" class=\"more-link\"><span class=\"screen-reader-text\">R\u00e1kosligeti reform\u00e1tus templom k\u00e9pei<\/span> r\u00e9szletei&#8230;<\/a><\/p>\n","protected":false},"author":1,"featured_media":0,"parent":0,"menu_order":0,"comment_status":"closed","ping_status":"closed","template":"","meta":{"footnotes":""},"class_list":["post-3342","page","type-page","status-publish","hentry"],"_links":{"self":[{"href":"https:\/\/rakosliget.hu\/wordpress\/index.php\/wp-json\/wp\/v2\/pages\/3342","targetHints":{"allow":["GET"]}}],"collection":[{"href":"https:\/\/rakosliget.hu\/wordpress\/index.php\/wp-json\/wp\/v2\/pages"}],"about":[{"href":"https:\/\/rakosliget.hu\/wordpress\/index.php\/wp-json\/wp\/v2\/types\/page"}],"author":[{"embeddable":true,"href":"https:\/\/rakosliget.hu\/wordpress\/index.php\/wp-json\/wp\/v2\/users\/1"}],"replies":[{"embeddable":true,"href":"https:\/\/rakosliget.hu\/wordpress\/index.php\/wp-json\/wp\/v2\/comments?post=3342"}],"version-history":[{"count":15,"href":"https:\/\/rakosliget.hu\/wordpress\/index.php\/wp-json\/wp\/v2\/pages\/3342\/revisions"}],"predecessor-version":[{"id":21766,"href":"https:\/\/rakosliget.hu\/wordpress\/index.php\/wp-json\/wp\/v2\/pages\/3342\/revisions\/21766"}],"wp:attachment":[{"href":"https:\/\/rakosliget.hu\/wordpress\/index.php\/wp-json\/wp\/v2\/media?parent=3342"}],"curies":[{"name":"wp","href":"https:\/\/api.w.org\/{rel}","templated":true}]}}