{"id":3307,"date":"2019-12-23T05:52:12","date_gmt":"2019-12-23T04:52:12","guid":{"rendered":"http:\/\/rakosliget.hu\/wordpress\/?page_id=3307"},"modified":"2020-11-14T18:53:43","modified_gmt":"2020-11-14T17:53:43","slug":"muveszet-balok-osszejovetelek","status":"publish","type":"page","link":"https:\/\/rakosliget.hu\/wordpress\/index.php\/muveszet-balok-osszejovetelek\/","title":{"rendered":"M\u0171v\u00e9szet , b\u00e1lok, \u00f6sszej\u00f6vetelek"},"content":{"rendered":"\n<h2 class=\"wp-block-heading\">1909<\/h2>\n\n\n\n<div class=\"wp-block-image\"><figure class=\"aligncenter size-large\"><a href=\"http:\/\/rakosliget.hu\/wordpress\/wp-content\/uploads\/2020\/11\/polgari-kor-1911.jpg\"><img loading=\"lazy\" decoding=\"async\" width=\"607\" height=\"195\" src=\"http:\/\/rakosliget.hu\/wordpress\/wp-content\/uploads\/2020\/11\/polgari-kor-1911.jpg\" alt=\"\" class=\"wp-image-6822\" srcset=\"https:\/\/rakosliget.hu\/wordpress\/wp-content\/uploads\/2020\/11\/polgari-kor-1911.jpg 607w, https:\/\/rakosliget.hu\/wordpress\/wp-content\/uploads\/2020\/11\/polgari-kor-1911-300x96.jpg 300w\" sizes=\"auto, (max-width: 607px) 100vw, 607px\" \/><\/a><figcaption>1909. j\u00falius 13. Budapesti H\u00edrlap<\/figcaption><\/figure><\/div>\n\n\n<h4>1911<\/h4>\n<p>\u00a0<\/p>\n\n\n<div class=\"wp-block-image\"><figure class=\"aligncenter size-large\"><img loading=\"lazy\" decoding=\"async\" width=\"612\" height=\"271\" src=\"http:\/\/rakosliget.hu\/wordpress\/wp-content\/uploads\/2019\/12\/muveszest1911.jpg\" alt=\"\" class=\"wp-image-3309\" srcset=\"https:\/\/rakosliget.hu\/wordpress\/wp-content\/uploads\/2019\/12\/muveszest1911.jpg 612w, https:\/\/rakosliget.hu\/wordpress\/wp-content\/uploads\/2019\/12\/muveszest1911-300x133.jpg 300w\" sizes=\"auto, (max-width: 612px) 100vw, 612px\" \/><figcaption>BUDAPESTI H\u00cdRLAP (61. sz.)  1911. m\u00e1rcius 12. 14. oldal<\/figcaption><\/figure><\/div>\n\n\n\n<h2 class=\"wp-block-heading\">1912<\/h2>\n\n\n\n<div class=\"wp-block-image\"><figure class=\"aligncenter size-large\"><img loading=\"lazy\" decoding=\"async\" width=\"595\" height=\"487\" src=\"http:\/\/rakosliget.hu\/wordpress\/wp-content\/uploads\/2020\/11\/Giccs-eloadas-1912-november-12.jpg\" alt=\"\" class=\"wp-image-5926\" srcset=\"https:\/\/rakosliget.hu\/wordpress\/wp-content\/uploads\/2020\/11\/Giccs-eloadas-1912-november-12.jpg 595w, https:\/\/rakosliget.hu\/wordpress\/wp-content\/uploads\/2020\/11\/Giccs-eloadas-1912-november-12-300x246.jpg 300w\" sizes=\"auto, (max-width: 595px) 100vw, 595px\" \/><figcaption>Giccs m\u0171v\u00e9szt\u00e1rsas\u00e1g. 1912. november 12. Az Ujs\u00e1g<\/figcaption><\/figure><\/div>\n","protected":false},"excerpt":{"rendered":"<p>1909 1911 \u00a0 1912<\/p>\n","protected":false},"author":1,"featured_media":0,"parent":0,"menu_order":0,"comment_status":"closed","ping_status":"closed","template":"","meta":{"footnotes":""},"class_list":["post-3307","page","type-page","status-publish","hentry"],"_links":{"self":[{"href":"https:\/\/rakosliget.hu\/wordpress\/index.php\/wp-json\/wp\/v2\/pages\/3307","targetHints":{"allow":["GET"]}}],"collection":[{"href":"https:\/\/rakosliget.hu\/wordpress\/index.php\/wp-json\/wp\/v2\/pages"}],"about":[{"href":"https:\/\/rakosliget.hu\/wordpress\/index.php\/wp-json\/wp\/v2\/types\/page"}],"author":[{"embeddable":true,"href":"https:\/\/rakosliget.hu\/wordpress\/index.php\/wp-json\/wp\/v2\/users\/1"}],"replies":[{"embeddable":true,"href":"https:\/\/rakosliget.hu\/wordpress\/index.php\/wp-json\/wp\/v2\/comments?post=3307"}],"version-history":[{"count":4,"href":"https:\/\/rakosliget.hu\/wordpress\/index.php\/wp-json\/wp\/v2\/pages\/3307\/revisions"}],"predecessor-version":[{"id":6823,"href":"https:\/\/rakosliget.hu\/wordpress\/index.php\/wp-json\/wp\/v2\/pages\/3307\/revisions\/6823"}],"wp:attachment":[{"href":"https:\/\/rakosliget.hu\/wordpress\/index.php\/wp-json\/wp\/v2\/media?parent=3307"}],"curies":[{"name":"wp","href":"https:\/\/api.w.org\/{rel}","templated":true}]}}