{"id":3253,"date":"2019-12-22T06:15:21","date_gmt":"2019-12-22T05:15:21","guid":{"rendered":"http:\/\/rakosliget.hu\/wordpress\/?page_id=3253"},"modified":"2026-02-06T12:11:59","modified_gmt":"2026-02-06T11:11:59","slug":"voroskereszt","status":"publish","type":"page","link":"https:\/\/rakosliget.hu\/wordpress\/index.php\/voroskereszt\/","title":{"rendered":"V\u00d6R\u00d6SKERESZT"},"content":{"rendered":"\n<div class=\"wp-block-buttons is-content-justification-center is-layout-flex wp-container-core-buttons-is-layout-16018d1d wp-block-buttons-is-layout-flex\">\n<div class=\"wp-block-button\"><a class=\"wp-block-button__link wp-element-button\" href=\"https:\/\/rakosliget.hu\/wordpress\/index.php\/1900-1948-kozott-rakosligeten-mukodott-egyesuletek\/\">Vissza az Egyes\u00fcletek lapra<\/a><\/div>\n<\/div>\n\n\n\n<p><\/p>\n\n\n\n<p><span class=\"nameText\">Ban\u00f3 Dezs\u0151 a v\u00f6r\u00f6skereszt r\u00e1kosligeti fi\u00f3kj\u00e1nak p\u00e9nzt\u00e1rnoka<\/span><\/p>\n\n\n<div class=\"wp-block-image\">\n<figure class=\"aligncenter\"><img decoding=\"async\" src=\"http:\/\/rakosliget.hu\/alairasok\/banopenztarnok1928_.jpg\" alt=\"\"\/><\/figure>\n<\/div>\n\n\n<p><\/p>\n\n\n\n<p>Eln\u00f6k <a href=\"http:\/\/rakosliget.hu\/wordpress\/index.php\/a-gyogyszertar-tortenetebol\/\">Maderschpach Ferenc<\/a> 1914 &#8211; (?)<\/p>\n\n\n\n<p><\/p>\n\n\n\n<h2 class=\"wp-block-heading\">K\u00e9pt\u00e1r<\/h2>\n\n\n<div class=\"wp-block-image\">\n<figure class=\"aligncenter size-full\"><img loading=\"lazy\" decoding=\"async\" width=\"960\" height=\"697\" src=\"https:\/\/rakosliget.hu\/wordpress\/wp-content\/uploads\/2025\/03\/Rakosligeti-Voroskereszt_960.jpg\" alt=\"\" class=\"wp-image-17038\" srcset=\"https:\/\/rakosliget.hu\/wordpress\/wp-content\/uploads\/2025\/03\/Rakosligeti-Voroskereszt_960.jpg 960w, https:\/\/rakosliget.hu\/wordpress\/wp-content\/uploads\/2025\/03\/Rakosligeti-Voroskereszt_960-300x218.jpg 300w, https:\/\/rakosliget.hu\/wordpress\/wp-content\/uploads\/2025\/03\/Rakosligeti-Voroskereszt_960-768x558.jpg 768w\" sizes=\"auto, (max-width: 960px) 100vw, 960px\" \/><\/figure>\n<\/div>\n\n\n<figure class=\"wp-block-image size-large\"><img loading=\"lazy\" decoding=\"async\" width=\"2048\" height=\"765\" src=\"https:\/\/rakosliget.hu\/wordpress\/wp-content\/uploads\/2026\/02\/voroskereszt-2048x765.jpg\" alt=\"\" class=\"wp-image-22809\" srcset=\"https:\/\/rakosliget.hu\/wordpress\/wp-content\/uploads\/2026\/02\/voroskereszt-2048x765.jpg 2048w, https:\/\/rakosliget.hu\/wordpress\/wp-content\/uploads\/2026\/02\/voroskereszt-300x112.jpg 300w, https:\/\/rakosliget.hu\/wordpress\/wp-content\/uploads\/2026\/02\/voroskereszt-768x287.jpg 768w, https:\/\/rakosliget.hu\/wordpress\/wp-content\/uploads\/2026\/02\/voroskereszt-1536x574.jpg 1536w\" sizes=\"auto, (max-width: 2048px) 100vw, 2048px\" \/><\/figure>\n\n\n\n<h2 class=\"wp-block-heading\">1915<\/h2>\n\n\n<div class=\"wp-block-image\">\n<figure class=\"aligncenter size-large\"><img loading=\"lazy\" decoding=\"async\" width=\"673\" height=\"271\" src=\"http:\/\/rakosliget.hu\/wordpress\/wp-content\/uploads\/2020\/01\/voroskereszt-1915-1.jpg\" alt=\"\" class=\"wp-image-4205\" srcset=\"https:\/\/rakosliget.hu\/wordpress\/wp-content\/uploads\/2020\/01\/voroskereszt-1915-1.jpg 673w, https:\/\/rakosliget.hu\/wordpress\/wp-content\/uploads\/2020\/01\/voroskereszt-1915-1-300x121.jpg 300w\" sizes=\"auto, (max-width: 673px) 100vw, 673px\" \/><figcaption class=\"wp-element-caption\">J\u00f3t\u00e9konys\u00e1gi est a hadi\u00e1rv\u00e1k \u00e9s a r\u00e1kosligeti kiseg\u00edt\u0151 k\u00f3rh\u00e1z jav\u00e1ra.<br>R\u00e1kos Vid\u00e9ke  46. sz\u00e1m 1915. november 14.  <\/figcaption><\/figure>\n<\/div>\n\n\n<h2 class=\"wp-block-heading\">1916<\/h2>\n\n\n\n<figure class=\"wp-block-image size-large\"><img loading=\"lazy\" decoding=\"async\" width=\"703\" height=\"253\" src=\"http:\/\/rakosliget.hu\/wordpress\/wp-content\/uploads\/2020\/01\/v\u00f6r\u00f6skereszt-1916_1.jpg\" alt=\"\" class=\"wp-image-4163\" srcset=\"https:\/\/rakosliget.hu\/wordpress\/wp-content\/uploads\/2020\/01\/v\u00f6r\u00f6skereszt-1916_1.jpg 703w, https:\/\/rakosliget.hu\/wordpress\/wp-content\/uploads\/2020\/01\/v\u00f6r\u00f6skereszt-1916_1-300x108.jpg 300w\" sizes=\"auto, (max-width: 703px) 100vw, 703px\" \/><figcaption class=\"wp-element-caption\">R\u00e1kos Vid\u00e9ke  6. sz\u00e1m 1916. febru\u00e1r 06.  <\/figcaption><\/figure>\n\n\n\n<figure class=\"wp-block-image size-large\"><img loading=\"lazy\" decoding=\"async\" width=\"671\" height=\"589\" src=\"http:\/\/rakosliget.hu\/wordpress\/wp-content\/uploads\/2020\/01\/v\u00f6r\u00f6skereszt-1916_2.jpg\" alt=\"\" class=\"wp-image-4165\" srcset=\"https:\/\/rakosliget.hu\/wordpress\/wp-content\/uploads\/2020\/01\/v\u00f6r\u00f6skereszt-1916_2.jpg 671w, https:\/\/rakosliget.hu\/wordpress\/wp-content\/uploads\/2020\/01\/v\u00f6r\u00f6skereszt-1916_2-300x263.jpg 300w\" sizes=\"auto, (max-width: 671px) 100vw, 671px\" \/><figcaption class=\"wp-element-caption\">Maderschpach Ferenc v\u00f6r\u00f6skeresztes kit\u00fcntet\u00e9se<br>R\u00e1kos Vid\u00e9ke  32. sz\u00e1m 1916.augusztus 06.  <\/figcaption><\/figure>\n\n\n\n<div class=\"wp-block-buttons is-content-justification-center is-layout-flex wp-container-core-buttons-is-layout-16018d1d wp-block-buttons-is-layout-flex\">\n<div class=\"wp-block-button\"><a class=\"wp-block-button__link wp-element-button\" href=\"https:\/\/rakosliget.hu\/wordpress\/index.php\/1900-1948-kozott-rakosligeten-mukodott-egyesuletek\/\">Vissza az Egyes\u00fcletek lapra<\/a><\/div>\n<\/div>\n","protected":false},"excerpt":{"rendered":"<p>Ban\u00f3 Dezs\u0151 a v\u00f6r\u00f6skereszt r\u00e1kosligeti fi\u00f3kj\u00e1nak p\u00e9nzt\u00e1rnoka Eln\u00f6k Maderschpach Ferenc 1914 &#8211; (?) K\u00e9pt\u00e1r 1915 1916<\/p>\n","protected":false},"author":1,"featured_media":0,"parent":0,"menu_order":0,"comment_status":"closed","ping_status":"closed","template":"","meta":{"footnotes":""},"class_list":["post-3253","page","type-page","status-publish","hentry"],"_links":{"self":[{"href":"https:\/\/rakosliget.hu\/wordpress\/index.php\/wp-json\/wp\/v2\/pages\/3253","targetHints":{"allow":["GET"]}}],"collection":[{"href":"https:\/\/rakosliget.hu\/wordpress\/index.php\/wp-json\/wp\/v2\/pages"}],"about":[{"href":"https:\/\/rakosliget.hu\/wordpress\/index.php\/wp-json\/wp\/v2\/types\/page"}],"author":[{"embeddable":true,"href":"https:\/\/rakosliget.hu\/wordpress\/index.php\/wp-json\/wp\/v2\/users\/1"}],"replies":[{"embeddable":true,"href":"https:\/\/rakosliget.hu\/wordpress\/index.php\/wp-json\/wp\/v2\/comments?post=3253"}],"version-history":[{"count":15,"href":"https:\/\/rakosliget.hu\/wordpress\/index.php\/wp-json\/wp\/v2\/pages\/3253\/revisions"}],"predecessor-version":[{"id":22811,"href":"https:\/\/rakosliget.hu\/wordpress\/index.php\/wp-json\/wp\/v2\/pages\/3253\/revisions\/22811"}],"wp:attachment":[{"href":"https:\/\/rakosliget.hu\/wordpress\/index.php\/wp-json\/wp\/v2\/media?parent=3253"}],"curies":[{"name":"wp","href":"https:\/\/api.w.org\/{rel}","templated":true}]}}