{"id":31,"date":"2017-12-10T05:51:06","date_gmt":"2017-12-10T05:51:06","guid":{"rendered":"http:\/\/rakosliget.hu\/wordpress\/?page_id=31"},"modified":"2026-03-22T18:37:53","modified_gmt":"2026-03-22T17:37:53","slug":"hol-mit-talalsz","status":"publish","type":"page","link":"https:\/\/rakosliget.hu\/wordpress\/","title":{"rendered":"R\u00c1KOSLIGET HELYT\u00d6RT\u00c9NETE A KEZDETEKT\u0150L"},"content":{"rendered":"<pre><img loading=\"lazy\" decoding=\"async\" class=\"aligncenter\" src=\"http:\/\/rakosliget.hu\/kep\/1900.jpg\" width=\"550\" height=\"118\" \/>\nR\u00e1kosliget l\u00e1tk\u00e9pe az els\u0151, R\u00e1kosligetr\u0151l megjelent k\u00e9peslapon<\/pre>\n<hr \/>\n<h3 align=\"justify\"><span class=\"span-layer selected\">A <\/span><span class=\"span-layer selected\">bel\u00fcgyminiszt\u00e9rium <\/span><span class=\"span-layer selected\">vezet\u00e9s\u00e9vel <\/span><span class=\"span-layer selected\">megb\u00edzott <\/span><span class=\"span-layer selected\">m. <\/span><span class=\"span-layer selected\">kir. <\/span><span class=\"span-layer selected\">minisztereln\u00f6k <\/span><span class=\"span-layer selected\">a <\/span><span class=\"span-layer selected\">Pest-Pilis-Solt-Kis<\/span><span class=\"span-layer selected\">kun <\/span><span class=\"span-layer selected\">v\u00e1rmegye <\/span><span class=\"span-layer selected\">ter\u00fclet\u00e9n <\/span><span class=\"span-layer selected\">fekv\u0151 <\/span><span class=\"span-layer selected\">R\u00e1koskereszt\u00far <\/span><span class=\"span-layer selected\">k\u00f6zs\u00e9ghez <\/span><span class=\"span-layer selected\">tartoz\u00f3 <\/span><span class=\"span-layer selected\">\u00bb <\/span><span class=\"span-layer selected\">Munk\u00e1s-Otthon\u00ab<\/span><span class=\"span-layer selected\">telep <\/span><span class=\"span-layer selected\">nev\u00e9t, <\/span><span class=\"span-layer selected\">a <\/span><span class=\"span-layer selected\">132.186\/1902. <\/span><span class=\"span-layer selected\">sz\u00e1m <\/span><span class=\"span-layer selected\">alatt <\/span><span class=\"span-layer selected\">kelt <\/span><span class=\"span-layer selected\">rendelet\u00e9vel, <\/span><span class=\"span-layer selected\">\u00bb<\/span><span class=\"span-layer hit selected\">R\u00e1kosliget<\/span><span class=\"span-layer selected\">\u00ab <\/span><span class=\"span-layer selected\">n\u00e9vben <\/span><span class=\"span-layer selected\">\u00e1llap\u00edtotta <\/span><span class=\"span-layer selected\">meg. <\/span><\/h3>\n<h3 style=\"text-align: center;\" align=\"justify\"><a href=\"http:\/\/rakosliget.hu\/wordpress\/index.php\/az-alapitas-es-kezdeti-evek\/\"><strong>A KEZDETI \u00c9VEK T\u00d6RT\u00c9NETE<\/strong><\/a><\/h3>\n<p style=\"text-align: center;\" align=\"justify\"><a href=\"http:\/\/rakosliget.hu\/wordpress\/wp-content\/uploads\/2021\/03\/Untitled_utolso.mp4\">R\u00e1kosliget k\u00f6zs\u00e9g hat\u00e1ra 1907<\/a><\/p>\n<p style=\"text-align: center;\" align=\"justify\"><a href=\"http:\/\/rakosliget.hu\/film\/sz\u0151l\u01511.mp4\">A Sz\u0151l\u0151hegy t\u00f6rt\u00e9nete &#8211; film<\/a><\/p>\n<hr \/>\n<h3 style=\"text-align: center;\" align=\"justify\"><a href=\"https:\/\/rakosliget.hu\/wordpress\/index.php\/fenykepek\/\">K\u00c9PT\u00c1R 1905 &#8211; 1950<\/a><\/h3>\n<h3 style=\"text-align: center;\" align=\"justify\"><a href=\"http:\/\/rakosliget.hu\/html\/rliget.html\"><strong>R\u00c1KOSLIGETEN \u00c9LTEK. T\u00c9RK\u00c9PES MEGJELEN\u00cdT\u00c9S.<\/strong><\/a><br \/><em>Friss\u00edtve: 2025.09.02.<br \/>K\u00f6zel 1500 n\u00e9v az adatb\u00e1zisban!!!<\/em><\/h3>\n<h2><a href=\"https:\/\/rakosliget.hu\/wordpress\/index.php\/rakosligeten-eltek\/\">R\u00e1kosligeten \u00e9ltek n\u00e9vsor \u00e9vsz\u00e1m szerint<\/a><\/h2>\n<hr \/>\n<p style=\"text-align: center;\" align=\"justify\"><em><br \/><a href=\"http:\/\/rakosliget.hu\/wordpress\/wp-content\/uploads\/2022\/01\/Elso1024.jpg\"><img loading=\"lazy\" decoding=\"async\" class=\"size-medium wp-image-9745 aligncenter\" src=\"http:\/\/rakosliget.hu\/wordpress\/wp-content\/uploads\/2022\/01\/Elso1024-202x300.jpg\" alt=\"\" width=\"202\" height=\"300\" srcset=\"https:\/\/rakosliget.hu\/wordpress\/wp-content\/uploads\/2022\/01\/Elso1024-202x300.jpg 202w, https:\/\/rakosliget.hu\/wordpress\/wp-content\/uploads\/2022\/01\/Elso1024-688x1024.jpg 688w, https:\/\/rakosliget.hu\/wordpress\/wp-content\/uploads\/2022\/01\/Elso1024-768x1142.jpg 768w, https:\/\/rakosliget.hu\/wordpress\/wp-content\/uploads\/2022\/01\/Elso1024.jpg 1024w\" sizes=\"auto, (max-width: 202px) 100vw, 202px\" \/><\/a><br \/>Az els\u0151 sz\u00fclet\u00e9si bejegyz\u00e9s R\u00e1kosligetre (Munk\u00e1s Otthon) Forr\u00e1s: R\u00e1koskereszt\u00far sz\u00fclet\u00e9si anyak\u00f6nyvek 1898-1899<\/em><\/p>\n<p align=\"justify\"><a href=\"http:\/\/rakosliget.hu\/wordpress\/wp-content\/uploads\/2022\/01\/az-elso-halaleset.jpg\"><img loading=\"lazy\" decoding=\"async\" class=\"alignnone size-medium wp-image-9751 aligncenter\" src=\"http:\/\/rakosliget.hu\/wordpress\/wp-content\/uploads\/2022\/01\/az-elso-halaleset-213x300.jpg\" alt=\"\" width=\"213\" height=\"300\" srcset=\"https:\/\/rakosliget.hu\/wordpress\/wp-content\/uploads\/2022\/01\/az-elso-halaleset-213x300.jpg 213w, https:\/\/rakosliget.hu\/wordpress\/wp-content\/uploads\/2022\/01\/az-elso-halaleset-728x1024.jpg 728w, https:\/\/rakosliget.hu\/wordpress\/wp-content\/uploads\/2022\/01\/az-elso-halaleset-768x1080.jpg 768w, https:\/\/rakosliget.hu\/wordpress\/wp-content\/uploads\/2022\/01\/az-elso-halaleset.jpg 1024w\" sizes=\"auto, (max-width: 213px) 100vw, 213px\" \/><em>Az els\u0151 hal\u00e1loz\u00e1si bejegyz\u00e9s R\u00e1kosligetre (Munk\u00e1s Otthon) Forr\u00e1s: R\u00e1koskereszt\u00far halotti anyak\u00f6nyvek 1898-1899<\/em><\/a><\/p>\n<p align=\"justify\"><span class=\"selected\" data-canvas-width=\"27.088715938241126\">A<\/span> <span class=\"hit selected\" data-canvas-width=\"164.62431174676928\">r\u00e1kosligeti<\/span> <span class=\"selected\" data-canvas-width=\"239.87339189777845\">anyak\u00f6nyveket<\/span> <span class=\"selected\" data-canvas-width=\"89.52032718648661\">1895.<\/span> <span class=\"selected\" data-canvas-width=\"118.14524684187602\">okt\u00f3ber<\/span> <span class=\"selected\" data-canvas-width=\"35.113091452495034\">1. <\/span><span class=\"selected\" data-canvas-width=\"48.5589620541116\">\u00e9s <\/span><span class=\"selected\" data-canvas-width=\"97.8683040511108\">1907. <\/span><span class=\"selected\" data-canvas-width=\"156.04619899811237\">december<\/span> <span class=\"selected\" data-canvas-width=\"63.83886416436764\">31. <\/span><span class=\"selected\" data-canvas-width=\"105.6790620008712\">k\u00f6z\u00f6tt <\/span><span class=\"selected\" data-canvas-width=\"277.15689923043414\">R\u00e1koskereszt\u00far, <\/span><span class=\"selected\" data-canvas-width=\"91.14202773341076\">1908. <\/span><span class=\"selected\" data-canvas-width=\"99.81165529258021\">janu\u00e1r<\/span> <span class=\"selected\" data-canvas-width=\"34.36740138425052\">1. <\/span><span class=\"selected\" data-canvas-width=\"47.81327198586708\">\u00e9s <\/span><span class=\"selected\" data-canvas-width=\"97.1179241082232\">1949. <\/span><span class=\"selected\" data-canvas-width=\"152.82894499298195\">december<\/span> <span class=\"selected\" data-canvas-width=\"59.01920865398577\">31. <\/span><span class=\"selected\" data-canvas-width=\"109.82076085378247\">k\u00f6z\u00f6tt <\/span><span class=\"hit selected\" data-canvas-width=\"171.75723754900534\">R\u00e1kosliget<\/span> <span class=\"selected\" data-canvas-width=\"159.00550989787516\">jegyezte. <\/span><span class=\"selected\" data-canvas-width=\"20.13674459125889\">A<\/span> <span class=\"selected\" data-canvas-width=\"200.95867975896616\">r\u00e1koshegyi, <\/span><span class=\"selected\" data-canvas-width=\"182.06217874255844\">r\u00e1koscsabai<\/span> <span class=\"selected\" data-canvas-width=\"34.01097091137892\">\u00e9s<\/span> <span class=\"hit selected\" data-canvas-width=\"167.99355089298678\">r\u00e1kosligeti<\/span> <span class=\"selected\" data-canvas-width=\"231.22841730797154\">kirendelts\u00e9gek<\/span> <span class=\"selected\" data-canvas-width=\"87.71941532355645\">1956.<\/span> <span class=\"selected\" data-canvas-width=\"118.78211521707563\">j\u00fanius <\/span><span class=\"selected\" data-canvas-width=\"86.6962755916945\">30-\u00e1n<\/span> <span class=\"selected\" data-canvas-width=\"82.41985697691301\">meg<\/span><span class=\"selected\" data-canvas-width=\"137.5060454479454\">sz\u0171ntek. <\/span><\/p>\n<hr \/>\n<pre style=\"text-align: center;\"><a href=\"http:\/\/rakosliget.hu\/wordpress\/wp-content\/uploads\/2020\/02\/M\u0171hold-\u00e9s-\u0171rrak\u00e9ta-megfigyel\u0151-\u00e1llom\u00e1s-scaled.jpg\"><img loading=\"lazy\" decoding=\"async\" class=\"alignnone size-medium wp-image-4640 aligncenter\" src=\"http:\/\/rakosliget.hu\/wordpress\/wp-content\/uploads\/2020\/02\/M\u0171hold-\u00e9s-\u0171rrak\u00e9ta-megfigyel\u0151-\u00e1llom\u00e1s-219x300.jpg\" alt=\"\" width=\"219\" height=\"300\" srcset=\"https:\/\/rakosliget.hu\/wordpress\/wp-content\/uploads\/2020\/02\/M\u0171hold-\u00e9s-\u0171rrak\u00e9ta-megfigyel\u0151-\u00e1llom\u00e1s-219x300.jpg 219w, https:\/\/rakosliget.hu\/wordpress\/wp-content\/uploads\/2020\/02\/M\u0171hold-\u00e9s-\u0171rrak\u00e9ta-megfigyel\u0151-\u00e1llom\u00e1s-748x1024.jpg 748w, https:\/\/rakosliget.hu\/wordpress\/wp-content\/uploads\/2020\/02\/M\u0171hold-\u00e9s-\u0171rrak\u00e9ta-megfigyel\u0151-\u00e1llom\u00e1s-768x1051.jpg 768w, https:\/\/rakosliget.hu\/wordpress\/wp-content\/uploads\/2020\/02\/M\u0171hold-\u00e9s-\u0171rrak\u00e9ta-megfigyel\u0151-\u00e1llom\u00e1s-1122x1536.jpg 1122w, https:\/\/rakosliget.hu\/wordpress\/wp-content\/uploads\/2020\/02\/M\u0171hold-\u00e9s-\u0171rrak\u00e9ta-megfigyel\u0151-\u00e1llom\u00e1s-1496x2048.jpg 1496w, https:\/\/rakosliget.hu\/wordpress\/wp-content\/uploads\/2020\/02\/M\u0171hold-\u00e9s-\u0171rrak\u00e9ta-megfigyel\u0151-\u00e1llom\u00e1s-scaled.jpg 1870w\" sizes=\"auto, (max-width: 219px) 100vw, 219px\" \/><\/a>Forr\u00e1s: ERH digit\u00e1lis adatt\u00e1r. (K\u00f6sz\u00f6net \u00c1d\u00e1m Ferencnek a k\u00e9p\u00e9rt).<\/pre>\n<p style=\"text-align: center;\" align=\"justify\"><a href=\"http:\/\/rakosliget.hu\/wordpress\/index.php\/urkutatas-rakosligeten\/\">Horv\u00e1th Tibor az \u0171rrak\u00e9ta megfigyel\u0151 \u00e1llom\u00e1son az 1960-as \u00e9vekben<\/a><\/p>\n<hr \/>\n<h3 style=\"text-align: center;\" align=\"justify\"><strong><a href=\"http:\/\/rakosliget.hu\/kepeslapok\/index.html\">K\u00c9PESLAPOK<\/a><\/strong><\/h3>\n<p align=\"justify\"><a href=\"http:\/\/rakosliget.hu\/kepeslapok\/index.html\"><img loading=\"lazy\" decoding=\"async\" class=\"alignnone size-medium wp-image-1802 aligncenter\" src=\"http:\/\/rakosliget.hu\/wordpress\/wp-content\/uploads\/2018\/10\/hosoktere-300x192.jpg\" alt=\"\" width=\"300\" height=\"192\" srcset=\"https:\/\/rakosliget.hu\/wordpress\/wp-content\/uploads\/2018\/10\/hosoktere-300x192.jpg 300w, https:\/\/rakosliget.hu\/wordpress\/wp-content\/uploads\/2018\/10\/hosoktere.jpg 750w\" sizes=\"auto, (max-width: 300px) 100vw, 300px\" \/><\/a><\/p>\n<hr \/>\n<p align=\"center\"><a href=\"http:\/\/erdosreneehaz.hu\"><img loading=\"lazy\" decoding=\"async\" src=\"http:\/\/rakosliget.hu\/banner\/erh.jpg\" width=\"550\" height=\"69\" \/><\/a><\/p>\n<p align=\"center\"><img loading=\"lazy\" decoding=\"async\" src=\"http:\/\/rakosliget.hu\/kep\/r_m_e-.jpg\" width=\"108\" height=\"76\" \/><\/p>\n<p align=\"center\">R\u00e1kosmenti M\u00fazeumbar\u00e1t Egyes\u00fclet<\/p>\n<p align=\"center\"><a href=\"https:\/\/hu-hu.facebook.com\/rakosliget\"><img loading=\"lazy\" decoding=\"async\" class=\"irc_mi aligncenter\" src=\"https:\/\/upload.wikimedia.org\/wikipedia\/commons\/thumb\/1\/1b\/Facebook_icon.svg\/768px-Facebook_icon.svg.png\" alt=\"Kapcsol\u00f3d\u00f3 k\u00e9p\" width=\"84\" height=\"84\" \/><\/a>A legfrissebb h\u00edrek.<\/p>\n<p align=\"center\"><a href=\"http:\/\/bpht.hu\"><img loading=\"lazy\" decoding=\"async\" src=\"http:\/\/rakosliget.hu\/banner\/bpht.jpg\" width=\"154\" height=\"162\" \/><\/a><\/p>\n<hr \/>\n<h2 style=\"text-align: center;\">Linkek<\/h2>\n<ul>\n<li><a href=\"http:\/\/reformatus.hu\/mutat\/7474\/\" target=\"_new\" rel=\"noopener noreferrer\">A reform\u00e1tus hit\u00e9let kezdetei R\u00e1kosligeten<\/a><\/li>\n<li><a href=\"http:\/\/www.magyarfutball.hu\/hu\/csapat\/378\" target=\"_new\" rel=\"noopener noreferrer\">Foci t\u00f6rt\u00e9net RAC<\/a><br \/><hr \/><\/li>\n<\/ul>\n<h2 style=\"text-align: center;\">M\u00e1s r\u00e1kosmentei telep\u00fcl\u00e9sr\u00e9szek az Interneten<\/h2>\n<h4><a href=\"http:\/\/rakoscsaba.hu\/\">R\u00e1koscsaba<\/a><br \/>R\u00e1koskert: <a href=\"http:\/\/www.rakoskert.hu\/\">http:\/\/www.rakoskert.hu\/; <\/a><a href=\"http:\/\/www.szelepcsenyi.hu\/\">http:\/\/www.szelepcsenyi.hu\/<\/a><br \/><a href=\"https:\/\/rakosmente.hu\">R\u00e1kosmente<\/a><br \/><a href=\"http:\/\/pestihatar.uw.hu\/terkep.html\"><strong>Budapest hat\u00e1rk\u00f6vei<\/strong><\/a><br \/><strong><a href=\"http:\/\/www.fentrol.hu\" target=\"_new\" rel=\"noopener noreferrer\">L\u00e9gif\u00e9nyk\u00e9pek<\/a><\/strong><\/h4>\n\n\n<hr class=\"wp-block-separator has-text-color has-medium-pink-color has-css-opacity has-medium-pink-background-color has-background\"\/>\n","protected":false},"excerpt":{"rendered":"<p>R\u00e1kosliget l\u00e1tk\u00e9pe az els\u0151, R\u00e1kosligetr\u0151l megjelent k\u00e9peslapon A bel\u00fcgyminiszt\u00e9rium vezet\u00e9s\u00e9vel megb\u00edzott m. kir. minisztereln\u00f6k a Pest-Pilis-Solt-Kiskun v\u00e1rmegye ter\u00fclet\u00e9n fekv\u0151 R\u00e1koskereszt\u00far k\u00f6zs\u00e9ghez tartoz\u00f3 \u00bb Munk\u00e1s-Otthon\u00abtelep nev\u00e9t, a 132.186\/1902. sz\u00e1m alatt kelt rendelet\u00e9vel, \u00bbR\u00e1kosliget\u00ab n\u00e9vben \u00e1llap\u00edtotta meg. A KEZDETI \u00c9VEK T\u00d6RT\u00c9NETE R\u00e1kosliget k\u00f6zs\u00e9g hat\u00e1ra 1907 A Sz\u0151l\u0151hegy t\u00f6rt\u00e9nete &#8211; film K\u00c9PT\u00c1R 1905 &#8211; 1950 R\u00c1KOSLIGETEN \u00c9LTEK. T\u00c9RK\u00c9PES &hellip; <a href=\"https:\/\/rakosliget.hu\/wordpress\/\" class=\"more-link\"><span class=\"screen-reader-text\">R\u00c1KOSLIGET HELYT\u00d6RT\u00c9NETE A KEZDETEKT\u0150L<\/span> r\u00e9szletei&#8230;<\/a><\/p>\n","protected":false},"author":1,"featured_media":0,"parent":0,"menu_order":0,"comment_status":"closed","ping_status":"closed","template":"","meta":{"footnotes":""},"class_list":["post-31","page","type-page","status-publish","hentry"],"_links":{"self":[{"href":"https:\/\/rakosliget.hu\/wordpress\/index.php\/wp-json\/wp\/v2\/pages\/31","targetHints":{"allow":["GET"]}}],"collection":[{"href":"https:\/\/rakosliget.hu\/wordpress\/index.php\/wp-json\/wp\/v2\/pages"}],"about":[{"href":"https:\/\/rakosliget.hu\/wordpress\/index.php\/wp-json\/wp\/v2\/types\/page"}],"author":[{"embeddable":true,"href":"https:\/\/rakosliget.hu\/wordpress\/index.php\/wp-json\/wp\/v2\/users\/1"}],"replies":[{"embeddable":true,"href":"https:\/\/rakosliget.hu\/wordpress\/index.php\/wp-json\/wp\/v2\/comments?post=31"}],"version-history":[{"count":185,"href":"https:\/\/rakosliget.hu\/wordpress\/index.php\/wp-json\/wp\/v2\/pages\/31\/revisions"}],"predecessor-version":[{"id":23884,"href":"https:\/\/rakosliget.hu\/wordpress\/index.php\/wp-json\/wp\/v2\/pages\/31\/revisions\/23884"}],"wp:attachment":[{"href":"https:\/\/rakosliget.hu\/wordpress\/index.php\/wp-json\/wp\/v2\/media?parent=31"}],"curies":[{"name":"wp","href":"https:\/\/api.w.org\/{rel}","templated":true}]}}