{"id":247,"date":"2017-12-24T02:44:14","date_gmt":"2017-12-24T02:44:14","guid":{"rendered":"http:\/\/rakosliget.hu\/wordpress\/?page_id=247"},"modified":"2026-03-05T14:04:47","modified_gmt":"2026-03-05T13:04:47","slug":"kelemen-sandor-mobilfoto","status":"publish","type":"page","link":"https:\/\/rakosliget.hu\/wordpress\/index.php\/kelemen-sandor-mobilfoto\/","title":{"rendered":"KELEMEN S\u00c1NDOR MOBILFOT\u00d3K"},"content":{"rendered":"<div class=\"wp-block-image\">\n<figure class=\"aligncenter size-full\"><img loading=\"lazy\" decoding=\"async\" width=\"510\" height=\"694\" src=\"https:\/\/rakosliget.hu\/wordpress\/wp-content\/uploads\/2024\/11\/Zart-kor.jpg\" alt=\"\" class=\"wp-image-12450\" srcset=\"https:\/\/rakosliget.hu\/wordpress\/wp-content\/uploads\/2024\/11\/Zart-kor.jpg 510w, https:\/\/rakosliget.hu\/wordpress\/wp-content\/uploads\/2024\/11\/Zart-kor-220x300.jpg 220w\" sizes=\"auto, (max-width: 510px) 100vw, 510px\" \/><\/figure>\n<\/div>\n\n\n<p><a href=\"http:\/\/rakosliget.hu\/pdf\/zart kor.pdf\">Kelemen S\u00e1ndor: Z\u00e1rt k\u00f6r. A M\u0171v\u00e9szetbar\u00e1tok K\u00f6r\u00e9nek m\u0171k\u00f6d\u00e9se R\u00e1kosligeten (1962-1969)&nbsp;Copyright 2010. A szerz\u0151 enged\u00e9ly\u00e9vel.<\/a><\/p>\n\n\n<div class=\"wp-block-image\">\n<figure class=\"aligncenter size-full\"><img loading=\"lazy\" decoding=\"async\" width=\"1413\" height=\"1803\" src=\"https:\/\/rakosliget.hu\/wordpress\/wp-content\/uploads\/2025\/09\/Muveszetbarat-tarsasag.jpg\" alt=\"\" class=\"wp-image-18256\" srcset=\"https:\/\/rakosliget.hu\/wordpress\/wp-content\/uploads\/2025\/09\/Muveszetbarat-tarsasag.jpg 1413w, https:\/\/rakosliget.hu\/wordpress\/wp-content\/uploads\/2025\/09\/Muveszetbarat-tarsasag-235x300.jpg 235w, https:\/\/rakosliget.hu\/wordpress\/wp-content\/uploads\/2025\/09\/Muveszetbarat-tarsasag-768x980.jpg 768w, https:\/\/rakosliget.hu\/wordpress\/wp-content\/uploads\/2025\/09\/Muveszetbarat-tarsasag-1204x1536.jpg 1204w\" sizes=\"auto, (max-width: 1413px) 100vw, 1413px\" \/><figcaption class=\"wp-element-caption\">Forr\u00e1s: K\u00f6znevel\u00e9s 1965. 11. 05. 21. sz\u00e1m<\/figcaption><\/figure>\n<\/div>\n\n<div class=\"content\">\n<h1>Kelemen S\u00e1ndor<\/h1>\n<p align=\"justify\">A rajzol\u00e1s gyermekkori szeretete vezetett el k\u00f6z\u00e9piskol\u00e1s \u00e9veimre a k\u00e9pz\u0151m\u0171v\u00e9szet \u00e9s a m\u0171v\u00e9szett\u00f6rt\u00e9net, a k\u00e9s\u0151bbiekben pedig a filmm\u0171v\u00e9szet ir\u00e1nti \u00e9rdekl\u0151d\u00e9sig.<br \/>Meghat\u00e1roz\u00f3 \u00e9lm\u00e9nyt jelentett sz\u00e1momra, hogy a nyolcvanas \u00e9vek k\u00f6zep\u00e9n, duna\u00fajv\u00e1rosi tizen\u00e9vesk\u00e9nt sz\u00edvesen \u00e9s \u00e9rdekl\u0151d\u00e9ssel l\u00e1togattam a v\u00e1ros ki\u00e1ll\u00edt\u00f3helyeit, valamint a Birk\u00e1s Istv\u00e1n fest\u0151m\u0171v\u00e9sz \u00e1ltal tartott foglalkoz\u00e1sokat, el\u0151ad\u00e1sokat.<br \/>Az esztergomi f\u0151iskol\u00e1n 1991-ben m\u0171vel\u0151d\u00e9sszervez\u0151i \u00e9s filmterjeszt\u0151i v\u00e9gzetts\u00e9get szereztem. 2009-ben a MOME m\u0171v\u00e9szetmenedzsment szak\u00e1n szereztem oklevelet.<br \/>A vizu\u00e1lis m\u0171v\u00e9szetekkel mindv\u00e9gig folyamatos kapcsolatban \u00e1lltam: munk\u00e1m r\u00e9v\u00e9n k\u00e9pz\u0151m\u0171v\u00e9szeti t\u00e1rlatokat szerveztem \u00e9s rendeztem, valamint m\u0171v\u00e9szbar\u00e1taim, ismer\u0151seim felk\u00e9r\u00e9s\u00e9re megnyitottam ki\u00e1ll\u00edt\u00e1saikat.<br \/>2016-t\u00f3l vagyok tagja a MobilArt alkot\u00f3csoportnak.<\/p>\n<h2>Ki\u00e1ll\u00edt\u00e1sok<\/h2>\n<p><strong>2015.<\/strong> Pest Megyei K\u00f6nyvt\u00e1r Hamvas B\u00e9la-fot\u00f3p\u00e1ly\u00e1zat Szentendre<\/p>\n<p><a href=\"http:\/\/rakosliget.hu\/kelemen pecel\/index.html\" target=\"_new\" rel=\"noopener noreferrer\"><strong>2015.<\/strong> Csoportos ki\u00e1ll\u00edt\u00e1s P\u00e9celen, a R\u00e1day-kast\u00e9lyban.<\/a><\/p>\n<p><a href=\"http:\/\/rakosliget.hu\/kelemen eotvos10\/index.html\" target=\"_new\" rel=\"noopener noreferrer\"><strong>2016.<\/strong> \u00d6n\u00e1ll\u00f3 ki\u00e1ll\u00edt\u00e1s. E\u00f6tv\u00f6s 10 K\u00f6z\u00f6ss\u00e9gi \u00e9s Kultur\u00e1lis Sz\u00ednt\u00e9r, Budapest.<\/a><\/p>\n<p><a href=\"http:\/\/rakosliget.hu\/kelemen lovran\/index.html\" target=\"_new\" rel=\"noopener noreferrer\"><strong>2017.<\/strong> \u201eFototriangulum\u201d. K\u00f6z\u00f6s ki\u00e1ll\u00edt\u00e1s G\u00e1bor B\u00e9la \u00e9s Edvard Primo\u017ei\u0107 t\u00e1rsas\u00e1g\u00e1ban.<br \/>Lovran, Laurus Gal\u00e9ria (Horv\u00e1torsz\u00e1g).<\/a><\/p>\n<p><img loading=\"lazy\" decoding=\"async\" class=\"size-medium wp-image-2689 aligncenter\" src=\"http:\/\/rakosliget.hu\/wordpress\/wp-content\/uploads\/2019\/10\/14-300x200.jpg\" alt=\"\" width=\"300\" height=\"200\" srcset=\"https:\/\/rakosliget.hu\/wordpress\/wp-content\/uploads\/2019\/10\/14-300x200.jpg 300w, https:\/\/rakosliget.hu\/wordpress\/wp-content\/uploads\/2019\/10\/14-768x512.jpg 768w, https:\/\/rakosliget.hu\/wordpress\/wp-content\/uploads\/2019\/10\/14-1024x683.jpg 1024w, https:\/\/rakosliget.hu\/wordpress\/wp-content\/uploads\/2019\/10\/14-272x182.jpg 272w\" sizes=\"auto, (max-width: 300px) 100vw, 300px\" \/><\/p>\n<p><strong>2017.<\/strong> \u201eMobillal m\u00e1sk\u00e9pp\u201d \u2013 a MobilArt alkot\u00f3csoport ki\u00e1ll\u00edt\u00e1sa. \u00daj Gal\u00e9ria, \u00dajpest.<\/p>\n<p><strong>2018.<\/strong> \u201eTwo Amigos\u201d, G\u00e1bor B\u00e9l\u00e1val k\u00f6z\u00f6s ki\u00e1ll\u00edt\u00e1s. Ferencv\u00e1rosi Helyt\u00f6rt\u00e9neti Gy\u0171jtem\u00e9ny, Budapest.<\/p>\n<p><img loading=\"lazy\" decoding=\"async\" class=\"alignnone wp-image-307 aligncenter\" src=\"http:\/\/rakosliget.hu\/wordpress\/wp-content\/uploads\/2018\/01\/Megh\u00edv\u00f3-GB-KS-ki\u00e1ll\u00edt\u00e1sa-300x150.jpg\" alt=\"\" width=\"716\" height=\"358\" srcset=\"https:\/\/rakosliget.hu\/wordpress\/wp-content\/uploads\/2018\/01\/Megh\u00edv\u00f3-GB-KS-ki\u00e1ll\u00edt\u00e1sa-300x150.jpg 300w, https:\/\/rakosliget.hu\/wordpress\/wp-content\/uploads\/2018\/01\/Megh\u00edv\u00f3-GB-KS-ki\u00e1ll\u00edt\u00e1sa-768x384.jpg 768w, https:\/\/rakosliget.hu\/wordpress\/wp-content\/uploads\/2018\/01\/Megh\u00edv\u00f3-GB-KS-ki\u00e1ll\u00edt\u00e1sa-1024x512.jpg 1024w, https:\/\/rakosliget.hu\/wordpress\/wp-content\/uploads\/2018\/01\/Megh\u00edv\u00f3-GB-KS-ki\u00e1ll\u00edt\u00e1sa-830x415.jpg 830w, https:\/\/rakosliget.hu\/wordpress\/wp-content\/uploads\/2018\/01\/Megh\u00edv\u00f3-GB-KS-ki\u00e1ll\u00edt\u00e1sa-230x115.jpg 230w, https:\/\/rakosliget.hu\/wordpress\/wp-content\/uploads\/2018\/01\/Megh\u00edv\u00f3-GB-KS-ki\u00e1ll\u00edt\u00e1sa-350x175.jpg 350w, https:\/\/rakosliget.hu\/wordpress\/wp-content\/uploads\/2018\/01\/Megh\u00edv\u00f3-GB-KS-ki\u00e1ll\u00edt\u00e1sa-480x240.jpg 480w\" sizes=\"auto, (max-width: 716px) 100vw, 716px\" \/><\/p>\n<p><img loading=\"lazy\" decoding=\"async\" class=\"size-medium wp-image-2690 aligncenter\" src=\"http:\/\/rakosliget.hu\/wordpress\/wp-content\/uploads\/2019\/10\/27545255_565607477149185_390546746048901417_n-225x300.jpg\" alt=\"\" width=\"225\" height=\"300\" srcset=\"https:\/\/rakosliget.hu\/wordpress\/wp-content\/uploads\/2019\/10\/27545255_565607477149185_390546746048901417_n-225x300.jpg 225w, https:\/\/rakosliget.hu\/wordpress\/wp-content\/uploads\/2019\/10\/27545255_565607477149185_390546746048901417_n.jpg 720w\" sizes=\"auto, (max-width: 225px) 100vw, 225px\" \/><\/p>\n<p><strong>2018.<\/strong> \u201eMobil absztrakt\/sz\u00fcrre\u00e1l\u201d \u2013 MobilArt kamaraki\u00e1ll\u00edt\u00e1s. Nov\u00e1k Fot\u00f3 Gal\u00e9ria, Budapest.<\/p>\n<p><strong>2018.<\/strong> \u201eMobillal m\u00e1sk\u00e9pp\u201d \u2013 a MobilArt alkot\u00f3csoport ki\u00e1ll\u00edt\u00e1sa. \u00daj Gal\u00e9ria, \u00dajpest.<\/p>\n<p><strong>2018.<\/strong> Digit\u00e1lis Agora II. Nemzetk\u00f6zi digit\u00e1lis trienn\u00e1l\u00e9. M\u0171v\u00e9szetek H\u00e1za, Szeksz\u00e1rd.<\/p>\n<p><strong>2018\/2019.<\/strong> F\u00e9nyet\u0171d\u00f6k II. Nemzetk\u00f6zi digit\u00e1lis trienn\u00e1l\u00e9. E\u00f6tv\u00f6s 10 Pincegal\u00e9ria,Budapest.<\/p>\n<p><strong>2019.<\/strong> \u201eMobillal m\u00e1sk\u00e9pp\u201d \u2013 a MobilArt alkot\u00f3csoport ki\u00e1ll\u00edt\u00e1sa. \u00daj Gal\u00e9ria, \u00dajpest.<\/p>\n<p><a href=\"http:\/\/rakosliget.hu\/kelemen mobilbode\/mobilbode.html\" data-wplink-url-error=\"true\"><strong>2019.\u00a0<\/strong>Mobil B\u00f3d\u00e9 Gal\u00e9ria &#8211; Maros mozi Goran Karlovac Poznat: Lovrani f\u00fcge\u00e9r\u00e9s<\/a><\/p>\n<p><strong>2026<\/strong>. <a href=\"https:\/\/rakosliget.hu\/wordpress\/index.php\/dr-murai-andras-filmtortenesz-megnyitoja\/\">KOLLEKT\u00cdV c. ki\u00e1ll\u00edt\u00e1s. G\u00e1bor B\u00e9la \u00e9s Kelemen S\u00e1ndor k\u00f6z\u00f6s ki\u00e1ll\u00edt\u00e1sa. Ferencv\u00e1rosi Helyt\u00f6rt\u00e9neti Gy\u0171jtem\u00e9ny, Budapest.<\/a><\/p>\n<p>\u00a0<\/p>\n<\/div>\n\n\n<figure class=\"wp-block-image size-full\"><img loading=\"lazy\" decoding=\"async\" width=\"2048\" height=\"1214\" src=\"https:\/\/rakosliget.hu\/wordpress\/wp-content\/uploads\/2026\/03\/Sanyi-kallitas.jpg\" alt=\"\" class=\"wp-image-23531\" srcset=\"https:\/\/rakosliget.hu\/wordpress\/wp-content\/uploads\/2026\/03\/Sanyi-kallitas.jpg 2048w, https:\/\/rakosliget.hu\/wordpress\/wp-content\/uploads\/2026\/03\/Sanyi-kallitas-300x178.jpg 300w, https:\/\/rakosliget.hu\/wordpress\/wp-content\/uploads\/2026\/03\/Sanyi-kallitas-768x455.jpg 768w, https:\/\/rakosliget.hu\/wordpress\/wp-content\/uploads\/2026\/03\/Sanyi-kallitas-1536x911.jpg 1536w\" sizes=\"auto, (max-width: 2048px) 100vw, 2048px\" \/><\/figure>\n\n\n\n\t\t<div id=\"image_gallery_23535\" class=\"row all-images\">\n\t\t\t<div class=\"slider-pro\" id=\"my-slider-23535\">\n\t\t\t\t<div class=\"sp-slides\">\n\t\t\t\t\t\t\t\t\t\t\t\t<div class=\"sp-slide\">\n\t\t\t\t\t\t\t\t\t\t\t\t\t\t\t\t\t<img decoding=\"async\" class=\"sp-image\" src=\"https:\/\/rakosliget.hu\/wordpress\/wp-content\/plugins\/media-slider\/css\/images\/blank.gif\"\n\t\t\t\t\t\t\t\t\t\tdata-src=\"https:\/\/rakosliget.hu\/wordpress\/wp-content\/uploads\/2026\/03\/Sanyi-kallitas.jpg\" data-small=\"https:\/\/rakosliget.hu\/wordpress\/wp-content\/uploads\/2026\/03\/Sanyi-kallitas.jpg\"\n\t\t\t\t\t\t\t\t\t\tdata-medium=\"https:\/\/rakosliget.hu\/wordpress\/wp-content\/uploads\/2026\/03\/Sanyi-kallitas.jpg\" data-large=\"https:\/\/rakosliget.hu\/wordpress\/wp-content\/uploads\/2026\/03\/Sanyi-kallitas.jpg\"\n\t\t\t\t\t\t\t\t\t\tdata-retina=\"https:\/\/rakosliget.hu\/wordpress\/wp-content\/uploads\/2026\/03\/Sanyi-kallitas.jpg\" \/>\n\n\t\t\t\t\t\t\t\t\t\t\t\t\t\t\t\t\t\t\t<p class=\"sp-layer sp-white sp-padding\" align=\"center\"\n\t\t\t\t\t\t\t\t\t\t\tdata-position=\"bottom\"\n\t\t\t\t\t\t\t\t\t\t\tdata-vertical=\"35\" data-horizontal=\"10\"\n\t\t\t\t\t\t\t\t\t\t\tdata-show-delay=\"500\">\n\t\t\t\t\t\t\t\t\t\t\t\t\t\t\t\t\t\t\t\t\t\t\t<span class=\"title-css\">\n\t\t\t\t\t\t\t\t\t\t\t\t\tMegh\u00edv\u00f3\t\t\t\t\t\t\t\t\t\t\t\t<\/span><br>\n\t\t\t\t\t\t\t\t\t\t\t\t\t\t\t\t\t\t\t\t\t\t\t\t\t\t\t\t\t\t\t\t<\/p>\n\t\t\t\t\t\t\t\t\t\n\t\t\t\t\t\t\t\t\t\t\t\t\t\t\t\t\t\t\t<p class=\"sp-caption\"><span class=\"caption-css\">\n\t\t\t\t\t\t\t\t\t\t\t\tMegh\u00edv\u00f3\t\t\t\t\t\t\t\t\t\t\t<\/span><\/p>\n\t\t\t\t\t\t\t\t\t\t\t\t\t\t\t\t\t\t\t\t\t\t\t\t\t\t\t\t\t\t\t\t<\/div>\n\t\t\t\t\t\t\t\t\t\t\t\t\t\t<div class=\"sp-slide\">\n\t\t\t\t\t\t\t\t\t\t\t\t\t\t\t\t\t<img decoding=\"async\" class=\"sp-image\" src=\"https:\/\/rakosliget.hu\/wordpress\/wp-content\/plugins\/media-slider\/css\/images\/blank.gif\"\n\t\t\t\t\t\t\t\t\t\tdata-src=\"https:\/\/rakosliget.hu\/wordpress\/wp-content\/uploads\/2026\/03\/1000032570-scaled.jpg\" data-small=\"https:\/\/rakosliget.hu\/wordpress\/wp-content\/uploads\/2026\/03\/1000032570-scaled.jpg\"\n\t\t\t\t\t\t\t\t\t\tdata-medium=\"https:\/\/rakosliget.hu\/wordpress\/wp-content\/uploads\/2026\/03\/1000032570-scaled.jpg\" data-large=\"https:\/\/rakosliget.hu\/wordpress\/wp-content\/uploads\/2026\/03\/1000032570-2048x1153.jpg\"\n\t\t\t\t\t\t\t\t\t\tdata-retina=\"https:\/\/rakosliget.hu\/wordpress\/wp-content\/uploads\/2026\/03\/1000032570-scaled.jpg\" \/>\n\n\t\t\t\t\t\t\t\t\t\t\t\t\t\t\t\t\t\t\t<p class=\"sp-layer sp-white sp-padding\" align=\"center\"\n\t\t\t\t\t\t\t\t\t\t\tdata-position=\"bottom\"\n\t\t\t\t\t\t\t\t\t\t\tdata-vertical=\"35\" data-horizontal=\"10\"\n\t\t\t\t\t\t\t\t\t\t\tdata-show-delay=\"500\">\n\t\t\t\t\t\t\t\t\t\t\t\t\t\t\t\t\t\t\t\t\t\t\t<span class=\"title-css\">\n\t\t\t\t\t\t\t\t\t\t\t\t\tKi\u00e1ll\u00edt\u00e1s\t\t\t\t\t\t\t\t\t\t\t\t<\/span><br>\n\t\t\t\t\t\t\t\t\t\t\t\t\t\t\t\t\t\t\t\t\t\t\t\t\t\t\t\t\t\t\t\t<\/p>\n\t\t\t\t\t\t\t\t\t\n\t\t\t\t\t\t\t\t\t\t\t\t\t\t\t\t\t\t\t<p class=\"sp-caption\"><span class=\"caption-css\">\n\t\t\t\t\t\t\t\t\t\t\t\tKi\u00e1ll\u00edt\u00e1s\t\t\t\t\t\t\t\t\t\t\t<\/span><\/p>\n\t\t\t\t\t\t\t\t\t\t\t\t\t\t\t\t\t\t\t\t\t\t\t\t\t\t\t\t\t\t\t\t<\/div>\n\t\t\t\t\t\t\t\t\t\t\t\t\t\t<div class=\"sp-slide\">\n\t\t\t\t\t\t\t\t\t\t\t\t\t\t\t\t\t<img decoding=\"async\" class=\"sp-image\" src=\"https:\/\/rakosliget.hu\/wordpress\/wp-content\/plugins\/media-slider\/css\/images\/blank.gif\"\n\t\t\t\t\t\t\t\t\t\tdata-src=\"https:\/\/rakosliget.hu\/wordpress\/wp-content\/uploads\/2026\/03\/18-Konstellaciok_1024.jpg\" data-small=\"https:\/\/rakosliget.hu\/wordpress\/wp-content\/uploads\/2026\/03\/18-Konstellaciok_1024.jpg\"\n\t\t\t\t\t\t\t\t\t\tdata-medium=\"https:\/\/rakosliget.hu\/wordpress\/wp-content\/uploads\/2026\/03\/18-Konstellaciok_1024.jpg\" data-large=\"https:\/\/rakosliget.hu\/wordpress\/wp-content\/uploads\/2026\/03\/18-Konstellaciok_1024.jpg\"\n\t\t\t\t\t\t\t\t\t\tdata-retina=\"https:\/\/rakosliget.hu\/wordpress\/wp-content\/uploads\/2026\/03\/18-Konstellaciok_1024.jpg\" \/>\n\n\t\t\t\t\t\t\t\t\t\t\t\t\t\t\t\t\t\t\t<p class=\"sp-layer sp-white sp-padding\" align=\"center\"\n\t\t\t\t\t\t\t\t\t\t\tdata-position=\"bottom\"\n\t\t\t\t\t\t\t\t\t\t\tdata-vertical=\"35\" data-horizontal=\"10\"\n\t\t\t\t\t\t\t\t\t\t\tdata-show-delay=\"500\">\n\t\t\t\t\t\t\t\t\t\t\t\t\t\t\t\t\t\t\t\t\t\t\t<span class=\"title-css\">\n\t\t\t\t\t\t\t\t\t\t\t\t\tKonstell\u00e1ci\u00f3k\t\t\t\t\t\t\t\t\t\t\t\t<\/span><br>\n\t\t\t\t\t\t\t\t\t\t\t\t\t\t\t\t\t\t\t\t\t\t\t\t\t\t\t\t\t\t\t\t<\/p>\n\t\t\t\t\t\t\t\t\t\n\t\t\t\t\t\t\t\t\t\t\t\t\t\t\t\t\t\t\t<p class=\"sp-caption\"><span class=\"caption-css\">\n\t\t\t\t\t\t\t\t\t\t\t\tKonstell\u00e1ci\u00f3k\t\t\t\t\t\t\t\t\t\t\t<\/span><\/p>\n\t\t\t\t\t\t\t\t\t\t\t\t\t\t\t\t\t\t\t\t\t\t\t\t\t\t\t\t\t\t\t\t<\/div>\n\t\t\t\t\t\t\t\t\t\t\t\t\t\t<div class=\"sp-slide\">\n\t\t\t\t\t\t\t\t\t\t\t\t\t\t\t\t\t<img decoding=\"async\" class=\"sp-image\" src=\"https:\/\/rakosliget.hu\/wordpress\/wp-content\/plugins\/media-slider\/css\/images\/blank.gif\"\n\t\t\t\t\t\t\t\t\t\tdata-src=\"https:\/\/rakosliget.hu\/wordpress\/wp-content\/uploads\/2026\/03\/04-Absztrakt-es-konkret-Dunaujvaros.jpg\" data-small=\"https:\/\/rakosliget.hu\/wordpress\/wp-content\/uploads\/2026\/03\/04-Absztrakt-es-konkret-Dunaujvaros.jpg\"\n\t\t\t\t\t\t\t\t\t\tdata-medium=\"https:\/\/rakosliget.hu\/wordpress\/wp-content\/uploads\/2026\/03\/04-Absztrakt-es-konkret-Dunaujvaros.jpg\" data-large=\"https:\/\/rakosliget.hu\/wordpress\/wp-content\/uploads\/2026\/03\/04-Absztrakt-es-konkret-Dunaujvaros-2048x2015.jpg\"\n\t\t\t\t\t\t\t\t\t\tdata-retina=\"https:\/\/rakosliget.hu\/wordpress\/wp-content\/uploads\/2026\/03\/04-Absztrakt-es-konkret-Dunaujvaros.jpg\" \/>\n\n\t\t\t\t\t\t\t\t\t\t\t\t\t\t\t\t\t\t\t<p class=\"sp-layer sp-white sp-padding\" align=\"center\"\n\t\t\t\t\t\t\t\t\t\t\tdata-position=\"bottom\"\n\t\t\t\t\t\t\t\t\t\t\tdata-vertical=\"35\" data-horizontal=\"10\"\n\t\t\t\t\t\t\t\t\t\t\tdata-show-delay=\"500\">\n\t\t\t\t\t\t\t\t\t\t\t\t\t\t\t\t\t\t\t\t\t\t\t<span class=\"title-css\">\n\t\t\t\t\t\t\t\t\t\t\t\t\tAbsztrakt \u00e9s konkr\u00e9t (Duna\u00fajv\u00e1ros)\t\t\t\t\t\t\t\t\t\t\t\t<\/span><br>\n\t\t\t\t\t\t\t\t\t\t\t\t\t\t\t\t\t\t\t\t\t\t\t\t\t\t\t\t\t\t\t\t<\/p>\n\t\t\t\t\t\t\t\t\t\n\t\t\t\t\t\t\t\t\t\t\t\t\t\t\t\t\t\t\t<p class=\"sp-caption\"><span class=\"caption-css\">\n\t\t\t\t\t\t\t\t\t\t\t\tAbsztrakt \u00e9s konkr\u00e9t (Duna\u00fajv\u00e1ros)\t\t\t\t\t\t\t\t\t\t\t<\/span><\/p>\n\t\t\t\t\t\t\t\t\t\t\t\t\t\t\t\t\t\t\t\t\t\t\t\t\t\t\t\t\t\t\t\t<\/div>\n\t\t\t\t\t\t\t\t\t\t\t\t\t\t<div class=\"sp-slide\">\n\t\t\t\t\t\t\t\t\t\t\t\t\t\t\t\t\t<img decoding=\"async\" class=\"sp-image\" src=\"https:\/\/rakosliget.hu\/wordpress\/wp-content\/plugins\/media-slider\/css\/images\/blank.gif\"\n\t\t\t\t\t\t\t\t\t\tdata-src=\"https:\/\/rakosliget.hu\/wordpress\/wp-content\/uploads\/2026\/03\/03-A-Napra-varva.jpg\" data-small=\"https:\/\/rakosliget.hu\/wordpress\/wp-content\/uploads\/2026\/03\/03-A-Napra-varva.jpg\"\n\t\t\t\t\t\t\t\t\t\tdata-medium=\"https:\/\/rakosliget.hu\/wordpress\/wp-content\/uploads\/2026\/03\/03-A-Napra-varva.jpg\" data-large=\"https:\/\/rakosliget.hu\/wordpress\/wp-content\/uploads\/2026\/03\/03-A-Napra-varva-2048x2049.jpg\"\n\t\t\t\t\t\t\t\t\t\tdata-retina=\"https:\/\/rakosliget.hu\/wordpress\/wp-content\/uploads\/2026\/03\/03-A-Napra-varva.jpg\" \/>\n\n\t\t\t\t\t\t\t\t\t\t\t\t\t\t\t\t\t\t\t<p class=\"sp-layer sp-white sp-padding\" align=\"center\"\n\t\t\t\t\t\t\t\t\t\t\tdata-position=\"bottom\"\n\t\t\t\t\t\t\t\t\t\t\tdata-vertical=\"35\" data-horizontal=\"10\"\n\t\t\t\t\t\t\t\t\t\t\tdata-show-delay=\"500\">\n\t\t\t\t\t\t\t\t\t\t\t\t\t\t\t\t\t\t\t\t\t\t\t<span class=\"title-css\">\n\t\t\t\t\t\t\t\t\t\t\t\t\tA Napra v\u00e1rva\t\t\t\t\t\t\t\t\t\t\t\t<\/span><br>\n\t\t\t\t\t\t\t\t\t\t\t\t\t\t\t\t\t\t\t\t\t\t\t\t\t\t\t\t\t\t\t\t<\/p>\n\t\t\t\t\t\t\t\t\t\n\t\t\t\t\t\t\t\t\t\t\t\t\t\t\t\t\t\t\t<p class=\"sp-caption\"><span class=\"caption-css\">\n\t\t\t\t\t\t\t\t\t\t\t\tA Napra v\u00e1rva\t\t\t\t\t\t\t\t\t\t\t<\/span><\/p>\n\t\t\t\t\t\t\t\t\t\t\t\t\t\t\t\t\t\t\t\t\t\t\t\t\t\t\t\t\t\t\t\t<\/div>\n\t\t\t\t\t\t\t\t\t\t\t\t\t\t<div class=\"sp-slide\">\n\t\t\t\t\t\t\t\t\t\t\t\t\t\t\t\t\t<img decoding=\"async\" class=\"sp-image\" src=\"https:\/\/rakosliget.hu\/wordpress\/wp-content\/plugins\/media-slider\/css\/images\/blank.gif\"\n\t\t\t\t\t\t\t\t\t\tdata-src=\"https:\/\/rakosliget.hu\/wordpress\/wp-content\/uploads\/2026\/03\/1000032569-scaled.jpg\" data-small=\"https:\/\/rakosliget.hu\/wordpress\/wp-content\/uploads\/2026\/03\/1000032569-scaled.jpg\"\n\t\t\t\t\t\t\t\t\t\tdata-medium=\"https:\/\/rakosliget.hu\/wordpress\/wp-content\/uploads\/2026\/03\/1000032569-scaled.jpg\" data-large=\"https:\/\/rakosliget.hu\/wordpress\/wp-content\/uploads\/2026\/03\/1000032569-2048x1153.jpg\"\n\t\t\t\t\t\t\t\t\t\tdata-retina=\"https:\/\/rakosliget.hu\/wordpress\/wp-content\/uploads\/2026\/03\/1000032569-scaled.jpg\" \/>\n\n\t\t\t\t\t\t\t\t\t\t\t\t\t\t\t\t\t\t\t<p class=\"sp-layer sp-white sp-padding\" align=\"center\"\n\t\t\t\t\t\t\t\t\t\t\tdata-position=\"bottom\"\n\t\t\t\t\t\t\t\t\t\t\tdata-vertical=\"35\" data-horizontal=\"10\"\n\t\t\t\t\t\t\t\t\t\t\tdata-show-delay=\"500\">\n\t\t\t\t\t\t\t\t\t\t\t\t\t\t\t\t\t\t\t\t\t\t\t<span class=\"title-css\">\n\t\t\t\t\t\t\t\t\t\t\t\t\tK\u00e1ll\u00edt\u00e1s\t\t\t\t\t\t\t\t\t\t\t\t<\/span><br>\n\t\t\t\t\t\t\t\t\t\t\t\t\t\t\t\t\t\t\t\t\t\t\t\t\t\t\t\t\t\t\t\t<\/p>\n\t\t\t\t\t\t\t\t\t\n\t\t\t\t\t\t\t\t\t\t\t\t\t\t\t\t\t\t\t<p class=\"sp-caption\"><span class=\"caption-css\">\n\t\t\t\t\t\t\t\t\t\t\t\tK\u00e1ll\u00edt\u00e1s\t\t\t\t\t\t\t\t\t\t\t<\/span><\/p>\n\t\t\t\t\t\t\t\t\t\t\t\t\t\t\t\t\t\t\t\t\t\t\t\t\t\t\t\t\t\t\t\t<\/div>\n\t\t\t\t\t\t\t\t\t\t\t<\/div>\n\t\t\t\t\t\t\t\t\t<div class=\"sp-thumbnails\">\n\t\t\t\t\t\t\t\t\t\t\t\t\t\t<img decoding=\"async\" class=\"sp-thumbnail\" src=\"https:\/\/rakosliget.hu\/wordpress\/wp-content\/uploads\/2026\/03\/Sanyi-kallitas.jpg\" \/>\n\t\t\t\t\t\t\t\t\t\t\t\t\t\t\t\t<img decoding=\"async\" class=\"sp-thumbnail\" src=\"https:\/\/rakosliget.hu\/wordpress\/wp-content\/uploads\/2026\/03\/1000032570-scaled.jpg\" \/>\n\t\t\t\t\t\t\t\t\t\t\t\t\t\t\t\t<img decoding=\"async\" class=\"sp-thumbnail\" src=\"https:\/\/rakosliget.hu\/wordpress\/wp-content\/uploads\/2026\/03\/18-Konstellaciok_1024.jpg\" \/>\n\t\t\t\t\t\t\t\t\t\t\t\t\t\t\t\t<img decoding=\"async\" class=\"sp-thumbnail\" src=\"https:\/\/rakosliget.hu\/wordpress\/wp-content\/uploads\/2026\/03\/04-Absztrakt-es-konkret-Dunaujvaros.jpg\" \/>\n\t\t\t\t\t\t\t\t\t\t\t\t\t\t\t\t<img decoding=\"async\" class=\"sp-thumbnail\" src=\"https:\/\/rakosliget.hu\/wordpress\/wp-content\/uploads\/2026\/03\/03-A-Napra-varva.jpg\" \/>\n\t\t\t\t\t\t\t\t\t\t\t\t\t\t\t\t<img decoding=\"async\" class=\"sp-thumbnail\" src=\"https:\/\/rakosliget.hu\/wordpress\/wp-content\/uploads\/2026\/03\/1000032569-scaled.jpg\" \/>\n\t\t\t\t\t\t\t\t\t\t\t\t\t<\/div>\n\t\t\t\t\t\t\t<\/div>\n\t\t<\/div>\n\t\t<style>\n\t.title-css {\n\t\tfont-size: 18px;\n\t\tfont-weight: bolder;\n\t\ttext-transform: uppercase;\n\t}\n\n\t.desc-css {\n\t\tfont-size: 16px;\n\t}\n\n\t.caption-css {\n\t\tfont-size: 16px;\n\t\tfont-weight: bolder;\n\t\ttext-transform: uppercase;\n\t}\n\n\ta.sp-video:after {\n\t\tbox-sizing: unset;\n\t}\n\n\t<\/style>\n<script type=\"application\/javascript\">\n\tjQuery(document).ready(function (jQuery) {\n\t\tjQuery(\"#my-slider-23535\").sliderPro({\n\t\t\twidth: 960,\n\t\t\theight: 540,\n\t\t\t\/\/Slide\n\t\t\tcenterImage: true,\n\t\t\tallowScaleUp: true,\n\t\t\tautoSlideSize: false,\n\t\t\tautoHeight: true,\n\t\t\tshuffle: false,\n\t\t\tloop: true,\n\t\t\tvisibleSize: 'auto',\n\t\t\twaitForLayers: false,\n\t\t\tautoScaleLayers: true,\n\t\t\t\/\/Auto\n\t\t\tautoplay: true,\n\t\t\tautoplayDelay: 5000,\n\t\t\tautoplayOnHover: 'pause',\n\t\t\t\/\/Navigation\n\t\t\tarrows: true,\n\t\t\tfadeArrows: false,\n\t\t\tbuttons: false,\n\t\t\tkeyboard: false,\n\t\t\tfullScreen: false,\n\t\t\tfadeFullScreen: false,\n\t\t\t\/\/Video\n\t\t\tplayVideoAction: 'stopAutoplay',\n\t\t\tpauseVideoAction: 'none',\n\t\t\t\/\/Thumbnails\n\t\t\tthumbnailWidth: 200,\n\t\t\tthumbnailHeight: 100,\n\t\t\tthumbnailsPosition: 'top',\n\t\t\tthumbnailArrows: true,\n\t\t\tfadeThumbnailArrows: false,\n\t\t\tthumbnailTouchSwipe: true\t\t});\n\t});\n<\/script>\n\n\n<\/p>\n<p align=\"center\"><a href=\"http:\/\/rakosliget.hu\/index.html\">Vissza<\/a><\/p>\n<\/div>\n<div class=\"footer\">\n<p style=\"text-align: center;\">Az oldalon szerepl\u0151 k\u00e9pek a szerz\u0151 tulajdona. Tov\u00e1bbi felhaszn\u00e1l\u00e1suk kiz\u00e1r\u00f3lag a szerz\u0151 \u00edr\u00e1sos enged\u00e9lyhez k\u00f6t\u00f6tt.<br \/><strong><span lang=\"en\" tabindex=\"0\">The images on this page are the property of the author. <\/span><span lang=\"en\" tabindex=\"0\">Their further use is subject to the written permission of the author. <\/span><\/strong><strong>All photos are copyright \u00a9 Kelemen S\u00e1ndor<\/strong><\/p>\n<\/div>\n\n\n<p><\/p>\n","protected":false},"excerpt":{"rendered":"<p>Kelemen S\u00e1ndor: Z\u00e1rt k\u00f6r. A M\u0171v\u00e9szetbar\u00e1tok K\u00f6r\u00e9nek m\u0171k\u00f6d\u00e9se R\u00e1kosligeten (1962-1969)&nbsp;Copyright 2010. A szerz\u0151 enged\u00e9ly\u00e9vel. Kelemen S\u00e1ndor A rajzol\u00e1s gyermekkori szeretete vezetett el k\u00f6z\u00e9piskol\u00e1s \u00e9veimre a k\u00e9pz\u0151m\u0171v\u00e9szet \u00e9s a m\u0171v\u00e9szett\u00f6rt\u00e9net, a k\u00e9s\u0151bbiekben pedig a filmm\u0171v\u00e9szet ir\u00e1nti \u00e9rdekl\u0151d\u00e9sig.Meghat\u00e1roz\u00f3 \u00e9lm\u00e9nyt jelentett sz\u00e1momra, hogy a nyolcvanas \u00e9vek k\u00f6zep\u00e9n, duna\u00fajv\u00e1rosi tizen\u00e9vesk\u00e9nt sz\u00edvesen \u00e9s \u00e9rdekl\u0151d\u00e9ssel l\u00e1togattam a v\u00e1ros ki\u00e1ll\u00edt\u00f3helyeit, valamint a &hellip; <a href=\"https:\/\/rakosliget.hu\/wordpress\/index.php\/media_slider\/kollektiv-gabor-bela-kelemen-sandor-kozos-kiallitas-2026\/\" class=\"more-link\"><span class=\"screen-reader-text\">KOLLEKT\u00cdV -G\u00e1bor B\u00e9la &#8211; Kelemen S\u00e1ndor k\u00f6z\u00f6s ki\u00e1ll\u00edt\u00e1s 2026<\/span> r\u00e9szletei&#8230;<\/a><\/p>\n","protected":false},"author":1,"featured_media":0,"parent":0,"menu_order":0,"comment_status":"closed","ping_status":"closed","template":"","meta":{"footnotes":""},"class_list":["post-247","page","type-page","status-publish","hentry"],"_links":{"self":[{"href":"https:\/\/rakosliget.hu\/wordpress\/index.php\/wp-json\/wp\/v2\/pages\/247","targetHints":{"allow":["GET"]}}],"collection":[{"href":"https:\/\/rakosliget.hu\/wordpress\/index.php\/wp-json\/wp\/v2\/pages"}],"about":[{"href":"https:\/\/rakosliget.hu\/wordpress\/index.php\/wp-json\/wp\/v2\/types\/page"}],"author":[{"embeddable":true,"href":"https:\/\/rakosliget.hu\/wordpress\/index.php\/wp-json\/wp\/v2\/users\/1"}],"replies":[{"embeddable":true,"href":"https:\/\/rakosliget.hu\/wordpress\/index.php\/wp-json\/wp\/v2\/comments?post=247"}],"version-history":[{"count":27,"href":"https:\/\/rakosliget.hu\/wordpress\/index.php\/wp-json\/wp\/v2\/pages\/247\/revisions"}],"predecessor-version":[{"id":23553,"href":"https:\/\/rakosliget.hu\/wordpress\/index.php\/wp-json\/wp\/v2\/pages\/247\/revisions\/23553"}],"wp:attachment":[{"href":"https:\/\/rakosliget.hu\/wordpress\/index.php\/wp-json\/wp\/v2\/media?parent=247"}],"curies":[{"name":"wp","href":"https:\/\/api.w.org\/{rel}","templated":true}]}}