{"id":2404,"date":"2018-12-18T14:13:45","date_gmt":"2018-12-18T13:13:45","guid":{"rendered":"http:\/\/rakosliget.hu\/wordpress\/?page_id=2404"},"modified":"2025-09-14T09:33:53","modified_gmt":"2025-09-14T08:33:53","slug":"rakosliget-helytortenete-1950","status":"publish","type":"page","link":"https:\/\/rakosliget.hu\/wordpress\/index.php\/rakosliget-helytortenete-1950\/","title":{"rendered":"R\u00c1KOSLIGET HELYT\u00d6RT\u00c9NETE 1950 &#8211; NAPJAINKIG"},"content":{"rendered":"\n<p><em>Friss\u00edtve: 2021.03.18.<\/em><\/p>\n\n\n\n<p>1950.janu\u00e1r 1. Megsz\u0171nt az \u00f6n\u00e1ll\u00f3 R\u00e1kosliget k\u00f6zs\u00e9g. Ett\u0151l a d\u00e1tumt\u00f3l kezdve Nagy-Budapest, azon bel\u00fcl is a XVII. ker\u00fclet r\u00e9sze lett. A k\u00f6zigazgat\u00e1s R\u00e1koskereszt\u00farra k\u00f6lt\u00f6z\u00f6tt, ott kezdte meg m\u0171k\u00f6d\u00e9s\u00e9t a Tan\u00e1csh\u00e1za. Az itt lak\u00f3k fej\u00e9ben azonban nem ilyen egyszer\u0171en zajlott le ez a v\u00e1lt\u00e1s. R\u00e1kosliget, a Ligetiek szem\u00e9ben k\u00fcl\u00f6n\u00e1ll\u00f3 maradt. Ezt valamennyi, a kor\u00e1bban \u00f6n\u00e1ll\u00f3 telep\u00fcl\u00e9sr\u00e9szen \u00e9l\u0151k \u00edgy \u00e9rezt\u00e9k. Teh\u00e1t volt Kereszt\u00far,Kert, Hegy, Csaba \u00e9s Liget. Ma a XVII. ker\u00fclet t\u00f6bb telep\u00fcl\u00e9sr\u00e9sszel rendelkezik a hivatalos nyilv\u00e1ntart\u00e1s szerint. Ezek a k\u00f6vetkez\u0151k <a href=\"http:\/\/rakosliget.hu\/wordpress\/index.php\/fovarosi-kozlony-1950\/\">( 873\/1993. (VI. 24.) F\u0151v. Kgy. h.) <\/a> :<\/p>\n\n\n\n<h4 class=\"wp-block-heading\">Akad\u00e9mia\u00fajtelep,<br>Mad\u00e1rdomb,<br>R\u00e1koscsaba,<br>R\u00e1koscsaba-\u00fajtelep,<br>R\u00e1koshegy,<br>R\u00e1koskereszt\u00far,<br>R\u00e1koskert,<br>R\u00e1kosliget,<br>a v\u00e1rosr\u00e9sz hat\u00e1rain bel\u00fcl:<br>R\u00e9giakad\u00e9miatelep<br><\/h4>\n\n\n\n<figure class=\"wp-block-image size-large\"><a href=\"http:\/\/rakosliget.hu\/wordpress\/wp-content\/uploads\/2020\/11\/XVII-ker-adatok-1990.jpg\"><img loading=\"lazy\" decoding=\"async\" width=\"1024\" height=\"489\" src=\"http:\/\/rakosliget.hu\/wordpress\/wp-content\/uploads\/2020\/11\/XVII-ker-adatok-1990-1024x489.jpg\" alt=\"\" class=\"wp-image-7611\" srcset=\"https:\/\/rakosliget.hu\/wordpress\/wp-content\/uploads\/2020\/11\/XVII-ker-adatok-1990-1024x489.jpg 1024w, https:\/\/rakosliget.hu\/wordpress\/wp-content\/uploads\/2020\/11\/XVII-ker-adatok-1990-300x143.jpg 300w, https:\/\/rakosliget.hu\/wordpress\/wp-content\/uploads\/2020\/11\/XVII-ker-adatok-1990-768x367.jpg 768w, https:\/\/rakosliget.hu\/wordpress\/wp-content\/uploads\/2020\/11\/XVII-ker-adatok-1990-1536x733.jpg 1536w, https:\/\/rakosliget.hu\/wordpress\/wp-content\/uploads\/2020\/11\/XVII-ker-adatok-1990-2048x978.jpg 2048w\" sizes=\"auto, (max-width: 1024px) 100vw, 1024px\" \/><\/a><\/figure>\n\n\n\n<p><br><\/p>\n\n\n\n<figure class=\"wp-block-image size-large\"><a href=\"http:\/\/rakosliget.hu\/wordpress\/wp-content\/uploads\/2021\/03\/XVII-kerulet-1950-ben_-korrigalt_1024.jpg\"><img loading=\"lazy\" decoding=\"async\" width=\"1024\" height=\"996\" src=\"http:\/\/rakosliget.hu\/wordpress\/wp-content\/uploads\/2021\/03\/XVII-kerulet-1950-ben_-korrigalt_1024.jpg\" alt=\"\" class=\"wp-image-9133\" srcset=\"https:\/\/rakosliget.hu\/wordpress\/wp-content\/uploads\/2021\/03\/XVII-kerulet-1950-ben_-korrigalt_1024.jpg 1024w, https:\/\/rakosliget.hu\/wordpress\/wp-content\/uploads\/2021\/03\/XVII-kerulet-1950-ben_-korrigalt_1024-300x292.jpg 300w, https:\/\/rakosliget.hu\/wordpress\/wp-content\/uploads\/2021\/03\/XVII-kerulet-1950-ben_-korrigalt_1024-768x747.jpg 768w\" sizes=\"auto, (max-width: 1024px) 100vw, 1024px\" \/><\/a><\/figure>\n\n\n\n<p><a rel=\"noreferrer noopener\" href=\"http:\/\/rakosliget.hu\/terkep\/XVII ker\u00fclet 1950-ben_ korrig\u00e1lt.jpg\" target=\"_blank\">Nagyobb felbont\u00e1sban.<\/a><\/p>\n\n\n\n<p><a rel=\"noreferrer noopener\" href=\"http:\/\/rakosliget.hu\/film\/R\u00e1kosliget hat\u00e1rai b\u0151v\u00edtett_1950.mp4\" target=\"_blank\">R\u00e1kosliget hat\u00e1rainak v\u00e1ltoz\u00e1sa.<\/a><\/p>\n\n\n\n<h2 class=\"wp-block-heading\">1950 R\u00e1kosliget hat\u00e1rvonala<\/h2>\n\n\n\n<p>XVII. ker. R\u00e1kosliget: a M\u00c1V vas\u00fatvonalt\u00f3l \u00e9s a Szt Imre hg-\u00fatt\u00f3l \u00e9szakra, R\u00e1kosliget k\u00f6zs\u00e9g volt hat\u00e1ra, majd a Cinkotai-\u00fat k\u00f6z\u00f6tti telep\u00fcl\u00e9si \u00e9s parcell\u00e1z\u00e1si t\u00f6mb hat\u00e1rvona-lait k\u00f6vetve \u00e9szak, majd keleti ir\u00e1nyban a k\u00f6zs\u00e9g volt hat\u00e1r-vonal\u00e1ig, azon a Pozsonyi-\u00fatig, innen minden\u00fctt a lakott ter\u00fc-let parcell\u00e1z\u00e1si hat\u00e1rvonal\u00e1t k\u00f6vetve keleti ir\u00e1nyban az Ady Endre-utat keresztezve a M\u00f3nus Ill\u00e9s-\u00fatig, azon d\u00e9li ir\u00e1nyban a M\u00c1V vas\u00fatvonalig, illetve a vas\u00fatvonal mellett h\u00faz\u00f3d\u00f3 Szt Imre herceg-\u00fatig, a Szt Imre herceg-\u00faton nyugati ir\u00e1nyban haladva a kiindul\u00e1si pontig.<\/p>\n\n\n\n<h2 class=\"wp-block-heading\">1994<\/h2>\n\n\n\n<p><a href=\"http:\/\/rakosliget.hu\/pdf\/t\u00f6m\u00f6rComitatus_1994-1734042600__pages536-556.pdf\">V\u00e1zlatos modellv\u00e1ltozat a f\u0151v\u00e1ros \u00e9s az agglomer\u00e1ci\u00f3 javasolt \u00f6nkorm\u00e1nyzati \u00e9s k\u00f6zigazgat\u00e1si rendszer\u00e9re. Pdf<\/a><\/p>\n\n\n\n<p><\/p>\n","protected":false},"excerpt":{"rendered":"<p>Friss\u00edtve: 2021.03.18. 1950.janu\u00e1r 1. Megsz\u0171nt az \u00f6n\u00e1ll\u00f3 R\u00e1kosliget k\u00f6zs\u00e9g. Ett\u0151l a d\u00e1tumt\u00f3l kezdve Nagy-Budapest, azon bel\u00fcl is a XVII. ker\u00fclet r\u00e9sze lett. A k\u00f6zigazgat\u00e1s R\u00e1koskereszt\u00farra k\u00f6lt\u00f6z\u00f6tt, ott kezdte meg m\u0171k\u00f6d\u00e9s\u00e9t a Tan\u00e1csh\u00e1za. Az itt lak\u00f3k fej\u00e9ben azonban nem ilyen egyszer\u0171en zajlott le ez a v\u00e1lt\u00e1s. R\u00e1kosliget, a Ligetiek szem\u00e9ben k\u00fcl\u00f6n\u00e1ll\u00f3 maradt. Ezt valamennyi, a kor\u00e1bban &hellip; <a href=\"https:\/\/rakosliget.hu\/wordpress\/index.php\/rakosliget-helytortenete-1950\/\" class=\"more-link\"><span class=\"screen-reader-text\">R\u00c1KOSLIGET HELYT\u00d6RT\u00c9NETE 1950 &#8211; NAPJAINKIG<\/span> r\u00e9szletei&#8230;<\/a><\/p>\n","protected":false},"author":1,"featured_media":0,"parent":0,"menu_order":0,"comment_status":"closed","ping_status":"closed","template":"","meta":{"footnotes":""},"class_list":["post-2404","page","type-page","status-publish","hentry"],"_links":{"self":[{"href":"https:\/\/rakosliget.hu\/wordpress\/index.php\/wp-json\/wp\/v2\/pages\/2404","targetHints":{"allow":["GET"]}}],"collection":[{"href":"https:\/\/rakosliget.hu\/wordpress\/index.php\/wp-json\/wp\/v2\/pages"}],"about":[{"href":"https:\/\/rakosliget.hu\/wordpress\/index.php\/wp-json\/wp\/v2\/types\/page"}],"author":[{"embeddable":true,"href":"https:\/\/rakosliget.hu\/wordpress\/index.php\/wp-json\/wp\/v2\/users\/1"}],"replies":[{"embeddable":true,"href":"https:\/\/rakosliget.hu\/wordpress\/index.php\/wp-json\/wp\/v2\/comments?post=2404"}],"version-history":[{"count":18,"href":"https:\/\/rakosliget.hu\/wordpress\/index.php\/wp-json\/wp\/v2\/pages\/2404\/revisions"}],"predecessor-version":[{"id":18157,"href":"https:\/\/rakosliget.hu\/wordpress\/index.php\/wp-json\/wp\/v2\/pages\/2404\/revisions\/18157"}],"wp:attachment":[{"href":"https:\/\/rakosliget.hu\/wordpress\/index.php\/wp-json\/wp\/v2\/media?parent=2404"}],"curies":[{"name":"wp","href":"https:\/\/api.w.org\/{rel}","templated":true}]}}