{"id":23929,"date":"2026-03-26T16:14:35","date_gmt":"2026-03-26T15:14:35","guid":{"rendered":"https:\/\/rakosliget.hu\/wordpress\/?page_id=23929"},"modified":"2026-03-26T16:14:35","modified_gmt":"2026-03-26T15:14:35","slug":"igazolo-bizottsagok","status":"publish","type":"page","link":"https:\/\/rakosliget.hu\/wordpress\/index.php\/igazolo-bizottsagok\/","title":{"rendered":"IGAZOL\u00d3 BIZOTTS\u00c1GOK"},"content":{"rendered":"\n<p>K\u00e9pes Figyel\u0151 1945.12.29.<\/p>\n\n\n<div class=\"wp-block-image\">\n<figure class=\"aligncenter size-full\"><img loading=\"lazy\" decoding=\"async\" width=\"741\" height=\"1595\" src=\"https:\/\/rakosliget.hu\/wordpress\/wp-content\/uploads\/2026\/03\/Vicourek.jpg\" alt=\"\" class=\"wp-image-23931\" srcset=\"https:\/\/rakosliget.hu\/wordpress\/wp-content\/uploads\/2026\/03\/Vicourek.jpg 741w, https:\/\/rakosliget.hu\/wordpress\/wp-content\/uploads\/2026\/03\/Vicourek-139x300.jpg 139w, https:\/\/rakosliget.hu\/wordpress\/wp-content\/uploads\/2026\/03\/Vicourek-714x1536.jpg 714w\" sizes=\"auto, (max-width: 741px) 100vw, 741px\" \/><figcaption class=\"wp-element-caption\">Vincourek Dezs\u0151 az Igyzol\u00f3 Bizotts\u00e1g el\u0151tt. 1945<\/figcaption><\/figure>\n<\/div>","protected":false},"excerpt":{"rendered":"<p>K\u00e9pes Figyel\u0151 1945.12.29.<\/p>\n","protected":false},"author":1,"featured_media":0,"parent":0,"menu_order":0,"comment_status":"closed","ping_status":"closed","template":"","meta":{"footnotes":""},"class_list":["post-23929","page","type-page","status-publish","hentry"],"_links":{"self":[{"href":"https:\/\/rakosliget.hu\/wordpress\/index.php\/wp-json\/wp\/v2\/pages\/23929","targetHints":{"allow":["GET"]}}],"collection":[{"href":"https:\/\/rakosliget.hu\/wordpress\/index.php\/wp-json\/wp\/v2\/pages"}],"about":[{"href":"https:\/\/rakosliget.hu\/wordpress\/index.php\/wp-json\/wp\/v2\/types\/page"}],"author":[{"embeddable":true,"href":"https:\/\/rakosliget.hu\/wordpress\/index.php\/wp-json\/wp\/v2\/users\/1"}],"replies":[{"embeddable":true,"href":"https:\/\/rakosliget.hu\/wordpress\/index.php\/wp-json\/wp\/v2\/comments?post=23929"}],"version-history":[{"count":2,"href":"https:\/\/rakosliget.hu\/wordpress\/index.php\/wp-json\/wp\/v2\/pages\/23929\/revisions"}],"predecessor-version":[{"id":23932,"href":"https:\/\/rakosliget.hu\/wordpress\/index.php\/wp-json\/wp\/v2\/pages\/23929\/revisions\/23932"}],"wp:attachment":[{"href":"https:\/\/rakosliget.hu\/wordpress\/index.php\/wp-json\/wp\/v2\/media?parent=23929"}],"curies":[{"name":"wp","href":"https:\/\/api.w.org\/{rel}","templated":true}]}}