{"id":23867,"date":"2026-03-22T16:35:37","date_gmt":"2026-03-22T15:35:37","guid":{"rendered":"https:\/\/rakosliget.hu\/wordpress\/?page_id=23867"},"modified":"2026-03-22T16:39:11","modified_gmt":"2026-03-22T15:39:11","slug":"friedrich-lorand","status":"publish","type":"page","link":"https:\/\/rakosliget.hu\/wordpress\/index.php\/friedrich-lorand\/","title":{"rendered":"FRIEDRICH L\u00d3R\u00c1ND"},"content":{"rendered":"\n<p>Az I. vil\u00e1gh\u00e1bor\u00fas eml\u00e9km\u0171:<\/p>\n\n\n\n<p>1925-ben rendelte meg R\u00e1kosliget a H\u0151s\u00f6k Eml\u00e9k\u00e9t Meg\u00f6r\u00f6k\u00edt\u0151 Orsz\u00e1gos<br>Bizotts\u00e1gon kereszt\u00fcl Friedricht\u0151l vil\u00e1gh\u00e1bor\u00fas h\u0151seinek eml\u00e9km\u0171v\u00e9t. \u201eA m\u0171v\u00e9sz<br>m\u00e1jus 1-j\u00e9re \u00edg\u00e9rte a sz\u00e1ll\u00edt\u00e1st, de a helyi k\u00f6zigazgat\u00e1s szeptemberig nem tudta eld\u00f6nteni, hov\u00e1 \u00e1ll\u00edts\u00e1k fel az eml\u00e9km\u0171vet. Az avat\u00e1sra v\u00e9g\u00fcl 1925. m\u00e1jus 31-\u00e9n ker\u00fclt<br>sor, az avat\u00f3besz\u00e9det J\u00f3zsef kir\u00e1lyi f\u0151herceg tartotta.\u201d56 A r\u00e1kosligeti H\u0151s\u00f6k ter\u00e9n<br>elhelyezett domborm\u0171ves talapzaton \u00e1ll\u00f3 obeliszket kard \u00e9s koszor\u00fa d\u00edsz\u00edti, tetej\u00e9n<br>turul t\u00e1rja ki sz\u00e1rnyait, a korszak hasonl\u00f3 m\u0171veinek elemeit vonultatja fel a kompoz\u00edci\u00f3.<\/p>\n\n\n\n<p>Polg\u00e1ri iskolaterv<\/p>\n\n\n\n<p>K\u00eds\u00e9rletez\u0151 kedvre vall egy polg\u00e1ri iskola terve, melyet R\u00e1kosliget megb\u00edz\u00e1s\u00e1b\u00f3l k\u00e9sz\u00edtett. Az \u00e9p\u00edtkez\u00e9sre nem ker\u00fclt sor, a homlokzatrajz alapj\u00e1n a sz\u00e1zadfordul\u00f3s \u00e9s<br>az egyszer\u0171s\u00edtett historiz\u00e1l\u00f3 form\u00e1k elegy\u00e9vel dolgozott.<\/p>\n\n\n\n<p>Forr\u00e1s: MAR\u00d3TZY KATALIN: FRIEDRICH L\u00d3R\u00c1ND \u00c9P\u00cdT\u00c9SZ (1891\u20131947)<br>PhD, egyetemi adjunktus. BME \u00c9p\u00edt\u00e9szett\u00f6rt\u00e9neti \u00e9s M\u0171eml\u00e9ki Tansz\u00e9k. In: \u00c9p\u00edt\u00e9s \u2013 \u00c9p\u00edt\u00e9szettudom\u00e1ny 48 (3\u20134) 271\u2013304. DOI: 10.1556\/096.2020.007<\/p>\n","protected":false},"excerpt":{"rendered":"<p>Az I. vil\u00e1gh\u00e1bor\u00fas eml\u00e9km\u0171: 1925-ben rendelte meg R\u00e1kosliget a H\u0151s\u00f6k Eml\u00e9k\u00e9t Meg\u00f6r\u00f6k\u00edt\u0151 Orsz\u00e1gosBizotts\u00e1gon kereszt\u00fcl Friedricht\u0151l vil\u00e1gh\u00e1bor\u00fas h\u0151seinek eml\u00e9km\u0171v\u00e9t. \u201eA m\u0171v\u00e9szm\u00e1jus 1-j\u00e9re \u00edg\u00e9rte a sz\u00e1ll\u00edt\u00e1st, de a helyi k\u00f6zigazgat\u00e1s szeptemberig nem tudta eld\u00f6nteni, hov\u00e1 \u00e1ll\u00edts\u00e1k fel az eml\u00e9km\u0171vet. Az avat\u00e1sra v\u00e9g\u00fcl 1925. m\u00e1jus 31-\u00e9n ker\u00fcltsor, az avat\u00f3besz\u00e9det J\u00f3zsef kir\u00e1lyi f\u0151herceg tartotta.\u201d56 A r\u00e1kosligeti H\u0151s\u00f6k ter\u00e9nelhelyezett domborm\u0171ves &hellip; <a href=\"https:\/\/rakosliget.hu\/wordpress\/index.php\/friedrich-lorand\/\" class=\"more-link\"><span class=\"screen-reader-text\">FRIEDRICH L\u00d3R\u00c1ND<\/span> r\u00e9szletei&#8230;<\/a><\/p>\n","protected":false},"author":1,"featured_media":0,"parent":0,"menu_order":0,"comment_status":"closed","ping_status":"closed","template":"","meta":{"footnotes":""},"class_list":["post-23867","page","type-page","status-publish","hentry"],"_links":{"self":[{"href":"https:\/\/rakosliget.hu\/wordpress\/index.php\/wp-json\/wp\/v2\/pages\/23867","targetHints":{"allow":["GET"]}}],"collection":[{"href":"https:\/\/rakosliget.hu\/wordpress\/index.php\/wp-json\/wp\/v2\/pages"}],"about":[{"href":"https:\/\/rakosliget.hu\/wordpress\/index.php\/wp-json\/wp\/v2\/types\/page"}],"author":[{"embeddable":true,"href":"https:\/\/rakosliget.hu\/wordpress\/index.php\/wp-json\/wp\/v2\/users\/1"}],"replies":[{"embeddable":true,"href":"https:\/\/rakosliget.hu\/wordpress\/index.php\/wp-json\/wp\/v2\/comments?post=23867"}],"version-history":[{"count":3,"href":"https:\/\/rakosliget.hu\/wordpress\/index.php\/wp-json\/wp\/v2\/pages\/23867\/revisions"}],"predecessor-version":[{"id":23872,"href":"https:\/\/rakosliget.hu\/wordpress\/index.php\/wp-json\/wp\/v2\/pages\/23867\/revisions\/23872"}],"wp:attachment":[{"href":"https:\/\/rakosliget.hu\/wordpress\/index.php\/wp-json\/wp\/v2\/media?parent=23867"}],"curies":[{"name":"wp","href":"https:\/\/api.w.org\/{rel}","templated":true}]}}