{"id":23831,"date":"2026-03-20T17:11:16","date_gmt":"2026-03-20T16:11:16","guid":{"rendered":"https:\/\/rakosliget.hu\/wordpress\/?page_id=23831"},"modified":"2026-03-20T17:18:13","modified_gmt":"2026-03-20T16:18:13","slug":"blaszauer-robert","status":"publish","type":"page","link":"https:\/\/rakosliget.hu\/wordpress\/index.php\/blaszauer-robert\/","title":{"rendered":"BLASZAUER R\u00d3BERT"},"content":{"rendered":"<div class=\"wp-block-image\">\n<figure class=\"aligncenter size-full\"><img loading=\"lazy\" decoding=\"async\" width=\"365\" height=\"527\" src=\"https:\/\/rakosliget.hu\/wordpress\/wp-content\/uploads\/2026\/03\/2012-bracsakeszito-page0039_2.jpg\" alt=\"\" class=\"wp-image-23828\" srcset=\"https:\/\/rakosliget.hu\/wordpress\/wp-content\/uploads\/2026\/03\/2012-bracsakeszito-page0039_2.jpg 365w, https:\/\/rakosliget.hu\/wordpress\/wp-content\/uploads\/2026\/03\/2012-bracsakeszito-page0039_2-208x300.jpg 208w\" sizes=\"auto, (max-width: 365px) 100vw, 365px\" \/><\/figure>\n<\/div>\n\n<div class=\"wp-block-image\">\n<figure class=\"aligncenter size-full\"><img loading=\"lazy\" decoding=\"async\" width=\"1929\" height=\"847\" src=\"https:\/\/rakosliget.hu\/wordpress\/wp-content\/uploads\/2026\/03\/2012-bracsakeszito-page0039_0.jpg\" alt=\"\" class=\"wp-image-23827\" srcset=\"https:\/\/rakosliget.hu\/wordpress\/wp-content\/uploads\/2026\/03\/2012-bracsakeszito-page0039_0.jpg 1929w, https:\/\/rakosliget.hu\/wordpress\/wp-content\/uploads\/2026\/03\/2012-bracsakeszito-page0039_0-300x132.jpg 300w, https:\/\/rakosliget.hu\/wordpress\/wp-content\/uploads\/2026\/03\/2012-bracsakeszito-page0039_0-768x337.jpg 768w, https:\/\/rakosliget.hu\/wordpress\/wp-content\/uploads\/2026\/03\/2012-bracsakeszito-page0039_0-1536x674.jpg 1536w\" sizes=\"auto, (max-width: 1929px) 100vw, 1929px\" \/><\/figure>\n<\/div>\n\n\n<h5 class=\"wp-block-heading\">Nagy bajnok R\u00e1kosligetr\u0151l<\/h5>\n\n\n\n<p>Nagynak h\u00edvj\u00e1k. R\u00e1kosligeten sz\u00fcletett, a feje er\u0151sen csigaszer\u0171 \u00e9s k\u00fcl\u00f6n\u00f6s lyukak vannak a test\u00e9n; n\u00e9h\u00e1ny hete elutazott a t\u00e1voli Jap\u00e1nba, ahol mindennek ellen\u00e9re pillanatok alatt vil\u00e1gh\u00edrnevet szerzett egy rangos verseny gy\u0151ztes\u00e9nek oldal\u00e1n. Annyira persze nem volt olyan neh\u00e9z neki: a r\u00e1kosligeti Nagy egy br\u00e1csa. A vil\u00e1g egyik legjobb br\u00e1cs\u00e1ja.<br>Az omin\u00f3zus m\u00e9lyheged\u0171t \u00e9s a vil\u00e1gh\u00edrnevet mindenekel\u0151tt Blaszauer R\u00f3bert heged\u0171k\u00e9sz\u00edt\u0151- mesternek k\u00f6sz\u00f6nhetj\u00fck, \u0151 lehelt \u00e9letet a holt f\u00e1ba. A hangszert a nemr\u00e9g megrendezett, f\u0151k\u00e9nt akad\u00e9mist\u00e1knak \u00e9s p\u00e1lyakezd\u0151knek sz\u00f3l\u00f3 II. Toki\u00f3i Nemzetk\u00f6zi Br\u00e1csafesztiv\u00e1lra k\u00e9sz\u00edtette. Aff\u00e9le gavall\u00e9ros felaj\u00e1nl\u00e1s gyan\u00e1nt a majdani els\u0151 helyezettnek. Rem\u00e9lve persze, hogy ha a szervez\u0151k elfogadj\u00e1k az aj\u00e1nd\u00e9kot, az neki is \u00e9s a hazai hangszerk\u00e9sz\u00edt\u00e9snek is nagy diadal lesz.<br>Az lett. A hangszert boldogan elfogadt\u00e1k, a gy\u0151ztes, a t\u00f6bb mint sz\u00e1z versenyz\u0151 k\u00f6z\u00fcl kiv\u00e1lasztott k\u00ednai l\u00e1ny, Wen Tin-kang boldogan \u00f6lelhette kebel\u00e9re az eredm\u00e9nyhirdet\u00e9s ut\u00e1n, a nagy tal\u00e1lkoz\u00e1ssal tele volt a vil\u00e1gsajt\u00f3. A br\u00e1csa \u00e9rt\u00e9k\u00e9t jelzi egy\u00e9bk\u00e9nt a verseny d\u00edjaz\u00e1sa is: Wen Tin-kang, a k\u00fcl\u00f6njutalomk\u00e9nt \u00e1tadott m\u00e9lyheged\u0171 mellett h\u00e1rommilli\u00f3 forint \u00e9rt\u00e9k\u0171 p\u00e9nzd\u00edjat nyert, emellett pedig egy r\u00e9szv\u00e9teli opci\u00f3t a rangos sv\u00e1jci Verbieri Br\u00e1csafesztiv\u00e1lra, a rendezv\u00e9ny ugyancsak \u00f3ri\u00e1si kiugr\u00e1si lehet\u0151s\u00e9g a fiatal m\u0171v\u00e9szeknek.<br>Nagy sikere az\u00e9rt nem volt teljesen v\u00e9letlen \u00e9s v\u00e1ratlan. A toki\u00f3i rangad\u00f3 alap\u00edt\u00f3anyja, a vil\u00e1gh\u00edr\u0171 br\u00e1cs\u00e1s \u00e9s tan\u00e1r, Nobuko Imai professzor m\u00e1r kor\u00e1bban is tal\u00e1lkozott Blaszauer hangszerrel, konkr\u00e9tan az els\u0151 toki\u00f3i versenyen, ahol a harmadik helyezett j\u00e1tszott a pesti mester m\u0171v\u00e9n \u2013 igaz, a muzsikusnak azt meg kellett vennie.<br>Hab a tort\u00e1n, hogy a mez\u0151nyben most is volt k\u00e9t r\u00e1kosligeti br\u00e1csa, \u00e9s nem is szerepeltek rosszul, tudniillik a bronz\u00e9rmes \u00e9s a k\u00fcl\u00f6nd\u00edjas versenyzett vel\u00fck.<br>Pedig Blaszauer R\u00f3bert egy\u00e1ltal\u00e1n nem ontja a br\u00e1cs\u00e1kat. Csaknem h\u00e1rom \u00e9vtizedes p\u00e1lyafut\u00e1sa alatt j\u00f3, ha tucatnyit k\u00e9sz\u00edtett \u2013 vallotta meg nek\u00fcnk h\u00e1l\u00f3szob\u00e1nak sem kifejezetten nagy emeleti m\u0171hely\u00e9ben, legink\u00e1bb egy l\u00e1bv\u00e1g\u00f3k\u00e9s, egy berak\u00e1smetsz\u0151, egy bont\u00f3k\u00e9s \u00e9s egy reped\u00e9s-\u00f6sszeh\u00faz\u00f3 megnyugtat\u00f3 t\u00e1rsas\u00e1g\u00e1ban. J\u00f3 ideje f\u0151k\u00e9nt tradicion\u00e1lis barokk h\u00faros hangszerekkel foglalkozik, a legnagyobb sz\u00e9ri\u00e1ban viola da gamb\u00e1kat, viola d\u2019amor\u00e9kat k\u00e9sz\u00edt \u00e9s \u00e1rul. Az ar\u00e1nyokat tekintve teh\u00e1t a n\u00e9gy br\u00e1csa karrierje minimum is figyelemre m\u00e9lt\u00f3.<br>Besz\u00e9lget\u00e9s\u00fcnk e pontj\u00e1n mindig k\u00e9rd\u00e9s volt persze, mi\u00e9rt post\u00e1zott el teljesen ingyen egy durv\u00e1n k\u00e9tmilli\u00f3 forintot \u00e9r\u0151 hangszert, teh\u00e1t megk\u00e9rdezt\u00fck.<br>Nos, kezdj\u00fck ott, hogy a mester \u00fagy b\u0151 t\u00edz \u00e9ve r\u00e1j\u00f6tt, t\u00fal sok az eszkim\u00f3 a sz\u0171k\u00f6s honi piacon, itthon el\u00e9g nehezen boldogulna. Gondolt teh\u00e1t egyet, \u00e9s elkezdett j\u00f3 nev\u0171 k\u00fclf\u00f6ldi hangszerki\u00e1ll\u00edt\u00e1sokra j\u00e1rni, ami ugyan nem olcs\u00f3 szok\u00e1s (nagyj\u00e1b\u00f3l 400 ezer forint egy-egy t\u00fara), de a lehet\u0151s\u00e9g legal\u00e1bb benne van. Els\u0151sorban a n\u00e9met \u00e9s a holland szeml\u00e9ken bukkant fel \u00e9s k\u00f6t\u00f6tt \u00fczleteket is. Amikor j\u00f6tt a toki\u00f3i br\u00e1csaverseny h\u00edre, az jutott esz\u00e9be: mivel Jap\u00e1nba nemigen jutna el a hangszereivel, menjen h\u00e1t csak a hangszer; \u00fczlet ebb\u0151l ott persze nem lesz mindj\u00e1rt,<br>de prom\u00f3ci\u00f3nak pont j\u00f3 az alkalom, \u00e9s szerencs\u00e9s esetben m\u00e9g hozad\u00e9ka is lehet az akci\u00f3nak. A sejt\u00e9s igazol\u00f3dni l\u00e1tszik, m\u00e1ris van t\u00f6bb komoly sz\u00e1nd\u00e9k\u00fanak t\u0171n\u0151 \u00e9rdekl\u0151d\u0151je, ami ebben a m\u0171fajban t\u00f6bb mint f\u00e9lsiker. Emellett weboldal\u00e1nak l\u00e1togatotts\u00e1ga is sz\u00e9pen megugrott.<br>De most t\u00e9rj\u00fcnk vissza Nagyhoz, a br\u00e1cs\u00e1hoz. Mint a t\u00f6bbi m\u00e9lyheged\u0171, j\u00f3szerivel ez sem m\u00e1s, mint t\u00f6bbf\u00e9le fa, nagy szak\u00e9rtelemmel, amb\u00edci\u00f3val \u00e9s szeretettel \u00f6sszerakva. Csak a k\u00e9szs\u00e9gekb\u0151l \u00e9s \u00e9rzelmekb\u0151l eset\u00fcnkben tal\u00e1n m\u00e9g t\u00f6bb volt, mint lenni szokott.<br>A hangszer h\u00e1ta, oldala \u00e9s csig\u00e1ja, amint azt a hagyom\u00e1ny el\u0151\u00edrja, habos j\u00e1vorb\u00f3l k\u00e9sz\u00fclt, ezt manaps\u00e1g Erd\u00e9lyb\u0151l vagy Szerbi\u00e1b\u00f3l lehet a legk\u00f6nnyebben beszerezni. Teteje lucfeny\u0151, amely szint\u00e9n Erd\u00e9lyb\u0151l j\u00f6n, fels\u0151 \u00e9s als\u00f3 nyerge, valamint fog\u00f3lapja afrikai \u00e9ben, h\u00fartart\u00f3ja \u00e9s \u00e1lltart\u00f3ja szint\u00e9n, b\u00e1r k\u00fcl\u00f6nben ezekhez a k\u00f6rte, a cseresznye \u00e9s a paliszander is j\u00f3 alapanyag lehet. A mester szeszlakkal \u00e9s olajlakkal fel\u00fcletkezelte \u00e9s ny\u00falenyvvel ragasztotta. Ak\u00e1rcsak a h\u00e1romsz\u00e1z \u00e9vvel ezel\u0151tti el\u0151d\u00f6k.<br>Miut\u00e1n mindent megtudtunk a br\u00e1csa mibenl\u00e9t\u00e9r\u0151l, ami egy laikusnak j\u00e1r, m\u00e1r csak egy gondolat b\u00e1ntott benn\u00fcnket: mi\u00e9rt \u00e9ppen Nagy a neve az omin\u00f3zus darabnak? A v\u00e1lasz egyszer\u0171: n\u00e9gy \u00e9s f\u00e9l centivel hosszabb a teste, mint a 38,5 centis kism\u00e9ret\u0171 p\u00e1rja. Egy\u00e9bk\u00e9nt a t\u00f6bbi hangszere is megkapta a maga nev\u00e9t, van egy, amelyet Ikernek h\u00edvnak mert pont olyan, mint egy m\u00e1sik, van, amelyet brummog\u00f3 hangja ut\u00e1n Medv\u00e9nek keresztelt el, \u00e9s fellelhet\u0151 a nagyvil\u00e1gban egy Esther nev\u0171 munk\u00e1ja is (az elnevez\u00e9s itt a megrendel\u0151re utal), csak k\u00e9rd\u00e9s, hogy hol. Sajnos valaki m\u00e1s \u00f6r\u00fcl neki, mint akinek sz\u00e1nt\u00e1k:<br>Spanyolorsz\u00e1gban ellopt\u00e1k.<\/p>\n\n\n\n<p>B\u00e1rkay Tam\u00e1s<\/p>\n\n\n\n<p>Forr\u00e1s: N\u00e9pszabads\u00e1g | 2012. j\u00falius 3., kedd 20. oldal<\/p>\n\n\n\n<div class=\"wp-block-buttons is-layout-flex wp-block-buttons-is-layout-flex\">\n<div class=\"wp-block-button\"><a class=\"wp-block-button__link wp-element-button\" href=\"https:\/\/rakosliget.hu\/wordpress\/index.php\/muveszet\/\">vISSZA A M\u0170V\u00c9SZET OLDALRA<\/a><\/div>\n<\/div>\n","protected":false},"excerpt":{"rendered":"<p>Nagy bajnok R\u00e1kosligetr\u0151l Nagynak h\u00edvj\u00e1k. R\u00e1kosligeten sz\u00fcletett, a feje er\u0151sen csigaszer\u0171 \u00e9s k\u00fcl\u00f6n\u00f6s lyukak vannak a test\u00e9n; n\u00e9h\u00e1ny hete elutazott a t\u00e1voli Jap\u00e1nba, ahol mindennek ellen\u00e9re pillanatok alatt vil\u00e1gh\u00edrnevet szerzett egy rangos verseny gy\u0151ztes\u00e9nek oldal\u00e1n. Annyira persze nem volt olyan neh\u00e9z neki: a r\u00e1kosligeti Nagy egy br\u00e1csa. A vil\u00e1g egyik legjobb br\u00e1cs\u00e1ja.Az omin\u00f3zus m\u00e9lyheged\u0171t \u00e9s &hellip; <a href=\"https:\/\/rakosliget.hu\/wordpress\/index.php\/blaszauer-robert\/\" class=\"more-link\"><span class=\"screen-reader-text\">BLASZAUER R\u00d3BERT<\/span> r\u00e9szletei&#8230;<\/a><\/p>\n","protected":false},"author":1,"featured_media":0,"parent":0,"menu_order":0,"comment_status":"closed","ping_status":"closed","template":"","meta":{"footnotes":""},"class_list":["post-23831","page","type-page","status-publish","hentry"],"_links":{"self":[{"href":"https:\/\/rakosliget.hu\/wordpress\/index.php\/wp-json\/wp\/v2\/pages\/23831","targetHints":{"allow":["GET"]}}],"collection":[{"href":"https:\/\/rakosliget.hu\/wordpress\/index.php\/wp-json\/wp\/v2\/pages"}],"about":[{"href":"https:\/\/rakosliget.hu\/wordpress\/index.php\/wp-json\/wp\/v2\/types\/page"}],"author":[{"embeddable":true,"href":"https:\/\/rakosliget.hu\/wordpress\/index.php\/wp-json\/wp\/v2\/users\/1"}],"replies":[{"embeddable":true,"href":"https:\/\/rakosliget.hu\/wordpress\/index.php\/wp-json\/wp\/v2\/comments?post=23831"}],"version-history":[{"count":6,"href":"https:\/\/rakosliget.hu\/wordpress\/index.php\/wp-json\/wp\/v2\/pages\/23831\/revisions"}],"predecessor-version":[{"id":23843,"href":"https:\/\/rakosliget.hu\/wordpress\/index.php\/wp-json\/wp\/v2\/pages\/23831\/revisions\/23843"}],"wp:attachment":[{"href":"https:\/\/rakosliget.hu\/wordpress\/index.php\/wp-json\/wp\/v2\/media?parent=23831"}],"curies":[{"name":"wp","href":"https:\/\/api.w.org\/{rel}","templated":true}]}}