{"id":2329,"date":"2018-11-25T06:33:28","date_gmt":"2018-11-25T05:33:28","guid":{"rendered":"http:\/\/rakosliget.hu\/wordpress\/?page_id=2329"},"modified":"2025-11-28T05:10:17","modified_gmt":"2025-11-28T04:10:17","slug":"villamos-gyorsvasut-foldalatti","status":"publish","type":"page","link":"https:\/\/rakosliget.hu\/wordpress\/index.php\/villamos-gyorsvasut-foldalatti\/","title":{"rendered":"VILLAMOS, GYORSVAS\u00daT, F\u00d6LDALATTI ?"},"content":{"rendered":"\n<p><em>Friss\u00edtve: 2025. 04. 24.<\/em><\/p>\n\n\n\n<h3 class=\"wp-block-heading\" id=\"Eleje\">K\u00f6t\u00f6tt-p\u00e1ly\u00e1s kapcsolat \u00e9p\u00edt\u00e9se R\u00e1kosment\u00e9n<br><\/h3>\n\n\n\n<p>Term\u00e9szetesnek vessz\u00fck, szinte \u00e9szre sem vessz\u00fck azt, hogy a Pesti \u00fat mennyire sz\u00e9les. Val\u00f3j\u00e1ban ennek oka a tudatos v\u00e1rosfejleszt\u00e9s volt. Ugyan R\u00e1koskereszt\u00far eg\u00e9szen 1950. janu\u00e1r 1-ig nem tartozott Nagy-Budapesthez, de a K\u00f6zmunk\u00e1k Tan\u00e1csa hat\u00e1sk\u00f6rrel b\u00edrt a k\u00f6rnyez\u0151 telep\u00fcl\u00e9sek fejleszt\u00e9s\u00e9re is. <\/p>\n\n\n\n<p>Teh\u00e1t mi a magyar\u00e1zata annak, hogy a Pesti \u00fat ennyire sz\u00e9les? A v\u00e1lasz abban rejlik, hogy folyamatosan jelen volt a fejleszt\u00e9si tervekben az el\u0151v\u00e1rosok bekapcsol\u00e1sa a f\u0151v\u00e1ros k\u00f6zleked\u00e9si rendszer\u00e9be. <\/p>\n\n\n\n<h4 class=\"wp-block-heading\">Az els\u0151 villamos tervek<\/h4>\n\n\n\n<p>1926-ban a BSZKRT&nbsp; m\u00e1r foglalkozott azzal a tervvel,hogy a vas\u00fati h\u00e1l\u00f3zat\u00e1t kiterjeszti a k\u00f6zeli k\u00f6zs\u00e9gekre is. Ebben az \u00e9vben koncesszi\u00f3t szerzett egy R\u00e1koskereszt\u00far &#8211; P\u00e9cel &#8211; R\u00e1kosliget villamos p\u00e1lya meg\u00e9p\u00edt\u00e9s\u00e9re. A terv az volt, hogy a R\u00e1koskereszt\u00fari temet\u0151 vonal\u00e1t meghosszabb\u00edtj\u00e1k, ami azonban csak elk\u00e9pzel\u00e9s maradt. M\u00e9g 1935-ben tov\u00e1bbi egy \u00e9vre meghosszabb\u00edtott\u00e1k a koncesszi\u00f3s jogot, de&nbsp; p\u00e9nzhi\u00e1ny miatt sohasem val\u00f3sulhatott meg.<\/p>\n\n\n\n<p><a href=\"#1928\">1928<\/a> <a href=\"#1930\">1930<\/a> <a href=\"#1931\">1931<\/a> <a href=\"#1932\">1932<\/a> <a href=\"#1933\">1933 <\/a> <a href=\"#1936\">1936<\/a> <a href=\"#1937\">1937<\/a> <a href=\"#1942\">1942<\/a> <a href=\"#1966\">1966<\/a> <a href=\"#Metro\">METRO<\/a><\/p>\n\n\n\n<h2 class=\"wp-block-heading\" id=\"1928\">1928<\/h2>\n\n\n<div class=\"wp-block-image\">\n<figure class=\"aligncenter size-large\"><a href=\"http:\/\/rakosliget.hu\/wordpress\/wp-content\/uploads\/2020\/11\/villamos-rakosligetre1928-december-11.jpg\"><img loading=\"lazy\" decoding=\"async\" width=\"491\" height=\"692\" src=\"http:\/\/rakosliget.hu\/wordpress\/wp-content\/uploads\/2020\/11\/villamos-rakosligetre1928-december-11.jpg\" alt=\"\" class=\"wp-image-6211\" srcset=\"https:\/\/rakosliget.hu\/wordpress\/wp-content\/uploads\/2020\/11\/villamos-rakosligetre1928-december-11.jpg 491w, https:\/\/rakosliget.hu\/wordpress\/wp-content\/uploads\/2020\/11\/villamos-rakosligetre1928-december-11-213x300.jpg 213w\" sizes=\"auto, (max-width: 491px) 100vw, 491px\" \/><\/a><figcaption class=\"wp-element-caption\">Mi\u00e9rt nincs villamos R\u00e1kosligetre. Terv. 1928. december 11. Az Ujs\u00e1g<\/figcaption><\/figure>\n<\/div>\n\n<div class=\"wp-block-image\">\n<figure class=\"aligncenter size-large\"><a href=\"http:\/\/rakosliget.hu\/wordpress\/wp-content\/uploads\/2020\/11\/villamos-rakosligetre-1928-december-16.jpg\"><img loading=\"lazy\" decoding=\"async\" width=\"521\" height=\"1008\" src=\"http:\/\/rakosliget.hu\/wordpress\/wp-content\/uploads\/2020\/11\/villamos-rakosligetre-1928-december-16.jpg\" alt=\"\" class=\"wp-image-6217\" srcset=\"https:\/\/rakosliget.hu\/wordpress\/wp-content\/uploads\/2020\/11\/villamos-rakosligetre-1928-december-16.jpg 521w, https:\/\/rakosliget.hu\/wordpress\/wp-content\/uploads\/2020\/11\/villamos-rakosligetre-1928-december-16-155x300.jpg 155w\" sizes=\"auto, (max-width: 521px) 100vw, 521px\" \/><\/a><figcaption class=\"wp-element-caption\">1928. december 16. Az Ujs\u00e1g<\/figcaption><\/figure>\n<\/div>\n\n\n<p><a href=\"#Eleje\">Vissza<\/a><\/p>\n\n\n\n<h2 class=\"wp-block-heading\" id=\"1930\">1930<\/h2>\n\n\n\n<figure class=\"wp-block-image\"><a href=\"http:\/\/rakosliget.hu\/wordpress\/wp-content\/uploads\/2018\/11\/terkep1930.gif\" target=\"_blank\" rel=\"noreferrer noopener\"><img loading=\"lazy\" decoding=\"async\" width=\"1024\" height=\"930\" src=\"http:\/\/rakosliget.hu\/wordpress\/wp-content\/uploads\/2018\/11\/terkep1930-1024x930.gif\" alt=\"\" class=\"wp-image-2333\" srcset=\"https:\/\/rakosliget.hu\/wordpress\/wp-content\/uploads\/2018\/11\/terkep1930-1024x930.gif 1024w, https:\/\/rakosliget.hu\/wordpress\/wp-content\/uploads\/2018\/11\/terkep1930-300x272.gif 300w, https:\/\/rakosliget.hu\/wordpress\/wp-content\/uploads\/2018\/11\/terkep1930-768x698.gif 768w\" sizes=\"auto, (max-width: 1024px) 100vw, 1024px\" \/><\/a><figcaption class=\"wp-element-caption\">Forr\u00e1s:&nbsp;http:\/\/villamosok.hu\/menet\/terkep\/bszkrt1930.html<\/figcaption><\/figure>\n\n\n\n<p><a href=\"#Eleje\">Vissza<\/a><\/p>\n\n\n\n<h2 class=\"wp-block-heading\" id=\"1931\">1931<\/h2>\n\n\n\n<figure class=\"wp-block-image\"><img loading=\"lazy\" decoding=\"async\" width=\"650\" height=\"597\" src=\"http:\/\/rakosliget.hu\/wordpress\/wp-content\/uploads\/2018\/11\/ujsag-1931-villamos.jpg\" alt=\"\" class=\"wp-image-2331\" srcset=\"https:\/\/rakosliget.hu\/wordpress\/wp-content\/uploads\/2018\/11\/ujsag-1931-villamos.jpg 650w, https:\/\/rakosliget.hu\/wordpress\/wp-content\/uploads\/2018\/11\/ujsag-1931-villamos-300x276.jpg 300w\" sizes=\"auto, (max-width: 650px) 100vw, 650px\" \/><figcaption class=\"wp-element-caption\">F\u00fcggetlen Budapest 1931. febru\u00e1r 4.<\/figcaption><\/figure>\n\n\n\n<p><a href=\"#Eleje\">Vissza<\/a><\/p>\n\n\n\n<h2 class=\"wp-block-heading\" id=\"1932\">1932<\/h2>\n\n\n\n<figure class=\"wp-block-image size-full\"><img loading=\"lazy\" decoding=\"async\" width=\"788\" height=\"1080\" src=\"https:\/\/rakosliget.hu\/wordpress\/wp-content\/uploads\/2025\/04\/Kis-Ujsag-1932-08-25-3-oldal-villamos.jpg\" alt=\"\" class=\"wp-image-17728\" srcset=\"https:\/\/rakosliget.hu\/wordpress\/wp-content\/uploads\/2025\/04\/Kis-Ujsag-1932-08-25-3-oldal-villamos.jpg 788w, https:\/\/rakosliget.hu\/wordpress\/wp-content\/uploads\/2025\/04\/Kis-Ujsag-1932-08-25-3-oldal-villamos-219x300.jpg 219w, https:\/\/rakosliget.hu\/wordpress\/wp-content\/uploads\/2025\/04\/Kis-Ujsag-1932-08-25-3-oldal-villamos-768x1053.jpg 768w\" sizes=\"auto, (max-width: 788px) 100vw, 788px\" \/><figcaption class=\"wp-element-caption\">Kis \u00dajs\u00e1g 1932. 08. 25. 3. oldal villamos<\/figcaption><\/figure>\n\n\n\n<p><a href=\"#Eleje\">Vissza<\/a><\/p>\n\n\n\n<h2 class=\"wp-block-heading\" id=\"1933\">1933<\/h2>\n\n\n<div class=\"wp-block-image\">\n<figure class=\"aligncenter size-large\"><a href=\"http:\/\/rakosliget.hu\/wordpress\/wp-content\/uploads\/2020\/11\/Blum-autobalesete-ausztriaban-1933-augusztus-9-.jpg\"><img loading=\"lazy\" decoding=\"async\" width=\"817\" height=\"1024\" src=\"http:\/\/rakosliget.hu\/wordpress\/wp-content\/uploads\/2020\/11\/1933-marcius-18-kozlekedes-817x1024.jpg\" alt=\"\" class=\"wp-image-6473\" srcset=\"https:\/\/rakosliget.hu\/wordpress\/wp-content\/uploads\/2020\/11\/1933-marcius-18-kozlekedes-817x1024.jpg 817w, https:\/\/rakosliget.hu\/wordpress\/wp-content\/uploads\/2020\/11\/1933-marcius-18-kozlekedes-239x300.jpg 239w, https:\/\/rakosliget.hu\/wordpress\/wp-content\/uploads\/2020\/11\/1933-marcius-18-kozlekedes-768x963.jpg 768w, https:\/\/rakosliget.hu\/wordpress\/wp-content\/uploads\/2020\/11\/1933-marcius-18-kozlekedes.jpg 946w\" sizes=\"auto, (max-width: 817px) 100vw, 817px\" \/><\/a><figcaption class=\"wp-element-caption\">1933. m\u00e1rcius 18. Az Ujs\u00e1g<\/figcaption><\/figure>\n<\/div>\n\n\n<p><a href=\"#Eleje\">Vissza<\/a><\/p>\n\n\n\n<h2 class=\"wp-block-heading\" id=\"1936\">1936<\/h2>\n\n\n<div class=\"wp-block-image\">\n<figure class=\"aligncenter size-large\"><a href=\"http:\/\/rakosliget.hu\/wordpress\/wp-content\/uploads\/2020\/11\/1936-marcius-25-villamos-rakosligetere.jpg\"><img loading=\"lazy\" decoding=\"async\" width=\"522\" height=\"270\" src=\"http:\/\/rakosliget.hu\/wordpress\/wp-content\/uploads\/2020\/11\/1936-marcius-25-villamos-rakosligetere.jpg\" alt=\"\" class=\"wp-image-6548\" srcset=\"https:\/\/rakosliget.hu\/wordpress\/wp-content\/uploads\/2020\/11\/1936-marcius-25-villamos-rakosligetere.jpg 522w, https:\/\/rakosliget.hu\/wordpress\/wp-content\/uploads\/2020\/11\/1936-marcius-25-villamos-rakosligetere-300x155.jpg 300w\" sizes=\"auto, (max-width: 522px) 100vw, 522px\" \/><\/a><figcaption class=\"wp-element-caption\">Nem \u00e9p\u00fcl meg a villamosp\u00e1lya. 1936. m\u00e1rcius 25. Az Ujs\u00e1g<\/figcaption><\/figure>\n<\/div>\n\n\n<p><a href=\"#Eleje\">Vissza<\/a><\/p>\n\n\n\n<h2 class=\"wp-block-heading\" id=\"1937\">1937<\/h2>\n\n\n\n<figure class=\"wp-block-image size-full\"><img loading=\"lazy\" decoding=\"async\" width=\"760\" height=\"1533\" src=\"https:\/\/rakosliget.hu\/wordpress\/wp-content\/uploads\/2025\/11\/HEV-1937.jpg\" alt=\"\" class=\"wp-image-19011\" srcset=\"https:\/\/rakosliget.hu\/wordpress\/wp-content\/uploads\/2025\/11\/HEV-1937.jpg 760w, https:\/\/rakosliget.hu\/wordpress\/wp-content\/uploads\/2025\/11\/HEV-1937-149x300.jpg 149w\" sizes=\"auto, (max-width: 760px) 100vw, 760px\" \/><figcaption class=\"wp-element-caption\">Forr\u00e1s: P\u00e9nz\u00fcgyi Kurier 1937. 03. 01.<\/figcaption><\/figure>\n\n\n\n<p><a href=\"#Eleje\">Vissza<\/a><\/p>\n\n\n\n<h2 class=\"wp-block-heading\" id=\"1940\">1940<\/h2>\n\n\n<div class=\"wp-block-image\">\n<figure class=\"aligncenter size-full\"><img loading=\"lazy\" decoding=\"async\" width=\"973\" height=\"661\" src=\"https:\/\/rakosliget.hu\/wordpress\/wp-content\/uploads\/2025\/08\/villamops-rakoskereszturra.jpg\" alt=\"\" class=\"wp-image-17922\" srcset=\"https:\/\/rakosliget.hu\/wordpress\/wp-content\/uploads\/2025\/08\/villamops-rakoskereszturra.jpg 973w, https:\/\/rakosliget.hu\/wordpress\/wp-content\/uploads\/2025\/08\/villamops-rakoskereszturra-300x204.jpg 300w, https:\/\/rakosliget.hu\/wordpress\/wp-content\/uploads\/2025\/08\/villamops-rakoskereszturra-768x522.jpg 768w\" sizes=\"auto, (max-width: 973px) 100vw, 973px\" \/><figcaption class=\"wp-element-caption\">Forr\u00e1s: K\u00f6zgazdas\u00e1gi \u00c9rtes\u00edt\u0151, 1940. 03. 03. 9. sz\u00e1m<\/figcaption><\/figure>\n<\/div>\n\n\n<h2 class=\"wp-block-heading\" id=\"1942\">1942<\/h2>\n\n\n<div class=\"wp-block-image\">\n<figure class=\"aligncenter size-large\"><a href=\"http:\/\/rakosliget.hu\/wordpress\/wp-content\/uploads\/2020\/11\/1943-aprilis-18-villamos-epites.jpg\"><img loading=\"lazy\" decoding=\"async\" width=\"792\" height=\"629\" src=\"http:\/\/rakosliget.hu\/wordpress\/wp-content\/uploads\/2020\/11\/1943-aprilis-18-villamos-epites.jpg\" alt=\"\" class=\"wp-image-6711\" srcset=\"https:\/\/rakosliget.hu\/wordpress\/wp-content\/uploads\/2020\/11\/1943-aprilis-18-villamos-epites.jpg 792w, https:\/\/rakosliget.hu\/wordpress\/wp-content\/uploads\/2020\/11\/1943-aprilis-18-villamos-epites-300x238.jpg 300w, https:\/\/rakosliget.hu\/wordpress\/wp-content\/uploads\/2020\/11\/1943-aprilis-18-villamos-epites-768x610.jpg 768w\" sizes=\"auto, (max-width: 792px) 100vw, 792px\" \/><\/a><figcaption class=\"wp-element-caption\">Villamos \u00e9p\u00edt\u00e9s. 1942 \u00e1prilis 18. Az Ujs\u00e1g<\/figcaption><\/figure>\n<\/div>\n\n\n<p><a href=\"#Eleje\">Vissza<\/a><\/p>\n\n\n\n<h2 class=\"wp-block-heading\" id=\"1966\">1966<\/h2>\n\n\n\n<figure class=\"wp-block-image size-large\"><img loading=\"lazy\" decoding=\"async\" width=\"2048\" height=\"2928\" src=\"https:\/\/rakosliget.hu\/wordpress\/wp-content\/uploads\/2025\/04\/4-2-2048x2928.jpg\" alt=\"\" class=\"wp-image-17759\" srcset=\"https:\/\/rakosliget.hu\/wordpress\/wp-content\/uploads\/2025\/04\/4-2-2048x2928.jpg 2048w, https:\/\/rakosliget.hu\/wordpress\/wp-content\/uploads\/2025\/04\/4-2-210x300.jpg 210w, https:\/\/rakosliget.hu\/wordpress\/wp-content\/uploads\/2025\/04\/4-2-768x1098.jpg 768w, https:\/\/rakosliget.hu\/wordpress\/wp-content\/uploads\/2025\/04\/4-2-1074x1536.jpg 1074w, https:\/\/rakosliget.hu\/wordpress\/wp-content\/uploads\/2025\/04\/4-2-1433x2048.jpg 1433w, https:\/\/rakosliget.hu\/wordpress\/wp-content\/uploads\/2025\/04\/4-2-scaled.jpg 1791w\" sizes=\"auto, (max-width: 2048px) 100vw, 2048px\" \/><\/figure>\n\n\n\n<figure class=\"wp-block-image size-large\"><img loading=\"lazy\" decoding=\"async\" width=\"2048\" height=\"2922\" src=\"https:\/\/rakosliget.hu\/wordpress\/wp-content\/uploads\/2025\/04\/5-2-2048x2922.jpg\" alt=\"\" class=\"wp-image-17761\" srcset=\"https:\/\/rakosliget.hu\/wordpress\/wp-content\/uploads\/2025\/04\/5-2-2048x2922.jpg 2048w, https:\/\/rakosliget.hu\/wordpress\/wp-content\/uploads\/2025\/04\/5-2-210x300.jpg 210w, https:\/\/rakosliget.hu\/wordpress\/wp-content\/uploads\/2025\/04\/5-2-768x1096.jpg 768w, https:\/\/rakosliget.hu\/wordpress\/wp-content\/uploads\/2025\/04\/5-2-1077x1536.jpg 1077w, https:\/\/rakosliget.hu\/wordpress\/wp-content\/uploads\/2025\/04\/5-2-1436x2048.jpg 1436w, https:\/\/rakosliget.hu\/wordpress\/wp-content\/uploads\/2025\/04\/5-2-scaled.jpg 1794w\" sizes=\"auto, (max-width: 2048px) 100vw, 2048px\" \/><figcaption class=\"wp-element-caption\">Forr\u00e1s: K\u00f6zleked\u00e9studom\u00e1nyi Szemle, 1966 \/ 8. sz\u00e1m \/ Bogn\u00e1r Istv\u00e1n: A tervezett \u00faj vonalak forgalm\u00e1nak el\u0151rebecsl\u00e9se a F\u0151v\u00e1rosi Villamosvas\u00fat gyakorlat\u00e1ban<\/figcaption><\/figure>\n\n\n\n<p><a href=\"#Eleje\">Vissza<\/a><\/p>\n\n\n\n<h4 class=\"wp-block-heading\" id=\"Metro\">A Metr\u00f3\u00e9p\u00edt\u00e9s terve<br><\/h4>\n\n\n\n<p>M\u00e1r az ezredfordul\u00f3 el\u0151tt felmer\u00fclt az, hogy R\u00e1kosment\u00e9t a Metr\u00f3h\u00e1l\u00f3zatba be kellene kapcsolni. A terv \u00fagy t\u0171nik, hogy napjainkban megval\u00f3sulhat, mivel a g\u00f6d\u00f6ll\u0151i H\u00c9V fel\u00faj\u00edt\u00e1sa nem halaszthat\u00f3 tov\u00e1bb, teh\u00e1t k\u00e9zenfekv\u0151 megold\u00e1sk\u00e9nt jelentkezett egy esetleges sz\u00e1rnyvonal ki\u00e9p\u00edt\u00e9se R\u00e1koskereszt\u00far ir\u00e1ny\u00e1ba. Mivel azonban a H\u00c9V \u00e9s a Metr\u00f3 \u00f6sszek\u00f6t\u00e9se is c\u00e9l, \u00edgy ez a sz\u00e1rnyvonal Metr\u00f3 funkci\u00f3t is kapna.<\/p>\n\n\n\n<figure class=\"wp-block-image\"><a href=\"http:\/\/rakosliget.hu\/wordpress\/wp-content\/uploads\/2018\/11\/Rakoskeresztur-HEV_nagy_atnezeti_teljes.jpg\" target=\"_blank\" rel=\"noreferrer noopener\"><img loading=\"lazy\" decoding=\"async\" width=\"1024\" height=\"574\" src=\"http:\/\/rakosliget.hu\/wordpress\/wp-content\/uploads\/2018\/11\/Rakoskeresztur-HEV_nagy_atnezeti_teljes-1024x574.jpg\" alt=\"\" class=\"wp-image-2340\" srcset=\"https:\/\/rakosliget.hu\/wordpress\/wp-content\/uploads\/2018\/11\/Rakoskeresztur-HEV_nagy_atnezeti_teljes-1024x574.jpg 1024w, https:\/\/rakosliget.hu\/wordpress\/wp-content\/uploads\/2018\/11\/Rakoskeresztur-HEV_nagy_atnezeti_teljes-300x168.jpg 300w, https:\/\/rakosliget.hu\/wordpress\/wp-content\/uploads\/2018\/11\/Rakoskeresztur-HEV_nagy_atnezeti_teljes-768x430.jpg 768w\" sizes=\"auto, (max-width: 1024px) 100vw, 1024px\" \/><\/a><figcaption class=\"wp-element-caption\">Forr\u00e1s:bkk.hu<\/figcaption><\/figure>\n\n\n\n<p>1993-ban, amikor EXPO l\u00e1zban \u00e9lt a f\u0151v\u00e1ros sz\u00fcletett az a terv, hogy R\u00e1kosligett, R\u00e1koskertet \u00e9s a Ferigegyi rep\u00fcl\u0151teret is el lehessen \u00e9rni metr\u00f3val.  javaslatot az Expo-metr\u00f3 T\u00e1rsas\u00e1g vetette fel.<\/p>\n\n\n\n<figure class=\"wp-block-image size-large\"><a href=\"https:\/\/rakosliget.hu\/wordpress\/wp-content\/uploads\/2023\/01\/EXPO-metro.jpg\"><img loading=\"lazy\" decoding=\"async\" width=\"618\" height=\"1024\" src=\"https:\/\/rakosliget.hu\/wordpress\/wp-content\/uploads\/2023\/01\/EXPO-metro-618x1024.jpg\" alt=\"\" class=\"wp-image-10724\" srcset=\"https:\/\/rakosliget.hu\/wordpress\/wp-content\/uploads\/2023\/01\/EXPO-metro-618x1024.jpg 618w, https:\/\/rakosliget.hu\/wordpress\/wp-content\/uploads\/2023\/01\/EXPO-metro-181x300.jpg 181w, https:\/\/rakosliget.hu\/wordpress\/wp-content\/uploads\/2023\/01\/EXPO-metro-768x1273.jpg 768w, https:\/\/rakosliget.hu\/wordpress\/wp-content\/uploads\/2023\/01\/EXPO-metro-927x1536.jpg 927w, https:\/\/rakosliget.hu\/wordpress\/wp-content\/uploads\/2023\/01\/EXPO-metro.jpg 1100w\" sizes=\"auto, (max-width: 618px) 100vw, 618px\" \/><\/a><figcaption class=\"wp-element-caption\">Forr\u00e1s: N\u00e9pszabads\u00e1g 1993. augusztus 6.<\/figcaption><\/figure>\n\n\n\n<p>2001 -ben m\u00e1r nem metr\u00f3vonal szerepelt a tervekben, hanem egy kor\u00e1bbi, m\u00e9g 1926-b\u00f3l sz\u00e1rmaz\u00f3 villamosvonal ki\u00e9p\u00edt\u00e9s\u00e9nek gondolat\u00e1hoz ny\u00faltak vissza a v\u00e1rosvezet\u0151k. <\/p>\n\n\n\n<figure class=\"wp-block-image size-large\"><img loading=\"lazy\" decoding=\"async\" width=\"1024\" height=\"904\" src=\"https:\/\/rakosliget.hu\/wordpress\/wp-content\/uploads\/2023\/01\/2001-villamos-1024x904.jpg\" alt=\"\" class=\"wp-image-10727\" srcset=\"https:\/\/rakosliget.hu\/wordpress\/wp-content\/uploads\/2023\/01\/2001-villamos-1024x904.jpg 1024w, https:\/\/rakosliget.hu\/wordpress\/wp-content\/uploads\/2023\/01\/2001-villamos-300x265.jpg 300w, https:\/\/rakosliget.hu\/wordpress\/wp-content\/uploads\/2023\/01\/2001-villamos-768x678.jpg 768w, https:\/\/rakosliget.hu\/wordpress\/wp-content\/uploads\/2023\/01\/2001-villamos.jpg 1362w\" sizes=\"auto, (max-width: 1024px) 100vw, 1024px\" \/><figcaption class=\"wp-element-caption\">Forr\u00e1s: N\u00e9pszabads\u00e1g 2001. j\u00fanius 1.<\/figcaption><\/figure>\n\n\n\n<p><a href=\"#Eleje\">Vissza<\/a><\/p>\n\n\n\n<p><br><a href=\"http:\/\/rakosliget.hu\/wordpress\/index.php\/vasut-epites-2018-keptar\/\">Vas\u00fat<\/a><\/p>\n\n\n\n<p><a href=\"http:\/\/rakosliget.hu\/wordpress\/wp-content\/uploads\/2020\/07\/K%C3%B6t%C3%B6ttp%C3%A1ly%C3%A1s-k%C3%B6zleked%C3%A9si-tervek-R%C3%A1kosment%C3%A9n_v%C3%ADzjeles.pdf\">Tanulm\u00e1ny<\/a><\/p>\n\n\n\n<p><a href=\"http:\/\/rakosliget.hu\/wordpress\/index.php\/a-vasutallomas\/\">R\u00e1kosliget, meg\u00e1ll\u00f3<\/a><\/p>\n","protected":false},"excerpt":{"rendered":"<p>Friss\u00edtve: 2025. 04. 24. K\u00f6t\u00f6tt-p\u00e1ly\u00e1s kapcsolat \u00e9p\u00edt\u00e9se R\u00e1kosment\u00e9n Term\u00e9szetesnek vessz\u00fck, szinte \u00e9szre sem vessz\u00fck azt, hogy a Pesti \u00fat mennyire sz\u00e9les. Val\u00f3j\u00e1ban ennek oka a tudatos v\u00e1rosfejleszt\u00e9s volt. Ugyan R\u00e1koskereszt\u00far eg\u00e9szen 1950. janu\u00e1r 1-ig nem tartozott Nagy-Budapesthez, de a K\u00f6zmunk\u00e1k Tan\u00e1csa hat\u00e1sk\u00f6rrel b\u00edrt a k\u00f6rnyez\u0151 telep\u00fcl\u00e9sek fejleszt\u00e9s\u00e9re is. Teh\u00e1t mi a magyar\u00e1zata annak, hogy a &hellip; <a href=\"https:\/\/rakosliget.hu\/wordpress\/index.php\/villamos-gyorsvasut-foldalatti\/\" class=\"more-link\"><span class=\"screen-reader-text\">VILLAMOS, GYORSVAS\u00daT, F\u00d6LDALATTI ?<\/span> r\u00e9szletei&#8230;<\/a><\/p>\n","protected":false},"author":1,"featured_media":0,"parent":0,"menu_order":0,"comment_status":"closed","ping_status":"closed","template":"","meta":{"footnotes":""},"class_list":["post-2329","page","type-page","status-publish","hentry"],"_links":{"self":[{"href":"https:\/\/rakosliget.hu\/wordpress\/index.php\/wp-json\/wp\/v2\/pages\/2329","targetHints":{"allow":["GET"]}}],"collection":[{"href":"https:\/\/rakosliget.hu\/wordpress\/index.php\/wp-json\/wp\/v2\/pages"}],"about":[{"href":"https:\/\/rakosliget.hu\/wordpress\/index.php\/wp-json\/wp\/v2\/types\/page"}],"author":[{"embeddable":true,"href":"https:\/\/rakosliget.hu\/wordpress\/index.php\/wp-json\/wp\/v2\/users\/1"}],"replies":[{"embeddable":true,"href":"https:\/\/rakosliget.hu\/wordpress\/index.php\/wp-json\/wp\/v2\/comments?post=2329"}],"version-history":[{"count":31,"href":"https:\/\/rakosliget.hu\/wordpress\/index.php\/wp-json\/wp\/v2\/pages\/2329\/revisions"}],"predecessor-version":[{"id":19013,"href":"https:\/\/rakosliget.hu\/wordpress\/index.php\/wp-json\/wp\/v2\/pages\/2329\/revisions\/19013"}],"wp:attachment":[{"href":"https:\/\/rakosliget.hu\/wordpress\/index.php\/wp-json\/wp\/v2\/media?parent=2329"}],"curies":[{"name":"wp","href":"https:\/\/api.w.org\/{rel}","templated":true}]}}