{"id":22883,"date":"2026-02-07T08:28:07","date_gmt":"2026-02-07T07:28:07","guid":{"rendered":"https:\/\/rakosliget.hu\/wordpress\/?page_id=22883"},"modified":"2026-02-07T09:11:46","modified_gmt":"2026-02-07T08:11:46","slug":"ovoda-vi-utca","status":"publish","type":"page","link":"https:\/\/rakosliget.hu\/wordpress\/index.php\/ovoda-vi-utca\/","title":{"rendered":"\u00d3VODA VI. UTCA"},"content":{"rendered":"\n<h2 class=\"wp-block-heading\">1958<\/h2>\n\n\n<div class=\"wp-block-image\">\n<figure class=\"aligncenter size-full\"><img loading=\"lazy\" decoding=\"async\" width=\"400\" height=\"294\" src=\"https:\/\/rakosliget.hu\/wordpress\/wp-content\/uploads\/2018\/10\/rligeti_ovoda1958.jpg\" alt=\"\" class=\"wp-image-1769\" srcset=\"https:\/\/rakosliget.hu\/wordpress\/wp-content\/uploads\/2018\/10\/rligeti_ovoda1958.jpg 400w, https:\/\/rakosliget.hu\/wordpress\/wp-content\/uploads\/2018\/10\/rligeti_ovoda1958-300x221.jpg 300w\" sizes=\"auto, (max-width: 400px) 100vw, 400px\" \/><\/figure>\n<\/div>\n\n\n<h2 class=\"wp-block-heading\">2000 ut\u00e1n<\/h2>\n\n\n<div class=\"wp-block-image\">\n<figure class=\"aligncenter size-large\"><img loading=\"lazy\" decoding=\"async\" width=\"489\" height=\"1024\" src=\"https:\/\/rakosliget.hu\/wordpress\/wp-content\/uploads\/2024\/12\/VI-utca-ovoda-489x1024.jpg\" alt=\"\" class=\"wp-image-13329\" srcset=\"https:\/\/rakosliget.hu\/wordpress\/wp-content\/uploads\/2024\/12\/VI-utca-ovoda-489x1024.jpg 489w, https:\/\/rakosliget.hu\/wordpress\/wp-content\/uploads\/2024\/12\/VI-utca-ovoda-143x300.jpg 143w, https:\/\/rakosliget.hu\/wordpress\/wp-content\/uploads\/2024\/12\/VI-utca-ovoda.jpg 709w\" sizes=\"auto, (max-width: 489px) 100vw, 489px\" \/><\/figure>\n<\/div>\n\n<div class=\"wp-block-image\">\n<figure class=\"aligncenter size-full\"><img loading=\"lazy\" decoding=\"async\" width=\"900\" height=\"675\" src=\"https:\/\/rakosliget.hu\/wordpress\/wp-content\/uploads\/2018\/10\/ovoda-VI_.jpg\" alt=\"\" class=\"wp-image-1895\" srcset=\"https:\/\/rakosliget.hu\/wordpress\/wp-content\/uploads\/2018\/10\/ovoda-VI_.jpg 900w, https:\/\/rakosliget.hu\/wordpress\/wp-content\/uploads\/2018\/10\/ovoda-VI_-300x225.jpg 300w, https:\/\/rakosliget.hu\/wordpress\/wp-content\/uploads\/2018\/10\/ovoda-VI_-768x576.jpg 768w\" sizes=\"auto, (max-width: 900px) 100vw, 900px\" \/><\/figure>\n<\/div>\n\n<div class=\"wp-block-image\">\n<figure class=\"aligncenter size-large\"><img loading=\"lazy\" decoding=\"async\" width=\"1024\" height=\"840\" src=\"https:\/\/rakosliget.hu\/wordpress\/wp-content\/uploads\/2024\/12\/ovoda-1-1024x840.jpg\" alt=\"\" class=\"wp-image-13733\" srcset=\"https:\/\/rakosliget.hu\/wordpress\/wp-content\/uploads\/2024\/12\/ovoda-1-1024x840.jpg 1024w, https:\/\/rakosliget.hu\/wordpress\/wp-content\/uploads\/2024\/12\/ovoda-1-300x246.jpg 300w, https:\/\/rakosliget.hu\/wordpress\/wp-content\/uploads\/2024\/12\/ovoda-1-768x630.jpg 768w, https:\/\/rakosliget.hu\/wordpress\/wp-content\/uploads\/2024\/12\/ovoda-1.jpg 1191w\" sizes=\"auto, (max-width: 1024px) 100vw, 1024px\" \/><figcaption class=\"wp-element-caption\">Forr\u00e1s: H\u00edrhoz\u00f3<\/figcaption><\/figure>\n<\/div>","protected":false},"excerpt":{"rendered":"<p>1958 2000 ut\u00e1n<\/p>\n","protected":false},"author":1,"featured_media":0,"parent":0,"menu_order":0,"comment_status":"closed","ping_status":"closed","template":"","meta":{"footnotes":""},"class_list":["post-22883","page","type-page","status-publish","hentry"],"_links":{"self":[{"href":"https:\/\/rakosliget.hu\/wordpress\/index.php\/wp-json\/wp\/v2\/pages\/22883","targetHints":{"allow":["GET"]}}],"collection":[{"href":"https:\/\/rakosliget.hu\/wordpress\/index.php\/wp-json\/wp\/v2\/pages"}],"about":[{"href":"https:\/\/rakosliget.hu\/wordpress\/index.php\/wp-json\/wp\/v2\/types\/page"}],"author":[{"embeddable":true,"href":"https:\/\/rakosliget.hu\/wordpress\/index.php\/wp-json\/wp\/v2\/users\/1"}],"replies":[{"embeddable":true,"href":"https:\/\/rakosliget.hu\/wordpress\/index.php\/wp-json\/wp\/v2\/comments?post=22883"}],"version-history":[{"count":5,"href":"https:\/\/rakosliget.hu\/wordpress\/index.php\/wp-json\/wp\/v2\/pages\/22883\/revisions"}],"predecessor-version":[{"id":22891,"href":"https:\/\/rakosliget.hu\/wordpress\/index.php\/wp-json\/wp\/v2\/pages\/22883\/revisions\/22891"}],"wp:attachment":[{"href":"https:\/\/rakosliget.hu\/wordpress\/index.php\/wp-json\/wp\/v2\/media?parent=22883"}],"curies":[{"name":"wp","href":"https:\/\/api.w.org\/{rel}","templated":true}]}}