{"id":22839,"date":"2026-02-07T04:51:09","date_gmt":"2026-02-07T03:51:09","guid":{"rendered":"https:\/\/rakosliget.hu\/wordpress\/?page_id=22839"},"modified":"2026-02-07T04:58:42","modified_gmt":"2026-02-07T03:58:42","slug":"thuranszky-lehel-2","status":"publish","type":"page","link":"https:\/\/rakosliget.hu\/wordpress\/index.php\/thuranszky-lehel-2\/","title":{"rendered":"THUR\u00c1NSZKY LEHEL"},"content":{"rendered":"\n<p>Lipt\u00f3szentmikl\u00f3s&nbsp; Lipt\u00f3szentmikl\u00f3s 1897. j\u00falius 8. &#8211; R\u00e1kosliget 1951.06.09.<\/p>\n\n\n<div class=\"wp-block-image\">\n<figure class=\"aligncenter\"><img loading=\"lazy\" decoding=\"async\" width=\"150\" height=\"216\" src=\"http:\/\/rakosliget.hu\/wordpress\/wp-content\/uploads\/2022\/06\/thuranszky-lehel.jpg\" alt=\"\" class=\"wp-image-10228\"\/><\/figure>\n<\/div>\n\n\n<p><\/p>\n\n\n\n<p>Polg\u00e1ri iskolai tanulm\u00e1nyait a lipt\u00f3szentmikl\u00f3si Polg\u00e1ri Fi\u00fa- \u00e9s Le\u00e1nyiskol\u00e1ban folytatta, ezt k\u00f6vet\u0151en re\u00e1liskol\u00e1ba a Lipt\u00f3szentmikl\u00f3si \u00c1llami F\u0151re\u00e1liskol\u00e1ba nyert felv\u00e9telt.<\/p>\n\n\n\n<p>Az I. vil\u00e1gh\u00e1bor\u00faban, 1916-ban mint n\u00e9pf\u00f6lkel\u0151 egy\u00e9vi \u00f6nk\u00e9ntes tizedest a bronz vit\u00e9zs\u00e9gi \u00e9remmel t\u00fcntett\u00e9k ki*. M\u00e9g ebben az \u00e9vban tartal\u00e9kos tisztjel\u00f6lt lett**. 1919-ben a 9. honv\u00e9d gyalogezredn\u00e9l mint z\u00e1szl\u00f3s szolg\u00e1l.<br>* <em>Forr\u00e1s: Rendeleti K\u00f6zl\u00f6ny a Magyar Kir\u00e1lyi Honv\u00e9ds\u00e9g sz\u00e1m\u00e1ra &#8211; Szem\u00e9lyes \u00dcgyek, 1916. 09. 16. 115. sz\u00e1m<br>** Rendeleti K\u00f6zl\u00f6ny a Magyar Kir\u00e1lyi Honv\u00e9ds\u00e9g sz\u00e1m\u00e1ra &#8211; Szem\u00e9lyes \u00dcgyek, 1918. 02. 01. 14. sz\u00e1m<\/em><\/p>\n\n\n\n<p>A h\u00e1bor\u00fa ut\u00e1n a Provincia Magyar Vid\u00e9ki Malmok \u00c1ruforgalm i Rt. fel\u00fcgyel\u0151bizotts\u00e1gi tagja.<\/p>\n\n\n\n<p>A P\u00e9nzint\u00e9zeti K\u00f6zpont K\u00f6zszolg\u00e1lati Alkalmazottak \u00e9s Nyugd\u00edjasak K\u00f6lcs\u00f6noszt\u00e1lya c\u00e9gvezet\u0151je. (1937-1940)<br>Forr\u00e1s: <em>Tiszti C\u00edmt\u00e1r 1937 \u00e9s 1940. pages 551-552<\/em><\/p>\n\n\n\n<p>A II. vil\u00e1gh\u00e1bor\u00fa alatt m\u00e1r Weis Manfr\u00e9d csepeli \u00fczem\u00e9ben tisztvisel\u0151. <br>Dr. Gerg\u0151 Zolt\u00e1n 1963-ban megjelent cikk\u00e9ben eml\u00edti Thur\u00e1nszky Lehelt, mint n\u00e9metellenes tisztvisel\u0151t. <\/p>\n\n\n\n<blockquote class=\"wp-block-quote is-layout-flow wp-block-quote-is-layout-flow\">\n<p>1944 okt\u00f3ber elej\u00e9n Thur\u00e1nszky Lehel, aki akkor a Weiss Manfr\u00e9d M\u0171vek tisztvisel\u0151je volt, arr\u00f3l \u00e9rtes\u00edtett, hogy a n\u00e9metek le akarj\u00e1k szerelni, \u00e9s el akarj\u00e1k sz\u00e1ll\u00edtani a k\u0151b\u00e1nyai s\u00f6rpinc\u00e9kben m\u0171k\u00f6d\u0151 Dunai Rep\u00fcl\u0151g\u00e9pgy\u00e1r berendez\u00e9seit \u00e9s a szakmunk\u00e1sokat N\u00e9metorsz\u00e1gba akarj\u00e1k \u00e1ttelep\u00edteni. Losonczy G\u00e9za \u2014 aki az egyik illeg\u00e1lis kapcsolatom \u00e9s munkat\u00e1rsam volt, s akinek ezt tudom\u00e1s\u00e1ra hoztam \u2014  n\u00e9h\u00e1ny nap m\u00falva k\u00f6z\u00f6lte, hogy a p\u00e1rt utas\u00edt\u00e1s\u00e1ra rendszeres harc indul a termel\u0151eszk\u00f6z\u00f6k \u00e9s a munk\u00e1ss\u00e1g elhurcol\u00e1sa ellen.<\/p>\n<\/blockquote>\n\n\n\n<p>(Forr\u00e1s: <em>DR. G E R G \u0150 ZOLT\u00c1N : AZ ILLEG\u00c1LIS KOMMUNISTA P\u00c1RT HARCA<br>A BUDAPESTI GY\u00c1RAK MUNK\u00c1SAINAK \u00c9S TERMEL\u0150ESZK\u00d6ZEINEK ELHURCOL\u00c1SA ELLEN &#8211; P\u00e1rtt\u00f6rt\u00e9neti K\u00f6zlem\u00e9nyek 1963.3. sz\u00e1m 173. oldal<\/em><\/p>\n\n\n\n<p>1946-ra azonban a kommunista p\u00e1rt k\u00f6zponti lapja m\u00e1r ezeket a sorokat jelentette meg Thur\u00e1nszky Lehelr\u0151l:<\/p>\n\n\n\n<figure class=\"wp-block-image size-full\"><a href=\"http:\/\/rakosliget.hu\/wordpress\/wp-content\/uploads\/2022\/06\/Szabadsag-cikk_0124.png\"><img loading=\"lazy\" decoding=\"async\" width=\"1024\" height=\"707\" src=\"http:\/\/rakosliget.hu\/wordpress\/wp-content\/uploads\/2022\/06\/Szabadsag-cikk_0124.png\" alt=\"\" class=\"wp-image-10231\" srcset=\"https:\/\/rakosliget.hu\/wordpress\/wp-content\/uploads\/2022\/06\/Szabadsag-cikk_0124.png 1024w, https:\/\/rakosliget.hu\/wordpress\/wp-content\/uploads\/2022\/06\/Szabadsag-cikk_0124-300x207.png 300w, https:\/\/rakosliget.hu\/wordpress\/wp-content\/uploads\/2022\/06\/Szabadsag-cikk_0124-768x530.png 768w\" sizes=\"auto, (max-width: 1024px) 100vw, 1024px\" \/><\/a><figcaption class=\"wp-element-caption\">A Szabads\u00e1g 1946. november 8.-i sz\u00e1m\u00e1nak cikke<\/figcaption><\/figure>\n\n\n\n<p>A r\u00e1kosligeti evang\u00e9likus gy\u00fclekezet presbitere.<\/p>\n\n\n\n<p>Els\u0151 feles\u00e9ge Steimle Margit 1941. november 04.-\u00e9n elhunyt.<\/p>\n\n\n\n<p>M\u00e1sodik feles\u00e9g\u00e9vel a Weiss Manfr\u00e9d gy\u00e1rban ismerkedtek meg, egy\u00fctt dolgoztak. Esk\u00fcv\u0151j\u00fck ut\u00e1n k\u00f6lt\u00f6ztek Piliscsab\u00e1ra ( K\u00e1lm\u00e1n kir\u00e1ly \u00fat 19.). K\u00e9t l\u00e1nya sz\u00fcletett, Enik\u0151 \u00e9s Hajnalka.<\/p>\n\n\n\n<figure class=\"wp-block-image size-full\"><a href=\"https:\/\/rakosliget.hu\/wordpress\/wp-content\/uploads\/2022\/06\/Hazassagi-anyakonyvi-kivonat.png\"><img loading=\"lazy\" decoding=\"async\" width=\"1024\" height=\"724\" src=\"https:\/\/rakosliget.hu\/wordpress\/wp-content\/uploads\/2022\/06\/Hazassagi-anyakonyvi-kivonat.png\" alt=\"\" class=\"wp-image-10220\" srcset=\"https:\/\/rakosliget.hu\/wordpress\/wp-content\/uploads\/2022\/06\/Hazassagi-anyakonyvi-kivonat.png 1024w, https:\/\/rakosliget.hu\/wordpress\/wp-content\/uploads\/2022\/06\/Hazassagi-anyakonyvi-kivonat-300x212.png 300w, https:\/\/rakosliget.hu\/wordpress\/wp-content\/uploads\/2022\/06\/Hazassagi-anyakonyvi-kivonat-768x543.png 768w\" sizes=\"auto, (max-width: 1024px) 100vw, 1024px\" \/><\/a><figcaption class=\"wp-element-caption\"><em>Forr\u00e1s: Thur\u00e1nszky Hajnal<\/em><em>ka csal\u00e1di arch\u00edvum\u00e1b\u00f3l<\/em><\/figcaption><\/figure>\n\n\n\n<p>M\u00e1sodik feles\u00e9ge tan\u00edt\u00f3i v\u00e9gzetts\u00e9ge l\u00e9v\u00e9n M\u00e1traszel\u00e9re ment tan\u00edtani. T\u00f6bb \u00edr\u00e1sa is megjelent \u00fajs\u00e1gokban, foly\u00f3iratokban.<\/p>\n\n\n\n<figure class=\"wp-block-image size-large\"><a href=\"https:\/\/rakosliget.hu\/wordpress\/wp-content\/uploads\/2022\/06\/Thuranszky-halotti-1024x155.jpg\"><img loading=\"lazy\" decoding=\"async\" width=\"1024\" height=\"155\" src=\"https:\/\/rakosliget.hu\/wordpress\/wp-content\/uploads\/2022\/06\/Thuranszky-halotti-1024x155.jpg\" alt=\"\" class=\"wp-image-10205\" srcset=\"https:\/\/rakosliget.hu\/wordpress\/wp-content\/uploads\/2022\/06\/Thuranszky-halotti-1024x155.jpg 1024w, https:\/\/rakosliget.hu\/wordpress\/wp-content\/uploads\/2022\/06\/Thuranszky-halotti-300x45.jpg 300w, https:\/\/rakosliget.hu\/wordpress\/wp-content\/uploads\/2022\/06\/Thuranszky-halotti-768x116.jpg 768w, https:\/\/rakosliget.hu\/wordpress\/wp-content\/uploads\/2022\/06\/Thuranszky-halotti-1536x233.jpg 1536w, https:\/\/rakosliget.hu\/wordpress\/wp-content\/uploads\/2022\/06\/Thuranszky-halotti-2048x310.jpg 2048w\" sizes=\"auto, (max-width: 1024px) 100vw, 1024px\" \/><\/a><figcaption class=\"wp-element-caption\">Thur\u00e1nszky Lehel halotti anyak\u00f6nyv 1951. <\/figcaption><\/figure>\n\n\n\n<p>A r\u00e1kosligeti temet\u0151be helyezt\u00e9k nyugalomra. A kript\u00e1ban l\u00e9v\u0151ket a Farkasr\u00e9ti temet\u0151 23\/2 3. sor.12. s\u00edrj\u00e1ba exhum\u00e1lt\u00e1k a temet\u0151 felsz\u00e1mol\u00e1sa sor\u00e1n. A halotti anyak\u00f6nyvben szerepl\u0151 el\u00edr\u00e1s helyesen Czifra Piroska.<\/p>\n\n\n\n<p><\/p>\n","protected":false},"excerpt":{"rendered":"<p>Lipt\u00f3szentmikl\u00f3s&nbsp; Lipt\u00f3szentmikl\u00f3s 1897. j\u00falius 8. &#8211; R\u00e1kosliget 1951.06.09. Polg\u00e1ri iskolai tanulm\u00e1nyait a lipt\u00f3szentmikl\u00f3si Polg\u00e1ri Fi\u00fa- \u00e9s Le\u00e1nyiskol\u00e1ban folytatta, ezt k\u00f6vet\u0151en re\u00e1liskol\u00e1ba a Lipt\u00f3szentmikl\u00f3si \u00c1llami F\u0151re\u00e1liskol\u00e1ba nyert felv\u00e9telt. Az I. vil\u00e1gh\u00e1bor\u00faban, 1916-ban mint n\u00e9pf\u00f6lkel\u0151 egy\u00e9vi \u00f6nk\u00e9ntes tizedest a bronz vit\u00e9zs\u00e9gi \u00e9remmel t\u00fcntett\u00e9k ki*. M\u00e9g ebben az \u00e9vban tartal\u00e9kos tisztjel\u00f6lt lett**. 1919-ben a 9. honv\u00e9d gyalogezredn\u00e9l mint &hellip; <a href=\"https:\/\/rakosliget.hu\/wordpress\/index.php\/thuranszky-lehel-2\/\" class=\"more-link\"><span class=\"screen-reader-text\">THUR\u00c1NSZKY LEHEL<\/span> r\u00e9szletei&#8230;<\/a><\/p>\n","protected":false},"author":1,"featured_media":0,"parent":0,"menu_order":0,"comment_status":"closed","ping_status":"closed","template":"","meta":{"footnotes":""},"class_list":["post-22839","page","type-page","status-publish","hentry"],"_links":{"self":[{"href":"https:\/\/rakosliget.hu\/wordpress\/index.php\/wp-json\/wp\/v2\/pages\/22839","targetHints":{"allow":["GET"]}}],"collection":[{"href":"https:\/\/rakosliget.hu\/wordpress\/index.php\/wp-json\/wp\/v2\/pages"}],"about":[{"href":"https:\/\/rakosliget.hu\/wordpress\/index.php\/wp-json\/wp\/v2\/types\/page"}],"author":[{"embeddable":true,"href":"https:\/\/rakosliget.hu\/wordpress\/index.php\/wp-json\/wp\/v2\/users\/1"}],"replies":[{"embeddable":true,"href":"https:\/\/rakosliget.hu\/wordpress\/index.php\/wp-json\/wp\/v2\/comments?post=22839"}],"version-history":[{"count":4,"href":"https:\/\/rakosliget.hu\/wordpress\/index.php\/wp-json\/wp\/v2\/pages\/22839\/revisions"}],"predecessor-version":[{"id":22846,"href":"https:\/\/rakosliget.hu\/wordpress\/index.php\/wp-json\/wp\/v2\/pages\/22839\/revisions\/22846"}],"wp:attachment":[{"href":"https:\/\/rakosliget.hu\/wordpress\/index.php\/wp-json\/wp\/v2\/media?parent=22839"}],"curies":[{"name":"wp","href":"https:\/\/api.w.org\/{rel}","templated":true}]}}