{"id":22785,"date":"2026-02-02T20:05:55","date_gmt":"2026-02-02T19:05:55","guid":{"rendered":"https:\/\/rakosliget.hu\/wordpress\/?page_id=22785"},"modified":"2026-02-02T20:14:58","modified_gmt":"2026-02-02T19:14:58","slug":"olah-szilveszter","status":"publish","type":"page","link":"https:\/\/rakosliget.hu\/wordpress\/index.php\/olah-szilveszter\/","title":{"rendered":"OL\u00c1H SZILVESZTER"},"content":{"rendered":"\n<div class=\"wp-block-buttons is-content-justification-center is-layout-flex wp-container-core-buttons-is-layout-16018d1d wp-block-buttons-is-layout-flex\">\n<div class=\"wp-block-button\"><a class=\"wp-block-button__link wp-element-button\" href=\"https:\/\/rakosliget.hu\/wordpress\/index.php\/muveszet\/\">VISSZA A M\u0170V\u00c9SZET LAPRA<\/a><\/div>\n<\/div>\n\n\n\n<p>1973-78: Magyar K\u00e9pz\u0151m\u0171v\u00e9szeti F\u0151iskola, mestere: P\u00e1tzay P\u00e1l. Rajzolni Barcsay Jen\u0151t\u0151l \u00e9s Patay L\u00e1szl\u00f3t\u00f3l tanult. A szobr\u00e1szat mellett grafik\u00e1val is foglalkozik. A Vigy\u00e1z\u00f3 Ferenc M\u0171v\u00e9szeti T\u00e1rsas\u00e1g \u00e9s az Erd\u0151s Ren\u00e9e K\u00e9pz\u0151m\u0171v\u00e9szeti T\u00e1rsas\u00e1g tagja. Szobr\u00e1szat\u00e1nak els\u0151dleges anyaga a bronz. Kisplasztik\u00e1kat, \u00e9rmeket \u00e9s megrendel\u00e9sre monument\u00e1lis kompoz\u00edci\u00f3kat k\u00e9sz\u00edt. Realista szeml\u00e9let\u0171 szobr\u00e1szat\u00e1t archaiz\u00e1l\u00e1s \u00e9s j\u00e1t\u00e9koss\u00e1g jellemzi. Auton\u00f3m szobr\u00e1szati munk\u00e1ss\u00e1ga mellett foglalkozik k\u0151szobrok restaur\u00e1l\u00e1s\u00e1val is.<\/p>\n\n\n\n<p><strong>Mesterei .&nbsp;<\/strong><\/p>\n\n\n\n<ul class=\"wp-block-list\">\n<li>P\u00e1tzay P\u00e1l, Barcsay Jen\u0151, Patay L\u00e1szl\u00f3.<\/li>\n<\/ul>\n\n\n\n<p><strong>Egy\u00e9ni ki\u00e1ll\u00edt\u00e1sok a ker\u00fcletben:\u00a0<\/strong><\/p>\n\n\n\n<ul class=\"wp-block-list\">\n<li>1991, 1995 \u2022 Erd\u0151s Ren\u00e9e H\u00e1z, Budapest<\/li>\n<\/ul>\n\n\n\n<p><strong>V\u00e1logatott csoportos ki\u00e1ll\u00edt\u00e1sok a ker\u00fcletben:\u00a0<\/strong><\/p>\n\n\n\n<ul class=\"wp-block-list\">\n<li>1994 \u2022 Vigy\u00e1z\u00f3 Ferenc M\u0171vel\u0151d\u00e9si T\u00e1rsas\u00e1g ki\u00e1ll\u00edt\u00e1sa, Erd\u0151s Rene\u00e9 H\u00e1z, Budapest<\/li>\n\n\n\n<li>1995 \u2022 A Magyar Kult\u00fara Napja, D\u00f3zsa M\u0171vel\u0151d\u00e9si K\u00f6zpont Gal\u00e9ria, Budapest<\/li>\n<\/ul>\n\n\n\n<p><strong>K\u00f6zt\u00e9ri m\u0171vei a ker\u00fcletben:\u00a0<\/strong><\/p>\n\n\n\n<ul class=\"wp-block-list\">\n<li>Anya gyermek\u00e9vel (k\u0151, 1979, Budapest, XVII. ker., Sima utcai \u00f3voda)<\/li>\n\n\n\n<li>K\u0151farag\u00f3 (bronz, m\u00e9szk\u0151, 1989, Budapest, R\u00e1koskert)<\/li>\n\n\n\n<li>1956-os eml\u00e9km\u0171 (gr\u00e1nit \u00e9s m\u00e1s k\u0151, 2006. R\u00e1koskereszt\u00far)<\/li>\n<\/ul>\n\n\n\n<figure class=\"wp-block-image size-full\"><img loading=\"lazy\" decoding=\"async\" width=\"1024\" height=\"778\" src=\"https:\/\/rakosliget.hu\/wordpress\/wp-content\/uploads\/2026\/02\/Olah.jpg\" alt=\"\" class=\"wp-image-22788\" srcset=\"https:\/\/rakosliget.hu\/wordpress\/wp-content\/uploads\/2026\/02\/Olah.jpg 1024w, https:\/\/rakosliget.hu\/wordpress\/wp-content\/uploads\/2026\/02\/Olah-300x228.jpg 300w, https:\/\/rakosliget.hu\/wordpress\/wp-content\/uploads\/2026\/02\/Olah-768x584.jpg 768w\" sizes=\"auto, (max-width: 1024px) 100vw, 1024px\" \/><figcaption class=\"wp-element-caption\">Fel\u00e1ll\u00edt\u00e1s<br>2006. okt\u00f3ber 23.<\/figcaption><\/figure>\n\n\n\n<div class=\"wp-block-buttons is-content-justification-center is-layout-flex wp-container-core-buttons-is-layout-16018d1d wp-block-buttons-is-layout-flex\">\n<div class=\"wp-block-button\"><a class=\"wp-block-button__link wp-element-button\" href=\"https:\/\/rakosliget.hu\/wordpress\/index.php\/muveszet\/\">VISSZA A M\u0170V\u00c9SZET LAPRA<\/a><\/div>\n<\/div>\n","protected":false},"excerpt":{"rendered":"<p>1973-78: Magyar K\u00e9pz\u0151m\u0171v\u00e9szeti F\u0151iskola, mestere: P\u00e1tzay P\u00e1l. Rajzolni Barcsay Jen\u0151t\u0151l \u00e9s Patay L\u00e1szl\u00f3t\u00f3l tanult. A szobr\u00e1szat mellett grafik\u00e1val is foglalkozik. A Vigy\u00e1z\u00f3 Ferenc M\u0171v\u00e9szeti T\u00e1rsas\u00e1g \u00e9s az Erd\u0151s Ren\u00e9e K\u00e9pz\u0151m\u0171v\u00e9szeti T\u00e1rsas\u00e1g tagja. Szobr\u00e1szat\u00e1nak els\u0151dleges anyaga a bronz. Kisplasztik\u00e1kat, \u00e9rmeket \u00e9s megrendel\u00e9sre monument\u00e1lis kompoz\u00edci\u00f3kat k\u00e9sz\u00edt. Realista szeml\u00e9let\u0171 szobr\u00e1szat\u00e1t archaiz\u00e1l\u00e1s \u00e9s j\u00e1t\u00e9koss\u00e1g jellemzi. Auton\u00f3m szobr\u00e1szati munk\u00e1ss\u00e1ga mellett &hellip; <a href=\"https:\/\/rakosliget.hu\/wordpress\/index.php\/olah-szilveszter\/\" class=\"more-link\"><span class=\"screen-reader-text\">OL\u00c1H SZILVESZTER<\/span> r\u00e9szletei&#8230;<\/a><\/p>\n","protected":false},"author":1,"featured_media":0,"parent":0,"menu_order":0,"comment_status":"closed","ping_status":"closed","template":"","meta":{"footnotes":""},"class_list":["post-22785","page","type-page","status-publish","hentry"],"_links":{"self":[{"href":"https:\/\/rakosliget.hu\/wordpress\/index.php\/wp-json\/wp\/v2\/pages\/22785","targetHints":{"allow":["GET"]}}],"collection":[{"href":"https:\/\/rakosliget.hu\/wordpress\/index.php\/wp-json\/wp\/v2\/pages"}],"about":[{"href":"https:\/\/rakosliget.hu\/wordpress\/index.php\/wp-json\/wp\/v2\/types\/page"}],"author":[{"embeddable":true,"href":"https:\/\/rakosliget.hu\/wordpress\/index.php\/wp-json\/wp\/v2\/users\/1"}],"replies":[{"embeddable":true,"href":"https:\/\/rakosliget.hu\/wordpress\/index.php\/wp-json\/wp\/v2\/comments?post=22785"}],"version-history":[{"count":5,"href":"https:\/\/rakosliget.hu\/wordpress\/index.php\/wp-json\/wp\/v2\/pages\/22785\/revisions"}],"predecessor-version":[{"id":22793,"href":"https:\/\/rakosliget.hu\/wordpress\/index.php\/wp-json\/wp\/v2\/pages\/22785\/revisions\/22793"}],"wp:attachment":[{"href":"https:\/\/rakosliget.hu\/wordpress\/index.php\/wp-json\/wp\/v2\/media?parent=22785"}],"curies":[{"name":"wp","href":"https:\/\/api.w.org\/{rel}","templated":true}]}}