{"id":22611,"date":"2026-01-31T12:05:49","date_gmt":"2026-01-31T11:05:49","guid":{"rendered":"https:\/\/rakosliget.hu\/wordpress\/?page_id=22611"},"modified":"2026-01-31T12:16:27","modified_gmt":"2026-01-31T11:16:27","slug":"epitomuveszet-1934","status":"publish","type":"page","link":"https:\/\/rakosliget.hu\/wordpress\/index.php\/epitomuveszet-1934\/","title":{"rendered":"\u00c9P\u00cdT\u0150M\u0170V\u00c9SZET 1934"},"content":{"rendered":"\n<div class=\"wp-block-buttons is-content-justification-center is-layout-flex wp-container-core-buttons-is-layout-16018d1d wp-block-buttons-is-layout-flex\">\n<div class=\"wp-block-button\"><a class=\"wp-block-button__link wp-element-button\" href=\"https:\/\/rakosliget.hu\/wordpress\/index.php\/sandy-gyula\/\">vissza a S\u00e1ndy Gyula lapra<\/a><\/div>\n<\/div>\n\n\n\n<p><\/p>\n\n\n\n<div class=\"wp-block-buttons is-content-justification-center is-layout-flex wp-container-core-buttons-is-layout-16018d1d wp-block-buttons-is-layout-flex\">\n<div class=\"wp-block-button\"><a class=\"wp-block-button__link wp-element-button\">vissza az egyh\u00e1zak lapra<\/a><\/div>\n<\/div>\n\n\n\n<p><\/p>\n\n\n\n<figure class=\"wp-block-gallery has-nested-images columns-default is-cropped wp-block-gallery-1 is-layout-flex wp-block-gallery-is-layout-flex\">\n<figure class=\"wp-block-image size-large\"><img loading=\"lazy\" decoding=\"async\" width=\"1024\" height=\"1440\" data-id=\"22614\" src=\"https:\/\/rakosliget.hu\/wordpress\/wp-content\/uploads\/2026\/01\/001.jpg\" alt=\"\" class=\"wp-image-22614\" srcset=\"https:\/\/rakosliget.hu\/wordpress\/wp-content\/uploads\/2026\/01\/001.jpg 1024w, https:\/\/rakosliget.hu\/wordpress\/wp-content\/uploads\/2026\/01\/001-213x300.jpg 213w, https:\/\/rakosliget.hu\/wordpress\/wp-content\/uploads\/2026\/01\/001-768x1080.jpg 768w\" sizes=\"auto, (max-width: 1024px) 100vw, 1024px\" \/><\/figure>\n\n\n\n<figure class=\"wp-block-image size-large\"><img loading=\"lazy\" decoding=\"async\" width=\"1024\" height=\"1444\" data-id=\"22618\" src=\"https:\/\/rakosliget.hu\/wordpress\/wp-content\/uploads\/2026\/01\/002.jpg\" alt=\"\" class=\"wp-image-22618\" srcset=\"https:\/\/rakosliget.hu\/wordpress\/wp-content\/uploads\/2026\/01\/002.jpg 1024w, https:\/\/rakosliget.hu\/wordpress\/wp-content\/uploads\/2026\/01\/002-213x300.jpg 213w, https:\/\/rakosliget.hu\/wordpress\/wp-content\/uploads\/2026\/01\/002-768x1083.jpg 768w\" sizes=\"auto, (max-width: 1024px) 100vw, 1024px\" \/><\/figure>\n\n\n\n<figure class=\"wp-block-image size-large\"><img loading=\"lazy\" decoding=\"async\" width=\"1024\" height=\"1444\" data-id=\"22613\" src=\"https:\/\/rakosliget.hu\/wordpress\/wp-content\/uploads\/2026\/01\/003.jpg\" alt=\"\" class=\"wp-image-22613\" srcset=\"https:\/\/rakosliget.hu\/wordpress\/wp-content\/uploads\/2026\/01\/003.jpg 1024w, https:\/\/rakosliget.hu\/wordpress\/wp-content\/uploads\/2026\/01\/003-213x300.jpg 213w, https:\/\/rakosliget.hu\/wordpress\/wp-content\/uploads\/2026\/01\/003-768x1083.jpg 768w\" sizes=\"auto, (max-width: 1024px) 100vw, 1024px\" \/><\/figure>\n\n\n\n<figure class=\"wp-block-image size-large\"><img loading=\"lazy\" decoding=\"async\" width=\"1024\" height=\"1444\" data-id=\"22617\" src=\"https:\/\/rakosliget.hu\/wordpress\/wp-content\/uploads\/2026\/01\/004.jpg\" alt=\"\" class=\"wp-image-22617\" srcset=\"https:\/\/rakosliget.hu\/wordpress\/wp-content\/uploads\/2026\/01\/004.jpg 1024w, https:\/\/rakosliget.hu\/wordpress\/wp-content\/uploads\/2026\/01\/004-213x300.jpg 213w, https:\/\/rakosliget.hu\/wordpress\/wp-content\/uploads\/2026\/01\/004-768x1083.jpg 768w\" sizes=\"auto, (max-width: 1024px) 100vw, 1024px\" \/><\/figure>\n\n\n\n<figure class=\"wp-block-image size-large\"><img loading=\"lazy\" decoding=\"async\" width=\"1024\" height=\"1444\" data-id=\"22616\" src=\"https:\/\/rakosliget.hu\/wordpress\/wp-content\/uploads\/2026\/01\/005.jpg\" alt=\"\" class=\"wp-image-22616\" srcset=\"https:\/\/rakosliget.hu\/wordpress\/wp-content\/uploads\/2026\/01\/005.jpg 1024w, https:\/\/rakosliget.hu\/wordpress\/wp-content\/uploads\/2026\/01\/005-213x300.jpg 213w, https:\/\/rakosliget.hu\/wordpress\/wp-content\/uploads\/2026\/01\/005-768x1083.jpg 768w\" sizes=\"auto, (max-width: 1024px) 100vw, 1024px\" \/><\/figure>\n\n\n\n<figure class=\"wp-block-image size-large\"><img loading=\"lazy\" decoding=\"async\" width=\"1024\" height=\"1444\" data-id=\"22615\" src=\"https:\/\/rakosliget.hu\/wordpress\/wp-content\/uploads\/2026\/01\/006.jpg\" alt=\"\" class=\"wp-image-22615\" srcset=\"https:\/\/rakosliget.hu\/wordpress\/wp-content\/uploads\/2026\/01\/006.jpg 1024w, https:\/\/rakosliget.hu\/wordpress\/wp-content\/uploads\/2026\/01\/006-213x300.jpg 213w, https:\/\/rakosliget.hu\/wordpress\/wp-content\/uploads\/2026\/01\/006-768x1083.jpg 768w\" sizes=\"auto, (max-width: 1024px) 100vw, 1024px\" \/><\/figure>\n\n\n\n<figure class=\"wp-block-image size-large\"><img loading=\"lazy\" decoding=\"async\" width=\"1024\" height=\"1451\" data-id=\"22619\" src=\"https:\/\/rakosliget.hu\/wordpress\/wp-content\/uploads\/2026\/01\/007.jpg\" alt=\"\" class=\"wp-image-22619\" srcset=\"https:\/\/rakosliget.hu\/wordpress\/wp-content\/uploads\/2026\/01\/007.jpg 1024w, https:\/\/rakosliget.hu\/wordpress\/wp-content\/uploads\/2026\/01\/007-212x300.jpg 212w, https:\/\/rakosliget.hu\/wordpress\/wp-content\/uploads\/2026\/01\/007-768x1088.jpg 768w\" sizes=\"auto, (max-width: 1024px) 100vw, 1024px\" \/><\/figure>\n\n\n\n<figure class=\"wp-block-image size-large\"><img loading=\"lazy\" decoding=\"async\" width=\"1024\" height=\"1437\" data-id=\"22620\" src=\"https:\/\/rakosliget.hu\/wordpress\/wp-content\/uploads\/2026\/01\/008.jpg\" alt=\"\" class=\"wp-image-22620\" srcset=\"https:\/\/rakosliget.hu\/wordpress\/wp-content\/uploads\/2026\/01\/008.jpg 1024w, https:\/\/rakosliget.hu\/wordpress\/wp-content\/uploads\/2026\/01\/008-214x300.jpg 214w, https:\/\/rakosliget.hu\/wordpress\/wp-content\/uploads\/2026\/01\/008-768x1078.jpg 768w\" sizes=\"auto, (max-width: 1024px) 100vw, 1024px\" \/><\/figure>\n\n\n\n<figure class=\"wp-block-image size-large\"><img loading=\"lazy\" decoding=\"async\" width=\"1024\" height=\"829\" data-id=\"22621\" src=\"https:\/\/rakosliget.hu\/wordpress\/wp-content\/uploads\/2026\/01\/009.jpg\" alt=\"\" class=\"wp-image-22621\" srcset=\"https:\/\/rakosliget.hu\/wordpress\/wp-content\/uploads\/2026\/01\/009.jpg 1024w, https:\/\/rakosliget.hu\/wordpress\/wp-content\/uploads\/2026\/01\/009-300x243.jpg 300w, https:\/\/rakosliget.hu\/wordpress\/wp-content\/uploads\/2026\/01\/009-768x622.jpg 768w\" sizes=\"auto, (max-width: 1024px) 100vw, 1024px\" \/><\/figure>\n<\/figure>\n","protected":false},"excerpt":{"rendered":"","protected":false},"author":1,"featured_media":0,"parent":0,"menu_order":0,"comment_status":"closed","ping_status":"closed","template":"","meta":{"footnotes":""},"class_list":["post-22611","page","type-page","status-publish","hentry"],"_links":{"self":[{"href":"https:\/\/rakosliget.hu\/wordpress\/index.php\/wp-json\/wp\/v2\/pages\/22611","targetHints":{"allow":["GET"]}}],"collection":[{"href":"https:\/\/rakosliget.hu\/wordpress\/index.php\/wp-json\/wp\/v2\/pages"}],"about":[{"href":"https:\/\/rakosliget.hu\/wordpress\/index.php\/wp-json\/wp\/v2\/types\/page"}],"author":[{"embeddable":true,"href":"https:\/\/rakosliget.hu\/wordpress\/index.php\/wp-json\/wp\/v2\/users\/1"}],"replies":[{"embeddable":true,"href":"https:\/\/rakosliget.hu\/wordpress\/index.php\/wp-json\/wp\/v2\/comments?post=22611"}],"version-history":[{"count":4,"href":"https:\/\/rakosliget.hu\/wordpress\/index.php\/wp-json\/wp\/v2\/pages\/22611\/revisions"}],"predecessor-version":[{"id":22628,"href":"https:\/\/rakosliget.hu\/wordpress\/index.php\/wp-json\/wp\/v2\/pages\/22611\/revisions\/22628"}],"wp:attachment":[{"href":"https:\/\/rakosliget.hu\/wordpress\/index.php\/wp-json\/wp\/v2\/media?parent=22611"}],"curies":[{"name":"wp","href":"https:\/\/api.w.org\/{rel}","templated":true}]}}