{"id":22466,"date":"2026-01-26T20:01:46","date_gmt":"2026-01-26T19:01:46","guid":{"rendered":"https:\/\/rakosliget.hu\/wordpress\/?page_id=22466"},"modified":"2026-01-26T20:05:19","modified_gmt":"2026-01-26T19:05:19","slug":"nemzeti-figyelo","status":"publish","type":"page","link":"https:\/\/rakosliget.hu\/wordpress\/index.php\/nemzeti-figyelo\/","title":{"rendered":"NEMZETI FIGYEL\u0150"},"content":{"rendered":"\n<figure class=\"wp-block-image size-large\"><img loading=\"lazy\" decoding=\"async\" width=\"2048\" height=\"797\" src=\"https:\/\/rakosliget.hu\/wordpress\/wp-content\/uploads\/2026\/01\/logo-13-2048x797.jpg\" alt=\"\" class=\"wp-image-22465\" srcset=\"https:\/\/rakosliget.hu\/wordpress\/wp-content\/uploads\/2026\/01\/logo-13-2048x797.jpg 2048w, https:\/\/rakosliget.hu\/wordpress\/wp-content\/uploads\/2026\/01\/logo-13-300x117.jpg 300w, https:\/\/rakosliget.hu\/wordpress\/wp-content\/uploads\/2026\/01\/logo-13-768x299.jpg 768w, https:\/\/rakosliget.hu\/wordpress\/wp-content\/uploads\/2026\/01\/logo-13-1536x598.jpg 1536w\" sizes=\"auto, (max-width: 2048px) 100vw, 2048px\" \/><\/figure>\n\n\n\n<div class=\"wp-block-buttons is-content-justification-center is-layout-flex wp-container-core-buttons-is-layout-16018d1d wp-block-buttons-is-layout-flex\">\n<div class=\"wp-block-button\"><a class=\"wp-block-button__link wp-element-button\" href=\"https:\/\/rakosliget.hu\/wordpress\/index.php\/rakosliget-a-korabeli-hirekben\/\">VISSZA A SAJT\u00d3 LAPRA<\/a><\/div>\n<\/div>\n\n\n\n<h2 class=\"wp-block-heading\">1933<\/h2>\n\n\n<div class=\"wp-block-image\">\n<figure class=\"aligncenter size-full\"><img loading=\"lazy\" decoding=\"async\" width=\"826\" height=\"499\" src=\"https:\/\/rakosliget.hu\/wordpress\/wp-content\/uploads\/2026\/01\/turul-szov-megalakul.jpg\" alt=\"\" class=\"wp-image-22469\" srcset=\"https:\/\/rakosliget.hu\/wordpress\/wp-content\/uploads\/2026\/01\/turul-szov-megalakul.jpg 826w, https:\/\/rakosliget.hu\/wordpress\/wp-content\/uploads\/2026\/01\/turul-szov-megalakul-300x181.jpg 300w, https:\/\/rakosliget.hu\/wordpress\/wp-content\/uploads\/2026\/01\/turul-szov-megalakul-768x464.jpg 768w\" sizes=\"auto, (max-width: 826px) 100vw, 826px\" \/><figcaption class=\"wp-element-caption\">1933. 01. 16. Turul Sz\u00f6vets\u00e9g megalakul\u00e1sa<\/figcaption><\/figure>\n<\/div>\n\n\n<h2 class=\"wp-block-heading\">1934<\/h2>\n\n\n<div class=\"wp-block-image\">\n<figure class=\"aligncenter size-full\"><img loading=\"lazy\" decoding=\"async\" width=\"870\" height=\"901\" src=\"https:\/\/rakosliget.hu\/wordpress\/wp-content\/uploads\/2026\/01\/TESZ-kotelek-belepes.jpg\" alt=\"\" class=\"wp-image-22473\" srcset=\"https:\/\/rakosliget.hu\/wordpress\/wp-content\/uploads\/2026\/01\/TESZ-kotelek-belepes.jpg 870w, https:\/\/rakosliget.hu\/wordpress\/wp-content\/uploads\/2026\/01\/TESZ-kotelek-belepes-290x300.jpg 290w, https:\/\/rakosliget.hu\/wordpress\/wp-content\/uploads\/2026\/01\/TESZ-kotelek-belepes-768x795.jpg 768w\" sizes=\"auto, (max-width: 870px) 100vw, 870px\" \/><figcaption class=\"wp-element-caption\">1934. 07. 08. T\u00e1rsadalmi Egyes\u00fcletek Sz\u00f6vets\u00e9ge bel\u00e9p\u00e9s<\/figcaption><\/figure>\n<\/div>","protected":false},"excerpt":{"rendered":"<p>1933 1934<\/p>\n","protected":false},"author":1,"featured_media":0,"parent":0,"menu_order":0,"comment_status":"closed","ping_status":"closed","template":"","meta":{"footnotes":""},"class_list":["post-22466","page","type-page","status-publish","hentry"],"_links":{"self":[{"href":"https:\/\/rakosliget.hu\/wordpress\/index.php\/wp-json\/wp\/v2\/pages\/22466","targetHints":{"allow":["GET"]}}],"collection":[{"href":"https:\/\/rakosliget.hu\/wordpress\/index.php\/wp-json\/wp\/v2\/pages"}],"about":[{"href":"https:\/\/rakosliget.hu\/wordpress\/index.php\/wp-json\/wp\/v2\/types\/page"}],"author":[{"embeddable":true,"href":"https:\/\/rakosliget.hu\/wordpress\/index.php\/wp-json\/wp\/v2\/users\/1"}],"replies":[{"embeddable":true,"href":"https:\/\/rakosliget.hu\/wordpress\/index.php\/wp-json\/wp\/v2\/comments?post=22466"}],"version-history":[{"count":4,"href":"https:\/\/rakosliget.hu\/wordpress\/index.php\/wp-json\/wp\/v2\/pages\/22466\/revisions"}],"predecessor-version":[{"id":22474,"href":"https:\/\/rakosliget.hu\/wordpress\/index.php\/wp-json\/wp\/v2\/pages\/22466\/revisions\/22474"}],"wp:attachment":[{"href":"https:\/\/rakosliget.hu\/wordpress\/index.php\/wp-json\/wp\/v2\/media?parent=22466"}],"curies":[{"name":"wp","href":"https:\/\/api.w.org\/{rel}","templated":true}]}}