{"id":22384,"date":"2026-01-26T19:09:44","date_gmt":"2026-01-26T18:09:44","guid":{"rendered":"https:\/\/rakosliget.hu\/wordpress\/?page_id=22384"},"modified":"2026-01-26T19:11:48","modified_gmt":"2026-01-26T18:11:48","slug":"a-kisgazda","status":"publish","type":"page","link":"https:\/\/rakosliget.hu\/wordpress\/index.php\/a-kisgazda\/","title":{"rendered":"A KISGAZDA"},"content":{"rendered":"\n<figure class=\"wp-block-image size-large\"><img loading=\"lazy\" decoding=\"async\" width=\"2048\" height=\"713\" src=\"https:\/\/rakosliget.hu\/wordpress\/wp-content\/uploads\/2026\/01\/logo-7-2048x713.jpg\" alt=\"\" class=\"wp-image-22383\" srcset=\"https:\/\/rakosliget.hu\/wordpress\/wp-content\/uploads\/2026\/01\/logo-7-2048x713.jpg 2048w, https:\/\/rakosliget.hu\/wordpress\/wp-content\/uploads\/2026\/01\/logo-7-300x104.jpg 300w, https:\/\/rakosliget.hu\/wordpress\/wp-content\/uploads\/2026\/01\/logo-7-768x267.jpg 768w, https:\/\/rakosliget.hu\/wordpress\/wp-content\/uploads\/2026\/01\/logo-7-1536x534.jpg 1536w\" sizes=\"auto, (max-width: 2048px) 100vw, 2048px\" \/><\/figure>\n\n\n\n<div class=\"wp-block-buttons is-content-justification-center is-layout-flex wp-container-core-buttons-is-layout-16018d1d wp-block-buttons-is-layout-flex\">\n<div class=\"wp-block-button\"><a class=\"wp-block-button__link wp-element-button\" href=\"https:\/\/rakosliget.hu\/wordpress\/index.php\/rakosliget-a-korabeli-hirekben\/\">vissza a sajt\u00f3 lapra<\/a><\/div>\n<\/div>\n\n\n\n<h2 class=\"wp-block-heading\">1931<\/h2>\n\n\n<div class=\"wp-block-image\">\n<figure class=\"aligncenter size-full\"><img loading=\"lazy\" decoding=\"async\" width=\"1053\" height=\"781\" src=\"https:\/\/rakosliget.hu\/wordpress\/wp-content\/uploads\/2026\/01\/foltin-geza-leutese.jpg\" alt=\"\" class=\"wp-image-22389\" srcset=\"https:\/\/rakosliget.hu\/wordpress\/wp-content\/uploads\/2026\/01\/foltin-geza-leutese.jpg 1053w, https:\/\/rakosliget.hu\/wordpress\/wp-content\/uploads\/2026\/01\/foltin-geza-leutese-300x223.jpg 300w, https:\/\/rakosliget.hu\/wordpress\/wp-content\/uploads\/2026\/01\/foltin-geza-leutese-768x570.jpg 768w\" sizes=\"auto, (max-width: 1053px) 100vw, 1053px\" \/><figcaption class=\"wp-element-caption\">1931. 11. 15. Foltin G\u00e9za megt\u00e1mad\u00e1sa<\/figcaption><\/figure>\n<\/div>","protected":false},"excerpt":{"rendered":"<p>1931<\/p>\n","protected":false},"author":1,"featured_media":0,"parent":0,"menu_order":0,"comment_status":"closed","ping_status":"closed","template":"","meta":{"footnotes":""},"class_list":["post-22384","page","type-page","status-publish","hentry"],"_links":{"self":[{"href":"https:\/\/rakosliget.hu\/wordpress\/index.php\/wp-json\/wp\/v2\/pages\/22384","targetHints":{"allow":["GET"]}}],"collection":[{"href":"https:\/\/rakosliget.hu\/wordpress\/index.php\/wp-json\/wp\/v2\/pages"}],"about":[{"href":"https:\/\/rakosliget.hu\/wordpress\/index.php\/wp-json\/wp\/v2\/types\/page"}],"author":[{"embeddable":true,"href":"https:\/\/rakosliget.hu\/wordpress\/index.php\/wp-json\/wp\/v2\/users\/1"}],"replies":[{"embeddable":true,"href":"https:\/\/rakosliget.hu\/wordpress\/index.php\/wp-json\/wp\/v2\/comments?post=22384"}],"version-history":[{"count":2,"href":"https:\/\/rakosliget.hu\/wordpress\/index.php\/wp-json\/wp\/v2\/pages\/22384\/revisions"}],"predecessor-version":[{"id":22390,"href":"https:\/\/rakosliget.hu\/wordpress\/index.php\/wp-json\/wp\/v2\/pages\/22384\/revisions\/22390"}],"wp:attachment":[{"href":"https:\/\/rakosliget.hu\/wordpress\/index.php\/wp-json\/wp\/v2\/media?parent=22384"}],"curies":[{"name":"wp","href":"https:\/\/api.w.org\/{rel}","templated":true}]}}