{"id":22339,"date":"2026-01-25T14:07:55","date_gmt":"2026-01-25T13:07:55","guid":{"rendered":"https:\/\/rakosliget.hu\/wordpress\/?page_id=22339"},"modified":"2026-01-25T14:20:00","modified_gmt":"2026-01-25T13:20:00","slug":"vasuti-es-kozlekedesi-kozlony","status":"publish","type":"page","link":"https:\/\/rakosliget.hu\/wordpress\/index.php\/vasuti-es-kozlekedesi-kozlony\/","title":{"rendered":"VAS\u00daTI \u00c9S K\u00d6ZLEKED\u00c9SI K\u00d6ZL\u00d6NY"},"content":{"rendered":"\n<figure class=\"wp-block-image size-large\"><img loading=\"lazy\" decoding=\"async\" width=\"2048\" height=\"482\" src=\"https:\/\/rakosliget.hu\/wordpress\/wp-content\/uploads\/2026\/01\/logo-6-2048x482.jpg\" alt=\"\" class=\"wp-image-22338\" srcset=\"https:\/\/rakosliget.hu\/wordpress\/wp-content\/uploads\/2026\/01\/logo-6-2048x482.jpg 2048w, https:\/\/rakosliget.hu\/wordpress\/wp-content\/uploads\/2026\/01\/logo-6-300x71.jpg 300w, https:\/\/rakosliget.hu\/wordpress\/wp-content\/uploads\/2026\/01\/logo-6-768x181.jpg 768w, https:\/\/rakosliget.hu\/wordpress\/wp-content\/uploads\/2026\/01\/logo-6-1536x361.jpg 1536w\" sizes=\"auto, (max-width: 2048px) 100vw, 2048px\" \/><\/figure>\n\n\n\n<div class=\"wp-block-buttons is-content-justification-center is-layout-flex wp-container-core-buttons-is-layout-16018d1d wp-block-buttons-is-layout-flex\">\n<div class=\"wp-block-button\"><a class=\"wp-block-button__link wp-element-button\" href=\"https:\/\/rakosliget.hu\/wordpress\/index.php\/rakosliget-a-korabeli-hirekben\/\">VISSZA A SAJT\u00d3 LAPRA<\/a><\/div>\n<\/div>\n\n\n\n<p><\/p>\n\n\n\n<h2 class=\"wp-block-heading\">1940<\/h2>\n\n\n<div class=\"wp-block-image\">\n<figure class=\"aligncenter size-large\"><img loading=\"lazy\" decoding=\"async\" width=\"2048\" height=\"2978\" src=\"https:\/\/rakosliget.hu\/wordpress\/wp-content\/uploads\/2026\/01\/1-1-2048x2978.jpg\" alt=\"\" class=\"wp-image-22347\" srcset=\"https:\/\/rakosliget.hu\/wordpress\/wp-content\/uploads\/2026\/01\/1-1-2048x2978.jpg 2048w, https:\/\/rakosliget.hu\/wordpress\/wp-content\/uploads\/2026\/01\/1-1-206x300.jpg 206w, https:\/\/rakosliget.hu\/wordpress\/wp-content\/uploads\/2026\/01\/1-1-768x1117.jpg 768w, https:\/\/rakosliget.hu\/wordpress\/wp-content\/uploads\/2026\/01\/1-1-1056x1536.jpg 1056w, https:\/\/rakosliget.hu\/wordpress\/wp-content\/uploads\/2026\/01\/1-1-1408x2048.jpg 1408w, https:\/\/rakosliget.hu\/wordpress\/wp-content\/uploads\/2026\/01\/1-1-scaled.jpg 1761w\" sizes=\"auto, (max-width: 2048px) 100vw, 2048px\" \/><figcaption class=\"wp-element-caption\">1940. 02. 25.<\/figcaption><\/figure>\n<\/div>\n\n<div class=\"wp-block-image\">\n<figure class=\"aligncenter size-large\"><img loading=\"lazy\" decoding=\"async\" width=\"2048\" height=\"2869\" src=\"https:\/\/rakosliget.hu\/wordpress\/wp-content\/uploads\/2026\/01\/2-1-2048x2869.jpg\" alt=\"\" class=\"wp-image-22349\" srcset=\"https:\/\/rakosliget.hu\/wordpress\/wp-content\/uploads\/2026\/01\/2-1-2048x2869.jpg 2048w, https:\/\/rakosliget.hu\/wordpress\/wp-content\/uploads\/2026\/01\/2-1-214x300.jpg 214w, https:\/\/rakosliget.hu\/wordpress\/wp-content\/uploads\/2026\/01\/2-1-768x1076.jpg 768w, https:\/\/rakosliget.hu\/wordpress\/wp-content\/uploads\/2026\/01\/2-1-1097x1536.jpg 1097w, https:\/\/rakosliget.hu\/wordpress\/wp-content\/uploads\/2026\/01\/2-1-1462x2048.jpg 1462w, https:\/\/rakosliget.hu\/wordpress\/wp-content\/uploads\/2026\/01\/2-1-scaled.jpg 1828w\" sizes=\"auto, (max-width: 2048px) 100vw, 2048px\" \/><figcaption class=\"wp-element-caption\">1940. 02. 25.<\/figcaption><\/figure>\n<\/div>\n\n<div class=\"wp-block-image\">\n<figure class=\"aligncenter size-large\"><img loading=\"lazy\" decoding=\"async\" width=\"2048\" height=\"2890\" src=\"https:\/\/rakosliget.hu\/wordpress\/wp-content\/uploads\/2026\/01\/3-2048x2890.jpg\" alt=\"\" class=\"wp-image-22350\" srcset=\"https:\/\/rakosliget.hu\/wordpress\/wp-content\/uploads\/2026\/01\/3-2048x2890.jpg 2048w, https:\/\/rakosliget.hu\/wordpress\/wp-content\/uploads\/2026\/01\/3-213x300.jpg 213w, https:\/\/rakosliget.hu\/wordpress\/wp-content\/uploads\/2026\/01\/3-768x1084.jpg 768w, https:\/\/rakosliget.hu\/wordpress\/wp-content\/uploads\/2026\/01\/3-1088x1536.jpg 1088w, https:\/\/rakosliget.hu\/wordpress\/wp-content\/uploads\/2026\/01\/3-1451x2048.jpg 1451w, https:\/\/rakosliget.hu\/wordpress\/wp-content\/uploads\/2026\/01\/3-scaled.jpg 1814w\" sizes=\"auto, (max-width: 2048px) 100vw, 2048px\" \/><figcaption class=\"wp-element-caption\">1940. 02. 25.<\/figcaption><\/figure>\n<\/div>\n\n\n<figure class=\"wp-block-image size-large\"><img loading=\"lazy\" decoding=\"async\" width=\"2048\" height=\"566\" src=\"https:\/\/rakosliget.hu\/wordpress\/wp-content\/uploads\/2026\/01\/HEV-villamos-Rakosligetre-2048x566.jpg\" alt=\"\" class=\"wp-image-22352\" srcset=\"https:\/\/rakosliget.hu\/wordpress\/wp-content\/uploads\/2026\/01\/HEV-villamos-Rakosligetre-2048x566.jpg 2048w, https:\/\/rakosliget.hu\/wordpress\/wp-content\/uploads\/2026\/01\/HEV-villamos-Rakosligetre-300x83.jpg 300w, https:\/\/rakosliget.hu\/wordpress\/wp-content\/uploads\/2026\/01\/HEV-villamos-Rakosligetre-768x212.jpg 768w, https:\/\/rakosliget.hu\/wordpress\/wp-content\/uploads\/2026\/01\/HEV-villamos-Rakosligetre-1536x424.jpg 1536w\" sizes=\"auto, (max-width: 2048px) 100vw, 2048px\" \/><figcaption class=\"wp-element-caption\">1940. 02. 29.<\/figcaption><\/figure>\n\n\n\n<p><\/p>\n","protected":false},"excerpt":{"rendered":"<p>1940<\/p>\n","protected":false},"author":1,"featured_media":0,"parent":0,"menu_order":0,"comment_status":"closed","ping_status":"closed","template":"","meta":{"footnotes":""},"class_list":["post-22339","page","type-page","status-publish","hentry"],"_links":{"self":[{"href":"https:\/\/rakosliget.hu\/wordpress\/index.php\/wp-json\/wp\/v2\/pages\/22339","targetHints":{"allow":["GET"]}}],"collection":[{"href":"https:\/\/rakosliget.hu\/wordpress\/index.php\/wp-json\/wp\/v2\/pages"}],"about":[{"href":"https:\/\/rakosliget.hu\/wordpress\/index.php\/wp-json\/wp\/v2\/types\/page"}],"author":[{"embeddable":true,"href":"https:\/\/rakosliget.hu\/wordpress\/index.php\/wp-json\/wp\/v2\/users\/1"}],"replies":[{"embeddable":true,"href":"https:\/\/rakosliget.hu\/wordpress\/index.php\/wp-json\/wp\/v2\/comments?post=22339"}],"version-history":[{"count":5,"href":"https:\/\/rakosliget.hu\/wordpress\/index.php\/wp-json\/wp\/v2\/pages\/22339\/revisions"}],"predecessor-version":[{"id":22353,"href":"https:\/\/rakosliget.hu\/wordpress\/index.php\/wp-json\/wp\/v2\/pages\/22339\/revisions\/22353"}],"wp:attachment":[{"href":"https:\/\/rakosliget.hu\/wordpress\/index.php\/wp-json\/wp\/v2\/media?parent=22339"}],"curies":[{"name":"wp","href":"https:\/\/api.w.org\/{rel}","templated":true}]}}