{"id":22231,"date":"2026-01-25T06:59:33","date_gmt":"2026-01-25T05:59:33","guid":{"rendered":"https:\/\/rakosliget.hu\/wordpress\/?page_id=22231"},"modified":"2026-01-25T07:09:21","modified_gmt":"2026-01-25T06:09:21","slug":"vallalkozok-es-iparosok-lapja","status":"publish","type":"page","link":"https:\/\/rakosliget.hu\/wordpress\/index.php\/vallalkozok-es-iparosok-lapja\/","title":{"rendered":"V\u00c1LLALKOZ\u00d3K \u00c9S IPAROSOK LAPJA"},"content":{"rendered":"<div class=\"wp-block-image\">\n<figure class=\"aligncenter size-large\"><img loading=\"lazy\" decoding=\"async\" width=\"2048\" height=\"504\" src=\"https:\/\/rakosliget.hu\/wordpress\/wp-content\/uploads\/2026\/01\/logo-2-2048x504.jpg\" alt=\"\" class=\"wp-image-22230\" srcset=\"https:\/\/rakosliget.hu\/wordpress\/wp-content\/uploads\/2026\/01\/logo-2-2048x504.jpg 2048w, https:\/\/rakosliget.hu\/wordpress\/wp-content\/uploads\/2026\/01\/logo-2-300x74.jpg 300w, https:\/\/rakosliget.hu\/wordpress\/wp-content\/uploads\/2026\/01\/logo-2-768x189.jpg 768w, https:\/\/rakosliget.hu\/wordpress\/wp-content\/uploads\/2026\/01\/logo-2-1536x378.jpg 1536w\" sizes=\"auto, (max-width: 2048px) 100vw, 2048px\" \/><\/figure>\n<\/div>\n\n\n<div class=\"wp-block-buttons is-content-justification-center is-layout-flex wp-container-core-buttons-is-layout-16018d1d wp-block-buttons-is-layout-flex\">\n<div class=\"wp-block-button\"><a class=\"wp-block-button__link wp-element-button\" href=\"https:\/\/rakosliget.hu\/wordpress\/index.php\/rakosliget-a-korabeli-hirekben\/\">vissza a sajt\u00f3h\u00edrek lapra<\/a><\/div>\n<\/div>\n\n\n\n<h2 class=\"wp-block-heading\" id=\"Eleje\"><a href=\"#1910\">1910<\/a><\/h2>\n\n\n\n<h2 class=\"wp-block-heading\" id=\"1910\">1910<\/h2>\n\n\n<div class=\"wp-block-image\">\n<figure class=\"aligncenter size-large\"><img loading=\"lazy\" decoding=\"async\" width=\"2048\" height=\"1969\" src=\"https:\/\/rakosliget.hu\/wordpress\/wp-content\/uploads\/2026\/01\/versenytargyalas-aram-2048x1969.jpg\" alt=\"\" class=\"wp-image-22233\" srcset=\"https:\/\/rakosliget.hu\/wordpress\/wp-content\/uploads\/2026\/01\/versenytargyalas-aram-2048x1969.jpg 2048w, https:\/\/rakosliget.hu\/wordpress\/wp-content\/uploads\/2026\/01\/versenytargyalas-aram-300x288.jpg 300w, https:\/\/rakosliget.hu\/wordpress\/wp-content\/uploads\/2026\/01\/versenytargyalas-aram-768x738.jpg 768w, https:\/\/rakosliget.hu\/wordpress\/wp-content\/uploads\/2026\/01\/versenytargyalas-aram-1536x1477.jpg 1536w\" sizes=\"auto, (max-width: 2048px) 100vw, 2048px\" \/><figcaption class=\"wp-element-caption\">1910. 01. 22. 11. oldal<\/figcaption><\/figure>\n<\/div>\n\n<div class=\"wp-block-image\">\n<figure class=\"aligncenter size-full\"><img loading=\"lazy\" decoding=\"async\" width=\"917\" height=\"548\" src=\"https:\/\/rakosliget.hu\/wordpress\/wp-content\/uploads\/2026\/01\/aram.jpg\" alt=\"\" class=\"wp-image-22237\" srcset=\"https:\/\/rakosliget.hu\/wordpress\/wp-content\/uploads\/2026\/01\/aram.jpg 917w, https:\/\/rakosliget.hu\/wordpress\/wp-content\/uploads\/2026\/01\/aram-300x179.jpg 300w, https:\/\/rakosliget.hu\/wordpress\/wp-content\/uploads\/2026\/01\/aram-768x459.jpg 768w\" sizes=\"auto, (max-width: 917px) 100vw, 917px\" \/><figcaption class=\"wp-element-caption\">1910. 02. 12. 3. oldal<\/figcaption><\/figure>\n<\/div>\n\n\n<figure class=\"wp-block-image size-full\"><img loading=\"lazy\" decoding=\"async\" width=\"910\" height=\"306\" src=\"https:\/\/rakosliget.hu\/wordpress\/wp-content\/uploads\/2026\/01\/hazepites.jpg\" alt=\"\" class=\"wp-image-22238\" srcset=\"https:\/\/rakosliget.hu\/wordpress\/wp-content\/uploads\/2026\/01\/hazepites.jpg 910w, https:\/\/rakosliget.hu\/wordpress\/wp-content\/uploads\/2026\/01\/hazepites-300x101.jpg 300w, https:\/\/rakosliget.hu\/wordpress\/wp-content\/uploads\/2026\/01\/hazepites-768x258.jpg 768w\" sizes=\"auto, (max-width: 910px) 100vw, 910px\" \/><figcaption class=\"wp-element-caption\">1910. 03. 19. 5. oldal<\/figcaption><\/figure>\n\n\n<div class=\"wp-block-image\">\n<figure class=\"aligncenter size-full\"><img loading=\"lazy\" decoding=\"async\" width=\"938\" height=\"262\" src=\"https:\/\/rakosliget.hu\/wordpress\/wp-content\/uploads\/2026\/01\/iskolaepites.jpg\" alt=\"\" class=\"wp-image-22239\" srcset=\"https:\/\/rakosliget.hu\/wordpress\/wp-content\/uploads\/2026\/01\/iskolaepites.jpg 938w, https:\/\/rakosliget.hu\/wordpress\/wp-content\/uploads\/2026\/01\/iskolaepites-300x84.jpg 300w, https:\/\/rakosliget.hu\/wordpress\/wp-content\/uploads\/2026\/01\/iskolaepites-768x215.jpg 768w\" sizes=\"auto, (max-width: 938px) 100vw, 938px\" \/><figcaption class=\"wp-element-caption\">1910. 07. 02. 4. oldal<\/figcaption><\/figure>\n<\/div>\n\n<div class=\"wp-block-image\">\n<figure class=\"aligncenter size-full\"><img loading=\"lazy\" decoding=\"async\" width=\"897\" height=\"326\" src=\"https:\/\/rakosliget.hu\/wordpress\/wp-content\/uploads\/2026\/01\/jardaepites.jpg\" alt=\"\" class=\"wp-image-22242\" srcset=\"https:\/\/rakosliget.hu\/wordpress\/wp-content\/uploads\/2026\/01\/jardaepites.jpg 897w, https:\/\/rakosliget.hu\/wordpress\/wp-content\/uploads\/2026\/01\/jardaepites-300x109.jpg 300w, https:\/\/rakosliget.hu\/wordpress\/wp-content\/uploads\/2026\/01\/jardaepites-768x279.jpg 768w\" sizes=\"auto, (max-width: 897px) 100vw, 897px\" \/><figcaption class=\"wp-element-caption\">1910. 10. 01. 6. oldal<\/figcaption><\/figure>\n<\/div>\n\n<div class=\"wp-block-image\">\n<figure class=\"aligncenter size-full\"><img loading=\"lazy\" decoding=\"async\" width=\"934\" height=\"213\" src=\"https:\/\/rakosliget.hu\/wordpress\/wp-content\/uploads\/2026\/01\/utburkolas.jpg\" alt=\"\" class=\"wp-image-22245\" srcset=\"https:\/\/rakosliget.hu\/wordpress\/wp-content\/uploads\/2026\/01\/utburkolas.jpg 934w, https:\/\/rakosliget.hu\/wordpress\/wp-content\/uploads\/2026\/01\/utburkolas-300x68.jpg 300w, https:\/\/rakosliget.hu\/wordpress\/wp-content\/uploads\/2026\/01\/utburkolas-768x175.jpg 768w\" sizes=\"auto, (max-width: 934px) 100vw, 934px\" \/><figcaption class=\"wp-element-caption\">1910. 12. 10. 4. oldal<\/figcaption><\/figure>\n<\/div>\n\n\n<div class=\"wp-block-buttons is-content-justification-center is-layout-flex wp-container-core-buttons-is-layout-16018d1d wp-block-buttons-is-layout-flex\">\n<div class=\"wp-block-button\"><a class=\"wp-block-button__link wp-element-button\" href=\"#Eleje\">vissza a lap tetej\u00e9re<\/a><\/div>\n<\/div>\n","protected":false},"excerpt":{"rendered":"<p>1910 1910<\/p>\n","protected":false},"author":1,"featured_media":0,"parent":0,"menu_order":0,"comment_status":"closed","ping_status":"closed","template":"","meta":{"footnotes":""},"class_list":["post-22231","page","type-page","status-publish","hentry"],"_links":{"self":[{"href":"https:\/\/rakosliget.hu\/wordpress\/index.php\/wp-json\/wp\/v2\/pages\/22231","targetHints":{"allow":["GET"]}}],"collection":[{"href":"https:\/\/rakosliget.hu\/wordpress\/index.php\/wp-json\/wp\/v2\/pages"}],"about":[{"href":"https:\/\/rakosliget.hu\/wordpress\/index.php\/wp-json\/wp\/v2\/types\/page"}],"author":[{"embeddable":true,"href":"https:\/\/rakosliget.hu\/wordpress\/index.php\/wp-json\/wp\/v2\/users\/1"}],"replies":[{"embeddable":true,"href":"https:\/\/rakosliget.hu\/wordpress\/index.php\/wp-json\/wp\/v2\/comments?post=22231"}],"version-history":[{"count":8,"href":"https:\/\/rakosliget.hu\/wordpress\/index.php\/wp-json\/wp\/v2\/pages\/22231\/revisions"}],"predecessor-version":[{"id":22250,"href":"https:\/\/rakosliget.hu\/wordpress\/index.php\/wp-json\/wp\/v2\/pages\/22231\/revisions\/22250"}],"wp:attachment":[{"href":"https:\/\/rakosliget.hu\/wordpress\/index.php\/wp-json\/wp\/v2\/media?parent=22231"}],"curies":[{"name":"wp","href":"https:\/\/api.w.org\/{rel}","templated":true}]}}