{"id":21910,"date":"2026-01-18T17:24:42","date_gmt":"2026-01-18T16:24:42","guid":{"rendered":"https:\/\/rakosliget.hu\/wordpress\/?page_id=21910"},"modified":"2026-01-25T06:39:17","modified_gmt":"2026-01-25T05:39:17","slug":"kozigazgatas-a-napi-sajtoban","status":"publish","type":"page","link":"https:\/\/rakosliget.hu\/wordpress\/index.php\/kozigazgatas-a-napi-sajtoban\/","title":{"rendered":"K\u00d6ZIGAZGAT\u00c1S A NAPI SAJT\u00d3BAN"},"content":{"rendered":"\n<div class=\"wp-block-buttons is-content-justification-center is-layout-flex wp-container-core-buttons-is-layout-16018d1d wp-block-buttons-is-layout-flex\">\n<div class=\"wp-block-button\" id=\"Eleje\"><a class=\"wp-block-button__link wp-element-button\" href=\"https:\/\/rakosliget.hu\/wordpress\/index.php\/kozigazgatas\/\">VISSZA A K\u00d6ZIGAZGAT\u00c1S LAPRA<\/a><\/div>\n<\/div>\n\n\n\n<h2 class=\"wp-block-heading\">1<a href=\"#1914\">914<\/a>  <a href=\"#1928\">1928<\/a>  <a href=\"#1936\">1936<\/a>  <a href=\"#1938\">1938<\/a>  <a href=\"#1939\">1939<\/a>  <\/h2>\n\n\n\n<h2 class=\"wp-block-heading\" id=\"1914\">1914<\/h2>\n\n\n\n<h5 class=\"wp-block-heading\">V\u00e1laszt\u00f3ker\u00fcleti v\u00e1ltoz\u00e1sok<\/h5>\n\n\n<div class=\"wp-block-image\">\n<figure class=\"aligncenter size-full\"><img loading=\"lazy\" decoding=\"async\" width=\"951\" height=\"931\" src=\"https:\/\/rakosliget.hu\/wordpress\/wp-content\/uploads\/2026\/01\/valasztokerulet.jpg\" alt=\"\" class=\"wp-image-22216\" srcset=\"https:\/\/rakosliget.hu\/wordpress\/wp-content\/uploads\/2026\/01\/valasztokerulet.jpg 951w, https:\/\/rakosliget.hu\/wordpress\/wp-content\/uploads\/2026\/01\/valasztokerulet-300x294.jpg 300w, https:\/\/rakosliget.hu\/wordpress\/wp-content\/uploads\/2026\/01\/valasztokerulet-768x752.jpg 768w\" sizes=\"auto, (max-width: 951px) 100vw, 951px\" \/><figcaption class=\"wp-element-caption\">Vaci Hirlap1914. 03. 08.  3. oldal<\/figcaption><\/figure>\n<\/div>\n\n<div class=\"wp-block-image\">\n<figure class=\"aligncenter size-full\"><img loading=\"lazy\" decoding=\"async\" width=\"988\" height=\"2229\" src=\"https:\/\/rakosliget.hu\/wordpress\/wp-content\/uploads\/2026\/01\/valasztokerulet2.jpg\" alt=\"\" class=\"wp-image-22220\" srcset=\"https:\/\/rakosliget.hu\/wordpress\/wp-content\/uploads\/2026\/01\/valasztokerulet2.jpg 988w, https:\/\/rakosliget.hu\/wordpress\/wp-content\/uploads\/2026\/01\/valasztokerulet2-133x300.jpg 133w, https:\/\/rakosliget.hu\/wordpress\/wp-content\/uploads\/2026\/01\/valasztokerulet2-768x1733.jpg 768w, https:\/\/rakosliget.hu\/wordpress\/wp-content\/uploads\/2026\/01\/valasztokerulet2-681x1536.jpg 681w, https:\/\/rakosliget.hu\/wordpress\/wp-content\/uploads\/2026\/01\/valasztokerulet2-908x2048.jpg 908w\" sizes=\"auto, (max-width: 988px) 100vw, 988px\" \/><figcaption class=\"wp-element-caption\">V\u00e1ci Hirlap 1914-05-03 33. sz\u00e1m 3. oldal<\/figcaption><\/figure>\n<\/div>\n\n\n<h2 class=\"wp-block-heading\" id=\"1928\">1928<\/h2>\n\n\n<div class=\"wp-block-image\">\n<figure class=\"aligncenter\"><a class=\"glg-a-custom-wrap\" href=\"https:\/\/rakosliget.hu\/wordpress\/wp-content\/uploads\/2023\/02\/kozsegek-egyesitese-1928-673x1024.jpg\"><img loading=\"lazy\" decoding=\"async\" width=\"673\" height=\"1024\" src=\"https:\/\/rakosliget.hu\/wordpress\/wp-content\/uploads\/2023\/02\/kozsegek-egyesitese-1928-673x1024.jpg\" alt=\"\" class=\"wp-image-11065\" srcset=\"https:\/\/rakosliget.hu\/wordpress\/wp-content\/uploads\/2023\/02\/kozsegek-egyesitese-1928-673x1024.jpg 673w, https:\/\/rakosliget.hu\/wordpress\/wp-content\/uploads\/2023\/02\/kozsegek-egyesitese-1928-197x300.jpg 197w, https:\/\/rakosliget.hu\/wordpress\/wp-content\/uploads\/2023\/02\/kozsegek-egyesitese-1928-768x1168.jpg 768w, https:\/\/rakosliget.hu\/wordpress\/wp-content\/uploads\/2023\/02\/kozsegek-egyesitese-1928-1010x1536.jpg 1010w, https:\/\/rakosliget.hu\/wordpress\/wp-content\/uploads\/2023\/02\/kozsegek-egyesitese-1928-1346x2048.jpg 1346w, https:\/\/rakosliget.hu\/wordpress\/wp-content\/uploads\/2023\/02\/kozsegek-egyesitese-1928-scaled.jpg 1683w\" sizes=\"auto, (max-width: 673px) 100vw, 673px\" \/><\/a><figcaption class=\"wp-element-caption\">Forr\u00e1s: Magyarorsz\u00e1g 1928. j\u00falius 5. L\u00e9vai Jen\u0151 cikke.<\/figcaption><\/figure>\n<\/div>\n\n<div class=\"wp-block-image\">\n<figure class=\"aligncenter\"><a class=\"glg-a-custom-wrap\" href=\"http:\/\/rakosliget.hu\/wordpress\/wp-content\/uploads\/2020\/11\/orszagzaszlo-avato-1934.jpg\"><img loading=\"lazy\" decoding=\"async\" width=\"344\" height=\"899\" src=\"http:\/\/rakosliget.hu\/wordpress\/wp-content\/uploads\/2020\/11\/orszagzaszlo-avato-1934.jpg\" alt=\"\" class=\"wp-image-8402\" srcset=\"https:\/\/rakosliget.hu\/wordpress\/wp-content\/uploads\/2020\/11\/orszagzaszlo-avato-1934.jpg 344w, https:\/\/rakosliget.hu\/wordpress\/wp-content\/uploads\/2020\/11\/orszagzaszlo-avato-1934-115x300.jpg 115w\" sizes=\"auto, (max-width: 344px) 100vw, 344px\" \/><\/a><\/figure>\n<\/div>\n\n\n<h2 class=\"wp-block-heading\" id=\"1936\">1936<\/h2>\n\n\n\n<h4 class=\"wp-block-heading\">J\u00e1r\u00e1s v\u00e1ltoz\u00e1s<\/h4>\n\n\n<div class=\"wp-block-image\">\n<figure class=\"aligncenter\"><a class=\"glg-a-custom-wrap\" href=\"http:\/\/rakosliget.hu\/wordpress\/wp-content\/uploads\/2020\/11\/1936-aprilis-19-Rakosliget-a-kozponti-jarasba-csatolas.jpg\"><img loading=\"lazy\" decoding=\"async\" width=\"510\" height=\"514\" src=\"http:\/\/rakosliget.hu\/wordpress\/wp-content\/uploads\/2020\/11\/1936-aprilis-19-Rakosliget-a-kozponti-jarasba-csatolas.jpg\" alt=\"\" class=\"wp-image-6532\" srcset=\"https:\/\/rakosliget.hu\/wordpress\/wp-content\/uploads\/2020\/11\/1936-aprilis-19-Rakosliget-a-kozponti-jarasba-csatolas.jpg 510w, https:\/\/rakosliget.hu\/wordpress\/wp-content\/uploads\/2020\/11\/1936-aprilis-19-Rakosliget-a-kozponti-jarasba-csatolas-298x300.jpg 298w, https:\/\/rakosliget.hu\/wordpress\/wp-content\/uploads\/2020\/11\/1936-aprilis-19-Rakosliget-a-kozponti-jarasba-csatolas-150x150.jpg 150w\" sizes=\"auto, (max-width: 510px) 100vw, 510px\" \/><\/a><figcaption class=\"wp-element-caption\">A g\u00f6d\u00f6ll\u0151i j\u00e1r\u00e1sb\u00f3l a k\u00f6zponti j\u00e1r\u00e1sba csatol\u00e1s.<br>1936. \u00e1prilis 19. Az Ujs\u00e1g<\/figcaption><\/figure>\n<\/div>\n\n\n<p><strong>411.983\/18. \u2014 1930. sz\u00e1m\u00fa k\u00f6rrendelet.<br>Cinkota, R\u00e1kosliget, R\u00e1koscsaba \u00e9s R\u00e1koskereszt\u00far \u00e1tcsatol\u00e1sa<br>a k\u00f6zponti j\u00e1r\u00e1sba.<\/strong><\/p>\n\n\n\n<p><br>A m. kir. bel\u00fcgyminiszter \u00far a Pest-Pilis-Solt-Kiskun v\u00e1rmegy\u00e9be kebelezett Cinkota, R\u00e1kosliget, R\u00e1koscsaba \u00e9s R\u00e1koskereszt\u00far k\u00f6zs\u00e9geknek a g\u00f6d\u00f6ll\u0151i j\u00e1r\u00e1sb\u00f3l a k\u00f6zponti j\u00e1r\u00e1sba val\u00f3 \u00e1tcsatol\u00e1s\u00e1t j\u00f3v\u00e1hagyta. Az \u00e1tcsatol\u00e1s id\u0151pontja 1936. \u00e9vi m\u00e1jus h\u00f3 1. napj\u00e1ban \u00e1llap\u00edttatott meg. Budapest, 1936. \u00e9vi febru\u00e1r h\u00f3 10-\u00e9n.<\/p>\n\n\n\n<p>G\u00f6mb\u00f6s s. k.<\/p>\n\n\n\n<p>Forr\u00e1s: Honv\u00e9ds\u00e9gi K\u00f6zl\u00f6ny a Magyar Kir\u00e1lyi Honv\u00e9ds\u00e9g sz\u00e1m\u00e1ra, 1936. 1936. 03. 01 \/ 4. sz\u00e1m<\/p>\n\n\n\n<h2 class=\"wp-block-heading\" id=\"1938\">1938<\/h2>\n\n\n\n<figure class=\"wp-block-image\"><a class=\"glg-a-custom-wrap\" href=\"http:\/\/rakosliget.hu\/wordpress\/wp-content\/uploads\/2020\/11\/1938-julius-14-valasztokerulet.jpg\"><img loading=\"lazy\" decoding=\"async\" width=\"963\" height=\"697\" src=\"http:\/\/rakosliget.hu\/wordpress\/wp-content\/uploads\/2020\/11\/1938-julius-14-valasztokerulet.jpg\" alt=\"\" class=\"wp-image-6586\" srcset=\"https:\/\/rakosliget.hu\/wordpress\/wp-content\/uploads\/2020\/11\/1938-julius-14-valasztokerulet.jpg 963w, https:\/\/rakosliget.hu\/wordpress\/wp-content\/uploads\/2020\/11\/1938-julius-14-valasztokerulet-300x217.jpg 300w, https:\/\/rakosliget.hu\/wordpress\/wp-content\/uploads\/2020\/11\/1938-julius-14-valasztokerulet-768x556.jpg 768w\" sizes=\"auto, (max-width: 963px) 100vw, 963px\" \/><\/a><figcaption class=\"wp-element-caption\">V\u00e1laszt\u00f3ker\u00fclet. 1938. j\u00falius 14.<\/figcaption><\/figure>\n\n\n<div class=\"wp-block-image\">\n<figure class=\"aligncenter\"><a class=\"glg-a-custom-wrap\" href=\"http:\/\/rakosliget.hu\/wordpress\/wp-content\/uploads\/2020\/11\/1938-majus-4-rakosliget-vissza-godollohoz.jpg\"><img loading=\"lazy\" decoding=\"async\" width=\"523\" height=\"546\" src=\"http:\/\/rakosliget.hu\/wordpress\/wp-content\/uploads\/2020\/11\/1938-majus-4-rakosliget-vissza-godollohoz.jpg\" alt=\"\" class=\"wp-image-6597\" srcset=\"https:\/\/rakosliget.hu\/wordpress\/wp-content\/uploads\/2020\/11\/1938-majus-4-rakosliget-vissza-godollohoz.jpg 523w, https:\/\/rakosliget.hu\/wordpress\/wp-content\/uploads\/2020\/11\/1938-majus-4-rakosliget-vissza-godollohoz-287x300.jpg 287w\" sizes=\"auto, (max-width: 523px) 100vw, 523px\" \/><\/a><figcaption class=\"wp-element-caption\">R\u00e1kosliget \u00fajra a g\u00f6d\u00f6ll\u0151i j\u00e1r\u00e1shoz ker\u00fclt. 1938. m\u00e1jus 4.<\/figcaption><\/figure>\n<\/div>\n\n<div class=\"wp-block-image\">\n<figure class=\"aligncenter\"><a class=\"glg-a-custom-wrap\" href=\"https:\/\/rakosliget.hu\/wordpress\/wp-content\/uploads\/2023\/02\/Szavai-1936.jpg\"><img loading=\"lazy\" decoding=\"async\" width=\"673\" height=\"1024\" src=\"https:\/\/rakosliget.hu\/wordpress\/wp-content\/uploads\/2023\/02\/Magyarorszag_1938_07-673x1024.jpg\" alt=\"\" class=\"wp-image-11096\" srcset=\"https:\/\/rakosliget.hu\/wordpress\/wp-content\/uploads\/2023\/02\/Magyarorszag_1938_07-673x1024.jpg 673w, https:\/\/rakosliget.hu\/wordpress\/wp-content\/uploads\/2023\/02\/Magyarorszag_1938_07-197x300.jpg 197w, https:\/\/rakosliget.hu\/wordpress\/wp-content\/uploads\/2023\/02\/Magyarorszag_1938_07-768x1169.jpg 768w, https:\/\/rakosliget.hu\/wordpress\/wp-content\/uploads\/2023\/02\/Magyarorszag_1938_07-1009x1536.jpg 1009w, https:\/\/rakosliget.hu\/wordpress\/wp-content\/uploads\/2023\/02\/Magyarorszag_1938_07-1345x2048.jpg 1345w, https:\/\/rakosliget.hu\/wordpress\/wp-content\/uploads\/2023\/02\/Magyarorszag_1938_07-scaled.jpg 1681w\" sizes=\"auto, (max-width: 673px) 100vw, 673px\" \/><\/a><figcaption class=\"wp-element-caption\">Forr\u00e1s: Magyarorsz\u00e1g 1938. j\u00falius<\/figcaption><\/figure>\n<\/div>\n\n<div class=\"wp-block-image\">\n<figure class=\"aligncenter\"><a class=\"glg-a-custom-wrap\" href=\"https:\/\/rakosliget.hu\/wordpress\/wp-content\/uploads\/2023\/02\/ablakbeveres-1939-942x1024.jpg\"><img loading=\"lazy\" decoding=\"async\" width=\"942\" height=\"1024\" src=\"https:\/\/rakosliget.hu\/wordpress\/wp-content\/uploads\/2023\/02\/ablakbeveres-1939-942x1024.jpg\" alt=\"\" class=\"wp-image-11099\" srcset=\"https:\/\/rakosliget.hu\/wordpress\/wp-content\/uploads\/2023\/02\/ablakbeveres-1939-942x1024.jpg 942w, https:\/\/rakosliget.hu\/wordpress\/wp-content\/uploads\/2023\/02\/ablakbeveres-1939-276x300.jpg 276w, https:\/\/rakosliget.hu\/wordpress\/wp-content\/uploads\/2023\/02\/ablakbeveres-1939-768x835.jpg 768w, https:\/\/rakosliget.hu\/wordpress\/wp-content\/uploads\/2023\/02\/ablakbeveres-1939-1414x1536.jpg 1414w, https:\/\/rakosliget.hu\/wordpress\/wp-content\/uploads\/2023\/02\/ablakbeveres-1939.jpg 1512w\" sizes=\"auto, (max-width: 942px) 100vw, 942px\" \/><\/a><figcaption class=\"wp-element-caption\">Forr\u00e1s: Magyarorsz\u00e1g 1938. augusztus 3.<\/figcaption><\/figure>\n<\/div>\n\n\n<h2 class=\"wp-block-heading\" id=\"1939\">1939<\/h2>\n\n\n<div class=\"wp-block-image\">\n<figure class=\"aligncenter\"><a class=\"glg-a-custom-wrap\" href=\"http:\/\/rakosliget.hu\/wordpress\/wp-content\/uploads\/2020\/11\/1939-majus-3-valasztokerulet.jpg\"><img loading=\"lazy\" decoding=\"async\" width=\"512\" height=\"313\" src=\"http:\/\/rakosliget.hu\/wordpress\/wp-content\/uploads\/2020\/11\/1939-majus-3-valasztokerulet.jpg\" alt=\"\" class=\"wp-image-6628\" srcset=\"https:\/\/rakosliget.hu\/wordpress\/wp-content\/uploads\/2020\/11\/1939-majus-3-valasztokerulet.jpg 512w, https:\/\/rakosliget.hu\/wordpress\/wp-content\/uploads\/2020\/11\/1939-majus-3-valasztokerulet-300x183.jpg 300w\" sizes=\"auto, (max-width: 512px) 100vw, 512px\" \/><\/a><figcaption class=\"wp-element-caption\">V\u00e1laszt\u00f3ker\u00fclet. 1939. m\u00e1jus 3.<\/figcaption><\/figure>\n<\/div>\n\n<div class=\"wp-block-image\">\n<figure class=\"aligncenter\"><a class=\"glg-a-custom-wrap\" href=\"http:\/\/rakosliget.hu\/wordpress\/wp-content\/uploads\/2020\/11\/1939-majus-31-valasztasi-eredmenyek.jpg\"><img loading=\"lazy\" decoding=\"async\" width=\"512\" height=\"424\" src=\"http:\/\/rakosliget.hu\/wordpress\/wp-content\/uploads\/2020\/11\/1939-majus-31-valasztasi-eredmenyek.jpg\" alt=\"\" class=\"wp-image-6633\" srcset=\"https:\/\/rakosliget.hu\/wordpress\/wp-content\/uploads\/2020\/11\/1939-majus-31-valasztasi-eredmenyek.jpg 512w, https:\/\/rakosliget.hu\/wordpress\/wp-content\/uploads\/2020\/11\/1939-majus-31-valasztasi-eredmenyek-300x248.jpg 300w\" sizes=\"auto, (max-width: 512px) 100vw, 512px\" \/><\/a><figcaption class=\"wp-element-caption\">V\u00e1laszt\u00e1si eredm\u00e9nyek. 1939. m\u00e1jus 31.<\/figcaption><\/figure>\n<\/div>\n\n\n<div class=\"wp-block-buttons is-content-justification-center is-layout-flex wp-container-core-buttons-is-layout-16018d1d wp-block-buttons-is-layout-flex\">\n<div class=\"wp-block-button\"><a class=\"wp-block-button__link wp-element-button\" href=\"#Eleje\">vissza a lap tetej\u00e9re<\/a><\/div>\n<\/div>\n\n\n\n<p><\/p>\n\n\n\n<div class=\"wp-block-buttons is-content-justification-center is-layout-flex wp-container-core-buttons-is-layout-16018d1d wp-block-buttons-is-layout-flex\">\n<div class=\"wp-block-button\"><a class=\"wp-block-button__link wp-element-button\" href=\"https:\/\/rakosliget.hu\/wordpress\/index.php\/kozigazgatas\/\">VISSZA A K\u00d6ZIGAZGAT\u00c1S LAPRA<\/a><\/div>\n<\/div>\n","protected":false},"excerpt":{"rendered":"<p>1914 1928 1936 1938 1939 1914 V\u00e1laszt\u00f3ker\u00fcleti v\u00e1ltoz\u00e1sok 1928 1936 J\u00e1r\u00e1s v\u00e1ltoz\u00e1s 411.983\/18. \u2014 1930. sz\u00e1m\u00fa k\u00f6rrendelet.Cinkota, R\u00e1kosliget, R\u00e1koscsaba \u00e9s R\u00e1koskereszt\u00far \u00e1tcsatol\u00e1saa k\u00f6zponti j\u00e1r\u00e1sba. A m. kir. bel\u00fcgyminiszter \u00far a Pest-Pilis-Solt-Kiskun v\u00e1rmegy\u00e9be kebelezett Cinkota, R\u00e1kosliget, R\u00e1koscsaba \u00e9s R\u00e1koskereszt\u00far k\u00f6zs\u00e9geknek a g\u00f6d\u00f6ll\u0151i j\u00e1r\u00e1sb\u00f3l a k\u00f6zponti j\u00e1r\u00e1sba val\u00f3 \u00e1tcsatol\u00e1s\u00e1t j\u00f3v\u00e1hagyta. Az \u00e1tcsatol\u00e1s id\u0151pontja 1936. \u00e9vi m\u00e1jus h\u00f3 &hellip; <a href=\"https:\/\/rakosliget.hu\/wordpress\/index.php\/kozigazgatas-a-napi-sajtoban\/\" class=\"more-link\"><span class=\"screen-reader-text\">K\u00d6ZIGAZGAT\u00c1S A NAPI SAJT\u00d3BAN<\/span> r\u00e9szletei&#8230;<\/a><\/p>\n","protected":false},"author":1,"featured_media":0,"parent":0,"menu_order":0,"comment_status":"closed","ping_status":"closed","template":"","meta":{"footnotes":""},"class_list":["post-21910","page","type-page","status-publish","hentry"],"_links":{"self":[{"href":"https:\/\/rakosliget.hu\/wordpress\/index.php\/wp-json\/wp\/v2\/pages\/21910","targetHints":{"allow":["GET"]}}],"collection":[{"href":"https:\/\/rakosliget.hu\/wordpress\/index.php\/wp-json\/wp\/v2\/pages"}],"about":[{"href":"https:\/\/rakosliget.hu\/wordpress\/index.php\/wp-json\/wp\/v2\/types\/page"}],"author":[{"embeddable":true,"href":"https:\/\/rakosliget.hu\/wordpress\/index.php\/wp-json\/wp\/v2\/users\/1"}],"replies":[{"embeddable":true,"href":"https:\/\/rakosliget.hu\/wordpress\/index.php\/wp-json\/wp\/v2\/comments?post=21910"}],"version-history":[{"count":10,"href":"https:\/\/rakosliget.hu\/wordpress\/index.php\/wp-json\/wp\/v2\/pages\/21910\/revisions"}],"predecessor-version":[{"id":22225,"href":"https:\/\/rakosliget.hu\/wordpress\/index.php\/wp-json\/wp\/v2\/pages\/21910\/revisions\/22225"}],"wp:attachment":[{"href":"https:\/\/rakosliget.hu\/wordpress\/index.php\/wp-json\/wp\/v2\/media?parent=21910"}],"curies":[{"name":"wp","href":"https:\/\/api.w.org\/{rel}","templated":true}]}}