{"id":20974,"date":"2026-01-04T10:55:46","date_gmt":"2026-01-04T09:55:46","guid":{"rendered":"https:\/\/rakosliget.hu\/wordpress\/?page_id=20974"},"modified":"2026-01-04T10:59:06","modified_gmt":"2026-01-04T09:59:06","slug":"hirado","status":"publish","type":"page","link":"https:\/\/rakosliget.hu\/wordpress\/index.php\/hirado\/","title":{"rendered":"H\u00cdRAD\u00d3"},"content":{"rendered":"<div class=\"wp-block-image\">\n<figure class=\"aligncenter size-large\"><img loading=\"lazy\" decoding=\"async\" width=\"2048\" height=\"632\" src=\"https:\/\/rakosliget.hu\/wordpress\/wp-content\/uploads\/2026\/01\/logo-1-2048x632.jpg\" alt=\"\" class=\"wp-image-20976\" srcset=\"https:\/\/rakosliget.hu\/wordpress\/wp-content\/uploads\/2026\/01\/logo-1-2048x632.jpg 2048w, https:\/\/rakosliget.hu\/wordpress\/wp-content\/uploads\/2026\/01\/logo-1-300x93.jpg 300w, https:\/\/rakosliget.hu\/wordpress\/wp-content\/uploads\/2026\/01\/logo-1-768x237.jpg 768w, https:\/\/rakosliget.hu\/wordpress\/wp-content\/uploads\/2026\/01\/logo-1-1536x474.jpg 1536w\" sizes=\"auto, (max-width: 2048px) 100vw, 2048px\" \/><\/figure>\n<\/div>\n\n\n<h2 class=\"wp-block-heading\" id=\"Eleje\"><a href=\"#1930\">1930<\/a>  <a href=\"#1933\">1933<\/a>  <a href=\"#1935\">1935<\/a><\/h2>\n\n\n\n<h2 class=\"wp-block-heading\" id=\"1930\">1930<\/h2>\n\n\n<div class=\"wp-block-image\">\n<figure class=\"aligncenter size-full\"><img loading=\"lazy\" decoding=\"async\" width=\"1745\" height=\"1675\" src=\"https:\/\/rakosliget.hu\/wordpress\/wp-content\/uploads\/2026\/01\/1930_07_26_5-oldal-lany-vonatsinen.jpg\" alt=\"\" class=\"wp-image-20977\" srcset=\"https:\/\/rakosliget.hu\/wordpress\/wp-content\/uploads\/2026\/01\/1930_07_26_5-oldal-lany-vonatsinen.jpg 1745w, https:\/\/rakosliget.hu\/wordpress\/wp-content\/uploads\/2026\/01\/1930_07_26_5-oldal-lany-vonatsinen-300x288.jpg 300w, https:\/\/rakosliget.hu\/wordpress\/wp-content\/uploads\/2026\/01\/1930_07_26_5-oldal-lany-vonatsinen-768x737.jpg 768w, https:\/\/rakosliget.hu\/wordpress\/wp-content\/uploads\/2026\/01\/1930_07_26_5-oldal-lany-vonatsinen-1536x1474.jpg 1536w\" sizes=\"auto, (max-width: 1745px) 100vw, 1745px\" \/><figcaption class=\"wp-element-caption\">1930_07_26_5 oldal l\u00e1ny vonats\u00ednen<\/figcaption><\/figure>\n<\/div>\n\n<div class=\"wp-block-image\">\n<figure class=\"aligncenter size-full\"><img loading=\"lazy\" decoding=\"async\" width=\"843\" height=\"203\" src=\"https:\/\/rakosliget.hu\/wordpress\/wp-content\/uploads\/2026\/01\/Galanta-Rakosliget-foc-1930-julius-20i.jpg\" alt=\"\" class=\"wp-image-20980\" srcset=\"https:\/\/rakosliget.hu\/wordpress\/wp-content\/uploads\/2026\/01\/Galanta-Rakosliget-foc-1930-julius-20i.jpg 843w, https:\/\/rakosliget.hu\/wordpress\/wp-content\/uploads\/2026\/01\/Galanta-Rakosliget-foc-1930-julius-20i-300x72.jpg 300w, https:\/\/rakosliget.hu\/wordpress\/wp-content\/uploads\/2026\/01\/Galanta-Rakosliget-foc-1930-julius-20i-768x185.jpg 768w\" sizes=\"auto, (max-width: 843px) 100vw, 843px\" \/><figcaption class=\"wp-element-caption\">Gal\u00e1nta R\u00e1kosliget foc 1930 j\u00falius 20i<\/figcaption><\/figure>\n<\/div>\n\n\n<p><a href=\"#Eleje\">VISSZA A LAP TETEJ\u00c9RE<\/a><\/p>\n\n\n\n<h2 class=\"wp-block-heading\" id=\"1933\">1933<\/h2>\n\n\n\n<figure class=\"wp-block-image size-full\"><img loading=\"lazy\" decoding=\"async\" width=\"1690\" height=\"1607\" src=\"https:\/\/rakosliget.hu\/wordpress\/wp-content\/uploads\/2026\/01\/Pozsonyi-Hirado-1933-04-06-4-oldal-Slavik-Josef-hegedus.jpg\" alt=\"\" class=\"wp-image-20978\" srcset=\"https:\/\/rakosliget.hu\/wordpress\/wp-content\/uploads\/2026\/01\/Pozsonyi-Hirado-1933-04-06-4-oldal-Slavik-Josef-hegedus.jpg 1690w, https:\/\/rakosliget.hu\/wordpress\/wp-content\/uploads\/2026\/01\/Pozsonyi-Hirado-1933-04-06-4-oldal-Slavik-Josef-hegedus-300x285.jpg 300w, https:\/\/rakosliget.hu\/wordpress\/wp-content\/uploads\/2026\/01\/Pozsonyi-Hirado-1933-04-06-4-oldal-Slavik-Josef-hegedus-768x730.jpg 768w, https:\/\/rakosliget.hu\/wordpress\/wp-content\/uploads\/2026\/01\/Pozsonyi-Hirado-1933-04-06-4-oldal-Slavik-Josef-hegedus-1536x1461.jpg 1536w\" sizes=\"auto, (max-width: 1690px) 100vw, 1690px\" \/><figcaption class=\"wp-element-caption\">Pozsonyi H\u00edrad\u00f3 1933 04 06 4 oldal Slavik Josef heged\u0171s. Sajnos ez egy \u00e1lh\u00edr. Sl\u00e1vikot nem temett\u00e9k el a r\u00e1kosligeti temet\u0151ben.<\/figcaption><\/figure>\n\n\n\n<p><a href=\"#Eleje\">VISSZA A LAP TETEJ\u00c9RE<\/a><\/p>\n\n\n\n<h2 class=\"wp-block-heading\" id=\"1935\">1935<\/h2>\n\n\n<div class=\"wp-block-image\">\n<figure class=\"aligncenter size-full\"><img loading=\"lazy\" decoding=\"async\" width=\"1688\" height=\"1011\" src=\"https:\/\/rakosliget.hu\/wordpress\/wp-content\/uploads\/2026\/01\/A-megtebolyodott-szobalany-1935-januar-3.jpg\" alt=\"\" class=\"wp-image-20979\" srcset=\"https:\/\/rakosliget.hu\/wordpress\/wp-content\/uploads\/2026\/01\/A-megtebolyodott-szobalany-1935-januar-3.jpg 1688w, https:\/\/rakosliget.hu\/wordpress\/wp-content\/uploads\/2026\/01\/A-megtebolyodott-szobalany-1935-januar-3-300x180.jpg 300w, https:\/\/rakosliget.hu\/wordpress\/wp-content\/uploads\/2026\/01\/A-megtebolyodott-szobalany-1935-januar-3-768x460.jpg 768w, https:\/\/rakosliget.hu\/wordpress\/wp-content\/uploads\/2026\/01\/A-megtebolyodott-szobalany-1935-januar-3-1536x920.jpg 1536w\" sizes=\"auto, (max-width: 1688px) 100vw, 1688px\" \/><figcaption class=\"wp-element-caption\">A megt\u00e9bolyodott szobal\u00e1ny 1935 janu\u00e1r 3<\/figcaption><\/figure>\n<\/div>\n\n\n<p><a href=\"#Eleje\">VISSZA A LAP TETEJ\u00c9RE<\/a><\/p>\n\n\n\n<p><a href=\"https:\/\/rakosliget.hu\/wordpress\/index.php\/rakosliget-a-korabeli-hirekben\/\">VISSZA A SAJT\u00d3 LAPRA<\/a><\/p>\n","protected":false},"excerpt":{"rendered":"<p>1930 1933 1935 1930 VISSZA A LAP TETEJ\u00c9RE 1933 VISSZA A LAP TETEJ\u00c9RE 1935 VISSZA A LAP TETEJ\u00c9RE VISSZA A SAJT\u00d3 LAPRA<\/p>\n","protected":false},"author":1,"featured_media":0,"parent":0,"menu_order":0,"comment_status":"closed","ping_status":"closed","template":"","meta":{"footnotes":""},"class_list":["post-20974","page","type-page","status-publish","hentry"],"_links":{"self":[{"href":"https:\/\/rakosliget.hu\/wordpress\/index.php\/wp-json\/wp\/v2\/pages\/20974","targetHints":{"allow":["GET"]}}],"collection":[{"href":"https:\/\/rakosliget.hu\/wordpress\/index.php\/wp-json\/wp\/v2\/pages"}],"about":[{"href":"https:\/\/rakosliget.hu\/wordpress\/index.php\/wp-json\/wp\/v2\/types\/page"}],"author":[{"embeddable":true,"href":"https:\/\/rakosliget.hu\/wordpress\/index.php\/wp-json\/wp\/v2\/users\/1"}],"replies":[{"embeddable":true,"href":"https:\/\/rakosliget.hu\/wordpress\/index.php\/wp-json\/wp\/v2\/comments?post=20974"}],"version-history":[{"count":4,"href":"https:\/\/rakosliget.hu\/wordpress\/index.php\/wp-json\/wp\/v2\/pages\/20974\/revisions"}],"predecessor-version":[{"id":20985,"href":"https:\/\/rakosliget.hu\/wordpress\/index.php\/wp-json\/wp\/v2\/pages\/20974\/revisions\/20985"}],"wp:attachment":[{"href":"https:\/\/rakosliget.hu\/wordpress\/index.php\/wp-json\/wp\/v2\/media?parent=20974"}],"curies":[{"name":"wp","href":"https:\/\/api.w.org\/{rel}","templated":true}]}}