{"id":20950,"date":"2026-01-04T06:19:56","date_gmt":"2026-01-04T05:19:56","guid":{"rendered":"https:\/\/rakosliget.hu\/wordpress\/?page_id=20950"},"modified":"2026-02-26T05:16:39","modified_gmt":"2026-02-26T04:16:39","slug":"keruleti-vezetok-1989-tol","status":"publish","type":"page","link":"https:\/\/rakosliget.hu\/wordpress\/index.php\/keruleti-vezetok-1989-tol\/","title":{"rendered":"KER\u00dcLETI VEZET\u0150K 1989-T\u0150L"},"content":{"rendered":"\n<figure class=\"wp-block-gallery has-nested-images columns-default is-cropped wp-block-gallery-1 is-layout-flex wp-block-gallery-is-layout-flex\">\n<figure class=\"wp-block-image size-large\"><img loading=\"lazy\" decoding=\"async\" width=\"2048\" height=\"3012\" data-id=\"20952\" src=\"https:\/\/rakosliget.hu\/wordpress\/wp-content\/uploads\/2026\/01\/Barna-Andor-alpolg-2001_mar_Foto_Karaszi-Agnes-2048x3012.jpg\" alt=\"\" class=\"wp-image-20952\" srcset=\"https:\/\/rakosliget.hu\/wordpress\/wp-content\/uploads\/2026\/01\/Barna-Andor-alpolg-2001_mar_Foto_Karaszi-Agnes-2048x3012.jpg 2048w, https:\/\/rakosliget.hu\/wordpress\/wp-content\/uploads\/2026\/01\/Barna-Andor-alpolg-2001_mar_Foto_Karaszi-Agnes-204x300.jpg 204w, https:\/\/rakosliget.hu\/wordpress\/wp-content\/uploads\/2026\/01\/Barna-Andor-alpolg-2001_mar_Foto_Karaszi-Agnes-768x1130.jpg 768w, https:\/\/rakosliget.hu\/wordpress\/wp-content\/uploads\/2026\/01\/Barna-Andor-alpolg-2001_mar_Foto_Karaszi-Agnes-1044x1536.jpg 1044w, https:\/\/rakosliget.hu\/wordpress\/wp-content\/uploads\/2026\/01\/Barna-Andor-alpolg-2001_mar_Foto_Karaszi-Agnes-1393x2048.jpg 1393w, https:\/\/rakosliget.hu\/wordpress\/wp-content\/uploads\/2026\/01\/Barna-Andor-alpolg-2001_mar_Foto_Karaszi-Agnes-scaled.jpg 1741w\" sizes=\"auto, (max-width: 2048px) 100vw, 2048px\" \/><figcaption class=\"wp-element-caption\">Barna Andor alpolg\u00e1rmester<\/figcaption><\/figure>\n\n\n\n<figure class=\"wp-block-image size-large\"><img loading=\"lazy\" decoding=\"async\" width=\"1778\" height=\"2560\" data-id=\"20953\" src=\"https:\/\/rakosliget.hu\/wordpress\/wp-content\/uploads\/2026\/01\/Devanszkyne-polgm022-scaled.jpg\" alt=\"\" class=\"wp-image-20953\" srcset=\"https:\/\/rakosliget.hu\/wordpress\/wp-content\/uploads\/2026\/01\/Devanszkyne-polgm022-scaled.jpg 1778w, https:\/\/rakosliget.hu\/wordpress\/wp-content\/uploads\/2026\/01\/Devanszkyne-polgm022-208x300.jpg 208w, https:\/\/rakosliget.hu\/wordpress\/wp-content\/uploads\/2026\/01\/Devanszkyne-polgm022-768x1106.jpg 768w, https:\/\/rakosliget.hu\/wordpress\/wp-content\/uploads\/2026\/01\/Devanszkyne-polgm022-1067x1536.jpg 1067w, https:\/\/rakosliget.hu\/wordpress\/wp-content\/uploads\/2026\/01\/Devanszkyne-polgm022-1423x2048.jpg 1423w\" sizes=\"auto, (max-width: 1778px) 100vw, 1778px\" \/><figcaption class=\"wp-element-caption\">Dev\u00e1nszkyn\u00e9 Moln\u00e1r Katalin polg\u00e1rmester<\/figcaption><\/figure>\n\n\n\n<figure class=\"wp-block-image size-large\"><img loading=\"lazy\" decoding=\"async\" width=\"2048\" height=\"1359\" data-id=\"20955\" src=\"https:\/\/rakosliget.hu\/wordpress\/wp-content\/uploads\/2026\/01\/Hoffmann-Peczely-Kiss040-2048x1359.jpg\" alt=\"\" class=\"wp-image-20955\" srcset=\"https:\/\/rakosliget.hu\/wordpress\/wp-content\/uploads\/2026\/01\/Hoffmann-Peczely-Kiss040-2048x1359.jpg 2048w, https:\/\/rakosliget.hu\/wordpress\/wp-content\/uploads\/2026\/01\/Hoffmann-Peczely-Kiss040-300x199.jpg 300w, https:\/\/rakosliget.hu\/wordpress\/wp-content\/uploads\/2026\/01\/Hoffmann-Peczely-Kiss040-768x509.jpg 768w, https:\/\/rakosliget.hu\/wordpress\/wp-content\/uploads\/2026\/01\/Hoffmann-Peczely-Kiss040-1536x1019.jpg 1536w\" sizes=\"auto, (max-width: 2048px) 100vw, 2048px\" \/><\/figure>\n\n\n\n<figure class=\"wp-block-image size-large\"><img loading=\"lazy\" decoding=\"async\" width=\"2048\" height=\"3012\" data-id=\"20954\" src=\"https:\/\/rakosliget.hu\/wordpress\/wp-content\/uploads\/2026\/01\/Hoffmann-polgm021-2048x3012.jpg\" alt=\"\" class=\"wp-image-20954\" srcset=\"https:\/\/rakosliget.hu\/wordpress\/wp-content\/uploads\/2026\/01\/Hoffmann-polgm021-2048x3012.jpg 2048w, https:\/\/rakosliget.hu\/wordpress\/wp-content\/uploads\/2026\/01\/Hoffmann-polgm021-204x300.jpg 204w, https:\/\/rakosliget.hu\/wordpress\/wp-content\/uploads\/2026\/01\/Hoffmann-polgm021-768x1130.jpg 768w, https:\/\/rakosliget.hu\/wordpress\/wp-content\/uploads\/2026\/01\/Hoffmann-polgm021-1044x1536.jpg 1044w, https:\/\/rakosliget.hu\/wordpress\/wp-content\/uploads\/2026\/01\/Hoffmann-polgm021-1393x2048.jpg 1393w, https:\/\/rakosliget.hu\/wordpress\/wp-content\/uploads\/2026\/01\/Hoffmann-polgm021-scaled.jpg 1741w\" sizes=\"auto, (max-width: 2048px) 100vw, 2048px\" \/><figcaption class=\"wp-element-caption\">Hoffmann Attila polg\u00e1rmester<\/figcaption><\/figure>\n\n\n\n<figure class=\"wp-block-image size-large\"><img loading=\"lazy\" decoding=\"async\" width=\"500\" height=\"667\" data-id=\"23463\" src=\"https:\/\/rakosliget.hu\/wordpress\/wp-content\/uploads\/2026\/02\/500px-Levente_Riz.jpg\" alt=\"\" class=\"wp-image-23463\" srcset=\"https:\/\/rakosliget.hu\/wordpress\/wp-content\/uploads\/2026\/02\/500px-Levente_Riz.jpg 500w, https:\/\/rakosliget.hu\/wordpress\/wp-content\/uploads\/2026\/02\/500px-Levente_Riz-225x300.jpg 225w\" sizes=\"auto, (max-width: 500px) 100vw, 500px\" \/><figcaption class=\"wp-element-caption\">Riz Levente polg\u00e1rmester<\/figcaption><\/figure>\n\n\n\n<figure class=\"wp-block-image size-large\"><img loading=\"lazy\" decoding=\"async\" width=\"493\" height=\"557\" data-id=\"23465\" src=\"https:\/\/rakosliget.hu\/wordpress\/wp-content\/uploads\/2026\/02\/Horvath.jpg\" alt=\"\" class=\"wp-image-23465\" srcset=\"https:\/\/rakosliget.hu\/wordpress\/wp-content\/uploads\/2026\/02\/Horvath.jpg 493w, https:\/\/rakosliget.hu\/wordpress\/wp-content\/uploads\/2026\/02\/Horvath-266x300.jpg 266w\" sizes=\"auto, (max-width: 493px) 100vw, 493px\" \/><figcaption class=\"wp-element-caption\">Horv\u00e1th Tam\u00e1s polg\u00e1rmester<\/figcaption><\/figure>\n<\/figure>\n","protected":false},"excerpt":{"rendered":"","protected":false},"author":1,"featured_media":0,"parent":0,"menu_order":0,"comment_status":"closed","ping_status":"closed","template":"","meta":{"footnotes":""},"class_list":["post-20950","page","type-page","status-publish","hentry"],"_links":{"self":[{"href":"https:\/\/rakosliget.hu\/wordpress\/index.php\/wp-json\/wp\/v2\/pages\/20950","targetHints":{"allow":["GET"]}}],"collection":[{"href":"https:\/\/rakosliget.hu\/wordpress\/index.php\/wp-json\/wp\/v2\/pages"}],"about":[{"href":"https:\/\/rakosliget.hu\/wordpress\/index.php\/wp-json\/wp\/v2\/types\/page"}],"author":[{"embeddable":true,"href":"https:\/\/rakosliget.hu\/wordpress\/index.php\/wp-json\/wp\/v2\/users\/1"}],"replies":[{"embeddable":true,"href":"https:\/\/rakosliget.hu\/wordpress\/index.php\/wp-json\/wp\/v2\/comments?post=20950"}],"version-history":[{"count":5,"href":"https:\/\/rakosliget.hu\/wordpress\/index.php\/wp-json\/wp\/v2\/pages\/20950\/revisions"}],"predecessor-version":[{"id":23466,"href":"https:\/\/rakosliget.hu\/wordpress\/index.php\/wp-json\/wp\/v2\/pages\/20950\/revisions\/23466"}],"wp:attachment":[{"href":"https:\/\/rakosliget.hu\/wordpress\/index.php\/wp-json\/wp\/v2\/media?parent=20950"}],"curies":[{"name":"wp","href":"https:\/\/api.w.org\/{rel}","templated":true}]}}