{"id":20915,"date":"2026-01-04T05:27:42","date_gmt":"2026-01-04T04:27:42","guid":{"rendered":"https:\/\/rakosliget.hu\/wordpress\/?page_id=20915"},"modified":"2026-03-12T18:45:33","modified_gmt":"2026-03-12T17:45:33","slug":"fenykepek-a-60-as-evekbol","status":"publish","type":"page","link":"https:\/\/rakosliget.hu\/wordpress\/index.php\/fenykepek-a-60-as-evekbol\/","title":{"rendered":"F\u00c9NYK\u00c9PEK A 60-AS, 70-ES  \u00c9VEKB\u0150L"},"content":{"rendered":"\n<figure class=\"wp-block-gallery has-nested-images columns-default is-cropped wp-block-gallery-1 is-layout-flex wp-block-gallery-is-layout-flex\">\n<figure class=\"wp-block-image size-large\"><img loading=\"lazy\" decoding=\"async\" width=\"1119\" height=\"727\" data-id=\"20924\" src=\"https:\/\/rakosliget.hu\/wordpress\/wp-content\/uploads\/2026\/01\/Epul-a-patak-meder.jpg\" alt=\"\" class=\"wp-image-20924\" srcset=\"https:\/\/rakosliget.hu\/wordpress\/wp-content\/uploads\/2026\/01\/Epul-a-patak-meder.jpg 1119w, https:\/\/rakosliget.hu\/wordpress\/wp-content\/uploads\/2026\/01\/Epul-a-patak-meder-300x195.jpg 300w, https:\/\/rakosliget.hu\/wordpress\/wp-content\/uploads\/2026\/01\/Epul-a-patak-meder-768x499.jpg 768w\" sizes=\"auto, (max-width: 1119px) 100vw, 1119px\" \/><figcaption class=\"wp-element-caption\">A R\u00e1kospatak szab\u00e1lyoz\u00e1sa Forr\u00e1s: Hegyi L\u00e1szl\u00f3<\/figcaption><\/figure>\n\n\n\n<figure class=\"wp-block-image size-full\"><img loading=\"lazy\" decoding=\"async\" width=\"1105\" height=\"788\" data-id=\"20932\" src=\"https:\/\/rakosliget.hu\/wordpress\/wp-content\/uploads\/2026\/01\/Ferihegyi-ut-II.jpg\" alt=\"\" class=\"wp-image-20932\" srcset=\"https:\/\/rakosliget.hu\/wordpress\/wp-content\/uploads\/2026\/01\/Ferihegyi-ut-II.jpg 1105w, https:\/\/rakosliget.hu\/wordpress\/wp-content\/uploads\/2026\/01\/Ferihegyi-ut-II-300x214.jpg 300w, https:\/\/rakosliget.hu\/wordpress\/wp-content\/uploads\/2026\/01\/Ferihegyi-ut-II-768x548.jpg 768w\" sizes=\"auto, (max-width: 1105px) 100vw, 1105px\" \/><figcaption class=\"wp-element-caption\">Ferihegyi \u00fat \u00e9s II. utca sarok. Az \u00e9p\u00fclet lebont\u00e1sa ut\u00e1n ide ker\u00fclt a gy\u00f3gyszert\u00e1r. Forr\u00e1s: Hegyi L\u00e1szl\u00f3<\/figcaption><\/figure>\n\n\n\n<figure class=\"wp-block-image size-large\"><img loading=\"lazy\" decoding=\"async\" width=\"756\" height=\"1113\" data-id=\"20918\" src=\"https:\/\/rakosliget.hu\/wordpress\/wp-content\/uploads\/2026\/01\/Ferihegyi-ut-sarok.jpg\" alt=\"\" class=\"wp-image-20918\" srcset=\"https:\/\/rakosliget.hu\/wordpress\/wp-content\/uploads\/2026\/01\/Ferihegyi-ut-sarok.jpg 756w, https:\/\/rakosliget.hu\/wordpress\/wp-content\/uploads\/2026\/01\/Ferihegyi-ut-sarok-204x300.jpg 204w\" sizes=\"auto, (max-width: 756px) 100vw, 756px\" \/><figcaption class=\"wp-element-caption\">Ferihegyi \u00fat VI. utca sarok 1967 Forr\u00e1s: Hegyi L\u00e1szl\u00f3<\/figcaption><\/figure>\n\n\n\n<figure class=\"wp-block-image size-large\"><img loading=\"lazy\" decoding=\"async\" width=\"1165\" height=\"773\" data-id=\"20919\" src=\"https:\/\/rakosliget.hu\/wordpress\/wp-content\/uploads\/2026\/01\/Ligeti-sorompo-nyari-zapor-utan-4.jpg\" alt=\"\" class=\"wp-image-20919\" srcset=\"https:\/\/rakosliget.hu\/wordpress\/wp-content\/uploads\/2026\/01\/Ligeti-sorompo-nyari-zapor-utan-4.jpg 1165w, https:\/\/rakosliget.hu\/wordpress\/wp-content\/uploads\/2026\/01\/Ligeti-sorompo-nyari-zapor-utan-4-300x199.jpg 300w, https:\/\/rakosliget.hu\/wordpress\/wp-content\/uploads\/2026\/01\/Ligeti-sorompo-nyari-zapor-utan-4-768x510.jpg 768w\" sizes=\"auto, (max-width: 1165px) 100vw, 1165px\" \/><figcaption class=\"wp-element-caption\">R\u00e1kosliget vas\u00fati \u00e1tj\u00e1r\u00f3 Forr\u00e1s: Hegyi L\u00e1szl\u00f3<\/figcaption><\/figure>\n\n\n\n<figure class=\"wp-block-image size-large\"><img loading=\"lazy\" decoding=\"async\" width=\"960\" height=\"636\" data-id=\"23630\" src=\"https:\/\/rakosliget.hu\/wordpress\/wp-content\/uploads\/2026\/03\/vasuti-atjaro_1970.jpg\" alt=\"\" class=\"wp-image-23630\" srcset=\"https:\/\/rakosliget.hu\/wordpress\/wp-content\/uploads\/2026\/03\/vasuti-atjaro_1970.jpg 960w, https:\/\/rakosliget.hu\/wordpress\/wp-content\/uploads\/2026\/03\/vasuti-atjaro_1970-300x199.jpg 300w, https:\/\/rakosliget.hu\/wordpress\/wp-content\/uploads\/2026\/03\/vasuti-atjaro_1970-768x509.jpg 768w\" sizes=\"auto, (max-width: 960px) 100vw, 960px\" \/><\/figure>\n\n\n\n<figure class=\"wp-block-image size-large\"><img loading=\"lazy\" decoding=\"async\" width=\"1113\" height=\"723\" data-id=\"20922\" src=\"https:\/\/rakosliget.hu\/wordpress\/wp-content\/uploads\/2026\/01\/Ruby-Vilma-haza-1964-65.-Gozon-Gy-utca-I-sarok.jpg\" alt=\"\" class=\"wp-image-20922\" srcset=\"https:\/\/rakosliget.hu\/wordpress\/wp-content\/uploads\/2026\/01\/Ruby-Vilma-haza-1964-65.-Gozon-Gy-utca-I-sarok.jpg 1113w, https:\/\/rakosliget.hu\/wordpress\/wp-content\/uploads\/2026\/01\/Ruby-Vilma-haza-1964-65.-Gozon-Gy-utca-I-sarok-300x195.jpg 300w, https:\/\/rakosliget.hu\/wordpress\/wp-content\/uploads\/2026\/01\/Ruby-Vilma-haza-1964-65.-Gozon-Gy-utca-I-sarok-768x499.jpg 768w\" sizes=\"auto, (max-width: 1113px) 100vw, 1113px\" \/><figcaption class=\"wp-element-caption\">Ruby Vilma h\u00e1za 1964-65. G\u00f3zon Gy utca I sarok Forr\u00e1s: Hegyi L\u00e1szl\u00f3<\/figcaption><\/figure>\n\n\n\n<figure class=\"wp-block-image size-large\"><img loading=\"lazy\" decoding=\"async\" width=\"1109\" height=\"747\" data-id=\"20923\" src=\"https:\/\/rakosliget.hu\/wordpress\/wp-content\/uploads\/2026\/01\/Tavaszi-olvadas-a-Ferihegyi-ut-melett-a-Vizmunel-1.jpg\" alt=\"\" class=\"wp-image-20923\" srcset=\"https:\/\/rakosliget.hu\/wordpress\/wp-content\/uploads\/2026\/01\/Tavaszi-olvadas-a-Ferihegyi-ut-melett-a-Vizmunel-1.jpg 1109w, https:\/\/rakosliget.hu\/wordpress\/wp-content\/uploads\/2026\/01\/Tavaszi-olvadas-a-Ferihegyi-ut-melett-a-Vizmunel-1-300x202.jpg 300w, https:\/\/rakosliget.hu\/wordpress\/wp-content\/uploads\/2026\/01\/Tavaszi-olvadas-a-Ferihegyi-ut-melett-a-Vizmunel-1-768x517.jpg 768w, https:\/\/rakosliget.hu\/wordpress\/wp-content\/uploads\/2026\/01\/Tavaszi-olvadas-a-Ferihegyi-ut-melett-a-Vizmunel-1-272x182.jpg 272w\" sizes=\"auto, (max-width: 1109px) 100vw, 1109px\" \/><figcaption class=\"wp-element-caption\">Tavaszi olvad\u00e1s a Ferihegyi \u00fat melett a V\u00edzm\u0171n\u00e9l Forr\u00e1s: Hegyi L\u00e1szl\u00f3<\/figcaption><\/figure>\n\n\n\n<figure class=\"wp-block-image size-large\"><img loading=\"lazy\" decoding=\"async\" width=\"1104\" height=\"667\" data-id=\"20921\" src=\"https:\/\/rakosliget.hu\/wordpress\/wp-content\/uploads\/2026\/01\/Tavaszi-olvadas-a-Ferihegyi-ut-melett-a-Vizmunel-2.jpg\" alt=\"\" class=\"wp-image-20921\" srcset=\"https:\/\/rakosliget.hu\/wordpress\/wp-content\/uploads\/2026\/01\/Tavaszi-olvadas-a-Ferihegyi-ut-melett-a-Vizmunel-2.jpg 1104w, https:\/\/rakosliget.hu\/wordpress\/wp-content\/uploads\/2026\/01\/Tavaszi-olvadas-a-Ferihegyi-ut-melett-a-Vizmunel-2-300x181.jpg 300w, https:\/\/rakosliget.hu\/wordpress\/wp-content\/uploads\/2026\/01\/Tavaszi-olvadas-a-Ferihegyi-ut-melett-a-Vizmunel-2-768x464.jpg 768w\" sizes=\"auto, (max-width: 1104px) 100vw, 1104px\" \/><figcaption class=\"wp-element-caption\">Tavaszi olvad\u00e1s a Ferihegyi \u00fat melett a V\u00edzm\u0171n\u00e9l Forr\u00e1s: Hegyi L\u00e1szl\u00f3<\/figcaption><\/figure>\n\n\n\n<figure class=\"wp-block-image size-large\"><img loading=\"lazy\" decoding=\"async\" width=\"1112\" height=\"735\" data-id=\"20925\" src=\"https:\/\/rakosliget.hu\/wordpress\/wp-content\/uploads\/2026\/01\/Tavaszi-olvadas-a-Ferihegyi-ut-melett-a-Vizmunel-3.jpg\" alt=\"\" class=\"wp-image-20925\" srcset=\"https:\/\/rakosliget.hu\/wordpress\/wp-content\/uploads\/2026\/01\/Tavaszi-olvadas-a-Ferihegyi-ut-melett-a-Vizmunel-3.jpg 1112w, https:\/\/rakosliget.hu\/wordpress\/wp-content\/uploads\/2026\/01\/Tavaszi-olvadas-a-Ferihegyi-ut-melett-a-Vizmunel-3-300x198.jpg 300w, https:\/\/rakosliget.hu\/wordpress\/wp-content\/uploads\/2026\/01\/Tavaszi-olvadas-a-Ferihegyi-ut-melett-a-Vizmunel-3-768x508.jpg 768w\" sizes=\"auto, (max-width: 1112px) 100vw, 1112px\" \/><figcaption class=\"wp-element-caption\">Tavaszi olvad\u00e1s a Ferihegyi \u00fat melett a V\u00edzm\u0171n\u00e9l Forr\u00e1s: Hegyi L\u00e1szl\u00f3<\/figcaption><\/figure>\n\n\n\n<figure class=\"wp-block-image size-large\"><img loading=\"lazy\" decoding=\"async\" width=\"720\" height=\"540\" data-id=\"20830\" src=\"https:\/\/rakosliget.hu\/wordpress\/wp-content\/uploads\/2026\/01\/maros-mozi-1982.jpg\" alt=\"\" class=\"wp-image-20830\" srcset=\"https:\/\/rakosliget.hu\/wordpress\/wp-content\/uploads\/2026\/01\/maros-mozi-1982.jpg 720w, https:\/\/rakosliget.hu\/wordpress\/wp-content\/uploads\/2026\/01\/maros-mozi-1982-300x225.jpg 300w\" sizes=\"auto, (max-width: 720px) 100vw, 720px\" \/><figcaption class=\"wp-element-caption\">Maros mozi<\/figcaption><\/figure>\n\n\n\n<figure class=\"wp-block-image size-large\"><img loading=\"lazy\" decoding=\"async\" width=\"880\" height=\"620\" data-id=\"1811\" src=\"https:\/\/rakosliget.hu\/wordpress\/wp-content\/uploads\/2018\/10\/pedagogus_klubhaz1958.jpg\" alt=\"\" class=\"wp-image-1811\" srcset=\"https:\/\/rakosliget.hu\/wordpress\/wp-content\/uploads\/2018\/10\/pedagogus_klubhaz1958.jpg 880w, https:\/\/rakosliget.hu\/wordpress\/wp-content\/uploads\/2018\/10\/pedagogus_klubhaz1958-300x211.jpg 300w, https:\/\/rakosliget.hu\/wordpress\/wp-content\/uploads\/2018\/10\/pedagogus_klubhaz1958-768x541.jpg 768w\" sizes=\"auto, (max-width: 880px) 100vw, 880px\" \/><figcaption class=\"wp-element-caption\">Pedag\u00f3gus szakszervezet klubh\u00e1za<\/figcaption><\/figure>\n\n\n\n<figure class=\"wp-block-image size-large\"><img loading=\"lazy\" decoding=\"async\" width=\"290\" height=\"280\" data-id=\"8738\" src=\"https:\/\/rakosliget.hu\/wordpress\/wp-content\/uploads\/2020\/12\/zsido.jpg\" alt=\"\" class=\"wp-image-8738\"\/><figcaption class=\"wp-element-caption\">Zsid\u00f3 imah\u00e1z bels\u0151 tere<\/figcaption><\/figure>\n\n\n\n<figure class=\"wp-block-image size-large\"><img loading=\"lazy\" decoding=\"async\" width=\"765\" height=\"478\" data-id=\"8723\" src=\"https:\/\/rakosliget.hu\/wordpress\/wp-content\/uploads\/2020\/12\/zsinagoga.jpg\" alt=\"\" class=\"wp-image-8723\" srcset=\"https:\/\/rakosliget.hu\/wordpress\/wp-content\/uploads\/2020\/12\/zsinagoga.jpg 765w, https:\/\/rakosliget.hu\/wordpress\/wp-content\/uploads\/2020\/12\/zsinagoga-300x187.jpg 300w\" sizes=\"auto, (max-width: 765px) 100vw, 765px\" \/><\/figure>\n\n\n\n<figure class=\"wp-block-image size-large\"><img loading=\"lazy\" decoding=\"async\" width=\"888\" height=\"1024\" data-id=\"2732\" src=\"https:\/\/rakosliget.hu\/wordpress\/wp-content\/uploads\/2019\/11\/F__FF19621030011_-888x1024.jpg\" alt=\"\" class=\"wp-image-2732\" srcset=\"https:\/\/rakosliget.hu\/wordpress\/wp-content\/uploads\/2019\/11\/F__FF19621030011_-888x1024.jpg 888w, https:\/\/rakosliget.hu\/wordpress\/wp-content\/uploads\/2019\/11\/F__FF19621030011_-260x300.jpg 260w, https:\/\/rakosliget.hu\/wordpress\/wp-content\/uploads\/2019\/11\/F__FF19621030011_-768x885.jpg 768w\" sizes=\"auto, (max-width: 888px) 100vw, 888px\" \/><figcaption class=\"wp-element-caption\">Sz\u00fcret a sz\u0151l\u0151ligetben (MTI fot\u00f3)<\/figcaption><\/figure>\n\n\n\n<figure class=\"wp-block-image size-large\"><img loading=\"lazy\" decoding=\"async\" width=\"544\" height=\"364\" data-id=\"1736\" src=\"https:\/\/rakosliget.hu\/wordpress\/wp-content\/uploads\/2018\/10\/temeto-sirok_1.jpg\" alt=\"\" class=\"wp-image-1736\" srcset=\"https:\/\/rakosliget.hu\/wordpress\/wp-content\/uploads\/2018\/10\/temeto-sirok_1.jpg 544w, https:\/\/rakosliget.hu\/wordpress\/wp-content\/uploads\/2018\/10\/temeto-sirok_1-300x201.jpg 300w, https:\/\/rakosliget.hu\/wordpress\/wp-content\/uploads\/2018\/10\/temeto-sirok_1-272x182.jpg 272w\" sizes=\"auto, (max-width: 544px) 100vw, 544px\" \/><figcaption class=\"wp-element-caption\">Temet\u0151 R\u00e1kosliget Szab\u00f3 L\u00e1szl\u00f3 tulajdona<\/figcaption><\/figure>\n\n\n\n<figure class=\"wp-block-image size-large\"><img loading=\"lazy\" decoding=\"async\" width=\"334\" height=\"464\" data-id=\"1735\" src=\"https:\/\/rakosliget.hu\/wordpress\/wp-content\/uploads\/2018\/10\/temeto-haranglab.jpg\" alt=\"\" class=\"wp-image-1735\" srcset=\"https:\/\/rakosliget.hu\/wordpress\/wp-content\/uploads\/2018\/10\/temeto-haranglab.jpg 334w, https:\/\/rakosliget.hu\/wordpress\/wp-content\/uploads\/2018\/10\/temeto-haranglab-216x300.jpg 216w\" sizes=\"auto, (max-width: 334px) 100vw, 334px\" \/><figcaption class=\"wp-element-caption\">Temet\u0151 R\u00e1kosliget Szab\u00f3 L\u00e1szl\u00f3 tulajdona<\/figcaption><\/figure>\n\n\n\n<figure class=\"wp-block-image size-large\"><img loading=\"lazy\" decoding=\"async\" width=\"385\" height=\"530\" data-id=\"1739\" src=\"https:\/\/rakosliget.hu\/wordpress\/wp-content\/uploads\/2018\/10\/temeto_2.jpg\" alt=\"\" class=\"wp-image-1739\" srcset=\"https:\/\/rakosliget.hu\/wordpress\/wp-content\/uploads\/2018\/10\/temeto_2.jpg 385w, https:\/\/rakosliget.hu\/wordpress\/wp-content\/uploads\/2018\/10\/temeto_2-218x300.jpg 218w\" sizes=\"auto, (max-width: 385px) 100vw, 385px\" \/><figcaption class=\"wp-element-caption\">Temet\u0151 R\u00e1kosliget Szab\u00f3 L\u00e1szl\u00f3 tulajdona<\/figcaption><\/figure>\n\n\n\n<figure class=\"wp-block-image size-large\"><img loading=\"lazy\" decoding=\"async\" width=\"671\" height=\"470\" data-id=\"1737\" src=\"https:\/\/rakosliget.hu\/wordpress\/wp-content\/uploads\/2018\/10\/temeto-sirok_2.jpg\" alt=\"\" class=\"wp-image-1737\" srcset=\"https:\/\/rakosliget.hu\/wordpress\/wp-content\/uploads\/2018\/10\/temeto-sirok_2.jpg 671w, https:\/\/rakosliget.hu\/wordpress\/wp-content\/uploads\/2018\/10\/temeto-sirok_2-300x210.jpg 300w\" sizes=\"auto, (max-width: 671px) 100vw, 671px\" \/><figcaption class=\"wp-element-caption\">Temet\u0151 R\u00e1kosliget Szab\u00f3 L\u00e1szl\u00f3 tulajdona<\/figcaption><\/figure>\n\n\n\n<figure class=\"wp-block-image size-large\"><img loading=\"lazy\" decoding=\"async\" width=\"1024\" height=\"617\" data-id=\"11115\" src=\"https:\/\/rakosliget.hu\/wordpress\/wp-content\/uploads\/2023\/02\/Lyka-VIII_-utca-sarok-foto-Molnar-Antal-1024x617.jpg\" alt=\"\" class=\"wp-image-11115\" srcset=\"https:\/\/rakosliget.hu\/wordpress\/wp-content\/uploads\/2023\/02\/Lyka-VIII_-utca-sarok-foto-Molnar-Antal-1024x617.jpg 1024w, https:\/\/rakosliget.hu\/wordpress\/wp-content\/uploads\/2023\/02\/Lyka-VIII_-utca-sarok-foto-Molnar-Antal-300x181.jpg 300w, https:\/\/rakosliget.hu\/wordpress\/wp-content\/uploads\/2023\/02\/Lyka-VIII_-utca-sarok-foto-Molnar-Antal-768x462.jpg 768w, https:\/\/rakosliget.hu\/wordpress\/wp-content\/uploads\/2023\/02\/Lyka-VIII_-utca-sarok-foto-Molnar-Antal-1536x925.jpg 1536w, https:\/\/rakosliget.hu\/wordpress\/wp-content\/uploads\/2023\/02\/Lyka-VIII_-utca-sarok-foto-Molnar-Antal.jpg 2048w\" sizes=\"auto, (max-width: 1024px) 100vw, 1024px\" \/><figcaption class=\"wp-element-caption\">VIII. utca Lyka K\u00e1roly utca sarok<\/figcaption><\/figure>\n\n\n\n<figure class=\"wp-block-image size-large\"><img loading=\"lazy\" decoding=\"async\" width=\"1105\" height=\"788\" data-id=\"20932\" src=\"https:\/\/rakosliget.hu\/wordpress\/wp-content\/uploads\/2026\/01\/Ferihegyi-ut-II.jpg\" alt=\"\" class=\"wp-image-20932\" srcset=\"https:\/\/rakosliget.hu\/wordpress\/wp-content\/uploads\/2026\/01\/Ferihegyi-ut-II.jpg 1105w, https:\/\/rakosliget.hu\/wordpress\/wp-content\/uploads\/2026\/01\/Ferihegyi-ut-II-300x214.jpg 300w, https:\/\/rakosliget.hu\/wordpress\/wp-content\/uploads\/2026\/01\/Ferihegyi-ut-II-768x548.jpg 768w\" sizes=\"auto, (max-width: 1105px) 100vw, 1105px\" \/><figcaption class=\"wp-element-caption\">Ferihegyi \u00fat II. utca sarok.<\/figcaption><\/figure>\n\n\n\n<figure class=\"wp-block-image size-full\"><img loading=\"lazy\" decoding=\"async\" width=\"695\" height=\"506\" data-id=\"10986\" src=\"https:\/\/rakosliget.hu\/wordpress\/wp-content\/uploads\/2023\/01\/ikarusz-60.jpg\" alt=\"\" class=\"wp-image-10986\" srcset=\"https:\/\/rakosliget.hu\/wordpress\/wp-content\/uploads\/2023\/01\/ikarusz-60.jpg 695w, https:\/\/rakosliget.hu\/wordpress\/wp-content\/uploads\/2023\/01\/ikarusz-60-300x218.jpg 300w\" sizes=\"auto, (max-width: 695px) 100vw, 695px\" \/><figcaption class=\"wp-element-caption\">Ikarus 60-as aut\u00f3busz R\u00e1kosligeten a II. utca k\u00f6rny\u00e9k\u00e9n.<\/figcaption><\/figure>\n\n\n\n<figure class=\"wp-block-image size-large\"><img loading=\"lazy\" decoding=\"async\" width=\"952\" height=\"1256\" data-id=\"23202\" src=\"https:\/\/rakosliget.hu\/wordpress\/wp-content\/uploads\/2026\/02\/Nevtelen-1.png\" alt=\"\" class=\"wp-image-23202\" srcset=\"https:\/\/rakosliget.hu\/wordpress\/wp-content\/uploads\/2026\/02\/Nevtelen-1.png 952w, https:\/\/rakosliget.hu\/wordpress\/wp-content\/uploads\/2026\/02\/Nevtelen-1-227x300.png 227w, https:\/\/rakosliget.hu\/wordpress\/wp-content\/uploads\/2026\/02\/Nevtelen-1-768x1013.png 768w\" sizes=\"auto, (max-width: 952px) 100vw, 952px\" \/><figcaption class=\"wp-element-caption\">\u0170rrak\u00e9ta megfigyel\u0151 \u00e1llom\u00e1s \u00e9p\u00edt\u00e9se Horv\u00e1th Tibor telk\u00e9n.  MTI foto<\/figcaption><\/figure>\n\n\n\n<figure class=\"wp-block-image size-large\"><img loading=\"lazy\" decoding=\"async\" width=\"1839\" height=\"1224\" data-id=\"22913\" src=\"https:\/\/rakosliget.hu\/wordpress\/wp-content\/uploads\/2026\/02\/36.jpg\" alt=\"\" class=\"wp-image-22913\" srcset=\"https:\/\/rakosliget.hu\/wordpress\/wp-content\/uploads\/2026\/02\/36.jpg 1839w, https:\/\/rakosliget.hu\/wordpress\/wp-content\/uploads\/2026\/02\/36-300x200.jpg 300w, https:\/\/rakosliget.hu\/wordpress\/wp-content\/uploads\/2026\/02\/36-768x511.jpg 768w, https:\/\/rakosliget.hu\/wordpress\/wp-content\/uploads\/2026\/02\/36-1536x1022.jpg 1536w, https:\/\/rakosliget.hu\/wordpress\/wp-content\/uploads\/2026\/02\/36-272x182.jpg 272w\" sizes=\"auto, (max-width: 1839px) 100vw, 1839px\" \/><figcaption class=\"wp-element-caption\">A RAC focicsapata. 1960-as \u00e9vek<\/figcaption><\/figure>\n\n\n\n<figure class=\"wp-block-image size-large\"><img loading=\"lazy\" decoding=\"async\" width=\"2048\" height=\"1406\" data-id=\"23675\" src=\"https:\/\/rakosliget.hu\/wordpress\/wp-content\/uploads\/2026\/03\/solidaritas_imgupscaler.ai_General_2K.jpg\" alt=\"\" class=\"wp-image-23675\" srcset=\"https:\/\/rakosliget.hu\/wordpress\/wp-content\/uploads\/2026\/03\/solidaritas_imgupscaler.ai_General_2K.jpg 2048w, https:\/\/rakosliget.hu\/wordpress\/wp-content\/uploads\/2026\/03\/solidaritas_imgupscaler.ai_General_2K-300x206.jpg 300w, https:\/\/rakosliget.hu\/wordpress\/wp-content\/uploads\/2026\/03\/solidaritas_imgupscaler.ai_General_2K-768x527.jpg 768w, https:\/\/rakosliget.hu\/wordpress\/wp-content\/uploads\/2026\/03\/solidaritas_imgupscaler.ai_General_2K-1536x1055.jpg 1536w\" sizes=\"auto, (max-width: 2048px) 100vw, 2048px\" \/><figcaption class=\"wp-element-caption\">A Solidaritas dolgoz\u00f3i a valamikori Sport Klub \u00e9p\u00fclet\u00e9nek l\u00e9pcs\u0151j\u00e9n. XV. utca.<\/figcaption><\/figure>\n<\/figure>\n\n\n\n<p><\/p>\n","protected":false},"excerpt":{"rendered":"","protected":false},"author":1,"featured_media":0,"parent":0,"menu_order":0,"comment_status":"closed","ping_status":"closed","template":"","meta":{"footnotes":""},"class_list":["post-20915","page","type-page","status-publish","hentry"],"_links":{"self":[{"href":"https:\/\/rakosliget.hu\/wordpress\/index.php\/wp-json\/wp\/v2\/pages\/20915","targetHints":{"allow":["GET"]}}],"collection":[{"href":"https:\/\/rakosliget.hu\/wordpress\/index.php\/wp-json\/wp\/v2\/pages"}],"about":[{"href":"https:\/\/rakosliget.hu\/wordpress\/index.php\/wp-json\/wp\/v2\/types\/page"}],"author":[{"embeddable":true,"href":"https:\/\/rakosliget.hu\/wordpress\/index.php\/wp-json\/wp\/v2\/users\/1"}],"replies":[{"embeddable":true,"href":"https:\/\/rakosliget.hu\/wordpress\/index.php\/wp-json\/wp\/v2\/comments?post=20915"}],"version-history":[{"count":27,"href":"https:\/\/rakosliget.hu\/wordpress\/index.php\/wp-json\/wp\/v2\/pages\/20915\/revisions"}],"predecessor-version":[{"id":23709,"href":"https:\/\/rakosliget.hu\/wordpress\/index.php\/wp-json\/wp\/v2\/pages\/20915\/revisions\/23709"}],"wp:attachment":[{"href":"https:\/\/rakosliget.hu\/wordpress\/index.php\/wp-json\/wp\/v2\/media?parent=20915"}],"curies":[{"name":"wp","href":"https:\/\/api.w.org\/{rel}","templated":true}]}}