{"id":20458,"date":"2025-12-28T10:11:26","date_gmt":"2025-12-28T09:11:26","guid":{"rendered":"https:\/\/rakosliget.hu\/wordpress\/?page_id=20458"},"modified":"2025-12-28T10:27:41","modified_gmt":"2025-12-28T09:27:41","slug":"uj-nwemzedek","status":"publish","type":"page","link":"https:\/\/rakosliget.hu\/wordpress\/index.php\/uj-nwemzedek\/","title":{"rendered":"\u00daJ NEMZED\u00c9K"},"content":{"rendered":"\n<figure class=\"wp-block-image size-large\"><img loading=\"lazy\" decoding=\"async\" width=\"2048\" height=\"533\" src=\"https:\/\/rakosliget.hu\/wordpress\/wp-content\/uploads\/2025\/12\/logo-4-2048x533.jpg\" alt=\"\" class=\"wp-image-20455\" srcset=\"https:\/\/rakosliget.hu\/wordpress\/wp-content\/uploads\/2025\/12\/logo-4-2048x533.jpg 2048w, https:\/\/rakosliget.hu\/wordpress\/wp-content\/uploads\/2025\/12\/logo-4-300x78.jpg 300w, https:\/\/rakosliget.hu\/wordpress\/wp-content\/uploads\/2025\/12\/logo-4-768x200.jpg 768w, https:\/\/rakosliget.hu\/wordpress\/wp-content\/uploads\/2025\/12\/logo-4-1536x400.jpg 1536w\" sizes=\"auto, (max-width: 2048px) 100vw, 2048px\" \/><\/figure>\n\n\n\n<h2 class=\"wp-block-heading\">1925<\/h2>\n\n\n\n<figure class=\"wp-block-image size-full\"><img loading=\"lazy\" decoding=\"async\" width=\"821\" height=\"1763\" src=\"https:\/\/rakosliget.hu\/wordpress\/wp-content\/uploads\/2025\/12\/Hosok-unnepe.jpg\" alt=\"\" class=\"wp-image-20466\" srcset=\"https:\/\/rakosliget.hu\/wordpress\/wp-content\/uploads\/2025\/12\/Hosok-unnepe.jpg 821w, https:\/\/rakosliget.hu\/wordpress\/wp-content\/uploads\/2025\/12\/Hosok-unnepe-140x300.jpg 140w, https:\/\/rakosliget.hu\/wordpress\/wp-content\/uploads\/2025\/12\/Hosok-unnepe-768x1649.jpg 768w, https:\/\/rakosliget.hu\/wordpress\/wp-content\/uploads\/2025\/12\/Hosok-unnepe-715x1536.jpg 715w\" sizes=\"auto, (max-width: 821px) 100vw, 821px\" \/><figcaption class=\"wp-element-caption\">1925. 06. 03. 5. oldal<\/figcaption><\/figure>\n\n\n\n<figure class=\"wp-block-image size-full\"><img loading=\"lazy\" decoding=\"async\" width=\"1297\" height=\"2560\" src=\"https:\/\/rakosliget.hu\/wordpress\/wp-content\/uploads\/2025\/12\/katolikus-nap-scaled.jpg\" alt=\"\" class=\"wp-image-20469\" srcset=\"https:\/\/rakosliget.hu\/wordpress\/wp-content\/uploads\/2025\/12\/katolikus-nap-scaled.jpg 1297w, https:\/\/rakosliget.hu\/wordpress\/wp-content\/uploads\/2025\/12\/katolikus-nap-152x300.jpg 152w, https:\/\/rakosliget.hu\/wordpress\/wp-content\/uploads\/2025\/12\/katolikus-nap-768x1516.jpg 768w, https:\/\/rakosliget.hu\/wordpress\/wp-content\/uploads\/2025\/12\/katolikus-nap-778x1536.jpg 778w, https:\/\/rakosliget.hu\/wordpress\/wp-content\/uploads\/2025\/12\/katolikus-nap-1038x2048.jpg 1038w\" sizes=\"auto, (max-width: 1297px) 100vw, 1297px\" \/><figcaption class=\"wp-element-caption\">1925. 06. 16. 7. oldal  Katolikus nap<\/figcaption><\/figure>\n\n\n\n<h2 class=\"wp-block-heading\">1937<\/h2>\n\n\n<div class=\"wp-block-image\">\n<figure class=\"aligncenter size-large\"><img loading=\"lazy\" decoding=\"async\" width=\"2048\" height=\"4078\" src=\"https:\/\/rakosliget.hu\/wordpress\/wp-content\/uploads\/2025\/12\/betoresek-2048x4078.jpg\" alt=\"\" class=\"wp-image-20478\" srcset=\"https:\/\/rakosliget.hu\/wordpress\/wp-content\/uploads\/2025\/12\/betoresek-2048x4078.jpg 2048w, https:\/\/rakosliget.hu\/wordpress\/wp-content\/uploads\/2025\/12\/betoresek-151x300.jpg 151w, https:\/\/rakosliget.hu\/wordpress\/wp-content\/uploads\/2025\/12\/betoresek-768x1530.jpg 768w, https:\/\/rakosliget.hu\/wordpress\/wp-content\/uploads\/2025\/12\/betoresek-771x1536.jpg 771w, https:\/\/rakosliget.hu\/wordpress\/wp-content\/uploads\/2025\/12\/betoresek-1028x2048.jpg 1028w, https:\/\/rakosliget.hu\/wordpress\/wp-content\/uploads\/2025\/12\/betoresek-scaled.jpg 1285w\" sizes=\"auto, (max-width: 2048px) 100vw, 2048px\" \/><figcaption class=\"wp-element-caption\">1937. 07. 09. 7. oldal Bet\u00f6r\u00e9sek R\u00e1kosligeten<\/figcaption><\/figure>\n<\/div>\n\n\n<h2 class=\"wp-block-heading\">1940<\/h2>\n\n\n\n<figure class=\"wp-block-image size-large\"><img loading=\"lazy\" decoding=\"async\" width=\"1084\" height=\"4078\" src=\"https:\/\/rakosliget.hu\/wordpress\/wp-content\/uploads\/2025\/12\/Rakosligethez-tartozas-ujtelep-1084x4078.jpg\" alt=\"\" class=\"wp-image-20482\" srcset=\"https:\/\/rakosliget.hu\/wordpress\/wp-content\/uploads\/2025\/12\/Rakosligethez-tartozas-ujtelep-1084x4078.jpg 1084w, https:\/\/rakosliget.hu\/wordpress\/wp-content\/uploads\/2025\/12\/Rakosligethez-tartozas-ujtelep-80x300.jpg 80w, https:\/\/rakosliget.hu\/wordpress\/wp-content\/uploads\/2025\/12\/Rakosligethez-tartozas-ujtelep-768x2890.jpg 768w, https:\/\/rakosliget.hu\/wordpress\/wp-content\/uploads\/2025\/12\/Rakosligethez-tartozas-ujtelep-408x1536.jpg 408w, https:\/\/rakosliget.hu\/wordpress\/wp-content\/uploads\/2025\/12\/Rakosligethez-tartozas-ujtelep-544x2048.jpg 544w\" sizes=\"auto, (max-width: 1084px) 100vw, 1084px\" \/><figcaption class=\"wp-element-caption\">1940. 05. 29. \u00dajtelep R\u00e1kosligethez csatol\u00e1sa.<\/figcaption><\/figure>\n\n\n\n<p><a href=\"https:\/\/rakosliget.hu\/wordpress\/index.php\/rakosliget-a-korabeli-hirekben\/\">VISSZA A SAJT\u00d3 LAPRA<\/a><\/p>\n","protected":false},"excerpt":{"rendered":"<p>1925 1937 1940 VISSZA A SAJT\u00d3 LAPRA<\/p>\n","protected":false},"author":1,"featured_media":0,"parent":0,"menu_order":0,"comment_status":"closed","ping_status":"closed","template":"","meta":{"footnotes":""},"class_list":["post-20458","page","type-page","status-publish","hentry"],"_links":{"self":[{"href":"https:\/\/rakosliget.hu\/wordpress\/index.php\/wp-json\/wp\/v2\/pages\/20458","targetHints":{"allow":["GET"]}}],"collection":[{"href":"https:\/\/rakosliget.hu\/wordpress\/index.php\/wp-json\/wp\/v2\/pages"}],"about":[{"href":"https:\/\/rakosliget.hu\/wordpress\/index.php\/wp-json\/wp\/v2\/types\/page"}],"author":[{"embeddable":true,"href":"https:\/\/rakosliget.hu\/wordpress\/index.php\/wp-json\/wp\/v2\/users\/1"}],"replies":[{"embeddable":true,"href":"https:\/\/rakosliget.hu\/wordpress\/index.php\/wp-json\/wp\/v2\/comments?post=20458"}],"version-history":[{"count":8,"href":"https:\/\/rakosliget.hu\/wordpress\/index.php\/wp-json\/wp\/v2\/pages\/20458\/revisions"}],"predecessor-version":[{"id":20483,"href":"https:\/\/rakosliget.hu\/wordpress\/index.php\/wp-json\/wp\/v2\/pages\/20458\/revisions\/20483"}],"wp:attachment":[{"href":"https:\/\/rakosliget.hu\/wordpress\/index.php\/wp-json\/wp\/v2\/media?parent=20458"}],"curies":[{"name":"wp","href":"https:\/\/api.w.org\/{rel}","templated":true}]}}