{"id":20444,"date":"2025-12-28T10:03:35","date_gmt":"2025-12-28T09:03:35","guid":{"rendered":"https:\/\/rakosliget.hu\/wordpress\/?page_id=20444"},"modified":"2025-12-28T10:08:32","modified_gmt":"2025-12-28T09:08:32","slug":"uj-magyarsag","status":"publish","type":"page","link":"https:\/\/rakosliget.hu\/wordpress\/index.php\/uj-magyarsag\/","title":{"rendered":"\u00daJ MAGYARS\u00c1G"},"content":{"rendered":"\n<figure class=\"wp-block-image size-large\"><img loading=\"lazy\" decoding=\"async\" width=\"2048\" height=\"649\" src=\"https:\/\/rakosliget.hu\/wordpress\/wp-content\/uploads\/2025\/12\/logo-3-2048x649.jpg\" alt=\"\" class=\"wp-image-20442\" srcset=\"https:\/\/rakosliget.hu\/wordpress\/wp-content\/uploads\/2025\/12\/logo-3-2048x649.jpg 2048w, https:\/\/rakosliget.hu\/wordpress\/wp-content\/uploads\/2025\/12\/logo-3-300x95.jpg 300w, https:\/\/rakosliget.hu\/wordpress\/wp-content\/uploads\/2025\/12\/logo-3-768x243.jpg 768w, https:\/\/rakosliget.hu\/wordpress\/wp-content\/uploads\/2025\/12\/logo-3-1536x487.jpg 1536w\" sizes=\"auto, (max-width: 2048px) 100vw, 2048px\" \/><\/figure>\n\n\n\n<h2 class=\"wp-block-heading\">1937<\/h2>\n\n\n\n<figure class=\"wp-block-image size-full\"><img loading=\"lazy\" decoding=\"async\" width=\"715\" height=\"1266\" src=\"https:\/\/rakosliget.hu\/wordpress\/wp-content\/uploads\/2025\/12\/Turulistak-Uj-Magyarsag-Kepes-Melleklete-1937-januar-junius1937-06-15.jpg\" alt=\"\" class=\"wp-image-20448\" srcset=\"https:\/\/rakosliget.hu\/wordpress\/wp-content\/uploads\/2025\/12\/Turulistak-Uj-Magyarsag-Kepes-Melleklete-1937-januar-junius1937-06-15.jpg 715w, https:\/\/rakosliget.hu\/wordpress\/wp-content\/uploads\/2025\/12\/Turulistak-Uj-Magyarsag-Kepes-Melleklete-1937-januar-junius1937-06-15-169x300.jpg 169w\" sizes=\"auto, (max-width: 715px) 100vw, 715px\" \/><figcaption class=\"wp-element-caption\">\u00daj Magyars\u00e1g, Turulist\u00e1k, Uj Magyars\u00e1g K\u00e9pes Mell\u00e9klete, 1937 (janu\u00e1r-j\u00fanius) 1937.06. 15<\/figcaption><\/figure>\n\n\n\n<h2 class=\"wp-block-heading\">1938<\/h2>\n\n\n\n<figure class=\"wp-block-image size-full\"><img loading=\"lazy\" decoding=\"async\" width=\"1616\" height=\"2560\" src=\"https:\/\/rakosliget.hu\/wordpress\/wp-content\/uploads\/2025\/12\/Feljelentes-Fabian-scaled.jpg\" alt=\"\" class=\"wp-image-20452\" srcset=\"https:\/\/rakosliget.hu\/wordpress\/wp-content\/uploads\/2025\/12\/Feljelentes-Fabian-scaled.jpg 1616w, https:\/\/rakosliget.hu\/wordpress\/wp-content\/uploads\/2025\/12\/Feljelentes-Fabian-189x300.jpg 189w, https:\/\/rakosliget.hu\/wordpress\/wp-content\/uploads\/2025\/12\/Feljelentes-Fabian-768x1217.jpg 768w, https:\/\/rakosliget.hu\/wordpress\/wp-content\/uploads\/2025\/12\/Feljelentes-Fabian-969x1536.jpg 969w, https:\/\/rakosliget.hu\/wordpress\/wp-content\/uploads\/2025\/12\/Feljelentes-Fabian-1292x2048.jpg 1292w\" sizes=\"auto, (max-width: 1616px) 100vw, 1616px\" \/><figcaption class=\"wp-element-caption\">1938. 08. 03. 4. oldal<\/figcaption><\/figure>\n\n\n\n<p><a href=\"https:\/\/rakosliget.hu\/wordpress\/index.php\/rakosliget-a-korabeli-hirekben\/\">VISSZA A SAJT\u00d3 LAPRA<\/a><\/p>\n","protected":false},"excerpt":{"rendered":"<p>1937 1938 VISSZA A SAJT\u00d3 LAPRA<\/p>\n","protected":false},"author":1,"featured_media":0,"parent":0,"menu_order":0,"comment_status":"closed","ping_status":"closed","template":"","meta":{"footnotes":""},"class_list":["post-20444","page","type-page","status-publish","hentry"],"_links":{"self":[{"href":"https:\/\/rakosliget.hu\/wordpress\/index.php\/wp-json\/wp\/v2\/pages\/20444","targetHints":{"allow":["GET"]}}],"collection":[{"href":"https:\/\/rakosliget.hu\/wordpress\/index.php\/wp-json\/wp\/v2\/pages"}],"about":[{"href":"https:\/\/rakosliget.hu\/wordpress\/index.php\/wp-json\/wp\/v2\/types\/page"}],"author":[{"embeddable":true,"href":"https:\/\/rakosliget.hu\/wordpress\/index.php\/wp-json\/wp\/v2\/users\/1"}],"replies":[{"embeddable":true,"href":"https:\/\/rakosliget.hu\/wordpress\/index.php\/wp-json\/wp\/v2\/comments?post=20444"}],"version-history":[{"count":5,"href":"https:\/\/rakosliget.hu\/wordpress\/index.php\/wp-json\/wp\/v2\/pages\/20444\/revisions"}],"predecessor-version":[{"id":20454,"href":"https:\/\/rakosliget.hu\/wordpress\/index.php\/wp-json\/wp\/v2\/pages\/20444\/revisions\/20454"}],"wp:attachment":[{"href":"https:\/\/rakosliget.hu\/wordpress\/index.php\/wp-json\/wp\/v2\/media?parent=20444"}],"curies":[{"name":"wp","href":"https:\/\/api.w.org\/{rel}","templated":true}]}}