{"id":20406,"date":"2025-12-27T18:33:16","date_gmt":"2025-12-27T17:33:16","guid":{"rendered":"https:\/\/rakosliget.hu\/wordpress\/?page_id=20406"},"modified":"2025-12-27T18:33:16","modified_gmt":"2025-12-27T17:33:16","slug":"turista-kozlony","status":"publish","type":"page","link":"https:\/\/rakosliget.hu\/wordpress\/index.php\/turista-kozlony\/","title":{"rendered":"T\u00daRISTA K\u00d6ZL\u00d6NY"},"content":{"rendered":"\n<figure class=\"wp-block-image size-full\"><img loading=\"lazy\" decoding=\"async\" width=\"1848\" height=\"565\" src=\"https:\/\/rakosliget.hu\/wordpress\/wp-content\/uploads\/2025\/12\/logo-1.jpg\" alt=\"\" class=\"wp-image-20404\" srcset=\"https:\/\/rakosliget.hu\/wordpress\/wp-content\/uploads\/2025\/12\/logo-1.jpg 1848w, https:\/\/rakosliget.hu\/wordpress\/wp-content\/uploads\/2025\/12\/logo-1-300x92.jpg 300w, https:\/\/rakosliget.hu\/wordpress\/wp-content\/uploads\/2025\/12\/logo-1-768x235.jpg 768w, https:\/\/rakosliget.hu\/wordpress\/wp-content\/uploads\/2025\/12\/logo-1-1536x470.jpg 1536w\" sizes=\"auto, (max-width: 1848px) 100vw, 1848px\" \/><\/figure>\n\n\n\n<figure class=\"wp-block-image size-full\"><img loading=\"lazy\" decoding=\"async\" width=\"930\" height=\"1252\" src=\"https:\/\/rakosliget.hu\/wordpress\/wp-content\/uploads\/2025\/12\/Turistasag-es-alpinizmus.jpg\" alt=\"\" class=\"wp-image-20408\" srcset=\"https:\/\/rakosliget.hu\/wordpress\/wp-content\/uploads\/2025\/12\/Turistasag-es-alpinizmus.jpg 930w, https:\/\/rakosliget.hu\/wordpress\/wp-content\/uploads\/2025\/12\/Turistasag-es-alpinizmus-223x300.jpg 223w, https:\/\/rakosliget.hu\/wordpress\/wp-content\/uploads\/2025\/12\/Turistasag-es-alpinizmus-768x1034.jpg 768w\" sizes=\"auto, (max-width: 930px) 100vw, 930px\" \/><figcaption class=\"wp-element-caption\">Hirdet\u00e9s 1917. 03. 01.<\/figcaption><\/figure>\n\n\n\n<p><\/p>\n","protected":false},"excerpt":{"rendered":"","protected":false},"author":1,"featured_media":0,"parent":0,"menu_order":0,"comment_status":"closed","ping_status":"closed","template":"","meta":{"footnotes":""},"class_list":["post-20406","page","type-page","status-publish","hentry"],"_links":{"self":[{"href":"https:\/\/rakosliget.hu\/wordpress\/index.php\/wp-json\/wp\/v2\/pages\/20406","targetHints":{"allow":["GET"]}}],"collection":[{"href":"https:\/\/rakosliget.hu\/wordpress\/index.php\/wp-json\/wp\/v2\/pages"}],"about":[{"href":"https:\/\/rakosliget.hu\/wordpress\/index.php\/wp-json\/wp\/v2\/types\/page"}],"author":[{"embeddable":true,"href":"https:\/\/rakosliget.hu\/wordpress\/index.php\/wp-json\/wp\/v2\/users\/1"}],"replies":[{"embeddable":true,"href":"https:\/\/rakosliget.hu\/wordpress\/index.php\/wp-json\/wp\/v2\/comments?post=20406"}],"version-history":[{"count":2,"href":"https:\/\/rakosliget.hu\/wordpress\/index.php\/wp-json\/wp\/v2\/pages\/20406\/revisions"}],"predecessor-version":[{"id":20409,"href":"https:\/\/rakosliget.hu\/wordpress\/index.php\/wp-json\/wp\/v2\/pages\/20406\/revisions\/20409"}],"wp:attachment":[{"href":"https:\/\/rakosliget.hu\/wordpress\/index.php\/wp-json\/wp\/v2\/media?parent=20406"}],"curies":[{"name":"wp","href":"https:\/\/api.w.org\/{rel}","templated":true}]}}