{"id":20286,"date":"2025-12-27T03:38:59","date_gmt":"2025-12-27T02:38:59","guid":{"rendered":"https:\/\/rakosliget.hu\/wordpress\/?page_id=20286"},"modified":"2025-12-27T03:38:59","modified_gmt":"2025-12-27T02:38:59","slug":"szakszervezeti-ertesito","status":"publish","type":"page","link":"https:\/\/rakosliget.hu\/wordpress\/index.php\/szakszervezeti-ertesito\/","title":{"rendered":"SZAKSZERVEZETI \u00c9RTES\u00cdT\u0150"},"content":{"rendered":"\n<figure class=\"wp-block-image size-full\"><img loading=\"lazy\" decoding=\"async\" width=\"1824\" height=\"631\" src=\"https:\/\/rakosliget.hu\/wordpress\/wp-content\/uploads\/2025\/12\/logo.jpg\" alt=\"\" class=\"wp-image-20288\" srcset=\"https:\/\/rakosliget.hu\/wordpress\/wp-content\/uploads\/2025\/12\/logo.jpg 1824w, https:\/\/rakosliget.hu\/wordpress\/wp-content\/uploads\/2025\/12\/logo-300x104.jpg 300w, https:\/\/rakosliget.hu\/wordpress\/wp-content\/uploads\/2025\/12\/logo-768x266.jpg 768w, https:\/\/rakosliget.hu\/wordpress\/wp-content\/uploads\/2025\/12\/logo-1536x531.jpg 1536w\" sizes=\"auto, (max-width: 1824px) 100vw, 1824px\" \/><\/figure>\n\n\n\n<h2 class=\"wp-block-heading\">1911<\/h2>\n\n\n<div class=\"wp-block-image\">\n<figure class=\"aligncenter size-full\"><img loading=\"lazy\" decoding=\"async\" width=\"903\" height=\"1043\" src=\"https:\/\/rakosliget.hu\/wordpress\/wp-content\/uploads\/2025\/12\/kOLLEKTIV-SZERZODES.jpg\" alt=\"\" class=\"wp-image-20289\" srcset=\"https:\/\/rakosliget.hu\/wordpress\/wp-content\/uploads\/2025\/12\/kOLLEKTIV-SZERZODES.jpg 903w, https:\/\/rakosliget.hu\/wordpress\/wp-content\/uploads\/2025\/12\/kOLLEKTIV-SZERZODES-260x300.jpg 260w, https:\/\/rakosliget.hu\/wordpress\/wp-content\/uploads\/2025\/12\/kOLLEKTIV-SZERZODES-768x887.jpg 768w\" sizes=\"auto, (max-width: 903px) 100vw, 903px\" \/><figcaption class=\"wp-element-caption\">1911. 09. 01. 70 oldal<\/figcaption><\/figure>\n<\/div>\n\n\n<h2 class=\"wp-block-heading\">1942<\/h2>\n\n\n<div class=\"wp-block-image\">\n<figure class=\"aligncenter size-full\"><img loading=\"lazy\" decoding=\"async\" width=\"969\" height=\"354\" src=\"https:\/\/rakosliget.hu\/wordpress\/wp-content\/uploads\/2025\/12\/Uzletek-zarva.jpg\" alt=\"\" class=\"wp-image-20290\" srcset=\"https:\/\/rakosliget.hu\/wordpress\/wp-content\/uploads\/2025\/12\/Uzletek-zarva.jpg 969w, https:\/\/rakosliget.hu\/wordpress\/wp-content\/uploads\/2025\/12\/Uzletek-zarva-300x110.jpg 300w, https:\/\/rakosliget.hu\/wordpress\/wp-content\/uploads\/2025\/12\/Uzletek-zarva-768x281.jpg 768w\" sizes=\"auto, (max-width: 969px) 100vw, 969px\" \/><figcaption class=\"wp-element-caption\">1942. 11. 15. 2. oldal<\/figcaption><\/figure>\n<\/div>","protected":false},"excerpt":{"rendered":"<p>1911 1942<\/p>\n","protected":false},"author":1,"featured_media":0,"parent":0,"menu_order":0,"comment_status":"closed","ping_status":"closed","template":"","meta":{"footnotes":""},"class_list":["post-20286","page","type-page","status-publish","hentry"],"_links":{"self":[{"href":"https:\/\/rakosliget.hu\/wordpress\/index.php\/wp-json\/wp\/v2\/pages\/20286","targetHints":{"allow":["GET"]}}],"collection":[{"href":"https:\/\/rakosliget.hu\/wordpress\/index.php\/wp-json\/wp\/v2\/pages"}],"about":[{"href":"https:\/\/rakosliget.hu\/wordpress\/index.php\/wp-json\/wp\/v2\/types\/page"}],"author":[{"embeddable":true,"href":"https:\/\/rakosliget.hu\/wordpress\/index.php\/wp-json\/wp\/v2\/users\/1"}],"replies":[{"embeddable":true,"href":"https:\/\/rakosliget.hu\/wordpress\/index.php\/wp-json\/wp\/v2\/comments?post=20286"}],"version-history":[{"count":2,"href":"https:\/\/rakosliget.hu\/wordpress\/index.php\/wp-json\/wp\/v2\/pages\/20286\/revisions"}],"predecessor-version":[{"id":20291,"href":"https:\/\/rakosliget.hu\/wordpress\/index.php\/wp-json\/wp\/v2\/pages\/20286\/revisions\/20291"}],"wp:attachment":[{"href":"https:\/\/rakosliget.hu\/wordpress\/index.php\/wp-json\/wp\/v2\/media?parent=20286"}],"curies":[{"name":"wp","href":"https:\/\/api.w.org\/{rel}","templated":true}]}}