{"id":19144,"date":"2025-11-28T12:26:58","date_gmt":"2025-11-28T11:26:58","guid":{"rendered":"https:\/\/rakosliget.hu\/wordpress\/?page_id=19144"},"modified":"2025-11-28T12:50:39","modified_gmt":"2025-11-28T11:50:39","slug":"pesti-naplo","status":"publish","type":"page","link":"https:\/\/rakosliget.hu\/wordpress\/index.php\/pesti-naplo\/","title":{"rendered":"PESTI NAPL\u00d3"},"content":{"rendered":"\n<figure class=\"wp-block-image size-large\"><img loading=\"lazy\" decoding=\"async\" width=\"2048\" height=\"502\" src=\"https:\/\/rakosliget.hu\/wordpress\/wp-content\/uploads\/2025\/11\/logo-9-2048x502.jpg\" alt=\"\" class=\"wp-image-19150\" srcset=\"https:\/\/rakosliget.hu\/wordpress\/wp-content\/uploads\/2025\/11\/logo-9-2048x502.jpg 2048w, https:\/\/rakosliget.hu\/wordpress\/wp-content\/uploads\/2025\/11\/logo-9-300x73.jpg 300w, https:\/\/rakosliget.hu\/wordpress\/wp-content\/uploads\/2025\/11\/logo-9-768x188.jpg 768w, https:\/\/rakosliget.hu\/wordpress\/wp-content\/uploads\/2025\/11\/logo-9-1536x376.jpg 1536w\" sizes=\"auto, (max-width: 2048px) 100vw, 2048px\" \/><\/figure>\n\n\n\n<p id=\"Eleje\">1905 <a href=\"#1925\">1925<\/a> <a href=\"#1931\">1931<\/a>  <a href=\"#1935\">1935<\/a>  <\/p>\n\n\n\n<p><a href=\"https:\/\/rakosliget.hu\/wordpress\/index.php\/rakosliget-a-korabeli-hirekben\/\">VISSZA A SAJT\u00d3 LAPRA<\/a><\/p>\n\n\n\n<h2 class=\"wp-block-heading\" id=\"1905\">1905<\/h2>\n\n\n\n<figure class=\"wp-block-image size-full\"><img loading=\"lazy\" decoding=\"async\" width=\"977\" height=\"933\" src=\"https:\/\/rakosliget.hu\/wordpress\/wp-content\/uploads\/2025\/11\/Rakosligeti-sport-klub-alapitas.jpg\" alt=\"\" class=\"wp-image-19154\" srcset=\"https:\/\/rakosliget.hu\/wordpress\/wp-content\/uploads\/2025\/11\/Rakosligeti-sport-klub-alapitas.jpg 977w, https:\/\/rakosliget.hu\/wordpress\/wp-content\/uploads\/2025\/11\/Rakosligeti-sport-klub-alapitas-300x286.jpg 300w, https:\/\/rakosliget.hu\/wordpress\/wp-content\/uploads\/2025\/11\/Rakosligeti-sport-klub-alapitas-768x733.jpg 768w\" sizes=\"auto, (max-width: 977px) 100vw, 977px\" \/><figcaption class=\"wp-element-caption\">1905.08.13. R\u00e1kosligeti Sport Club alap\u00edt\u00e1sa<\/figcaption><\/figure>\n\n\n\n<p><a href=\"#Eleje\">VISSZA A LAP TETEJ\u00c9RE<\/a><\/p>\n\n\n\n<h2 class=\"wp-block-heading\" id=\"1925\">1925<\/h2>\n\n\n<div class=\"wp-block-image\">\n<figure class=\"aligncenter size-large\"><img loading=\"lazy\" decoding=\"async\" width=\"2048\" height=\"3279\" src=\"https:\/\/rakosliget.hu\/wordpress\/wp-content\/uploads\/2025\/11\/mav-baleset-Levai-Jeno-cikke_-2048x3279.jpg\" alt=\"\" class=\"wp-image-19157\" srcset=\"https:\/\/rakosliget.hu\/wordpress\/wp-content\/uploads\/2025\/11\/mav-baleset-Levai-Jeno-cikke_-2048x3279.jpg 2048w, https:\/\/rakosliget.hu\/wordpress\/wp-content\/uploads\/2025\/11\/mav-baleset-Levai-Jeno-cikke_-187x300.jpg 187w, https:\/\/rakosliget.hu\/wordpress\/wp-content\/uploads\/2025\/11\/mav-baleset-Levai-Jeno-cikke_-768x1230.jpg 768w, https:\/\/rakosliget.hu\/wordpress\/wp-content\/uploads\/2025\/11\/mav-baleset-Levai-Jeno-cikke_-959x1536.jpg 959w, https:\/\/rakosliget.hu\/wordpress\/wp-content\/uploads\/2025\/11\/mav-baleset-Levai-Jeno-cikke_-1279x2048.jpg 1279w, https:\/\/rakosliget.hu\/wordpress\/wp-content\/uploads\/2025\/11\/mav-baleset-Levai-Jeno-cikke_-scaled.jpg 1599w\" sizes=\"auto, (max-width: 2048px) 100vw, 2048px\" \/><figcaption class=\"wp-element-caption\">1925. 04. 05. M\u00c1V baleset. L\u00e9vai Jen\u0151 cikke<\/figcaption><\/figure>\n<\/div>\n\n\n<figure class=\"wp-block-image size-large\"><img loading=\"lazy\" decoding=\"async\" width=\"2048\" height=\"1799\" src=\"https:\/\/rakosliget.hu\/wordpress\/wp-content\/uploads\/2025\/11\/Mav-baleset_-2048x1799.jpg\" alt=\"\" class=\"wp-image-19160\" srcset=\"https:\/\/rakosliget.hu\/wordpress\/wp-content\/uploads\/2025\/11\/Mav-baleset_-2048x1799.jpg 2048w, https:\/\/rakosliget.hu\/wordpress\/wp-content\/uploads\/2025\/11\/Mav-baleset_-300x263.jpg 300w, https:\/\/rakosliget.hu\/wordpress\/wp-content\/uploads\/2025\/11\/Mav-baleset_-768x675.jpg 768w, https:\/\/rakosliget.hu\/wordpress\/wp-content\/uploads\/2025\/11\/Mav-baleset_-1536x1349.jpg 1536w\" sizes=\"auto, (max-width: 2048px) 100vw, 2048px\" \/><figcaption class=\"wp-element-caption\">1925. 04. 07. M\u00c1V baleset <\/figcaption><\/figure>\n\n\n\n<figure class=\"wp-block-image size-large\"><img loading=\"lazy\" decoding=\"async\" width=\"2048\" height=\"2401\" src=\"https:\/\/rakosliget.hu\/wordpress\/wp-content\/uploads\/2025\/11\/Levai-cikke-a-birorol_-2048x2401.jpg\" alt=\"\" class=\"wp-image-19163\" srcset=\"https:\/\/rakosliget.hu\/wordpress\/wp-content\/uploads\/2025\/11\/Levai-cikke-a-birorol_-2048x2401.jpg 2048w, https:\/\/rakosliget.hu\/wordpress\/wp-content\/uploads\/2025\/11\/Levai-cikke-a-birorol_-256x300.jpg 256w, https:\/\/rakosliget.hu\/wordpress\/wp-content\/uploads\/2025\/11\/Levai-cikke-a-birorol_-768x900.jpg 768w, https:\/\/rakosliget.hu\/wordpress\/wp-content\/uploads\/2025\/11\/Levai-cikke-a-birorol_-1310x1536.jpg 1310w, https:\/\/rakosliget.hu\/wordpress\/wp-content\/uploads\/2025\/11\/Levai-cikke-a-birorol_-1747x2048.jpg 1747w\" sizes=\"auto, (max-width: 2048px) 100vw, 2048px\" \/><\/figure>\n\n\n<div class=\"wp-block-image\">\n<figure class=\"aligncenter size-large\"><img loading=\"lazy\" decoding=\"async\" width=\"2048\" height=\"3148\" src=\"https:\/\/rakosliget.hu\/wordpress\/wp-content\/uploads\/2025\/11\/Levai-cikk-a-birorl2_-2048x3148.jpg\" alt=\"\" class=\"wp-image-19166\" srcset=\"https:\/\/rakosliget.hu\/wordpress\/wp-content\/uploads\/2025\/11\/Levai-cikk-a-birorl2_-2048x3148.jpg 2048w, https:\/\/rakosliget.hu\/wordpress\/wp-content\/uploads\/2025\/11\/Levai-cikk-a-birorl2_-195x300.jpg 195w, https:\/\/rakosliget.hu\/wordpress\/wp-content\/uploads\/2025\/11\/Levai-cikk-a-birorl2_-768x1181.jpg 768w, https:\/\/rakosliget.hu\/wordpress\/wp-content\/uploads\/2025\/11\/Levai-cikk-a-birorl2_-999x1536.jpg 999w, https:\/\/rakosliget.hu\/wordpress\/wp-content\/uploads\/2025\/11\/Levai-cikk-a-birorl2_-1332x2048.jpg 1332w, https:\/\/rakosliget.hu\/wordpress\/wp-content\/uploads\/2025\/11\/Levai-cikk-a-birorl2_-scaled.jpg 1665w\" sizes=\"auto, (max-width: 2048px) 100vw, 2048px\" \/><figcaption class=\"wp-element-caption\">1925. 04 . 21. L\u00e9vai Jen\u0151 \u00fajabb  cikke a b\u00edr\u00f3r\u00f3l<\/figcaption><\/figure>\n<\/div>\n\n\n<p><a href=\"#Eleje\">VISSZA A LAP TETEJ\u00c9RE<\/a><\/p>\n\n\n\n<figure class=\"wp-block-image size-full\"><img loading=\"lazy\" decoding=\"async\" width=\"1370\" height=\"2560\" src=\"https:\/\/rakosliget.hu\/wordpress\/wp-content\/uploads\/2025\/11\/I-vh-emlekmu-epitesi-bonyodalmak-scaled.jpg\" alt=\"\" class=\"wp-image-19171\" srcset=\"https:\/\/rakosliget.hu\/wordpress\/wp-content\/uploads\/2025\/11\/I-vh-emlekmu-epitesi-bonyodalmak-scaled.jpg 1370w, https:\/\/rakosliget.hu\/wordpress\/wp-content\/uploads\/2025\/11\/I-vh-emlekmu-epitesi-bonyodalmak-161x300.jpg 161w, https:\/\/rakosliget.hu\/wordpress\/wp-content\/uploads\/2025\/11\/I-vh-emlekmu-epitesi-bonyodalmak-768x1436.jpg 768w, https:\/\/rakosliget.hu\/wordpress\/wp-content\/uploads\/2025\/11\/I-vh-emlekmu-epitesi-bonyodalmak-822x1536.jpg 822w, https:\/\/rakosliget.hu\/wordpress\/wp-content\/uploads\/2025\/11\/I-vh-emlekmu-epitesi-bonyodalmak-1096x2048.jpg 1096w\" sizes=\"auto, (max-width: 1370px) 100vw, 1370px\" \/><figcaption class=\"wp-element-caption\">1925. 01. L\u00e9vai Jen\u0151 cikke az I. vil\u00e1gh\u00e1bor\u00fas eml\u00e9km\u0171 k\u00f6r\u00fcli vit\u00e1r\u00f3l<\/figcaption><\/figure>\n\n\n\n<p><a href=\"#Eleje\">VISSZA A LAP TETEJ\u00c9RE<\/a><\/p>\n\n\n\n<h2 class=\"wp-block-heading\" id=\"1931\">1931<\/h2>\n\n\n<div class=\"wp-block-image\">\n<figure class=\"aligncenter size-full\"><img loading=\"lazy\" decoding=\"async\" width=\"998\" height=\"469\" src=\"https:\/\/rakosliget.hu\/wordpress\/wp-content\/uploads\/2025\/11\/sakk-1.jpg\" alt=\"\" class=\"wp-image-19176\" srcset=\"https:\/\/rakosliget.hu\/wordpress\/wp-content\/uploads\/2025\/11\/sakk-1.jpg 998w, https:\/\/rakosliget.hu\/wordpress\/wp-content\/uploads\/2025\/11\/sakk-1-300x141.jpg 300w, https:\/\/rakosliget.hu\/wordpress\/wp-content\/uploads\/2025\/11\/sakk-1-768x361.jpg 768w\" sizes=\"auto, (max-width: 998px) 100vw, 998px\" \/><figcaption class=\"wp-element-caption\">1931. 03. 22. Sakk<\/figcaption><\/figure>\n<\/div>\n\n\n<p><a href=\"#Eleje\">VISSZA A LAP TETEJ\u00c9RE<\/a><\/p>\n\n\n\n<h2 class=\"wp-block-heading\" id=\"1935\">1935<\/h2>\n\n\n\n<figure class=\"wp-block-image size-full\"><img loading=\"lazy\" decoding=\"async\" width=\"1019\" height=\"86\" src=\"https:\/\/rakosliget.hu\/wordpress\/wp-content\/uploads\/2025\/11\/Pesti-Naplo-1935.-06.-16.jpg\" alt=\"\" class=\"wp-image-19182\" srcset=\"https:\/\/rakosliget.hu\/wordpress\/wp-content\/uploads\/2025\/11\/Pesti-Naplo-1935.-06.-16.jpg 1019w, https:\/\/rakosliget.hu\/wordpress\/wp-content\/uploads\/2025\/11\/Pesti-Naplo-1935.-06.-16-300x25.jpg 300w, https:\/\/rakosliget.hu\/wordpress\/wp-content\/uploads\/2025\/11\/Pesti-Naplo-1935.-06.-16-768x65.jpg 768w\" sizes=\"auto, (max-width: 1019px) 100vw, 1019px\" \/><figcaption class=\"wp-element-caption\">1935. 06. 16. Noszk\u00f3 J\u00e1nos evang\u00e9likus lelk\u00e9sz r\u00e1kosligeti hal\u00e1la<\/figcaption><\/figure>\n\n\n\n<p><a href=\"#Eleje\">VISSZA A LAP TETEJ\u00c9RE<\/a><\/p>\n\n\n\n<p><a href=\"https:\/\/rakosliget.hu\/wordpress\/index.php\/rakosliget-a-korabeli-hirekben\/\">VISSZA A SAJT\u00d3 LAPRA<\/a><\/p>\n","protected":false},"excerpt":{"rendered":"<p>1905 1925 1931 1935 VISSZA A SAJT\u00d3 LAPRA 1905 VISSZA A LAP TETEJ\u00c9RE 1925 VISSZA A LAP TETEJ\u00c9RE VISSZA A LAP TETEJ\u00c9RE 1931 VISSZA A LAP TETEJ\u00c9RE 1935 VISSZA A LAP TETEJ\u00c9RE VISSZA A SAJT\u00d3 LAPRA<\/p>\n","protected":false},"author":1,"featured_media":0,"parent":0,"menu_order":0,"comment_status":"closed","ping_status":"closed","template":"","meta":{"footnotes":""},"class_list":["post-19144","page","type-page","status-publish","hentry"],"_links":{"self":[{"href":"https:\/\/rakosliget.hu\/wordpress\/index.php\/wp-json\/wp\/v2\/pages\/19144","targetHints":{"allow":["GET"]}}],"collection":[{"href":"https:\/\/rakosliget.hu\/wordpress\/index.php\/wp-json\/wp\/v2\/pages"}],"about":[{"href":"https:\/\/rakosliget.hu\/wordpress\/index.php\/wp-json\/wp\/v2\/types\/page"}],"author":[{"embeddable":true,"href":"https:\/\/rakosliget.hu\/wordpress\/index.php\/wp-json\/wp\/v2\/users\/1"}],"replies":[{"embeddable":true,"href":"https:\/\/rakosliget.hu\/wordpress\/index.php\/wp-json\/wp\/v2\/comments?post=19144"}],"version-history":[{"count":19,"href":"https:\/\/rakosliget.hu\/wordpress\/index.php\/wp-json\/wp\/v2\/pages\/19144\/revisions"}],"predecessor-version":[{"id":19185,"href":"https:\/\/rakosliget.hu\/wordpress\/index.php\/wp-json\/wp\/v2\/pages\/19144\/revisions\/19185"}],"wp:attachment":[{"href":"https:\/\/rakosliget.hu\/wordpress\/index.php\/wp-json\/wp\/v2\/media?parent=19144"}],"curies":[{"name":"wp","href":"https:\/\/api.w.org\/{rel}","templated":true}]}}