{"id":18788,"date":"2025-11-08T18:23:04","date_gmt":"2025-11-08T17:23:04","guid":{"rendered":"https:\/\/rakosliget.hu\/wordpress\/?page_id=18788"},"modified":"2026-01-02T19:10:10","modified_gmt":"2026-01-02T18:10:10","slug":"egyenloseg","status":"publish","type":"page","link":"https:\/\/rakosliget.hu\/wordpress\/index.php\/egyenloseg\/","title":{"rendered":"EGYENL\u0150S\u00c9G"},"content":{"rendered":"<div class=\"wp-block-image\">\n<figure class=\"aligncenter size-large\"><img loading=\"lazy\" decoding=\"async\" width=\"2048\" height=\"807\" src=\"https:\/\/rakosliget.hu\/wordpress\/wp-content\/uploads\/2025\/11\/logo-1-2048x807.jpg\" alt=\"\" class=\"wp-image-18790\" srcset=\"https:\/\/rakosliget.hu\/wordpress\/wp-content\/uploads\/2025\/11\/logo-1-2048x807.jpg 2048w, https:\/\/rakosliget.hu\/wordpress\/wp-content\/uploads\/2025\/11\/logo-1-300x118.jpg 300w, https:\/\/rakosliget.hu\/wordpress\/wp-content\/uploads\/2025\/11\/logo-1-768x303.jpg 768w, https:\/\/rakosliget.hu\/wordpress\/wp-content\/uploads\/2025\/11\/logo-1-1536x605.jpg 1536w\" sizes=\"auto, (max-width: 2048px) 100vw, 2048px\" \/><\/figure>\n<\/div>\n\n\n<p><a href=\"https:\/\/rakosliget.hu\/wordpress\/index.php\/rakosliget-a-korabeli-hirekben\/\">Vissza a SAJT\u00d3H\u00cdREK lapra<\/a><\/p>\n\n\n\n<h2 class=\"wp-block-heading\">1925<\/h2>\n\n\n\n<figure class=\"wp-block-image size-full\"><img loading=\"lazy\" decoding=\"async\" width=\"768\" height=\"321\" src=\"https:\/\/rakosliget.hu\/wordpress\/wp-content\/uploads\/2026\/01\/hirdetes.jpg\" alt=\"\" class=\"wp-image-20835\" srcset=\"https:\/\/rakosliget.hu\/wordpress\/wp-content\/uploads\/2026\/01\/hirdetes.jpg 768w, https:\/\/rakosliget.hu\/wordpress\/wp-content\/uploads\/2026\/01\/hirdetes-300x125.jpg 300w\" sizes=\"auto, (max-width: 768px) 100vw, 768px\" \/><figcaption class=\"wp-element-caption\">1925. janu\u00e1r 17. 19. oldal<\/figcaption><\/figure>\n\n\n\n<h2 class=\"wp-block-heading\">1935<\/h2>\n\n\n\n<figure class=\"wp-block-image size-full\"><img loading=\"lazy\" decoding=\"async\" width=\"1221\" height=\"2560\" src=\"https:\/\/rakosliget.hu\/wordpress\/wp-content\/uploads\/2026\/01\/Gozon-scaled.jpg\" alt=\"\" class=\"wp-image-20839\" srcset=\"https:\/\/rakosliget.hu\/wordpress\/wp-content\/uploads\/2026\/01\/Gozon-scaled.jpg 1221w, https:\/\/rakosliget.hu\/wordpress\/wp-content\/uploads\/2026\/01\/Gozon-143x300.jpg 143w, https:\/\/rakosliget.hu\/wordpress\/wp-content\/uploads\/2026\/01\/Gozon-768x1611.jpg 768w, https:\/\/rakosliget.hu\/wordpress\/wp-content\/uploads\/2026\/01\/Gozon-732x1536.jpg 732w, https:\/\/rakosliget.hu\/wordpress\/wp-content\/uploads\/2026\/01\/Gozon-977x2048.jpg 977w\" sizes=\"auto, (max-width: 1221px) 100vw, 1221px\" \/><figcaption class=\"wp-element-caption\">1935. j\u00fanius 22. 17. oldal<\/figcaption><\/figure>\n\n\n\n<h2 class=\"wp-block-heading\">1937<\/h2>\n\n\n<div class=\"wp-block-image\">\n<figure class=\"aligncenter size-full\"><img loading=\"lazy\" decoding=\"async\" width=\"768\" height=\"289\" src=\"https:\/\/rakosliget.hu\/wordpress\/wp-content\/uploads\/2025\/11\/Chevra.jpg\" alt=\"\" class=\"wp-image-18793\" srcset=\"https:\/\/rakosliget.hu\/wordpress\/wp-content\/uploads\/2025\/11\/Chevra.jpg 768w, https:\/\/rakosliget.hu\/wordpress\/wp-content\/uploads\/2025\/11\/Chevra-300x113.jpg 300w\" sizes=\"auto, (max-width: 768px) 100vw, 768px\" \/><figcaption class=\"wp-element-caption\">Forr\u00e1s: Egyenl\u0151s\u00e9g 1937-03-18 12. sz\u00e1m. Chevra Kadisa megalakul\u00e1sa.<\/figcaption><\/figure>\n<\/div>\n\n\n<figure class=\"wp-block-image size-large\"><img loading=\"lazy\" decoding=\"async\" width=\"2048\" height=\"2236\" src=\"https:\/\/rakosliget.hu\/wordpress\/wp-content\/uploads\/2025\/11\/antiszemita-2048x2236.jpg\" alt=\"\" class=\"wp-image-18796\" srcset=\"https:\/\/rakosliget.hu\/wordpress\/wp-content\/uploads\/2025\/11\/antiszemita-2048x2236.jpg 2048w, https:\/\/rakosliget.hu\/wordpress\/wp-content\/uploads\/2025\/11\/antiszemita-275x300.jpg 275w, https:\/\/rakosliget.hu\/wordpress\/wp-content\/uploads\/2025\/11\/antiszemita-768x839.jpg 768w, https:\/\/rakosliget.hu\/wordpress\/wp-content\/uploads\/2025\/11\/antiszemita-1407x1536.jpg 1407w, https:\/\/rakosliget.hu\/wordpress\/wp-content\/uploads\/2025\/11\/antiszemita-1876x2048.jpg 1876w\" sizes=\"auto, (max-width: 2048px) 100vw, 2048px\" \/><figcaption class=\"wp-element-caption\">Forr\u00e1s: Egyenl\u0151s\u00e9g, 1937. 08. 19. 34. sz\u00e1m. Zsid\u00f3ellenes t\u00fcntet\u00e9sek R\u00e1kosligeten. Ablakbever\u00e9sek.<\/figcaption><\/figure>\n\n\n\n<p><a href=\"https:\/\/rakosliget.hu\/wordpress\/index.php\/rakosliget-a-korabeli-hirekben\/\">Vissza a SAJT\u00d3H\u00cdREK lapra<\/a><\/p>\n","protected":false},"excerpt":{"rendered":"<p>Vissza a SAJT\u00d3H\u00cdREK lapra 1925 1935 1937 Vissza a SAJT\u00d3H\u00cdREK lapra<\/p>\n","protected":false},"author":1,"featured_media":0,"parent":0,"menu_order":0,"comment_status":"closed","ping_status":"closed","template":"","meta":{"footnotes":""},"class_list":["post-18788","page","type-page","status-publish","hentry"],"_links":{"self":[{"href":"https:\/\/rakosliget.hu\/wordpress\/index.php\/wp-json\/wp\/v2\/pages\/18788","targetHints":{"allow":["GET"]}}],"collection":[{"href":"https:\/\/rakosliget.hu\/wordpress\/index.php\/wp-json\/wp\/v2\/pages"}],"about":[{"href":"https:\/\/rakosliget.hu\/wordpress\/index.php\/wp-json\/wp\/v2\/types\/page"}],"author":[{"embeddable":true,"href":"https:\/\/rakosliget.hu\/wordpress\/index.php\/wp-json\/wp\/v2\/users\/1"}],"replies":[{"embeddable":true,"href":"https:\/\/rakosliget.hu\/wordpress\/index.php\/wp-json\/wp\/v2\/comments?post=18788"}],"version-history":[{"count":8,"href":"https:\/\/rakosliget.hu\/wordpress\/index.php\/wp-json\/wp\/v2\/pages\/18788\/revisions"}],"predecessor-version":[{"id":20840,"href":"https:\/\/rakosliget.hu\/wordpress\/index.php\/wp-json\/wp\/v2\/pages\/18788\/revisions\/20840"}],"wp:attachment":[{"href":"https:\/\/rakosliget.hu\/wordpress\/index.php\/wp-json\/wp\/v2\/media?parent=18788"}],"curies":[{"name":"wp","href":"https:\/\/api.w.org\/{rel}","templated":true}]}}