{"id":18781,"date":"2025-11-08T14:22:09","date_gmt":"2025-11-08T13:22:09","guid":{"rendered":"https:\/\/rakosliget.hu\/wordpress\/?page_id=18781"},"modified":"2026-01-25T13:07:44","modified_gmt":"2026-01-25T12:07:44","slug":"rakosliget-1989-utan","status":"publish","type":"page","link":"https:\/\/rakosliget.hu\/wordpress\/index.php\/rakosliget-1989-utan\/","title":{"rendered":"R\u00c1KOSLIGET 1989 UT\u00c1N&#8230;\u00d6NKORM\u00c1NYZATIS\u00c1G"},"content":{"rendered":"\n<h2 class=\"wp-block-heading\">1993<\/h2>\n\n\n\n<p>Szociol\u00f3giai felm\u00e9r\u00e9s a ker\u00fclet lakoss\u00e1g\u00e1r\u00f3l. Megjelent: \u00d6n Kor K\u00e9p, 1993<\/p>\n\n\n\n<div data-wp-interactive=\"core\/file\" class=\"wp-block-file aligncenter\"><object data-wp-bind--hidden=\"!state.hasPdfPreview\" hidden class=\"wp-block-file__embed\" data=\"https:\/\/rakosliget.hu\/wordpress\/wp-content\/uploads\/2025\/11\/OnKorKep_1993-1724188684__pages42-43.pdf\" type=\"application\/pdf\" style=\"width:100%;height:600px\" aria-label=\"\u00d6n Kor K\u00e9p 1993. be\u00e1gyaz\u00e1sa\"><\/object><a id=\"wp-block-file--media-9215427b-c9c6-4227-afc4-f25c9d273e81\" href=\"https:\/\/rakosliget.hu\/wordpress\/wp-content\/uploads\/2025\/11\/OnKorKep_1993-1724188684__pages42-43.pdf\">\u00d6n Kor K\u00e9p 1993.<\/a><a href=\"https:\/\/rakosliget.hu\/wordpress\/wp-content\/uploads\/2025\/11\/OnKorKep_1993-1724188684__pages42-43.pdf\" class=\"wp-block-file__button wp-element-button\" download aria-describedby=\"wp-block-file--media-9215427b-c9c6-4227-afc4-f25c9d273e81\">Let\u00f6lt\u00e9s<\/a><\/div>\n\n\n\n<div data-wp-interactive=\"core\/file\" class=\"wp-block-file\"><object data-wp-bind--hidden=\"!state.hasPdfPreview\" hidden class=\"wp-block-file__embed\" data=\"https:\/\/rakosliget.hu\/wordpress\/wp-content\/uploads\/2026\/01\/Varosepites_1982-1686201884__pages21-24_reduce.pdf\" type=\"application\/pdf\" style=\"width:100%;height:600px\" aria-label=\"Varosepites_1982-1686201884__pages21-24_reduce be\u00e1gyaz\u00e1sa\"><\/object><a id=\"wp-block-file--media-6384969e-af78-4087-abee-ef43e8ebeb55\" href=\"https:\/\/rakosliget.hu\/wordpress\/wp-content\/uploads\/2026\/01\/Varosepites_1982-1686201884__pages21-24_reduce.pdf\">Varosepites_1982-1686201884__pages21-24_reduce<\/a><a href=\"https:\/\/rakosliget.hu\/wordpress\/wp-content\/uploads\/2026\/01\/Varosepites_1982-1686201884__pages21-24_reduce.pdf\" class=\"wp-block-file__button wp-element-button\" download aria-describedby=\"wp-block-file--media-6384969e-af78-4087-abee-ef43e8ebeb55\">Let\u00f6lt\u00e9s<\/a><\/div>\n","protected":false},"excerpt":{"rendered":"<p>1993 Szociol\u00f3giai felm\u00e9r\u00e9s a ker\u00fclet lakoss\u00e1g\u00e1r\u00f3l. Megjelent: \u00d6n Kor K\u00e9p, 1993<\/p>\n","protected":false},"author":1,"featured_media":0,"parent":0,"menu_order":0,"comment_status":"closed","ping_status":"closed","template":"","meta":{"footnotes":""},"class_list":["post-18781","page","type-page","status-publish","hentry"],"_links":{"self":[{"href":"https:\/\/rakosliget.hu\/wordpress\/index.php\/wp-json\/wp\/v2\/pages\/18781","targetHints":{"allow":["GET"]}}],"collection":[{"href":"https:\/\/rakosliget.hu\/wordpress\/index.php\/wp-json\/wp\/v2\/pages"}],"about":[{"href":"https:\/\/rakosliget.hu\/wordpress\/index.php\/wp-json\/wp\/v2\/types\/page"}],"author":[{"embeddable":true,"href":"https:\/\/rakosliget.hu\/wordpress\/index.php\/wp-json\/wp\/v2\/users\/1"}],"replies":[{"embeddable":true,"href":"https:\/\/rakosliget.hu\/wordpress\/index.php\/wp-json\/wp\/v2\/comments?post=18781"}],"version-history":[{"count":4,"href":"https:\/\/rakosliget.hu\/wordpress\/index.php\/wp-json\/wp\/v2\/pages\/18781\/revisions"}],"predecessor-version":[{"id":22303,"href":"https:\/\/rakosliget.hu\/wordpress\/index.php\/wp-json\/wp\/v2\/pages\/18781\/revisions\/22303"}],"wp:attachment":[{"href":"https:\/\/rakosliget.hu\/wordpress\/index.php\/wp-json\/wp\/v2\/media?parent=18781"}],"curies":[{"name":"wp","href":"https:\/\/api.w.org\/{rel}","templated":true}]}}