{"id":18732,"date":"2025-11-02T17:11:59","date_gmt":"2025-11-02T16:11:59","guid":{"rendered":"https:\/\/rakosliget.hu\/wordpress\/?page_id=18732"},"modified":"2025-11-02T18:17:05","modified_gmt":"2025-11-02T17:17:05","slug":"nemzeti-ujsag","status":"publish","type":"page","link":"https:\/\/rakosliget.hu\/wordpress\/index.php\/nemzeti-ujsag\/","title":{"rendered":"NEMZETI \u00daJS\u00c1G"},"content":{"rendered":"\n<figure class=\"wp-block-image size-large\"><img loading=\"lazy\" decoding=\"async\" width=\"2048\" height=\"557\" src=\"https:\/\/rakosliget.hu\/wordpress\/wp-content\/uploads\/2025\/11\/Logo-2048x557.jpg\" alt=\"\" class=\"wp-image-18731\" srcset=\"https:\/\/rakosliget.hu\/wordpress\/wp-content\/uploads\/2025\/11\/Logo-2048x557.jpg 2048w, https:\/\/rakosliget.hu\/wordpress\/wp-content\/uploads\/2025\/11\/Logo-300x82.jpg 300w, https:\/\/rakosliget.hu\/wordpress\/wp-content\/uploads\/2025\/11\/Logo-768x209.jpg 768w, https:\/\/rakosliget.hu\/wordpress\/wp-content\/uploads\/2025\/11\/Logo-1536x418.jpg 1536w\" sizes=\"auto, (max-width: 2048px) 100vw, 2048px\" \/><\/figure>\n\n\n\n<h2 class=\"wp-block-heading\">1931<\/h2>\n\n\n<div class=\"wp-block-image\">\n<figure class=\"aligncenter size-full\"><img loading=\"lazy\" decoding=\"async\" width=\"811\" height=\"1770\" src=\"https:\/\/rakosliget.hu\/wordpress\/wp-content\/uploads\/2025\/11\/nephaz.jpg\" alt=\"\" class=\"wp-image-18740\" srcset=\"https:\/\/rakosliget.hu\/wordpress\/wp-content\/uploads\/2025\/11\/nephaz.jpg 811w, https:\/\/rakosliget.hu\/wordpress\/wp-content\/uploads\/2025\/11\/nephaz-137x300.jpg 137w, https:\/\/rakosliget.hu\/wordpress\/wp-content\/uploads\/2025\/11\/nephaz-768x1676.jpg 768w, https:\/\/rakosliget.hu\/wordpress\/wp-content\/uploads\/2025\/11\/nephaz-704x1536.jpg 704w\" sizes=\"auto, (max-width: 811px) 100vw, 811px\" \/><figcaption class=\"wp-element-caption\">1931. janu\u00e1r 8. R\u00e1kosliget felszereli a N\u00e9ph\u00e1z\u00e1t.<\/figcaption><\/figure>\n<\/div>\n\n\n<figure class=\"wp-block-image size-large\"><img loading=\"lazy\" decoding=\"async\" width=\"2003\" height=\"4078\" src=\"https:\/\/rakosliget.hu\/wordpress\/wp-content\/uploads\/2025\/11\/Czitron-Mor-uzelemei_1931-2003x4078.jpg\" alt=\"\" class=\"wp-image-18729\" srcset=\"https:\/\/rakosliget.hu\/wordpress\/wp-content\/uploads\/2025\/11\/Czitron-Mor-uzelemei_1931-2003x4078.jpg 2003w, https:\/\/rakosliget.hu\/wordpress\/wp-content\/uploads\/2025\/11\/Czitron-Mor-uzelemei_1931-147x300.jpg 147w, https:\/\/rakosliget.hu\/wordpress\/wp-content\/uploads\/2025\/11\/Czitron-Mor-uzelemei_1931-768x1564.jpg 768w, https:\/\/rakosliget.hu\/wordpress\/wp-content\/uploads\/2025\/11\/Czitron-Mor-uzelemei_1931-754x1536.jpg 754w, https:\/\/rakosliget.hu\/wordpress\/wp-content\/uploads\/2025\/11\/Czitron-Mor-uzelemei_1931-1006x2048.jpg 1006w, https:\/\/rakosliget.hu\/wordpress\/wp-content\/uploads\/2025\/11\/Czitron-Mor-uzelemei_1931-scaled.jpg 1257w\" sizes=\"auto, (max-width: 2003px) 100vw, 2003px\" \/><figcaption class=\"wp-element-caption\">Nemzeti Ujs\u00e1g, 1931. janu\u00e1r 18. 14. sz\u00e1m. Czitrom (G\u00e1rdonyi) M\u00f3r \u00fcgyesked\u00e9sei, csal\u00e1sai<\/figcaption><\/figure>\n\n\n\n<figure class=\"wp-block-image size-full\"><img loading=\"lazy\" decoding=\"async\" width=\"817\" height=\"217\" src=\"https:\/\/rakosliget.hu\/wordpress\/wp-content\/uploads\/2025\/11\/Foederacio-Emerosa-1931.jpg\" alt=\"\" class=\"wp-image-18742\" srcset=\"https:\/\/rakosliget.hu\/wordpress\/wp-content\/uploads\/2025\/11\/Foederacio-Emerosa-1931.jpg 817w, https:\/\/rakosliget.hu\/wordpress\/wp-content\/uploads\/2025\/11\/Foederacio-Emerosa-1931-300x80.jpg 300w, https:\/\/rakosliget.hu\/wordpress\/wp-content\/uploads\/2025\/11\/Foederacio-Emerosa-1931-768x204.jpg 768w\" sizes=\"auto, (max-width: 817px) 100vw, 817px\" \/><figcaption class=\"wp-element-caption\">1931. janu\u00e1r 30. Foederatio Emericana Nemorosa Corporatioja R\u00e1kosligeten.<\/figcaption><\/figure>\n\n\n<div class=\"wp-block-image\">\n<figure class=\"aligncenter size-full\"><img loading=\"lazy\" decoding=\"async\" width=\"863\" height=\"1801\" src=\"https:\/\/rakosliget.hu\/wordpress\/wp-content\/uploads\/2025\/11\/Novedo-nemorosa.jpg\" alt=\"\" class=\"wp-image-18746\" srcset=\"https:\/\/rakosliget.hu\/wordpress\/wp-content\/uploads\/2025\/11\/Novedo-nemorosa.jpg 863w, https:\/\/rakosliget.hu\/wordpress\/wp-content\/uploads\/2025\/11\/Novedo-nemorosa-144x300.jpg 144w, https:\/\/rakosliget.hu\/wordpress\/wp-content\/uploads\/2025\/11\/Novedo-nemorosa-768x1603.jpg 768w, https:\/\/rakosliget.hu\/wordpress\/wp-content\/uploads\/2025\/11\/Novedo-nemorosa-736x1536.jpg 736w\" sizes=\"auto, (max-width: 863px) 100vw, 863px\" \/><figcaption class=\"wp-element-caption\">1931. j\u00fanius 13.A r\u00e1kosligeti Ka.t. N\u0151v\u00e9d\u0151 Egyes\u00fclet \u00e9s a Foederatio Emericana Corporatio Nemorosa<\/figcaption><\/figure>\n<\/div>\n\n<div class=\"wp-block-image\">\n<figure class=\"aligncenter size-full\"><img loading=\"lazy\" decoding=\"async\" width=\"834\" height=\"328\" src=\"https:\/\/rakosliget.hu\/wordpress\/wp-content\/uploads\/2025\/11\/Nemorosa-zaszlo-1934.jpg\" alt=\"\" class=\"wp-image-18752\" srcset=\"https:\/\/rakosliget.hu\/wordpress\/wp-content\/uploads\/2025\/11\/Nemorosa-zaszlo-1934.jpg 834w, https:\/\/rakosliget.hu\/wordpress\/wp-content\/uploads\/2025\/11\/Nemorosa-zaszlo-1934-300x118.jpg 300w, https:\/\/rakosliget.hu\/wordpress\/wp-content\/uploads\/2025\/11\/Nemorosa-zaszlo-1934-768x302.jpg 768w\" sizes=\"auto, (max-width: 834px) 100vw, 834px\" \/><figcaption class=\"wp-element-caption\">1934. m\u00e1jus 6.<\/figcaption><\/figure>\n<\/div>\n\n\n<figure class=\"wp-block-image size-full\"><img loading=\"lazy\" decoding=\"async\" width=\"837\" height=\"847\" src=\"https:\/\/rakosliget.hu\/wordpress\/wp-content\/uploads\/2025\/11\/Endre-Laszlo-diszpolgar.jpg\" alt=\"\" class=\"wp-image-18749\" srcset=\"https:\/\/rakosliget.hu\/wordpress\/wp-content\/uploads\/2025\/11\/Endre-Laszlo-diszpolgar.jpg 837w, https:\/\/rakosliget.hu\/wordpress\/wp-content\/uploads\/2025\/11\/Endre-Laszlo-diszpolgar-296x300.jpg 296w, https:\/\/rakosliget.hu\/wordpress\/wp-content\/uploads\/2025\/11\/Endre-Laszlo-diszpolgar-768x777.jpg 768w\" sizes=\"auto, (max-width: 837px) 100vw, 837px\" \/><figcaption class=\"wp-element-caption\">1934. m\u00e1jus 13. Endre L\u00e1szl\u00f3 d\u00edszpolg\u00e1r<\/figcaption><\/figure>\n","protected":false},"excerpt":{"rendered":"<p>1931<\/p>\n","protected":false},"author":1,"featured_media":0,"parent":0,"menu_order":0,"comment_status":"closed","ping_status":"closed","template":"","meta":{"footnotes":""},"class_list":["post-18732","page","type-page","status-publish","hentry"],"_links":{"self":[{"href":"https:\/\/rakosliget.hu\/wordpress\/index.php\/wp-json\/wp\/v2\/pages\/18732","targetHints":{"allow":["GET"]}}],"collection":[{"href":"https:\/\/rakosliget.hu\/wordpress\/index.php\/wp-json\/wp\/v2\/pages"}],"about":[{"href":"https:\/\/rakosliget.hu\/wordpress\/index.php\/wp-json\/wp\/v2\/types\/page"}],"author":[{"embeddable":true,"href":"https:\/\/rakosliget.hu\/wordpress\/index.php\/wp-json\/wp\/v2\/users\/1"}],"replies":[{"embeddable":true,"href":"https:\/\/rakosliget.hu\/wordpress\/index.php\/wp-json\/wp\/v2\/comments?post=18732"}],"version-history":[{"count":9,"href":"https:\/\/rakosliget.hu\/wordpress\/index.php\/wp-json\/wp\/v2\/pages\/18732\/revisions"}],"predecessor-version":[{"id":18754,"href":"https:\/\/rakosliget.hu\/wordpress\/index.php\/wp-json\/wp\/v2\/pages\/18732\/revisions\/18754"}],"wp:attachment":[{"href":"https:\/\/rakosliget.hu\/wordpress\/index.php\/wp-json\/wp\/v2\/media?parent=18732"}],"curies":[{"name":"wp","href":"https:\/\/api.w.org\/{rel}","templated":true}]}}