{"id":18717,"date":"2025-11-02T12:49:37","date_gmt":"2025-11-02T11:49:37","guid":{"rendered":"https:\/\/rakosliget.hu\/wordpress\/?page_id=18717"},"modified":"2026-01-17T17:22:10","modified_gmt":"2026-01-17T16:22:10","slug":"magyar-posta-tavirda-es-tavbeszelo-alkalmazottak-termelo-ertekesito-es-fogyasztasi-szovetkezete","status":"publish","type":"page","link":"https:\/\/rakosliget.hu\/wordpress\/index.php\/magyar-posta-tavirda-es-tavbeszelo-alkalmazottak-termelo-ertekesito-es-fogyasztasi-szovetkezete\/","title":{"rendered":"MAGYAR POSTA, T\u00c1VIRDA \u00c9S T\u00c1VBESZ\u00c9L\u0150 ALKALMAZOTTAK TERMEL\u0150, \u00c9RT\u00c9KES\u00cdT\u0150 \u00c9S FOGYASZT\u00c1SI  SZ\u00d6VETKEZETE"},"content":{"rendered":"\n<h3 class=\"wp-block-heading\"><a href=\"https:\/\/rakosliget.hu\/wordpress\/index.php\/gazdasag-vallalkozasok\/\">VISSZA A GAZDAS\u00c1G, V\u00c1LLALKOZ\u00c1SOK, SZ\u00d6VETKEZETEK LAPRA<\/a><\/h3>\n\n\n\n<h2 class=\"wp-block-heading\">1920<\/h2>\n\n\n<div class=\"wp-block-image\">\n<figure class=\"aligncenter size-full\"><img loading=\"lazy\" decoding=\"async\" width=\"1441\" height=\"964\" src=\"https:\/\/rakosliget.hu\/wordpress\/wp-content\/uploads\/2025\/11\/Posta-fogyasztasi-szovetkezet-1920.jpg\" alt=\"\" class=\"wp-image-18719\" srcset=\"https:\/\/rakosliget.hu\/wordpress\/wp-content\/uploads\/2025\/11\/Posta-fogyasztasi-szovetkezet-1920.jpg 1441w, https:\/\/rakosliget.hu\/wordpress\/wp-content\/uploads\/2025\/11\/Posta-fogyasztasi-szovetkezet-1920-300x201.jpg 300w, https:\/\/rakosliget.hu\/wordpress\/wp-content\/uploads\/2025\/11\/Posta-fogyasztasi-szovetkezet-1920-768x514.jpg 768w, https:\/\/rakosliget.hu\/wordpress\/wp-content\/uploads\/2025\/11\/Posta-fogyasztasi-szovetkezet-1920-272x182.jpg 272w\" sizes=\"auto, (max-width: 1441px) 100vw, 1441px\" \/><figcaption class=\"wp-element-caption\">For\u00e1s: Magyar Compass 1920<\/figcaption><\/figure>\n<\/div>\n\n\n<p><a href=\"https:\/\/rakosliget.hu\/wordpress\/index.php\/gazdasag-vallalkozasok\/\">VISSZA A GAZDAS\u00c1G, V\u00c1LLALKOZ\u00c1SOK, SZ\u00d6VETKEZETEK LAPRA<\/a><\/p>\n","protected":false},"excerpt":{"rendered":"<p>VISSZA A GAZDAS\u00c1G, V\u00c1LLALKOZ\u00c1SOK, SZ\u00d6VETKEZETEK LAPRA 1920 VISSZA A GAZDAS\u00c1G, V\u00c1LLALKOZ\u00c1SOK, SZ\u00d6VETKEZETEK LAPRA<\/p>\n","protected":false},"author":1,"featured_media":0,"parent":0,"menu_order":0,"comment_status":"closed","ping_status":"closed","template":"","meta":{"footnotes":""},"class_list":["post-18717","page","type-page","status-publish","hentry"],"_links":{"self":[{"href":"https:\/\/rakosliget.hu\/wordpress\/index.php\/wp-json\/wp\/v2\/pages\/18717","targetHints":{"allow":["GET"]}}],"collection":[{"href":"https:\/\/rakosliget.hu\/wordpress\/index.php\/wp-json\/wp\/v2\/pages"}],"about":[{"href":"https:\/\/rakosliget.hu\/wordpress\/index.php\/wp-json\/wp\/v2\/types\/page"}],"author":[{"embeddable":true,"href":"https:\/\/rakosliget.hu\/wordpress\/index.php\/wp-json\/wp\/v2\/users\/1"}],"replies":[{"embeddable":true,"href":"https:\/\/rakosliget.hu\/wordpress\/index.php\/wp-json\/wp\/v2\/comments?post=18717"}],"version-history":[{"count":3,"href":"https:\/\/rakosliget.hu\/wordpress\/index.php\/wp-json\/wp\/v2\/pages\/18717\/revisions"}],"predecessor-version":[{"id":21795,"href":"https:\/\/rakosliget.hu\/wordpress\/index.php\/wp-json\/wp\/v2\/pages\/18717\/revisions\/21795"}],"wp:attachment":[{"href":"https:\/\/rakosliget.hu\/wordpress\/index.php\/wp-json\/wp\/v2\/media?parent=18717"}],"curies":[{"name":"wp","href":"https:\/\/api.w.org\/{rel}","templated":true}]}}