{"id":18679,"date":"2025-11-01T08:23:15","date_gmt":"2025-11-01T07:23:15","guid":{"rendered":"https:\/\/rakosliget.hu\/wordpress\/?page_id=18679"},"modified":"2026-01-17T17:19:56","modified_gmt":"2026-01-17T16:19:56","slug":"mav-alkalmazottak-fogyasztasi-szovetkezete","status":"publish","type":"page","link":"https:\/\/rakosliget.hu\/wordpress\/index.php\/mav-alkalmazottak-fogyasztasi-szovetkezete\/","title":{"rendered":"M\u00c1V alkalmazottak Fogyaszt\u00e1si Sz\u00f6vetkezete"},"content":{"rendered":"\n<h3 class=\"wp-block-heading\"><a href=\"https:\/\/rakosliget.hu\/wordpress\/index.php\/gazdasag-vallalkozasok\/\">VISSZA A GAZDAS\u00c1G, V\u00c1LLALKOZ\u00c1SOK, SZ\u00d6VETKEZETEK LAPRA<\/a><\/h3>\n\n\n\n<h2 class=\"wp-block-heading\">1912<\/h2>\n\n\n\n<h2 class=\"wp-block-heading\">M\u00c1V alkalmazottak Fogyaszt\u00e1si Sz\u00f6vetkezete<\/h2>\n\n\n<div class=\"wp-block-image\">\n<figure class=\"aligncenter size-full\"><img loading=\"lazy\" decoding=\"async\" width=\"1432\" height=\"1168\" src=\"https:\/\/rakosliget.hu\/wordpress\/wp-content\/uploads\/2025\/11\/MAV-alkalmazottak-fogyasztasi-szovetkezet.jpg\" alt=\"\" class=\"wp-image-18658\" srcset=\"https:\/\/rakosliget.hu\/wordpress\/wp-content\/uploads\/2025\/11\/MAV-alkalmazottak-fogyasztasi-szovetkezet.jpg 1432w, https:\/\/rakosliget.hu\/wordpress\/wp-content\/uploads\/2025\/11\/MAV-alkalmazottak-fogyasztasi-szovetkezet-300x245.jpg 300w, https:\/\/rakosliget.hu\/wordpress\/wp-content\/uploads\/2025\/11\/MAV-alkalmazottak-fogyasztasi-szovetkezet-768x626.jpg 768w\" sizes=\"auto, (max-width: 1432px) 100vw, 1432px\" \/><figcaption class=\"wp-element-caption\">Forr\u00e1s: Magyar Compass 1912<\/figcaption><\/figure>\n<\/div>\n\n\n<h2 class=\"wp-block-heading\">1914<\/h2>\n\n\n<div class=\"wp-block-image\">\n<figure class=\"aligncenter size-full\"><img loading=\"lazy\" decoding=\"async\" width=\"1394\" height=\"1097\" src=\"https:\/\/rakosliget.hu\/wordpress\/wp-content\/uploads\/2025\/11\/MAV-szovetkezet-1914.jpg\" alt=\"\" class=\"wp-image-18684\" srcset=\"https:\/\/rakosliget.hu\/wordpress\/wp-content\/uploads\/2025\/11\/MAV-szovetkezet-1914.jpg 1394w, https:\/\/rakosliget.hu\/wordpress\/wp-content\/uploads\/2025\/11\/MAV-szovetkezet-1914-300x236.jpg 300w, https:\/\/rakosliget.hu\/wordpress\/wp-content\/uploads\/2025\/11\/MAV-szovetkezet-1914-768x604.jpg 768w\" sizes=\"auto, (max-width: 1394px) 100vw, 1394px\" \/><figcaption class=\"wp-element-caption\">Forr\u00e1s: Magyar Compass 1914<\/figcaption><\/figure>\n<\/div>\n\n\n<h2 class=\"wp-block-heading\">1915<\/h2>\n\n\n<div class=\"wp-block-image\">\n<figure class=\"aligncenter size-full\"><img loading=\"lazy\" decoding=\"async\" width=\"1431\" height=\"1087\" src=\"https:\/\/rakosliget.hu\/wordpress\/wp-content\/uploads\/2025\/11\/MAV-fogyasztasi-szovetkezet-1915.jpg\" alt=\"\" class=\"wp-image-18697\" srcset=\"https:\/\/rakosliget.hu\/wordpress\/wp-content\/uploads\/2025\/11\/MAV-fogyasztasi-szovetkezet-1915.jpg 1431w, https:\/\/rakosliget.hu\/wordpress\/wp-content\/uploads\/2025\/11\/MAV-fogyasztasi-szovetkezet-1915-300x228.jpg 300w, https:\/\/rakosliget.hu\/wordpress\/wp-content\/uploads\/2025\/11\/MAV-fogyasztasi-szovetkezet-1915-768x583.jpg 768w\" sizes=\"auto, (max-width: 1431px) 100vw, 1431px\" \/><figcaption class=\"wp-element-caption\">Forr\u00e1s: Magyar Compass 1915<\/figcaption><\/figure>\n<\/div>\n\n\n<h2 class=\"wp-block-heading\">1916<\/h2>\n\n\n<div class=\"wp-block-image\">\n<figure class=\"aligncenter size-full\"><img loading=\"lazy\" decoding=\"async\" width=\"1431\" height=\"1107\" src=\"https:\/\/rakosliget.hu\/wordpress\/wp-content\/uploads\/2025\/11\/Mav-fogyasztasi-szovetkezet-1916.jpg\" alt=\"\" class=\"wp-image-18708\" srcset=\"https:\/\/rakosliget.hu\/wordpress\/wp-content\/uploads\/2025\/11\/Mav-fogyasztasi-szovetkezet-1916.jpg 1431w, https:\/\/rakosliget.hu\/wordpress\/wp-content\/uploads\/2025\/11\/Mav-fogyasztasi-szovetkezet-1916-300x232.jpg 300w, https:\/\/rakosliget.hu\/wordpress\/wp-content\/uploads\/2025\/11\/Mav-fogyasztasi-szovetkezet-1916-768x594.jpg 768w\" sizes=\"auto, (max-width: 1431px) 100vw, 1431px\" \/><figcaption class=\"wp-element-caption\">Forr\u00e1s: Magyar Compass 1916<\/figcaption><\/figure>\n<\/div>\n\n\n<p><a href=\"https:\/\/rakosliget.hu\/wordpress\/index.php\/gazdasag-vallalkozasok\/\">VISSZA A GAZDAS\u00c1G, V\u00c1LLALKOZ\u00c1SOK, SZ\u00d6VETKEZETEK LAPRA<\/a><\/p>\n","protected":false},"excerpt":{"rendered":"<p>VISSZA A GAZDAS\u00c1G, V\u00c1LLALKOZ\u00c1SOK, SZ\u00d6VETKEZETEK LAPRA 1912 M\u00c1V alkalmazottak Fogyaszt\u00e1si Sz\u00f6vetkezete 1914 1915 1916 VISSZA A GAZDAS\u00c1G, V\u00c1LLALKOZ\u00c1SOK, SZ\u00d6VETKEZETEK LAPRA<\/p>\n","protected":false},"author":1,"featured_media":0,"parent":0,"menu_order":0,"comment_status":"closed","ping_status":"closed","template":"","meta":{"footnotes":""},"class_list":["post-18679","page","type-page","status-publish","hentry"],"_links":{"self":[{"href":"https:\/\/rakosliget.hu\/wordpress\/index.php\/wp-json\/wp\/v2\/pages\/18679","targetHints":{"allow":["GET"]}}],"collection":[{"href":"https:\/\/rakosliget.hu\/wordpress\/index.php\/wp-json\/wp\/v2\/pages"}],"about":[{"href":"https:\/\/rakosliget.hu\/wordpress\/index.php\/wp-json\/wp\/v2\/types\/page"}],"author":[{"embeddable":true,"href":"https:\/\/rakosliget.hu\/wordpress\/index.php\/wp-json\/wp\/v2\/users\/1"}],"replies":[{"embeddable":true,"href":"https:\/\/rakosliget.hu\/wordpress\/index.php\/wp-json\/wp\/v2\/comments?post=18679"}],"version-history":[{"count":6,"href":"https:\/\/rakosliget.hu\/wordpress\/index.php\/wp-json\/wp\/v2\/pages\/18679\/revisions"}],"predecessor-version":[{"id":21792,"href":"https:\/\/rakosliget.hu\/wordpress\/index.php\/wp-json\/wp\/v2\/pages\/18679\/revisions\/21792"}],"wp:attachment":[{"href":"https:\/\/rakosliget.hu\/wordpress\/index.php\/wp-json\/wp\/v2\/media?parent=18679"}],"curies":[{"name":"wp","href":"https:\/\/api.w.org\/{rel}","templated":true}]}}